{"id":143,"date":"2021-03-14T19:24:35","date_gmt":"2021-03-14T19:24:35","guid":{"rendered":"https:\/\/healing-memories.lu\/?page_id=143"},"modified":"2026-03-16T21:49:42","modified_gmt":"2026-03-16T20:49:42","slug":"e-weideren-test","status":"publish","type":"page","link":"https:\/\/healing-memories.lu\/","title":{"rendered":"Accueil"},"content":{"rendered":"\n<div style=\"height:69px\" aria-hidden=\"true\" class=\"wp-block-spacer\"><\/div>\n\n\n\n<div class=\"wp-block-columns is-layout-flex wp-container-core-columns-is-layout-9d6595d7 wp-block-columns-is-layout-flex\">\n<div class=\"wp-block-column is-layout-flow wp-block-column-is-layout-flow\" style=\"flex-basis:100%\">\n<div class=\"wp-block-group\"><div class=\"wp-block-group__inner-container is-layout-constrained wp-block-group-is-layout-constrained\">\n<div class=\"wp-block-columns is-layout-flex wp-container-core-columns-is-layout-9d6595d7 wp-block-columns-is-layout-flex\">\n<div class=\"wp-block-column is-layout-flow wp-block-column-is-layout-flow\" style=\"flex-basis:100%\">\n<div class=\"wp-block-group\"><div class=\"wp-block-group__inner-container is-layout-constrained wp-block-group-is-layout-constrained\">\n<div class=\"wp-block-media-text is-stacked-on-mobile\" style=\"grid-template-columns:34% auto\"><figure class=\"wp-block-media-text__media\"><img loading=\"lazy\" decoding=\"async\" width=\"1024\" height=\"1024\" src=\"https:\/\/healing-memories.lu\/wp-content\/uploads\/2025\/03\/Plante-grandissante.webp\" alt=\"\" class=\"wp-image-6710 size-full\" srcset=\"https:\/\/healing-memories.lu\/wp-content\/uploads\/2025\/03\/Plante-grandissante.webp 1024w, https:\/\/healing-memories.lu\/wp-content\/uploads\/2025\/03\/Plante-grandissante-300x300.webp 300w, https:\/\/healing-memories.lu\/wp-content\/uploads\/2025\/03\/Plante-grandissante-150x150.webp 150w, https:\/\/healing-memories.lu\/wp-content\/uploads\/2025\/03\/Plante-grandissante-768x768.webp 768w, https:\/\/healing-memories.lu\/wp-content\/uploads\/2025\/03\/Plante-grandissante-400x400.webp 400w, https:\/\/healing-memories.lu\/wp-content\/uploads\/2025\/03\/Plante-grandissante-110x110.webp 110w\" sizes=\"auto, (max-width: 1024px) 100vw, 1024px\" \/><\/figure><div class=\"wp-block-media-text__content\">\n<figure class=\"wp-block-image size-full is-resized\"><img loading=\"lazy\" decoding=\"async\" width=\"822\" height=\"90\" src=\"https:\/\/healing-memories.lu\/wp-content\/uploads\/2025\/03\/Votre.png\" alt=\"\" class=\"wp-image-6768\" style=\"width:480px;height:auto\" srcset=\"https:\/\/healing-memories.lu\/wp-content\/uploads\/2025\/03\/Votre.png 822w, https:\/\/healing-memories.lu\/wp-content\/uploads\/2025\/03\/Votre-300x33.png 300w, https:\/\/healing-memories.lu\/wp-content\/uploads\/2025\/03\/Votre-768x84.png 768w\" sizes=\"auto, (max-width: 822px) 100vw, 822px\" \/><\/figure>\n\n\n\n<div style=\"height:43px\" aria-hidden=\"true\" class=\"wp-block-spacer\"><\/div>\n\n\n<style>.wp-block-kadence-advancedbtn.kb-btns143_0cecf3-64{gap:var(--global-kb-gap-xs, 0.5rem );justify-content:center;align-items:center;}.kt-btns143_0cecf3-64 .kt-button{font-weight:normal;font-style:normal;}.kt-btns143_0cecf3-64 .kt-btn-wrap-0{margin-right:5px;}.wp-block-kadence-advancedbtn.kt-btns143_0cecf3-64 .kt-btn-wrap-0 .kt-button{color:#555555;border-color:#555555;}.wp-block-kadence-advancedbtn.kt-btns143_0cecf3-64 .kt-btn-wrap-0 .kt-button:hover, .wp-block-kadence-advancedbtn.kt-btns143_0cecf3-64 .kt-btn-wrap-0 .kt-button:focus{color:#ffffff;border-color:#444444;}.wp-block-kadence-advancedbtn.kt-btns143_0cecf3-64 .kt-btn-wrap-0 .kt-button::before{display:none;}.wp-block-kadence-advancedbtn.kt-btns143_0cecf3-64 .kt-btn-wrap-0 .kt-button:hover, .wp-block-kadence-advancedbtn.kt-btns143_0cecf3-64 .kt-btn-wrap-0 .kt-button:focus{background:#444444;}<\/style>\n<div class=\"wp-block-kadence-advancedbtn kb-buttons-wrap kb-btns143_0cecf3-64\"><style>ul.menu .wp-block-kadence-advancedbtn .kb-btn143_395ea5-c8.kb-button{width:initial;}.wp-block-kadence-advancedbtn .kb-btn143_395ea5-c8.kb-button{background:#be9626;font-size:var(--global-kb-font-size-md, 1.25rem);}<\/style><a class=\"kb-button kt-button button kb-btn143_395ea5-c8 kt-btn-size-small kt-btn-width-type-auto kb-btn-global-fill  kt-btn-has-text-true kt-btn-has-svg-false  wp-block-kadence-singlebtn\" href=\"https:\/\/healing-memories.lu\/?page_id=201\"><span class=\"kt-btn-inner-text\">Je fais un don >><\/span><\/a><\/div>\n\n\n\n<p><\/p>\n<\/div><\/div>\n<\/div><\/div>\n<\/div>\n<\/div>\n<\/div><\/div>\n<\/div>\n<\/div>\n\n\n\n<div style=\"height:24px\" aria-hidden=\"true\" class=\"wp-block-spacer\"><\/div>\n\n\n\n<hr class=\"wp-block-separator has-alpha-channel-opacity is-style-wide\"\/>\n\n\n\n<div style=\"max-width:700px;margin:auto;text-align:center;font-family:Arial, sans-serif;\">\n\n<h1 style=\"margin-bottom:25px;text-align:center;\">\nHealing of Memories Luxembourg au Festival des Migrations\n<\/h1>\n\n<img decoding=\"async\" src=\"https:\/\/healing-memories.lu\/wp-content\/uploads\/2026\/03\/Affiche-FESTIVAL2026-Vignette-720x1357-720x1357-1.jpg\"\nstyle=\"width:65%;display:block;margin:0 auto 30px auto;border-radius:6px;\">\n\n<a href=\"https:\/\/healing-memories.lu\/?page_id=7154\"\nstyle=\"\ndisplay:block;\nwidth:200px;\nmargin:0 auto;\nbackground:#2e4f6b;\ncolor:white;\npadding:12px 20px;\ntext-decoration:none;\nborder-radius:3px;\nfont-weight:600;\nfont-size:16px;\ntext-align:center;\n\">\nen savoir plus >>\n<\/a>\n\n<\/div>\n\n\n\n<hr class=\"wp-block-separator has-alpha-channel-opacity\"\/>\n\n\n\n<p class=\"has-text-align-center\" style=\"font-size:34px\"><span><mark style=\"background-color: rgba(0, 0, 0, 0);\" class=\"has-inline-color has-primary-color\"><b>NOTRE PROCHAIN ATELIER<\/b><\/mark><\/span><br><mark style=\"background-color:rgba(0, 0, 0, 0)\" class=\"has-inline-color has-primary-color\">de gu\u00e9rison des m\u00e9moires<\/mark><\/p>\n\n\n<div class=\"wp-block-image is-style-rounded\">\n<figure class=\"aligncenter size-full\"><img loading=\"lazy\" decoding=\"async\" width=\"471\" height=\"200\" src=\"https:\/\/healing-memories.lu\/wp-content\/uploads\/2024\/08\/Arbre.png\" alt=\"\" class=\"wp-image-5745\" srcset=\"https:\/\/healing-memories.lu\/wp-content\/uploads\/2024\/08\/Arbre.png 471w, https:\/\/healing-memories.lu\/wp-content\/uploads\/2024\/08\/Arbre-300x127.png 300w\" sizes=\"auto, (max-width: 471px) 100vw, 471px\" \/><\/figure>\n<\/div>\n\n\n<div class=\"wp-block-buttons is-content-justification-center is-layout-flex wp-container-core-buttons-is-layout-16018d1d wp-block-buttons-is-layout-flex\">\n<div class=\"wp-block-button\"><a class=\"wp-block-button__link has-text-align-center wp-element-button\" href=\"https:\/\/healing-memories.lu\/?page_id=5852\">en savoir plus &gt;&gt;<\/a><\/div>\n<\/div>\n\n\n\n<hr class=\"wp-block-separator has-alpha-channel-opacity\"\/>\n\n\n\n<h2 class=\"wp-block-heading has-text-align-center is-style-widget-title has-light-gray-color has-primary-background-color has-text-color has-background has-link-color has-large-font-size wp-elements-8ecbb17adbca96296f6603a1eb7c6582\">ACTUALIT\u00c9S<\/h2>\n\n\n\n<p class=\"has-text-align-center\" style=\"font-size:34px\"><mark style=\"background-color:rgba(0, 0, 0, 0)\" class=\"has-inline-color has-primary-color\"><strong>Ils t\u00e9moignent de leur exp\u00e9rience de la <\/strong><\/mark><br><mark style=\"background-color:rgba(0, 0, 0, 0)\" class=\"has-inline-color has-primary-color\"><strong>gu\u00e9rison des m\u00e9moires<\/strong><\/mark><\/p>\n\n\n\n<div class=\"wp-block-media-text is-stacked-on-mobile\" style=\"grid-template-columns:55% auto\"><figure class=\"wp-block-media-text__media\"><img loading=\"lazy\" decoding=\"async\" width=\"1024\" height=\"576\" src=\"https:\/\/healing-memories.lu\/wp-content\/uploads\/2025\/11\/Presentation2-1024x576.jpg\" alt=\"\" class=\"wp-image-7001 size-full\" srcset=\"https:\/\/healing-memories.lu\/wp-content\/uploads\/2025\/11\/Presentation2-1024x576.jpg 1024w, https:\/\/healing-memories.lu\/wp-content\/uploads\/2025\/11\/Presentation2-300x169.jpg 300w, https:\/\/healing-memories.lu\/wp-content\/uploads\/2025\/11\/Presentation2-768x432.jpg 768w, https:\/\/healing-memories.lu\/wp-content\/uploads\/2025\/11\/Presentation2.jpg 1280w\" sizes=\"auto, (max-width: 1024px) 100vw, 1024px\" \/><\/figure><div class=\"wp-block-media-text__content\">\n<p>\u00c0 travers de courtes vid\u00e9os, des participantes et participants partagent leur exp\u00e9rience v\u00e9cue lors des ateliers de gu\u00e9rison des m\u00e9moires.<\/p>\n\n\n\n<div class=\"wp-block-buttons is-layout-flex wp-block-buttons-is-layout-flex\">\n<div class=\"wp-block-button\"><a class=\"wp-block-button__link wp-element-button\" href=\"https:\/\/healing-memories.lu\/?page_id=6928\">D\u00e9couvrir les t\u00e9moignages &gt;&gt;<\/a><\/div>\n<\/div>\n<\/div><\/div>\n\n\n\n<hr class=\"wp-block-separator has-alpha-channel-opacity\"\/>\n\n\n\n<p style=\"font-size:34px\"><strong><mark style=\"background-color:rgba(0, 0, 0, 0)\" class=\"has-inline-color has-primary-color\">Nouveaut\u00e9s 2025&nbsp;: mini-atelier et ouverture aux hispanophones<\/mark><\/strong><\/p>\n\n\n\n<div class=\"wp-block-columns is-layout-flex wp-container-core-columns-is-layout-9d6595d7 wp-block-columns-is-layout-flex\">\n<div class=\"wp-block-column is-layout-flow wp-block-column-is-layout-flow\" style=\"flex-basis:100%\">\n<div class=\"wp-block-group\"><div class=\"wp-block-group__inner-container is-layout-constrained wp-block-group-is-layout-constrained\">\n<div class=\"wp-block-columns is-layout-flex wp-container-core-columns-is-layout-9d6595d7 wp-block-columns-is-layout-flex\">\n<div class=\"wp-block-column is-layout-flow wp-block-column-is-layout-flow\" style=\"flex-basis:100%\">\n<div class=\"wp-block-group\"><div class=\"wp-block-group__inner-container is-layout-constrained wp-block-group-is-layout-constrained\">\n<div class=\"wp-block-media-text has-media-on-the-right is-stacked-on-mobile is-vertically-aligned-center\" style=\"grid-template-columns:auto 62%\"><div class=\"wp-block-media-text__content\">\n<p>Au printemps 2025, Healing of Memories Luxembourg, a \u00e9volu\u00e9 avec une nouvelle formule et une ouverture linguistique.<br>\u00c0 l\u2019automne, cette dynamique s\u2019est poursuivie lors d\u2019un atelier v\u00e9cu dans un cadre propice \u00e0 l\u2019apaisement et au cheminement int\u00e9rieur.<\/p>\n\n\n\n<div class=\"wp-block-buttons is-layout-flex wp-block-buttons-is-layout-flex\">\n<div class=\"wp-block-button\"><a class=\"wp-block-button__link wp-element-button\" href=\"https:\/\/healing-memories.lu\/?page_id=324\">en savoir plus &gt;&gt;<\/a><\/div>\n<\/div>\n<\/div><figure class=\"wp-block-media-text__media\"><img loading=\"lazy\" decoding=\"async\" width=\"1024\" height=\"635\" src=\"https:\/\/healing-memories.lu\/wp-content\/uploads\/2026\/01\/Atelier.HoM_.10.25_Groupe-8-1024x635.jpeg\" alt=\"\" class=\"wp-image-7058 size-full\" srcset=\"https:\/\/healing-memories.lu\/wp-content\/uploads\/2026\/01\/Atelier.HoM_.10.25_Groupe-8-1024x635.jpeg 1024w, https:\/\/healing-memories.lu\/wp-content\/uploads\/2026\/01\/Atelier.HoM_.10.25_Groupe-8-300x186.jpeg 300w, https:\/\/healing-memories.lu\/wp-content\/uploads\/2026\/01\/Atelier.HoM_.10.25_Groupe-8-768x476.jpeg 768w, https:\/\/healing-memories.lu\/wp-content\/uploads\/2026\/01\/Atelier.HoM_.10.25_Groupe-8-1536x953.jpeg 1536w, https:\/\/healing-memories.lu\/wp-content\/uploads\/2026\/01\/Atelier.HoM_.10.25_Groupe-8-2048x1270.jpeg 2048w, https:\/\/healing-memories.lu\/wp-content\/uploads\/2026\/01\/Atelier.HoM_.10.25_Groupe-8-1320x819.jpeg 1320w\" sizes=\"auto, (max-width: 1024px) 100vw, 1024px\" \/><\/figure><\/div>\n<\/div><\/div>\n<\/div>\n<\/div>\n<\/div><\/div>\n<\/div>\n<\/div>\n\n\n\n<p><\/p>\n\n\n\n<hr class=\"wp-block-separator has-alpha-channel-opacity\"\/>\n\n\n\n<p style=\"font-size:34px\"><mark style=\"background-color:rgba(0, 0, 0, 0)\" class=\"has-inline-color has-primary-color\"><strong>Lancement de la premi\u00e8re traduction en langue africaine du livre-m\u00e9moire de Michael Lapsley<\/strong><\/mark><\/p>\n\n\n\n<div class=\"wp-block-media-text has-media-on-the-right is-stacked-on-mobile\" style=\"grid-template-columns:auto 51%\"><div class=\"wp-block-media-text__content\">\n<p>Le Luxembourg est connu pour \u00eatre un pays cosmopolite o\u00f9 l\u2019on peut entendre et parler toutes les langues du monde, ou presque. Cet automne, Michael Lapsley et Healing of Memories Luxembourg ont mis \u00e0 l\u2019honneur une langue plut\u00f4t discr\u00e8te dans notre r\u00e9gion : le swahili.<\/p>\n\n\n\n<div class=\"wp-block-buttons is-layout-flex wp-block-buttons-is-layout-flex\">\n<div class=\"wp-block-button\"><a class=\"wp-block-button__link wp-element-button\" href=\"https:\/\/healing-memories.lu\/?page_id=324\">en savoir plus &gt;&gt;<\/a><\/div>\n<\/div>\n<\/div><figure class=\"wp-block-media-text__media\"><img loading=\"lazy\" decoding=\"async\" width=\"1024\" height=\"768\" src=\"https:\/\/healing-memories.lu\/wp-content\/uploads\/2025\/01\/IMG-20241007-WA0034-1-1024x768.jpg\" alt=\"\" class=\"wp-image-6205 size-full\" srcset=\"https:\/\/healing-memories.lu\/wp-content\/uploads\/2025\/01\/IMG-20241007-WA0034-1-1024x768.jpg 1024w, https:\/\/healing-memories.lu\/wp-content\/uploads\/2025\/01\/IMG-20241007-WA0034-1-300x225.jpg 300w, https:\/\/healing-memories.lu\/wp-content\/uploads\/2025\/01\/IMG-20241007-WA0034-1-768x576.jpg 768w, https:\/\/healing-memories.lu\/wp-content\/uploads\/2025\/01\/IMG-20241007-WA0034-1-1536x1152.jpg 1536w, https:\/\/healing-memories.lu\/wp-content\/uploads\/2025\/01\/IMG-20241007-WA0034-1-1320x990.jpg 1320w, https:\/\/healing-memories.lu\/wp-content\/uploads\/2025\/01\/IMG-20241007-WA0034-1.jpg 1600w\" sizes=\"auto, (max-width: 1024px) 100vw, 1024px\" \/><\/figure><\/div>\n\n\n\n<hr class=\"wp-block-separator has-alpha-channel-opacity\"\/>\n\n\n\n<p class=\"has-text-align-center\" style=\"font-size:34px\"><mark style=\"background-color:rgba(0, 0, 0, 0)\" class=\"has-inline-color has-primary-color\"><strong>Projet Afrique &#8211; Grande session du Cycle 2024-2025<\/strong><\/mark><\/p>\n\n\n\n<div class=\"wp-block-columns is-layout-flex wp-container-core-columns-is-layout-9d6595d7 wp-block-columns-is-layout-flex\">\n<div class=\"wp-block-column is-layout-flow wp-block-column-is-layout-flow\" style=\"flex-basis:100%\">\n<div class=\"wp-block-group\"><div class=\"wp-block-group__inner-container is-layout-constrained wp-block-group-is-layout-constrained\">\n<div class=\"wp-block-columns is-layout-flex wp-container-core-columns-is-layout-9d6595d7 wp-block-columns-is-layout-flex\">\n<div class=\"wp-block-column is-layout-flow wp-block-column-is-layout-flow\" style=\"flex-basis:100%\">\n<div class=\"wp-block-group\"><div class=\"wp-block-group__inner-container is-layout-constrained wp-block-group-is-layout-constrained\">\n<div class=\"wp-block-group\"><div class=\"wp-block-group__inner-container is-layout-constrained wp-block-group-is-layout-constrained\">\n<div class=\"wp-block-group\"><div class=\"wp-block-group__inner-container is-layout-constrained wp-block-group-is-layout-constrained\">\n<div class=\"wp-block-media-text is-stacked-on-mobile\" style=\"grid-template-columns:56% auto\"><figure class=\"wp-block-media-text__media\"><a href=\"https:\/\/csjr.org\/le-csjr-present-a-la-formation-guerison-des-memoires-au-benin\/\"><img loading=\"lazy\" decoding=\"async\" width=\"1024\" height=\"562\" src=\"https:\/\/healing-memories.lu\/wp-content\/uploads\/2025\/01\/Grand-Popo-1024x562.jpeg\" alt=\"\" class=\"wp-image-6195 size-full\" srcset=\"https:\/\/healing-memories.lu\/wp-content\/uploads\/2025\/01\/Grand-Popo-1024x562.jpeg 1024w, https:\/\/healing-memories.lu\/wp-content\/uploads\/2025\/01\/Grand-Popo-300x165.jpeg 300w, https:\/\/healing-memories.lu\/wp-content\/uploads\/2025\/01\/Grand-Popo-768x422.jpeg 768w, https:\/\/healing-memories.lu\/wp-content\/uploads\/2025\/01\/Grand-Popo-1536x843.jpeg 1536w, https:\/\/healing-memories.lu\/wp-content\/uploads\/2025\/01\/Grand-Popo-2048x1125.jpeg 2048w, https:\/\/healing-memories.lu\/wp-content\/uploads\/2025\/01\/Grand-Popo-800x440.jpeg 800w, https:\/\/healing-memories.lu\/wp-content\/uploads\/2025\/01\/Grand-Popo-1320x725.jpeg 1320w\" sizes=\"auto, (max-width: 1024px) 100vw, 1024px\" \/><\/a><\/figure><div class=\"wp-block-media-text__content\">\n<p>Du 12 au 22 juillet, 26 nouveaux stagiaires de 9 pays d\u2019Afrique de l\u2019Ouest et d\u2019Afrique centrale ont particip\u00e9 \u00e0 une formation de base de 10 jours \u00e0 Grand-Popo (B\u00e9nin)&#8230;<\/p>\n\n\n\n<p style=\"font-size:18px\">Des participants et formateurs <a href=\"https:\/\/healing-memories.lu\/?page_id=6079\" title=\"\">t\u00e9moignent &gt;&gt;<\/a><\/p>\n<\/div><\/div>\n<\/div><\/div>\n<\/div><\/div>\n<\/div><\/div>\n<\/div>\n<\/div>\n<\/div><\/div>\n<\/div>\n<\/div>\n\n\n\n<hr class=\"wp-block-separator has-alpha-channel-opacity\"\/>\n\n\n\n<p class=\"has-text-align-center\" style=\"font-size:34px\"><strong><mark style=\"background-color:rgba(0, 0, 0, 0)\" class=\"has-inline-color has-primary-color\">Projet de formation Afrique 2024-25 :<br>un nouveau cycle d\u00e9marre<\/mark><\/strong><\/p>\n\n\n\n<p class=\"has-text-align-center\" style=\"font-size:22px\"><strong>Communiqu\u00e9 publi\u00e9 \u00e0 la veille de la session de Grand-Popo<\/strong><\/p>\n\n\n\n<figure class=\"wp-block-image size-full\"><a href=\"https:\/\/healing-memories.lu\/wp-content\/uploads\/2024\/06\/Communique-session-Gd-Popo.pdf\" target=\"_blank\" rel=\"noreferrer noopener\"><img loading=\"lazy\" decoding=\"async\" width=\"717\" height=\"262\" src=\"https:\/\/healing-memories.lu\/wp-content\/uploads\/2024\/06\/Capture-1.png\" alt=\"\" class=\"wp-image-5519\" srcset=\"https:\/\/healing-memories.lu\/wp-content\/uploads\/2024\/06\/Capture-1.png 717w, https:\/\/healing-memories.lu\/wp-content\/uploads\/2024\/06\/Capture-1-300x110.png 300w\" sizes=\"auto, (max-width: 717px) 100vw, 717px\" \/><\/a><\/figure>\n\n\n\n<hr class=\"wp-block-separator has-alpha-channel-opacity\"\/>\n\n\n\n<p class=\"has-medium-font-size\"><strong><mark style=\"background-color:rgba(0, 0, 0, 0)\" class=\"has-inline-color has-primary-color\">Visionnez notre film<\/mark><\/strong> \u00ab\u00a0Panser les blessures du pass\u00e9\u00a0\u00bb<\/p>\n\n\n\n<figure class=\"wp-block-embed is-type-video is-provider-youtube wp-block-embed-youtube wp-embed-aspect-16-9 wp-has-aspect-ratio\"><div class=\"wp-block-embed__wrapper\">\n <div class=\"brlbs-cmpnt-container brlbs-cmpnt-content-blocker brlbs-cmpnt-with-individual-styles\" data-borlabs-cookie-content-blocker-id=\"youtube-content-blocker\" data-borlabs-cookie-content=\"PGlmcmFtZSB0aXRsZT0iUEFOU0VSIExFUyBCTEVTU1VSRVMgRFUgUEFTU8OJIDogVW4gcHJvamV0IHByZW5kIHJhY2luZSBhdSBMdXhlbWJvdXJnIiB3aWR0aD0iODAwIiBoZWlnaHQ9IjQ1MCIgc3JjPSJodHRwczovL3d3dy55b3V0dWJlLW5vY29va2llLmNvbS9lbWJlZC9WUHZuLXp3NGQ5ND9zdGFydD0xOTQmZmVhdHVyZT1vZW1iZWQiIGZyYW1lYm9yZGVyPSIwIiBhbGxvdz0iYWNjZWxlcm9tZXRlcjsgYXV0b3BsYXk7IGNsaXBib2FyZC13cml0ZTsgZW5jcnlwdGVkLW1lZGlhOyBneXJvc2NvcGU7IHBpY3R1cmUtaW4tcGljdHVyZTsgd2ViLXNoYXJlIiByZWZlcnJlcnBvbGljeT0ic3RyaWN0LW9yaWdpbi13aGVuLWNyb3NzLW9yaWdpbiIgYWxsb3dmdWxsc2NyZWVuPjwvaWZyYW1lPg==\"><div class=\"brlbs-cmpnt-cb-preset-c brlbs-cmpnt-cb-youtube\"> <div class=\"brlbs-cmpnt-cb-thumbnail\" style=\"background-image: url('https:\/\/healing-memories.lu\/wp-content\/uploads\/borlabs-cookie\/1\/yt_VPvn-zw4d94_hqdefault.jpg')\"><\/div> <div class=\"brlbs-cmpnt-cb-main\"> <div class=\"brlbs-cmpnt-cb-play-button\"><\/div> <div class=\"brlbs-cmpnt-cb-content\"> <p class=\"brlbs-cmpnt-cb-description\">Vous \u00eates actuellement en train de consulter le contenu d&rsquo;un espace r\u00e9serv\u00e9 de <strong>YouTube<\/strong>. Pour acc\u00e9der au contenu r\u00e9el, cliquez sur le bouton ci-dessous. Veuillez noter que ce faisant, des donn\u00e9es seront partag\u00e9es avec des providers tiers.<\/p> <a class=\"brlbs-cmpnt-cb-provider-toggle\" href=\"#\" data-borlabs-cookie-show-provider-information role=\"button\">Plus d&rsquo;informations<\/a> <\/div> <div class=\"brlbs-cmpnt-cb-buttons\"> <a class=\"brlbs-cmpnt-cb-btn\" href=\"#\" data-borlabs-cookie-unblock role=\"button\">D\u00e9bloquer le contenu<\/a> <a class=\"brlbs-cmpnt-cb-btn\" href=\"#\" data-borlabs-cookie-accept-service role=\"button\" style=\"display: inherit\">Accepter le service requis et d\u00e9bloquer les contenus<\/a> <\/div> <\/div> <\/div><\/div>\n<\/div><\/figure>\n\n\n\n<hr class=\"wp-block-separator has-alpha-channel-opacity\"\/>\n\n\n\n<div class=\"wp-block-group\"><div class=\"wp-block-group__inner-container is-layout-flow wp-block-group-is-layout-flow\">\n<div class=\"wp-block-cover\" style=\"min-height:335px;aspect-ratio:unset;\"><img loading=\"lazy\" decoding=\"async\" width=\"1024\" height=\"769\" class=\"wp-block-cover__image-background wp-image-2429\" alt=\"\" src=\"https:\/\/healing-memories.lu\/wp-content\/uploads\/2021\/07\/mission-1024x769.jpg\" style=\"object-position:32% 55%\" data-object-fit=\"cover\" data-object-position=\"32% 55%\" srcset=\"https:\/\/healing-memories.lu\/wp-content\/uploads\/2021\/07\/mission-1024x769.jpg 1024w, https:\/\/healing-memories.lu\/wp-content\/uploads\/2021\/07\/mission-300x225.jpg 300w, https:\/\/healing-memories.lu\/wp-content\/uploads\/2021\/07\/mission-768x577.jpg 768w, https:\/\/healing-memories.lu\/wp-content\/uploads\/2021\/07\/mission-1536x1154.jpg 1536w, https:\/\/healing-memories.lu\/wp-content\/uploads\/2021\/07\/mission.jpg 1920w\" sizes=\"auto, (max-width: 1024px) 100vw, 1024px\" \/><span aria-hidden=\"true\" class=\"wp-block-cover__background has-background-dim\"><\/span><div class=\"wp-block-cover__inner-container is-layout-flow wp-block-cover-is-layout-flow\">\n<p style=\"font-size:38px\">Mission <\/p>\n\n\n\n<p class=\"has-text-align-right\">Healing of Memories Luxembourg, \u00e0 l\u2019instar de l\u2019<a rel=\"noreferrer noopener\" href=\"https:\/\/healing-memories.org\/\" target=\"_blank\">IHOM<\/a>, <br>se donne pour <a href=\"https:\/\/healing-memories.lu\/?page_id=361\">mission<\/a> d\u2019accompagner toute personne<br> qui porte les blessures physiques, <br>psychiques, \u00e9motionnelles, <br>d\u2019un pass\u00e9 douloureux <br>sur la voie de la gu\u00e9rison <br>et de l\u2019int\u00e9grit\u00e9 retrouv\u00e9e&#8230;<\/p>\n<\/div><\/div>\n<\/div><\/div>\n\n\n\n<figure class=\"wp-block-pullquote\"><blockquote><p><em>Every story needs a listener&#8230;<\/em><\/p><\/blockquote><\/figure>\n\n\n<div class=\"wp-block-themezee-magazine-blocks-list tz-magazine-block \"><div class=\"tz-magazine-list tz-magazine-list-40-60\"><\/div><\/div>","protected":false},"excerpt":{"rendered":"<p>Healing of Memories Luxembourg au Festival des Migrations en savoir plus >> NOTRE PROCHAIN ATELIERde gu\u00e9rison des m\u00e9moires ACTUALIT\u00c9S Ils t\u00e9moignent de leur exp\u00e9rience de [&#8230;]<\/p>\n","protected":false},"author":2,"featured_media":0,"parent":0,"menu_order":0,"comment_status":"closed","ping_status":"closed","template":"templates\/template-no-title.php","meta":{"footnotes":""},"folder":[],"class_list":["post-143","page","type-page","status-publish","hentry"],"aioseo_notices":[],"_links":{"self":[{"href":"https:\/\/healing-memories.lu\/index.php?rest_route=\/wp\/v2\/pages\/143","targetHints":{"allow":["GET"]}}],"collection":[{"href":"https:\/\/healing-memories.lu\/index.php?rest_route=\/wp\/v2\/pages"}],"about":[{"href":"https:\/\/healing-memories.lu\/index.php?rest_route=\/wp\/v2\/types\/page"}],"author":[{"embeddable":true,"href":"https:\/\/healing-memories.lu\/index.php?rest_route=\/wp\/v2\/users\/2"}],"replies":[{"embeddable":true,"href":"https:\/\/healing-memories.lu\/index.php?rest_route=%2Fwp%2Fv2%2Fcomments&post=143"}],"version-history":[{"count":286,"href":"https:\/\/healing-memories.lu\/index.php?rest_route=\/wp\/v2\/pages\/143\/revisions"}],"predecessor-version":[{"id":7156,"href":"https:\/\/healing-memories.lu\/index.php?rest_route=\/wp\/v2\/pages\/143\/revisions\/7156"}],"wp:attachment":[{"href":"https:\/\/healing-memories.lu\/index.php?rest_route=%2Fwp%2Fv2%2Fmedia&parent=143"}],"wp:term":[{"taxonomy":"folder","embeddable":true,"href":"https:\/\/healing-memories.lu\/index.php?rest_route=%2Fwp%2Fv2%2Ffolder&post=143"}],"curies":[{"name":"wp","href":"https:\/\/api.w.org\/{rel}","templated":true}]}}