{"id":1517,"date":"2021-05-18T13:42:18","date_gmt":"2021-05-18T12:42:18","guid":{"rendered":"https:\/\/healing-memories.lu\/?page_id=1517"},"modified":"2021-06-12T13:15:16","modified_gmt":"2021-06-12T12:15:16","slug":"unsere-geschichte","status":"publish","type":"page","link":"https:\/\/healing-memories.lu\/?page_id=1517&lang=de","title":{"rendered":"Unsere Geschichte"},"content":{"rendered":"\n<p class=\"has-secondary-color has-text-color\"><strong><em>Healing of Memories Luxembourg \u2013 Entstehung der Vereinigung<\/em><\/strong><\/p>\n\n\n\n<p>Am 28. November 2020 wird aus der innerhalb der ACAT Luxemburg gegr\u00fcndeten Unterst\u00fctzergruppe \u201eHeilung von Erinnerungen Luxemburg\/Europa\u201c eine unabh\u00e4ngige Vereinigung, als Ergebnis einer Entwicklung, die 2008 begann und in der zahlreiche Aktivit\u00e4ten aufeinander folgten.<\/p>\n\n\n\n<p class=\"has-secondary-color has-text-color\"><em><strong>Entstehung \u2013 <u>Heilung von Erinnerungen in Luxemburg (2008-2020)<\/u><\/strong><\/em><\/p>\n\n\n\n<p>Die Unterst\u00fctzergruppe \u201eHeilung von Erinnerungen Luxemburg\/Europa\u201c entstand aus einer Partnerschaft zwischen der ACAT Luxemburg und <a href=\"https:\/\/healing-memories.lu\/?page_id=1669&amp;lang=de\">Michael Lapsley<\/a>, dem Leiter des Instituts zur Heilung von Erinnerungen \/ <a href=\"https:\/\/healing-memories.org\/\" target=\"_blank\" rel=\"noreferrer noopener\"><em>Institute for Healing of Memories<\/em><\/a><em> (IHOM)<\/em>, nach dessen erstem Luxemburg-Besuch im November 2008 anl\u00e4sslich des 60. Jahrestags der Allgemeinen Erkl\u00e4rung der Menschenrechte.<\/p>\n\n\n\n<p>Die Unterst\u00fctzergruppe, die bis heute das IHOM in Luxemburg gef\u00f6rdert hat, hat Michael Lapsley in regelm\u00e4\u00dfigen Abst\u00e4nden eingeladen und im Lauf der Zeit ein <a href=\"https:\/\/healing-memories.lu\/?page_id=1526&amp;lang=de\">\u201eModeratorenteam\u201c<\/a> eingerichtet, das in der Methodik der Heilung von Erinnerungen ausgebildet wurde, um Aktivit\u00e4ten auf diesem Gebiet durchzuf\u00fchren, haupts\u00e4chlich Workshops f\u00fcr unterschiedliche Kreise im Gro\u00dfherzogtum und dar\u00fcber hinaus.<\/p>\n\n\n\n<p>Au\u00dferdem hat die Gruppe wesentlich zur \u00dcbersetzung und Verbreitung der <a href=\"https:\/\/healing-memories.lu\/?page_id=1678&amp;lang=de\">Autobiografie von Michael Lapsley<\/a>, \u201eRedeeming the Past \u2013 My Journey from Freedom Fighter to Healer\u201c beigetragen. Es handelt sich dabei um ein durchaus popul\u00e4res Instrument zur Propagierung und Vorstellung seiner Methoden.<\/p>\n\n\n<div class=\"n2-section-smartslider fitvidsignore  n2_clear\" data-ssid=\"12\" tabindex=\"0\" role=\"region\" aria-label=\"Diaporama\"><div id=\"n2-ss-12-align\" class=\"n2-ss-align\"><div class=\"n2-padding\"><div id=\"n2-ss-12\" data-creator=\"Smart Slider 3\" data-responsive=\"auto\" class=\"n2-ss-slider n2-ow n2-has-hover n2notransition  \">\n\n\n\n\n\n\n\n\n\n\n\n\n\n\n\n\n\n\n\n\n\n\n\n<div class=\"n2-ss-slider-wrapper-outside\" style=\"grid-template-rows:1fr auto\"><div class=\"n2-ss-slider-wrapper-inside\">\n        <div class=\"n2-ss-slider-1 n2_ss__touch_element n2-ow\">\n            <div class=\"n2-ss-slider-2 n2-ow\">\n                                                <div class=\"n2-ss-slider-3 n2-ow\">\n\n                    <div class=\"n2-ss-slide-backgrounds n2-ow-all\"><div class=\"n2-ss-slide-background\" data-public-id=\"1\" data-mode=\"fill\"><div class=\"n2-ss-slide-background-image\" data-blur=\"0\" data-opacity=\"100\" data-x=\"53\" data-y=\"6\" data-alt=\"\" data-title=\"\" style=\"--ss-o-pos-x:53%;--ss-o-pos-y:6%\"><picture class=\"skip-lazy\" data-skip-lazy=\"1\"><img decoding=\"async\" src=\"\/\/healing-memories.lu\/wp-content\/uploads\/2021\/05\/2008.11.conf_.ML_.60ansDUDH-2-1.jpg\" alt=\"\" title=\"\" loading=\"lazy\" class=\"skip-lazy\" data-skip-lazy=\"1\"><\/picture><\/div><div data-color=\"RGBA(255,255,255,0)\" style=\"background-color: RGBA(255,255,255,0);\" class=\"n2-ss-slide-background-color\"><\/div><\/div><div class=\"n2-ss-slide-background\" data-public-id=\"2\" data-mode=\"fill\" aria-hidden=\"true\"><div class=\"n2-ss-slide-background-image\" data-blur=\"0\" data-opacity=\"100\" data-x=\"50\" data-y=\"50\" data-alt=\"\" data-title=\"\"><picture class=\"skip-lazy\" data-skip-lazy=\"1\"><img decoding=\"async\" src=\"\/\/healing-memories.lu\/wp-content\/uploads\/2021\/05\/Audience-Palais-23.04.2010-1024x682-1.jpg\" alt=\"\" title=\"\" loading=\"lazy\" class=\"skip-lazy\" data-skip-lazy=\"1\"><\/picture><\/div><div data-color=\"RGBA(255,255,255,0)\" style=\"background-color: RGBA(255,255,255,0);\" class=\"n2-ss-slide-background-color\"><\/div><\/div><div class=\"n2-ss-slide-background\" data-public-id=\"3\" data-mode=\"fill\" aria-hidden=\"true\"><div class=\"n2-ss-slide-background-image\" data-blur=\"0\" data-opacity=\"100\" data-x=\"50\" data-y=\"50\" data-alt=\"\" data-title=\"\"><picture class=\"skip-lazy\" data-skip-lazy=\"1\"><img decoding=\"async\" src=\"\/\/healing-memories.lu\/wp-content\/uploads\/2021\/05\/1-Emission-CTV-Colombia-Bogota.jpg.jpg\" alt=\"\" title=\"\" loading=\"lazy\" class=\"skip-lazy\" data-skip-lazy=\"1\"><\/picture><\/div><div data-color=\"RGBA(255,255,255,0)\" style=\"background-color: RGBA(255,255,255,0);\" class=\"n2-ss-slide-background-color\"><\/div><\/div><div class=\"n2-ss-slide-background\" data-public-id=\"4\" data-mode=\"fill\" aria-hidden=\"true\"><div class=\"n2-ss-slide-background-image\" data-blur=\"0\" data-opacity=\"100\" data-x=\"52\" data-y=\"61\" data-alt=\"\" data-title=\"\" style=\"--ss-o-pos-x:52%;--ss-o-pos-y:61%\"><picture class=\"skip-lazy\" data-skip-lazy=\"1\"><img decoding=\"async\" src=\"\/\/healing-memories.lu\/wp-content\/uploads\/2021\/05\/2014.03.17.lancement.trad_.de_.Neumunster3.jpg\" alt=\"\" title=\"\" loading=\"lazy\" class=\"skip-lazy\" data-skip-lazy=\"1\"><\/picture><\/div><div data-color=\"RGBA(255,255,255,0)\" style=\"background-color: RGBA(255,255,255,0);\" class=\"n2-ss-slide-background-color\"><\/div><\/div><div class=\"n2-ss-slide-background\" data-public-id=\"5\" data-mode=\"fill\" aria-hidden=\"true\"><div class=\"n2-ss-slide-background-image\" data-blur=\"0\" data-opacity=\"100\" data-x=\"50\" data-y=\"50\" data-alt=\"\" data-title=\"\"><picture class=\"skip-lazy\" data-skip-lazy=\"1\"><img decoding=\"async\" src=\"\/\/healing-memories.lu\/wp-content\/uploads\/2021\/05\/2015.02.22.homelie.Careme.cath_.Lux_.ML2_.jpg\" alt=\"\" title=\"\" loading=\"lazy\" class=\"skip-lazy\" data-skip-lazy=\"1\"><\/picture><\/div><div data-color=\"RGBA(255,255,255,0)\" style=\"background-color: RGBA(255,255,255,0);\" class=\"n2-ss-slide-background-color\"><\/div><\/div><div class=\"n2-ss-slide-background\" data-public-id=\"6\" data-mode=\"fill\" aria-hidden=\"true\"><div class=\"n2-ss-slide-background-image\" data-blur=\"0\" data-opacity=\"100\" data-x=\"50\" data-y=\"50\" data-alt=\"\" data-title=\"\"><picture class=\"skip-lazy\" data-skip-lazy=\"1\"><img decoding=\"async\" src=\"\/\/healing-memories.lu\/wp-content\/uploads\/2021\/05\/2015.02.25.lancement.trad_.fr_.livre_.Ernster2.jpg\" alt=\"\" title=\"\" loading=\"lazy\" class=\"skip-lazy\" data-skip-lazy=\"1\"><\/picture><\/div><div data-color=\"RGBA(255,255,255,0)\" style=\"background-color: RGBA(255,255,255,0);\" class=\"n2-ss-slide-background-color\"><\/div><\/div><div class=\"n2-ss-slide-background\" data-public-id=\"7\" data-mode=\"fill\" aria-hidden=\"true\"><div class=\"n2-ss-slide-background-image\" data-blur=\"0\" data-opacity=\"100\" data-x=\"52\" data-y=\"27\" data-alt=\"\" data-title=\"\" style=\"--ss-o-pos-x:52%;--ss-o-pos-y:27%\"><picture class=\"skip-lazy\" data-skip-lazy=\"1\"><img decoding=\"async\" src=\"\/\/healing-memories.lu\/wp-content\/uploads\/2021\/05\/Byrne-Moyo-Majerus-1024x622-1.jpg\" alt=\"\" title=\"\" loading=\"lazy\" class=\"skip-lazy\" data-skip-lazy=\"1\"><\/picture><\/div><div data-color=\"RGBA(255,255,255,0)\" style=\"background-color: RGBA(255,255,255,0);\" class=\"n2-ss-slide-background-color\"><\/div><\/div><div class=\"n2-ss-slide-background\" data-public-id=\"8\" data-mode=\"fill\" aria-hidden=\"true\"><div class=\"n2-ss-slide-background-image\" data-blur=\"0\" data-opacity=\"100\" data-x=\"60\" data-y=\"73\" data-alt=\"\" data-title=\"\" style=\"--ss-o-pos-x:60%;--ss-o-pos-y:73%\"><picture class=\"skip-lazy\" data-skip-lazy=\"1\"><img decoding=\"async\" src=\"\/\/healing-memories.lu\/wp-content\/uploads\/2021\/05\/ML-Pape2.jpg\" alt=\"\" title=\"\" loading=\"lazy\" class=\"skip-lazy\" data-skip-lazy=\"1\"><\/picture><\/div><div data-color=\"RGBA(255,255,255,0)\" style=\"background-color: RGBA(255,255,255,0);\" class=\"n2-ss-slide-background-color\"><\/div><\/div><\/div>                    <div class=\"n2-ss-slider-4 n2-ow\">\n                        <svg xmlns=\"http:\/\/www.w3.org\/2000\/svg\" viewBox=\"0 0 1200 600\" data-related-device=\"desktopPortrait\" class=\"n2-ow n2-ss-preserve-size n2-ss-preserve-size--slider n2-ss-slide-limiter\"><\/svg><div data-first=\"1\" data-slide-duration=\"0\" data-id=\"111\" data-slide-public-id=\"1\" data-title=\"2008 \u2013 Erster Vortrag von Michael Lapsley in Luxemburg\" data-description=\"2008 \u2013 Erster Vortrag von Michael Lapsley in Luxemburg\" class=\"n2-ss-slide n2-ow  n2-ss-slide-111\"><div role=\"note\" class=\"n2-ss-slide--focus\" tabindex=\"-1\">2008 \u2013 Erster Vortrag von Michael Lapsley in Luxemburg<\/div><div class=\"n2-ss-layers-container n2-ss-slide-limiter n2-ow\"><div class=\"n2-ss-layer n2-ow n-uc-1i4T9k3zoOmi\" data-sstype=\"slide\" data-pm=\"default\"><\/div><\/div><\/div><div data-slide-duration=\"0\" data-id=\"112\" data-slide-public-id=\"2\" aria-hidden=\"true\" data-title=\"2010 \u2013 Audienz bei Ihrer k\u00f6niglichen Hoheit der Gro\u00dfherzogin im Gro\u00dfherzoglichen Palast\" data-description=\"2010 \u2013 Audienz bei Ihrer k\u00f6niglichen Hoheit der Gro\u00dfherzogin im Gro\u00dfherzoglichen Palast\" class=\"n2-ss-slide n2-ow  n2-ss-slide-112\"><div role=\"note\" class=\"n2-ss-slide--focus\" tabindex=\"-1\">2010 \u2013 Audienz bei Ihrer k\u00f6niglichen Hoheit der Gro\u00dfherzogin im Gro\u00dfherzoglichen Palast<\/div><div class=\"n2-ss-layers-container n2-ss-slide-limiter n2-ow\"><div class=\"n2-ss-layer n2-ow n-uc-ZHsfRLcajFHw\" data-sstype=\"slide\" data-pm=\"default\"><\/div><\/div><\/div><div data-slide-duration=\"0\" data-id=\"113\" data-slide-public-id=\"3\" aria-hidden=\"true\" data-title=\"2014 \u2013 Herausgabe der spanischen \u00dcbersetzung der Autobiografie von M. Lapsley \u2013 Bogot\u00e1\" data-description=\"2014 \u2013 Herausgabe der spanischen \u00dcbersetzung der Autobiografie von M. Lapsley \u2013 Bogot\u00e1\" class=\"n2-ss-slide n2-ow  n2-ss-slide-113\"><div role=\"note\" class=\"n2-ss-slide--focus\" tabindex=\"-1\">2014 \u2013 Herausgabe der spanischen \u00dcbersetzung der Autobiografie von M. Lapsley \u2013 Bogot\u00e1<\/div><div class=\"n2-ss-layers-container n2-ss-slide-limiter n2-ow\"><div class=\"n2-ss-layer n2-ow n-uc-IIjpcLRiouk0\" data-sstype=\"slide\" data-pm=\"default\"><\/div><\/div><\/div><div data-slide-duration=\"0\" data-id=\"114\" data-slide-public-id=\"4\" aria-hidden=\"true\" data-title=\"2014 \u2013 Herausgabe der deutschen \u00dcbersetzung der Autobiografie von M. Lapsley \u2013 Luxemburg3\" data-description=\"2014 \u2013 Herausgabe der deutschen \u00dcbersetzung der Autobiografie von M. Lapsley \u2013 Luxemburg\" class=\"n2-ss-slide n2-ow  n2-ss-slide-114\"><div role=\"note\" class=\"n2-ss-slide--focus\" tabindex=\"-1\">2014 \u2013 Herausgabe der deutschen \u00dcbersetzung der Autobiografie von M. Lapsley \u2013 Luxemburg3<\/div><div class=\"n2-ss-layers-container n2-ss-slide-limiter n2-ow\"><div class=\"n2-ss-layer n2-ow n-uc-MYLC2KV402nH\" data-sstype=\"slide\" data-pm=\"default\"><\/div><\/div><\/div><div data-slide-duration=\"0\" data-id=\"115\" data-slide-public-id=\"5\" aria-hidden=\"true\" data-title=\"2015 \u2013 Fastenpredigt in der Kathedrale von Luxemburg\" data-description=\"2015 \u2013 Fastenpredigt in der Kathedrale von Luxemburg\" class=\"n2-ss-slide n2-ow  n2-ss-slide-115\"><div role=\"note\" class=\"n2-ss-slide--focus\" tabindex=\"-1\">2015 \u2013 Fastenpredigt in der Kathedrale von Luxemburg<\/div><div class=\"n2-ss-layers-container n2-ss-slide-limiter n2-ow\"><div class=\"n2-ss-layer n2-ow n-uc-8wFEnIDfLC9X\" data-sstype=\"slide\" data-pm=\"default\"><\/div><\/div><\/div><div data-slide-duration=\"0\" data-id=\"116\" data-slide-public-id=\"6\" aria-hidden=\"true\" data-title=\"2015 \u2013 Herausgabe der franz\u00f6sischen \u00dcbersetzung der Autobiografie von M. Lapsley \u2013 Luxemburg\" data-description=\"2015 \u2013 Herausgabe der franz\u00f6sischen \u00dcbersetzung der Autobiografie von M. Lapsley \u2013 Luxemburg\" class=\"n2-ss-slide n2-ow  n2-ss-slide-116\"><div role=\"note\" class=\"n2-ss-slide--focus\" tabindex=\"-1\">2015 \u2013 Herausgabe der franz\u00f6sischen \u00dcbersetzung der Autobiografie von M. Lapsley \u2013 Luxemburg<\/div><div class=\"n2-ss-layers-container n2-ss-slide-limiter n2-ow\"><div class=\"n2-ss-layer n2-ow n-uc-wWDlgYIdMISA\" data-sstype=\"slide\" data-pm=\"default\"><\/div><\/div><\/div><div data-slide-duration=\"0\" data-id=\"117\" data-slide-public-id=\"7\" aria-hidden=\"true\" data-title=\"2019 \u2013 Fulata Moyo, ein spezieller Gast, mit Patrick Byrne (HoM Luxembourg) und Philippe Majerus (Fondation du Grand-Duc et de la Grande-Duchesse)\" data-description=\"2019 \u2013 Fulata Moyo, ein spezieller Gast, mit Patrick Byrne (HoM Luxembourg) und Philippe Majerus (Fondation du Grand-Duc et de la Grande-Duchesse)\" class=\"n2-ss-slide n2-ow  n2-ss-slide-117\"><div role=\"note\" class=\"n2-ss-slide--focus\" tabindex=\"-1\">2019 \u2013 Fulata Moyo, ein spezieller Gast, mit Patrick Byrne (HoM Luxembourg) und Philippe Majerus (Fondation du Grand-Duc et de la Grande-Duchesse)<\/div><div class=\"n2-ss-layers-container n2-ss-slide-limiter n2-ow\"><div class=\"n2-ss-layer n2-ow n-uc-Pt6kTn1CEeEx\" data-sstype=\"slide\" data-pm=\"default\"><\/div><\/div><\/div><div data-slide-duration=\"0\" data-id=\"118\" data-slide-public-id=\"8\" aria-hidden=\"true\" data-title=\"2019 \u2013 Papstaudienz im Vatikan zum 20-j\u00e4hrigen Bestehen des IHOM\" data-description=\"2019 \u2013 Papstaudienz im Vatikan zum 20-j\u00e4hrigen Bestehen des IHOM\" class=\"n2-ss-slide n2-ow  n2-ss-slide-118\"><div role=\"note\" class=\"n2-ss-slide--focus\" tabindex=\"-1\">2019 \u2013 Papstaudienz im Vatikan zum 20-j\u00e4hrigen Bestehen des IHOM<\/div><div class=\"n2-ss-layers-container n2-ss-slide-limiter n2-ow\"><div class=\"n2-ss-layer n2-ow n-uc-YFhmiEI1Axn5\" data-sstype=\"slide\" data-pm=\"default\"><\/div><\/div><\/div>                    <\/div>\n\n                                    <\/div>\n            <\/div>\n        <\/div>\n        <div class=\"n2-ss-slider-controls n2-ss-slider-controls-absolute-left-center\"><div style=\"--widget-offset:15px;\" class=\"n2-ss-widget n2-ss-widget-display-hover n2-style-6679a19c901d61fb802720533bbad114-heading nextend-arrow n2-ow-all nextend-arrow-previous  nextend-arrow-animated-fade\" id=\"n2-ss-12-arrow-previous\" role=\"button\" aria-label=\"previous arrow\" tabindex=\"0\"><img loading=\"lazy\" decoding=\"async\" width=\"32\" height=\"32\" class=\"skip-lazy\" data-skip-lazy=\"1\" src=\"data:image\/svg+xml;base64,PHN2ZyB3aWR0aD0iMzIiIGhlaWdodD0iMzIiIHZpZXdCb3g9IjAgMCAzMiAzMiIgeG1sbnM9Imh0dHA6Ly93d3cudzMub3JnLzIwMDAvc3ZnIj4KICAgIDxwYXRoIGQ9Ik0xMS40MzMgMTUuOTkyTDIyLjY5IDUuNzEyYy4zOTMtLjM5LjM5My0xLjAzIDAtMS40Mi0uMzkzLS4zOS0xLjAzLS4zOS0xLjQyMyAwbC0xMS45OCAxMC45NGMtLjIxLjIxLS4zLjQ5LS4yODUuNzYtLjAxNS4yOC4wNzUuNTYuMjg0Ljc3bDExLjk4IDEwLjk0Yy4zOTMuMzkgMS4wMy4zOSAxLjQyNCAwIC4zOTMtLjQuMzkzLTEuMDMgMC0xLjQybC0xMS4yNTctMTAuMjkiCiAgICAgICAgICBmaWxsPSIjZmZmZmZmIiBvcGFjaXR5PSIwLjUiIGZpbGwtcnVsZT0iZXZlbm9kZCIvPgo8L3N2Zz4=\" alt=\"previous arrow\"><\/div><\/div><div class=\"n2-ss-slider-controls n2-ss-slider-controls-absolute-right-center\"><div style=\"--widget-offset:15px;\" class=\"n2-ss-widget n2-ss-widget-display-hover n2-style-6679a19c901d61fb802720533bbad114-heading nextend-arrow n2-ow-all nextend-arrow-next  nextend-arrow-animated-fade\" id=\"n2-ss-12-arrow-next\" role=\"button\" aria-label=\"next arrow\" tabindex=\"0\"><img loading=\"lazy\" decoding=\"async\" width=\"32\" height=\"32\" class=\"skip-lazy\" data-skip-lazy=\"1\" src=\"data:image\/svg+xml;base64,PHN2ZyB3aWR0aD0iMzIiIGhlaWdodD0iMzIiIHZpZXdCb3g9IjAgMCAzMiAzMiIgeG1sbnM9Imh0dHA6Ly93d3cudzMub3JnLzIwMDAvc3ZnIj4KICAgIDxwYXRoIGQ9Ik0xMC43MjIgNC4yOTNjLS4zOTQtLjM5LTEuMDMyLS4zOS0xLjQyNyAwLS4zOTMuMzktLjM5MyAxLjAzIDAgMS40MmwxMS4yODMgMTAuMjgtMTEuMjgzIDEwLjI5Yy0uMzkzLjM5LS4zOTMgMS4wMiAwIDEuNDIuMzk1LjM5IDEuMDMzLjM5IDEuNDI3IDBsMTIuMDA3LTEwLjk0Yy4yMS0uMjEuMy0uNDkuMjg0LS43Ny4wMTQtLjI3LS4wNzYtLjU1LS4yODYtLjc2TDEwLjcyIDQuMjkzeiIKICAgICAgICAgIGZpbGw9IiNmZmZmZmYiIG9wYWNpdHk9IjAuNSIgZmlsbC1ydWxlPSJldmVub2RkIi8+Cjwvc3ZnPg==\" alt=\"next arrow\"><\/div><\/div><div class=\"n2-ss-slider-controls n2-ss-slider-controls-absolute-center-bottom\"><div style=\"--widget-offset:30px;text-align: center;width:100%;\" class=\"n2-ss-widget n2-ss-widget-display-hover nextend-bar nextend-bar-horizontal n2-ss-widget-hidden n2-ow-all\"><div class=\"n2-style-3745c27e4cee514fb93ac00b0ec9858c-simple \"><span class=\"n2-font-0ee482cf7edd4e10db2ad36e7d4229c7-simple \">&nbsp;<\/span><\/div><\/div><\/div><\/div><div class=\"n2-ss-slider-controls n2-ss-slider-controls-below\"><div data-width-percent=\"100\" class=\"n2-ss-widget n2-ss-widget-display-hover nextend-thumbnail nextend-thumbnail-default nextend-thumbnail-horizontal n2-ow-all\" style=\"width:100%;\" data-has-next=\"0\" data-has-previous=\"0\"><div class=\"nextend-thumbnail-inner n2-style-f58d52632d016e4532dc73de3ceef8d2-simple \"><div class=\"nextend-thumbnail-scroller n2-align-content-start\" style=\"grid-template-rows:repeat(1, 1fr)\"><div class=\"n2-thumbnail-dot n2-style-266f2f6a49938baa7221444ba747dd12-dot \" data-slide-public-id=\"1\" role=\"button\" aria-label=\"2008 \u2013 Erster Vortrag von Michael Lapsley in Luxemburg\" tabindex=\"0\"><picture class=\"skip-lazy\" data-skip-lazy=\"1\"><img decoding=\"async\" alt=\"2008 \u2013 Erster Vortrag von Michael Lapsley in Luxemburg\" src=\"Michael Lapsley\" width=\"100\" height=\"60\" loading=\"lazy\" class=\"skip-lazy\" data-skip-lazy=\"1\" \/><\/picture><\/div><div class=\"n2-thumbnail-dot n2-style-266f2f6a49938baa7221444ba747dd12-dot \" data-slide-public-id=\"2\" role=\"button\" aria-label=\"2010 \u2013 Audienz bei Ihrer k\u00f6niglichen Hoheit der Gro\u00dfherzogin im Gro\u00dfherzoglichen Palast\" tabindex=\"0\"><picture class=\"skip-lazy\" data-skip-lazy=\"1\"><img decoding=\"async\" alt=\"2010 \u2013 Audienz bei Ihrer k\u00f6niglichen Hoheit der Gro\u00dfherzogin im Gro\u00dfherzoglichen Palast\" src=\"https:\/\/healing-memories.lu\/wp-content\/uploads\/slider\/cache\/fb70dde7e9709190d2fcb829cfbed91f\/Audience-Palais-23.04.2010-1024x682-1.jpg\" width=\"100\" height=\"60\" loading=\"lazy\" class=\"skip-lazy\" data-skip-lazy=\"1\" \/><\/picture><\/div><div class=\"n2-thumbnail-dot n2-style-266f2f6a49938baa7221444ba747dd12-dot \" data-slide-public-id=\"3\" role=\"button\" aria-label=\"2014 \u2013 Herausgabe der spanischen \u00dcbersetzung der Autobiografie von M. Lapsley \u2013 Bogot\u00e1\" tabindex=\"0\"><picture class=\"skip-lazy\" data-skip-lazy=\"1\"><img decoding=\"async\" alt=\"2014 \u2013 Herausgabe der spanischen \u00dcbersetzung der Autobiografie von M. Lapsley \u2013 Bogot\u00e1\" src=\"https:\/\/healing-memories.lu\/wp-content\/uploads\/slider\/cache\/52db50d2979a4c6de4023c3ac86d00d8\/1-Emission-CTV-Colombia-Bogota.jpg.jpg\" width=\"100\" height=\"60\" loading=\"lazy\" class=\"skip-lazy\" data-skip-lazy=\"1\" \/><\/picture><\/div><div class=\"n2-thumbnail-dot n2-style-266f2f6a49938baa7221444ba747dd12-dot \" data-slide-public-id=\"4\" role=\"button\" aria-label=\"2014 \u2013 Herausgabe der deutschen \u00dcbersetzung der Autobiografie von M. Lapsley \u2013 Luxemburg3\" tabindex=\"0\"><picture class=\"skip-lazy\" data-skip-lazy=\"1\"><img decoding=\"async\" alt=\"2014 \u2013 Herausgabe der deutschen \u00dcbersetzung der Autobiografie von M. Lapsley \u2013 Luxemburg3\" src=\"https:\/\/healing-memories.lu\/wp-content\/uploads\/slider\/cache\/c820513e62b4914c9c2319bcd180d550\/2014.03.17.lancement.trad_.de_.Neumunster3.jpg\" width=\"100\" height=\"60\" loading=\"lazy\" class=\"skip-lazy\" data-skip-lazy=\"1\" \/><\/picture><\/div><div class=\"n2-thumbnail-dot n2-style-266f2f6a49938baa7221444ba747dd12-dot \" data-slide-public-id=\"5\" role=\"button\" aria-label=\"2015 \u2013 Fastenpredigt in der Kathedrale von Luxemburg\" tabindex=\"0\"><picture class=\"skip-lazy\" data-skip-lazy=\"1\"><img decoding=\"async\" alt=\"2015 \u2013 Fastenpredigt in der Kathedrale von Luxemburg\" src=\"https:\/\/healing-memories.lu\/wp-content\/uploads\/slider\/cache\/49ca00ab7074c240c90d5bc9e6fbd383\/2015.02.22.homelie.Careme.cath_.Lux_.ML2_.jpg\" width=\"100\" height=\"60\" loading=\"lazy\" class=\"skip-lazy\" data-skip-lazy=\"1\" \/><\/picture><\/div><div class=\"n2-thumbnail-dot n2-style-266f2f6a49938baa7221444ba747dd12-dot \" data-slide-public-id=\"6\" role=\"button\" aria-label=\"2015 \u2013 Herausgabe der franz\u00f6sischen \u00dcbersetzung der Autobiografie von M. Lapsley \u2013 Luxemburg\" tabindex=\"0\"><picture class=\"skip-lazy\" data-skip-lazy=\"1\"><img decoding=\"async\" alt=\"2015 \u2013 Herausgabe der franz\u00f6sischen \u00dcbersetzung der Autobiografie von M. Lapsley \u2013 Luxemburg\" src=\"https:\/\/healing-memories.lu\/wp-content\/uploads\/slider\/cache\/fac05b0ed0bbf4b47aa216dffb049f9a\/2015.02.25.lancement.trad_.fr_.livre_.Ernster2.jpg\" width=\"100\" height=\"60\" loading=\"lazy\" class=\"skip-lazy\" data-skip-lazy=\"1\" \/><\/picture><\/div><div class=\"n2-thumbnail-dot n2-style-266f2f6a49938baa7221444ba747dd12-dot \" data-slide-public-id=\"7\" role=\"button\" aria-label=\"2019 \u2013 Fulata Moyo, ein spezieller Gast, mit Patrick Byrne (HoM Luxembourg) und Philippe Majerus (Fondation du Grand-Duc et de la Grande-Duchesse)\" tabindex=\"0\"><picture class=\"skip-lazy\" data-skip-lazy=\"1\"><img decoding=\"async\" alt=\"2019 \u2013 Fulata Moyo, ein spezieller Gast, mit Patrick Byrne (HoM Luxembourg) und Philippe Majerus (Fondation du Grand-Duc et de la Grande-Duchesse)\" src=\"https:\/\/healing-memories.lu\/wp-content\/uploads\/slider\/cache\/4f92d0ab54afaeaa0d5be7f07b4f14be\/Byrne-Moyo-Majerus-1024x622-1.jpg\" width=\"100\" height=\"60\" loading=\"lazy\" class=\"skip-lazy\" data-skip-lazy=\"1\" \/><\/picture><\/div><div class=\"n2-thumbnail-dot n2-style-266f2f6a49938baa7221444ba747dd12-dot \" data-slide-public-id=\"8\" role=\"button\" aria-label=\"2019 \u2013 Papstaudienz im Vatikan zum 20-j\u00e4hrigen Bestehen des IHOM\" tabindex=\"0\"><picture class=\"skip-lazy\" data-skip-lazy=\"1\"><img decoding=\"async\" alt=\"2019 \u2013 Papstaudienz im Vatikan zum 20-j\u00e4hrigen Bestehen des IHOM\" src=\"https:\/\/healing-memories.lu\/wp-content\/uploads\/slider\/cache\/9ee9e0eaacb3fe15aa6409c4ccd502b3\/ML-Pape2.jpg\" width=\"100\" height=\"60\" loading=\"lazy\" class=\"skip-lazy\" data-skip-lazy=\"1\" \/><\/picture><\/div><\/div><\/div><div class=\"nextend-thumbnail-button nextend-thumbnail-previous\"><img decoding=\"async\" width=\"26\" height=\"26\" style=\"width:26px;transform:rotateZ(-90deg);\" loading=\"lazy\" class=\"skip-lazy\" data-skip-lazy=\"1\" src=\"data:image\/svg+xml;base64,PHN2ZyB3aWR0aD0iMjYiIGhlaWdodD0iMjYiIHhtbG5zPSJodHRwOi8vd3d3LnczLm9yZy8yMDAwL3N2ZyI+CiAgICA8ZyBmaWxsPSJub25lIiBmaWxsLXJ1bGU9ImV2ZW5vZGQiPgogICAgICAgIDxjaXJjbGUgc3Ryb2tlPSIjZmZmIiBzdHJva2Utd2lkdGg9IjIiIG9wYWNpdHk9Ii41IiBmaWxsPSIjMDAwIiBjeD0iMTMiIGN5PSIxMyIgcj0iMTIiLz4KICAgICAgICA8cGF0aCBkPSJNMTMuNDM1IDkuMTc4Yy0uMTI2LS4xMjEtLjI3LS4xODItLjQzNi0uMTgyLS4xNjQgMC0uMzA2LjA2MS0uNDI4LjE4MmwtNC4zOCA0LjE3NWMtLjEyNi4xMjEtLjE4OC4yNjItLjE4OC40MjQgMCAuMTYxLjA2Mi4zMDIuMTg4LjQyM2wuNjUuNjIyYy4xMjYuMTIxLjI3My4xODIuNDQxLjE4Mi4xNyAwIC4zMTQtLjA2MS40MzYtLjE4MmwzLjMxNC0zLjE2MSAzLjI0OSAzLjE2MWMuMTI2LjEyMS4yNjkuMTgyLjQzMi4xODIuMTY0IDAgLjMwNy0uMDYxLjQzMy0uMTgybC42NjItLjYyMmMuMTI2LS4xMjEuMTg5LS4yNjIuMTg5LS40MjMgMC0uMTYyLS4wNjMtLjMwMy0uMTg5LS40MjRsLTQuMzczLTQuMTc1eiIKICAgICAgICAgICAgICBmaWxsPSIjZmZmIi8+CiAgICA8L2c+Cjwvc3ZnPg==\" alt=\"previous arrow\"><\/div><div class=\"nextend-thumbnail-button nextend-thumbnail-next\"><img decoding=\"async\" width=\"26\" height=\"26\" style=\"width:26px;transform:rotateZ(-90deg);\" loading=\"lazy\" class=\"skip-lazy\" data-skip-lazy=\"1\" src=\"data:image\/svg+xml;base64,PHN2ZyB4bWxucz0iaHR0cDovL3d3dy53My5vcmcvMjAwMC9zdmciIHdpZHRoPSIyNiIgaGVpZ2h0PSIyNiI+CiAgICA8ZyBmaWxsPSJub25lIj4KICAgICAgICA8Y2lyY2xlIGN4PSIxMyIgY3k9IjEzIiByPSIxMiIgZmlsbD0iIzAwMCIgc3Ryb2tlPSIjZmZmIiBzdHJva2Utd2lkdGg9IjIiIG9wYWNpdHk9Ii41Ii8+CiAgICAgICAgPHBhdGggZmlsbD0iI2ZmZiIKICAgICAgICAgICAgICBkPSJNMTIuNTY1IDE2LjgyMmMuMTI2LjEyLjI3LjE4Mi40MzYuMTgyLjE2OCAwIC4zMS0uMDYuNDMtLjE4Mmw0LjM4LTQuMTc1Yy4xMjgtLjEyLjE5LS4yNjIuMTktLjQyNCAwLS4xNi0uMDYyLS4zMDItLjE5LS40MjNsLS42NS0uNjIyYy0uMTI1LS4xMi0uMjcyLS4xODItLjQ0LS4xODItLjE3IDAtLjMxNC4wNi0uNDM2LjE4MmwtMy4zMTQgMy4xNi0zLjI1LTMuMTZjLS4xMjYtLjEyLS4yNy0uMTgyLS40My0uMTgyLS4xNjYgMC0uMzEuMDYtLjQzNS4xODJsLS42NjIuNjIyYy0uMTI2LjEyLS4xOS4yNjItLjE5LjQyMyAwIC4xNjIuMDY0LjMwMy4xOS40MjRsNC4zNzMgNC4xNzV6Ii8+CiAgICA8L2c+Cjwvc3ZnPg==\" alt=\"next arrow\"><\/div><\/div><\/div><\/div><\/div><ss3-loader><\/ss3-loader><\/div><\/div><div class=\"n2_clear\"><\/div><\/div>\n\n\n<p class=\"has-secondary-color has-text-color\"><em><strong>Die ASBL \u2018Healing of Memories Luxembourg\u2019<\/strong> <\/em><\/p>\n\n\n\n<p>Die Gr\u00fcndung unserer Vereinigung war ein naheliegender Schritt zur Festigung der Aktionen zur Heilung von Erinnerungen in Europa und der Beginn einer neuen Phase dieser Aktionen in Luxemburg. Die Vereinigung ist nat\u00fcrlicher Bestandteil des internationalen IHOM-Netzes.<\/p>\n\n\n\n<hr class=\"wp-block-separator\"\/>\n","protected":false},"excerpt":{"rendered":"<p>Healing of Memories Luxembourg \u2013 Entstehung der Vereinigung Am 28. November 2020 wird aus der innerhalb der ACAT Luxemburg gegr\u00fcndeten Unterst\u00fctzergruppe \u201eHeilung von Erinnerungen Luxemburg\/Europa\u201c [&#8230;]<\/p>\n","protected":false},"author":1,"featured_media":0,"parent":0,"menu_order":0,"comment_status":"closed","ping_status":"closed","template":"","meta":{"footnotes":""},"folder":[],"class_list":["post-1517","page","type-page","status-publish","hentry"],"aioseo_notices":[],"_links":{"self":[{"href":"https:\/\/healing-memories.lu\/index.php?rest_route=\/wp\/v2\/pages\/1517","targetHints":{"allow":["GET"]}}],"collection":[{"href":"https:\/\/healing-memories.lu\/index.php?rest_route=\/wp\/v2\/pages"}],"about":[{"href":"https:\/\/healing-memories.lu\/index.php?rest_route=\/wp\/v2\/types\/page"}],"author":[{"embeddable":true,"href":"https:\/\/healing-memories.lu\/index.php?rest_route=\/wp\/v2\/users\/1"}],"replies":[{"embeddable":true,"href":"https:\/\/healing-memories.lu\/index.php?rest_route=%2Fwp%2Fv2%2Fcomments&post=1517"}],"version-history":[{"count":4,"href":"https:\/\/healing-memories.lu\/index.php?rest_route=\/wp\/v2\/pages\/1517\/revisions"}],"predecessor-version":[{"id":2222,"href":"https:\/\/healing-memories.lu\/index.php?rest_route=\/wp\/v2\/pages\/1517\/revisions\/2222"}],"wp:attachment":[{"href":"https:\/\/healing-memories.lu\/index.php?rest_route=%2Fwp%2Fv2%2Fmedia&parent=1517"}],"wp:term":[{"taxonomy":"folder","embeddable":true,"href":"https:\/\/healing-memories.lu\/index.php?rest_route=%2Fwp%2Fv2%2Ffolder&post=1517"}],"curies":[{"name":"wp","href":"https:\/\/api.w.org\/{rel}","templated":true}]}}