{"id":1524,"date":"2021-05-18T13:50:19","date_gmt":"2021-05-18T12:50:19","guid":{"rendered":"https:\/\/healing-memories.lu\/?page_id=1524"},"modified":"2021-07-15T20:57:34","modified_gmt":"2021-07-15T19:57:34","slug":"vorstandsmitglieder","status":"publish","type":"page","link":"https:\/\/healing-memories.lu\/?page_id=1524&lang=de","title":{"rendered":"Vorstandsmitglieder"},"content":{"rendered":"\n<p>Seit der konstituierenden Vollversammlung vom 28. November 2020 ist der Verwaltungsrat unserer Vereinigung wie folgt zusammengesetzt:<\/p>\n\n\n\n<div class=\"wp-block-columns is-layout-flex wp-container-core-columns-is-layout-9d6595d7 wp-block-columns-is-layout-flex\">\n<div class=\"wp-block-column is-layout-flow wp-block-column-is-layout-flow\" style=\"flex-basis:100%\">\n<div class=\"wp-block-media-text alignwide is-stacked-on-mobile is-vertically-aligned-top\" style=\"grid-template-columns:21% auto\"><figure class=\"wp-block-media-text__media\"><img decoding=\"async\" src=\"https:\/\/healing-memories.lu\/wp-content\/uploads\/2021\/06\/Patrick.png\" alt=\"\"\/><\/figure><div class=\"wp-block-media-text__content\">\n<p><span class=\"has-inline-color has-secondary-color\"><strong>Patrick Byrne <\/strong>\u2013<strong> <\/strong>Vorsitzender<\/span><br>@: <a href=\"mailto:patrick.byrne@healing-memories.lu\">patrick.byrne@healing-memories.lu<\/a><\/p>\n\n\n\n<p>Schottischer und franz\u00f6sischer Herkunft; Luxemburger seit 2015.<br>\u00dcbersetzer und Revisor des Europ\u00e4ischen Parlaments, im Ruhestand.<br>Patrick traf im Zuge seines Engagements f\u00fcr die Menschenrechte mit Michael Lapsley zusammen. Er war von 1998 bis 2004 Vorsitzender der Internationalen F\u00f6deration der ACAT (Aktion der Christen f\u00fcr die Abschaffung der Folter) und lud Michael im Namen der ACAT 2008 nach Luxemburg ein \u2013 damit nahm das Unternehmen \u201eHeilung von Erinnerungen\u201d seinen Anfang in Luxemburg.<\/p>\n<\/div><\/div>\n<\/div>\n<\/div>\n\n\n\n<hr class=\"wp-block-separator is-style-wide\" id=\"block-6c5ce6d0-7280-4979-8a3e-014f5aa24767\"\/>\n\n\n\n<div style=\"height:1px\" aria-hidden=\"true\" class=\"wp-block-spacer\"><\/div>\n\n\n\n<div class=\"wp-block-columns is-layout-flex wp-container-core-columns-is-layout-9d6595d7 wp-block-columns-is-layout-flex\">\n<div class=\"wp-block-column is-layout-flow wp-block-column-is-layout-flow\" style=\"flex-basis:100%\">\n<div class=\"wp-block-media-text alignwide is-stacked-on-mobile is-vertically-aligned-top\" style=\"grid-template-columns:21% auto\"><figure class=\"wp-block-media-text__media\"><img decoding=\"async\" src=\"https:\/\/healing-memories.lu\/wp-content\/uploads\/2021\/06\/Cecile.png\" alt=\"\"\/><\/figure><div class=\"wp-block-media-text__content\">\n<p><span class=\"has-inline-color has-secondary-color\"><strong>C\u00e9cile Thill <\/strong>\u2013<strong> <\/strong>Schriftf\u00fchrerin<\/span><br>@: <a href=\"mailto:cecile.thill@healing-memories.lu\">cecile.thill@healing-memories.lu<\/a><\/p>\n\n\n\n<p>Franz\u00f6sin, wohnt in Luxemburg seit 2002.<br>Erz\u00e4hlerin.<br>C\u00e9cile ist Mitglied der ACAT Luxemburg seit 2002; sie betreut seit 2008 aktiv die Besuche von Michael Lapsley, beteiligte sich an einem Workshop und begann 2017 ihre Schulung zur Moderatorin.<\/p>\n<\/div><\/div>\n\n\n\n<div style=\"height:1px\" aria-hidden=\"true\" class=\"wp-block-spacer\"><\/div>\n<\/div>\n<\/div>\n\n\n\n<hr class=\"wp-block-separator is-style-wide\" id=\"block-7635fcfe-aca7-4d67-83a8-0f01f0508d22\"\/>\n\n\n\n<div class=\"wp-block-columns is-layout-flex wp-container-core-columns-is-layout-9d6595d7 wp-block-columns-is-layout-flex\">\n<div class=\"wp-block-column is-layout-flow wp-block-column-is-layout-flow\" style=\"flex-basis:100%\">\n<div style=\"height:1px\" aria-hidden=\"true\" class=\"wp-block-spacer\"><\/div>\n\n\n\n<div class=\"wp-block-media-text alignwide is-stacked-on-mobile is-vertically-aligned-top\" style=\"grid-template-columns:20% auto\"><figure class=\"wp-block-media-text__media\"><img decoding=\"async\" src=\"https:\/\/healing-memories.lu\/wp-content\/uploads\/2021\/06\/Javier.png\" alt=\"\"\/><\/figure><div class=\"wp-block-media-text__content\">\n<p><strong><span class=\"has-inline-color has-secondary-color\">Javier Garcia Alves <\/span><\/strong><span class=\"has-inline-color has-secondary-color\">\u2013 Projektkoordinierung, \u00dcbersetzung und Dolmetschen, Partnerschaften Europa und Kanada<\/span><br>@: <a href=\"mailto:javier.garciaalves@healing-memories.lu\">javier.garciaalves@healing-memories.lu<\/a><\/p>\n\n\n\n<p>Spanier, wohnt in Luxemburg seit 1986.<br>\u00dcbersetzer beim Europ\u00e4ischen Parlament.<br>Javier traf mit Michael Lapsley bei dessen erstem Besuch in Luxemburg 2008 zusammen und brachte sich alsbald in das Unternehmen \u201eHeilung von Erinnerungen\u201d innerhalb und au\u00dferhalb Europas ein; Moderator seit 2014.<br>Er war zust\u00e4ndig f\u00fcr die kolumbianische (2014), die spanische (2014) und die kubanische (2016) Fassung der Autobiografie von Michael Lapsley.<\/p>\n<\/div><\/div>\n\n\n\n<div style=\"height:1px\" aria-hidden=\"true\" class=\"wp-block-spacer\"><\/div>\n<\/div>\n<\/div>\n\n\n\n<hr class=\"wp-block-separator is-style-wide\" id=\"block-ca7e37e2-0654-4fb8-8865-a2971f2ea50d\"\/>\n\n\n\n<div class=\"wp-block-columns is-layout-flex wp-container-core-columns-is-layout-9d6595d7 wp-block-columns-is-layout-flex\">\n<div class=\"wp-block-column is-layout-flow wp-block-column-is-layout-flow\" style=\"flex-basis:100%\">\n<div style=\"height:1px\" aria-hidden=\"true\" class=\"wp-block-spacer\"><\/div>\n\n\n\n<div class=\"wp-block-media-text alignwide is-stacked-on-mobile\" style=\"grid-template-columns:22% auto\"><figure class=\"wp-block-media-text__media\"><img decoding=\"async\" src=\"https:\/\/healing-memories.lu\/wp-content\/uploads\/2021\/06\/Esmeralda-1.png\" alt=\"\"\/><\/figure><div class=\"wp-block-media-text__content\">\n<p><strong><span class=\"has-inline-color has-secondary-color\">Esmeralda Chupin<\/span><\/strong> <span class=\"has-inline-color has-secondary-color\">\u2013 Schatzmeisterin<\/span><br>@: <a href=\"mailto:esmeralda.chupin@healing-memories.lu\">esmeralda.chupin@healing-memories.lu<\/a><\/p>\n\n\n\n<p><\/p>\n\n\n\n<p><\/p>\n<\/div><\/div>\n\n\n\n<div style=\"height:1px\" aria-hidden=\"true\" class=\"wp-block-spacer\"><\/div>\n<\/div>\n<\/div>\n\n\n\n<hr class=\"wp-block-separator is-style-wide\" id=\"block-a1d9926a-b996-4111-8bd2-c8abdab162ce\"\/>\n\n\n\n<div class=\"wp-block-columns is-layout-flex wp-container-core-columns-is-layout-9d6595d7 wp-block-columns-is-layout-flex\">\n<div class=\"wp-block-column is-layout-flow wp-block-column-is-layout-flow\" style=\"flex-basis:100%\">\n<div style=\"height:30px\" aria-hidden=\"true\" class=\"wp-block-spacer\"><\/div>\n\n\n\n<div class=\"wp-block-media-text alignwide is-stacked-on-mobile is-vertically-aligned-top\" style=\"grid-template-columns:22% auto\"><figure class=\"wp-block-media-text__media\"><img decoding=\"async\" src=\"https:\/\/healing-memories.lu\/wp-content\/uploads\/2021\/06\/Angela-1.png\" alt=\"\"\/><\/figure><div class=\"wp-block-media-text__content\">\n<p><span class=\"has-inline-color has-secondary-color\"><strong>Angela Borges <\/strong>\u2013 Kommunikation und Anmeldungen zu Workshops<\/span><br>@: <a href=\"mailto:workshop@healing-memories.lu\">workshop@healing-memories.lu<\/a>&nbsp;<\/p>\n\n\n\n<p>Luxemburgerin mit portugiesischen Wurzeln, geboren in Luxemburg als Tochter portugiesischer Einwanderer.<br>Sozialarbeiterin beim CIPA (Centre Int\u00e9gr\u00e9 pour Personnes \u00c2g\u00e9es).<br>Angela nahm 2015 an einem Healing-of-Memories-Workshop teil, der ihr Leben nachhaltig ver\u00e4nderte. Seitdem macht sie aktiv in dem Unternehmen <em>\u201e<\/em>Heilung von Erinnerungen\u201d mit und hat 2017 ihre Schulung zur Moderatorin begonnen.<\/p>\n<\/div><\/div>\n\n\n\n<div style=\"height:1px\" aria-hidden=\"true\" class=\"wp-block-spacer\"><\/div>\n<\/div>\n<\/div>\n\n\n\n<hr class=\"wp-block-separator is-style-wide\" id=\"block-d30bf501-f1bf-41b8-9eb4-46d354dcfa8f\"\/>\n\n\n\n<div class=\"wp-block-columns is-layout-flex wp-container-core-columns-is-layout-9d6595d7 wp-block-columns-is-layout-flex\">\n<div class=\"wp-block-column is-layout-flow wp-block-column-is-layout-flow\" style=\"flex-basis:100%\">\n<div style=\"height:1px\" aria-hidden=\"true\" class=\"wp-block-spacer\"><\/div>\n\n\n\n<div class=\"wp-block-media-text alignwide is-stacked-on-mobile is-vertically-aligned-top\" style=\"grid-template-columns:23% auto\"><figure class=\"wp-block-media-text__media\"><img decoding=\"async\" src=\"https:\/\/healing-memories.lu\/wp-content\/uploads\/2021\/06\/Paul-1.png\" alt=\"\"\/><\/figure><div class=\"wp-block-media-text__content\">\n<p><span class=\"has-inline-color has-secondary-color\"><strong>Paul Chahine<\/strong> \u2013 Fortbildungsma\u00dfnahmen, internationale Projekte im Nahen Osten<\/span><br>@: <a href=\"mailto:healing@healing-memories.lu\">healing@healing-memories.lu<\/a><\/p>\n\n\n\n<p>Syrer und Luxemburger, lebt seit 2012 in Luxemburg.<br>Paul wirkte 2017 als Dolmetscher an einem Healing-of-Memories-Workshop in Luxemburg mit und kam sp\u00e4ter zu einem weiteren Workshop als Teilnehmer. Er ist Mitglied der CVX (Gemeinschaft christlichen Lebens) Luxemburg und Dolmetscher beim Luxemburger Roten Kreuz. Er begann 2019 seinen Weg zum Moderator f\u00fcr Workshops.<\/p>\n<\/div><\/div>\n\n\n\n<div style=\"height:30px\" aria-hidden=\"true\" class=\"wp-block-spacer\"><\/div>\n<\/div>\n<\/div>\n\n\n\n<hr class=\"wp-block-separator is-style-wide\" id=\"block-b18620c6-3ef3-4332-b1bd-d4f2c9e6bf94\"\/>\n\n\n\n<div class=\"wp-block-columns is-layout-flex wp-container-core-columns-is-layout-9d6595d7 wp-block-columns-is-layout-flex\">\n<div class=\"wp-block-column is-layout-flow wp-block-column-is-layout-flow\" style=\"flex-basis:100%\">\n<div style=\"height:30px\" aria-hidden=\"true\" class=\"wp-block-spacer\"><\/div>\n\n\n\n<div class=\"wp-block-media-text alignwide is-stacked-on-mobile\" style=\"grid-template-columns:24% auto\"><figure class=\"wp-block-media-text__media\"><img decoding=\"async\" src=\"https:\/\/healing-memories.lu\/wp-content\/uploads\/2021\/06\/Marie-Christ.jpg\" alt=\"\"\/><\/figure><div class=\"wp-block-media-text__content\">\n<p><span class=\"has-inline-color has-secondary-color\"><strong>Marie-Christine Ries<\/strong> \u2013 Workshops, Partnerschaften in Luxemburg<\/span><br>@: <a href=\"mailto:healing@healing-memories.lu\">healing@healing-memories.lu<\/a><\/p>\n\n\n\n<p><\/p>\n\n\n\n<p><\/p>\n\n\n\n<p><\/p>\n<\/div><\/div>\n\n\n\n<div style=\"height:30px\" aria-hidden=\"true\" class=\"wp-block-spacer\"><\/div>\n<\/div>\n<\/div>\n\n\n\n<hr class=\"wp-block-separator is-style-wide\" id=\"block-e18a6d51-081d-4ade-9566-bcca9c159900\"\/>\n\n\n\n<div style=\"height:30px\" aria-hidden=\"true\" class=\"wp-block-spacer\"><\/div>\n\n\n\n<div class=\"wp-block-columns is-layout-flex wp-container-core-columns-is-layout-9d6595d7 wp-block-columns-is-layout-flex\">\n<div class=\"wp-block-column is-layout-flow wp-block-column-is-layout-flow\" style=\"flex-basis:100%\">\n<div class=\"wp-block-media-text alignwide is-stacked-on-mobile is-vertically-aligned-top\" style=\"grid-template-columns:24% auto\"><figure class=\"wp-block-media-text__media\"><img decoding=\"async\" src=\"https:\/\/healing-memories.lu\/wp-content\/uploads\/2021\/06\/Valdemar.png\" alt=\"\"\/><\/figure><div class=\"wp-block-media-text__content\">\n<p class=\"has-text-color\" style=\"color:#0071a1\"><span class=\"has-inline-color has-secondary-color\"><strong>Valdemar Santos<\/strong> \u2013 Gef\u00e4ngnisarbeit, Projekt Afrika, Website<\/span><br><span class=\"has-inline-color has-secondary-color\">@: <a href=\"mailto:healing@healing-memories.lu\">healing@healing-memories.lu<\/a><\/span><\/p>\n\n\n\n<p>Portugiesischer Herkunft, geboren in Mosambik, lebt seit 2002 in Luxemburg; Luxemburger seit 2016.<br>Gef\u00e4ngnisgeistlicher in den Haftanstalten des Gro\u00dfherzogtums.<br>Valdemar machte 2014 in einer schwierigen Phase seines Lebens die erste Erfahrung mit einem Healing-of-Memories-Workshop.<br>Moderator seit 2020.<\/p>\n<\/div><\/div>\n<\/div>\n<\/div>\n\n\n\n<div style=\"height:30px\" aria-hidden=\"true\" class=\"wp-block-spacer\"><\/div>\n","protected":false},"excerpt":{"rendered":"<p>Seit der konstituierenden Vollversammlung vom 28. November 2020 ist der Verwaltungsrat unserer Vereinigung wie folgt zusammengesetzt: Patrick Byrne \u2013 Vorsitzender@: patrick.byrne@healing-memories.lu Schottischer und franz\u00f6sischer Herkunft; [&#8230;]<\/p>\n","protected":false},"author":1,"featured_media":0,"parent":0,"menu_order":0,"comment_status":"closed","ping_status":"closed","template":"","meta":{"footnotes":""},"folder":[],"class_list":["post-1524","page","type-page","status-publish","hentry"],"aioseo_notices":[],"_links":{"self":[{"href":"https:\/\/healing-memories.lu\/index.php?rest_route=\/wp\/v2\/pages\/1524","targetHints":{"allow":["GET"]}}],"collection":[{"href":"https:\/\/healing-memories.lu\/index.php?rest_route=\/wp\/v2\/pages"}],"about":[{"href":"https:\/\/healing-memories.lu\/index.php?rest_route=\/wp\/v2\/types\/page"}],"author":[{"embeddable":true,"href":"https:\/\/healing-memories.lu\/index.php?rest_route=\/wp\/v2\/users\/1"}],"replies":[{"embeddable":true,"href":"https:\/\/healing-memories.lu\/index.php?rest_route=%2Fwp%2Fv2%2Fcomments&post=1524"}],"version-history":[{"count":5,"href":"https:\/\/healing-memories.lu\/index.php?rest_route=\/wp\/v2\/pages\/1524\/revisions"}],"predecessor-version":[{"id":2593,"href":"https:\/\/healing-memories.lu\/index.php?rest_route=\/wp\/v2\/pages\/1524\/revisions\/2593"}],"wp:attachment":[{"href":"https:\/\/healing-memories.lu\/index.php?rest_route=%2Fwp%2Fv2%2Fmedia&parent=1524"}],"wp:term":[{"taxonomy":"folder","embeddable":true,"href":"https:\/\/healing-memories.lu\/index.php?rest_route=%2Fwp%2Fv2%2Ffolder&post=1524"}],"curies":[{"name":"wp","href":"https:\/\/api.w.org\/{rel}","templated":true}]}}