{"id":1533,"date":"2021-05-18T13:55:02","date_gmt":"2021-05-18T12:55:02","guid":{"rendered":"https:\/\/healing-memories.lu\/?page_id=1533"},"modified":"2021-07-19T14:38:24","modified_gmt":"2021-07-19T13:38:24","slug":"ziele-2","status":"publish","type":"page","link":"https:\/\/healing-memories.lu\/?page_id=1533&lang=de","title":{"rendered":"Ziele"},"content":{"rendered":"\n<p>Wir veranstalten<a href=\"https:\/\/healing-memories.lu\/?page_id=567&amp;lang=de\"> Healing-of-Memories-Workshops<\/a> in Luxemburg sowie, gemeinsam mit Partnern, in anderen europ\u00e4ischen L\u00e4ndern und dort, wo wir zur Zusammenarbeit eingeladen werden (derzeit im franz\u00f6sischsprachigen Afrika und im Nahen Osten).\u00a0<\/p>\n\n\n\n<div class=\"wp-block-image\"><figure class=\"alignright size-large is-resized\"><img loading=\"lazy\" decoding=\"async\" src=\"https:\/\/healing-memories.lu\/wp-content\/uploads\/2021\/05\/Target-1-787x1024.jpg\" alt=\"\" class=\"wp-image-1749\" width=\"361\" height=\"470\" srcset=\"https:\/\/healing-memories.lu\/wp-content\/uploads\/2021\/05\/Target-1-787x1024.jpg 787w, https:\/\/healing-memories.lu\/wp-content\/uploads\/2021\/05\/Target-1-230x300.jpg 230w, https:\/\/healing-memories.lu\/wp-content\/uploads\/2021\/05\/Target-1-768x1000.jpg 768w, https:\/\/healing-memories.lu\/wp-content\/uploads\/2021\/05\/Target-1-1180x1536.jpg 1180w, https:\/\/healing-memories.lu\/wp-content\/uploads\/2021\/05\/Target-1-1573x2048.jpg 1573w, https:\/\/healing-memories.lu\/wp-content\/uploads\/2021\/05\/Target-1.jpg 1919w\" sizes=\"auto, (max-width: 361px) 100vw, 361px\" \/><\/figure><\/div>\n\n\n\n<p>In diesen Workshops wird eine Atmosph\u00e4re der Sicherheit und des Vertrauens geschaffen, in der Menschen, die Verletzungen aus der Vergangenheit davongetragen haben, Halt finden und Schritte zur Heilung unternehmen k\u00f6nnen.<\/p>\n\n\n\n<p>Damit das m\u00f6glich ist, sorgen wir f\u00fcr die Ausbildung von \u201eModeratoren\u201c (<em>Facilitators<\/em>), die die Gestaltung und Moderierung solcher Seminare \u00fcbernehmen.<\/p>\n\n\n\n<p>Zudem will unsere Vereinigung die \u00d6ffentlichkeit f\u00fcr die Idee der Heilung von Erinnerungen sensibilisieren und f\u00fcr die gezielten Methoden auf diesem Gebiet, wie sie von Michael Lapsley und dem <em>Institute for Healing of Memories<\/em> (IHOM) in S\u00fcdafrika konzipiert worden sind.<\/p>\n\n\n\n<p>Um unsere Ziele zu erreichen, unterhalten wir partnerschaftliche Beziehungen zu anderen Gruppen f\u00fcr die Heilung von Erinnerungen, haupts\u00e4chlich in Europa, damit allm\u00e4hlich eine europ\u00e4ische und internationale Vernetzung auf diesem Gebiet entsteht. Wir arbeiten auch mit anderen Organisationen, die gleiche Ziele verfolgen, zusammen.<\/p>\n","protected":false},"excerpt":{"rendered":"<p>Wir veranstalten Healing-of-Memories-Workshops in Luxemburg sowie, gemeinsam mit Partnern, in anderen europ\u00e4ischen L\u00e4ndern und dort, wo wir zur Zusammenarbeit eingeladen werden (derzeit im franz\u00f6sischsprachigen Afrika [&#8230;]<\/p>\n","protected":false},"author":1,"featured_media":0,"parent":0,"menu_order":0,"comment_status":"closed","ping_status":"closed","template":"","meta":{"footnotes":""},"folder":[],"class_list":["post-1533","page","type-page","status-publish","hentry"],"aioseo_notices":[],"_links":{"self":[{"href":"https:\/\/healing-memories.lu\/index.php?rest_route=\/wp\/v2\/pages\/1533","targetHints":{"allow":["GET"]}}],"collection":[{"href":"https:\/\/healing-memories.lu\/index.php?rest_route=\/wp\/v2\/pages"}],"about":[{"href":"https:\/\/healing-memories.lu\/index.php?rest_route=\/wp\/v2\/types\/page"}],"author":[{"embeddable":true,"href":"https:\/\/healing-memories.lu\/index.php?rest_route=\/wp\/v2\/users\/1"}],"replies":[{"embeddable":true,"href":"https:\/\/healing-memories.lu\/index.php?rest_route=%2Fwp%2Fv2%2Fcomments&post=1533"}],"version-history":[{"count":4,"href":"https:\/\/healing-memories.lu\/index.php?rest_route=\/wp\/v2\/pages\/1533\/revisions"}],"predecessor-version":[{"id":2702,"href":"https:\/\/healing-memories.lu\/index.php?rest_route=\/wp\/v2\/pages\/1533\/revisions\/2702"}],"wp:attachment":[{"href":"https:\/\/healing-memories.lu\/index.php?rest_route=%2Fwp%2Fv2%2Fmedia&parent=1533"}],"wp:term":[{"taxonomy":"folder","embeddable":true,"href":"https:\/\/healing-memories.lu\/index.php?rest_route=%2Fwp%2Fv2%2Ffolder&post=1533"}],"curies":[{"name":"wp","href":"https:\/\/api.w.org\/{rel}","templated":true}]}}