{"id":1602,"date":"2021-05-19T13:27:31","date_gmt":"2021-05-19T12:27:31","guid":{"rendered":"https:\/\/healing-memories.lu\/?page_id=1602"},"modified":"2021-07-15T18:31:18","modified_gmt":"2021-07-15T17:31:18","slug":"in-afrika","status":"publish","type":"page","link":"https:\/\/healing-memories.lu\/?page_id=1602&lang=de","title":{"rendered":"In Afrika"},"content":{"rendered":"\n<p class=\"has-text-align-right\"><strong><span class=\"has-inline-color has-secondary-color\"><a href=\"https:\/\/healing-memories.lu\/?page_id=1598&amp;lang=de\">Projekt \u00ab\u00a0franz\u00f6sischsprachiges Afrika<\/a>\u00ab\u00a0<\/span><\/strong><\/p>\n\n\n\n<div class=\"wp-block-image\"><figure class=\"alignleft size-large is-resized\"><img loading=\"lazy\" decoding=\"async\" src=\"https:\/\/healing-memories.lu\/wp-content\/uploads\/2021\/06\/Projet-Afrique-1024x768.jpg\" alt=\"\" class=\"wp-image-2106\" width=\"515\" height=\"386\" srcset=\"https:\/\/healing-memories.lu\/wp-content\/uploads\/2021\/06\/Projet-Afrique-1024x768.jpg 1024w, https:\/\/healing-memories.lu\/wp-content\/uploads\/2021\/06\/Projet-Afrique-300x225.jpg 300w, https:\/\/healing-memories.lu\/wp-content\/uploads\/2021\/06\/Projet-Afrique-768x576.jpg 768w, https:\/\/healing-memories.lu\/wp-content\/uploads\/2021\/06\/Projet-Afrique-1536x1152.jpg 1536w, https:\/\/healing-memories.lu\/wp-content\/uploads\/2021\/06\/Projet-Afrique-2048x1536.jpg 2048w\" sizes=\"auto, (max-width: 515px) 100vw, 515px\" \/><\/figure><\/div>\n\n\n\n<p>Im Juli 2022 wird die s\u00fcdafrikanische Vereinigung <em>Institute for Healing of Memories<\/em> (IHOM) in Zusammenarbeit mit ihrer Schwestervereinigung <em>Healing of Memories Luxembourg<\/em> (HOM-Luxembourg) erstmalig ein Programm zur Schulung von Moderatoren f\u00fcr die Heilung von Erinnerungen in den franz\u00f6sischsprachigen L\u00e4ndern Afrikas einleiten.<\/p>\n\n\n\n<div class=\"wp-block-buttons is-content-justification-right is-layout-flex wp-block-buttons-is-layout-flex\">\n<div class=\"wp-block-button\"><a class=\"wp-block-button__link\" href=\"https:\/\/healing-memories.lu\/?page_id=1598&amp;lang=de\">Weiter lesen &gt;&gt;<\/a><\/div>\n<\/div>\n\n\n\n<p><span class=\"has-inline-color has-secondary-color\"><strong><a href=\"https:\/\/healing-memories.lu\/?page_id=1214&amp;lang=en\">Westafrika 2019<\/a><\/strong><\/span><\/p>\n\n\n\n<div class=\"wp-block-image\"><figure class=\"alignright size-large is-resized\"><img loading=\"lazy\" decoding=\"async\" src=\"https:\/\/healing-memories.lu\/wp-content\/uploads\/2021\/06\/Projet-Afrique-1-1024x821.jpg\" alt=\"\" class=\"wp-image-2105\" width=\"327\" height=\"262\" srcset=\"https:\/\/healing-memories.lu\/wp-content\/uploads\/2021\/06\/Projet-Afrique-1-1024x821.jpg 1024w, https:\/\/healing-memories.lu\/wp-content\/uploads\/2021\/06\/Projet-Afrique-1-300x241.jpg 300w, https:\/\/healing-memories.lu\/wp-content\/uploads\/2021\/06\/Projet-Afrique-1-768x616.jpg 768w, https:\/\/healing-memories.lu\/wp-content\/uploads\/2021\/06\/Projet-Afrique-1-1536x1232.jpg 1536w, https:\/\/healing-memories.lu\/wp-content\/uploads\/2021\/06\/Projet-Afrique-1-2048x1642.jpg 2048w\" sizes=\"auto, (max-width: 327px) 100vw, 327px\" \/><\/figure><\/div>\n\n\n\n<p>Im Zeitraum 22. Juli bis 19. August 2019 begleiteten zwei Mitglieder unserer Luxemburger Gruppe Michael Lapsley und zwei seiner s\u00fcdafrikanischen Kollegen nach Ghana, Togo und B\u00e9nin.<\/p>\n\n\n\n<div class=\"wp-block-columns is-layout-flex wp-container-core-columns-is-layout-9d6595d7 wp-block-columns-is-layout-flex\">\n<div class=\"wp-block-column is-layout-flow wp-block-column-is-layout-flow\" style=\"flex-basis:100%\">\n<div class=\"wp-block-buttons alignwide is-content-justification-right is-layout-flex wp-block-buttons-is-layout-flex\">\n<div class=\"wp-block-button\"><a class=\"wp-block-button__link\" href=\"https:\/\/healing-memories.lu\/?page_id=1600&amp;lang=de\">Weiter lesen &gt;&gt;<\/a><\/div>\n<\/div>\n<\/div>\n<\/div>\n\n\n\n<p><\/p>\n","protected":false},"excerpt":{"rendered":"<p>Projekt \u00ab\u00a0franz\u00f6sischsprachiges Afrika\u00ab\u00a0 Im Juli 2022 wird die s\u00fcdafrikanische Vereinigung Institute for Healing of Memories (IHOM) in Zusammenarbeit mit ihrer Schwestervereinigung Healing of Memories Luxembourg [&#8230;]<\/p>\n","protected":false},"author":1,"featured_media":0,"parent":0,"menu_order":0,"comment_status":"closed","ping_status":"closed","template":"","meta":{"footnotes":""},"folder":[],"class_list":["post-1602","page","type-page","status-publish","hentry"],"aioseo_notices":[],"_links":{"self":[{"href":"https:\/\/healing-memories.lu\/index.php?rest_route=\/wp\/v2\/pages\/1602","targetHints":{"allow":["GET"]}}],"collection":[{"href":"https:\/\/healing-memories.lu\/index.php?rest_route=\/wp\/v2\/pages"}],"about":[{"href":"https:\/\/healing-memories.lu\/index.php?rest_route=\/wp\/v2\/types\/page"}],"author":[{"embeddable":true,"href":"https:\/\/healing-memories.lu\/index.php?rest_route=\/wp\/v2\/users\/1"}],"replies":[{"embeddable":true,"href":"https:\/\/healing-memories.lu\/index.php?rest_route=%2Fwp%2Fv2%2Fcomments&post=1602"}],"version-history":[{"count":6,"href":"https:\/\/healing-memories.lu\/index.php?rest_route=\/wp\/v2\/pages\/1602\/revisions"}],"predecessor-version":[{"id":2605,"href":"https:\/\/healing-memories.lu\/index.php?rest_route=\/wp\/v2\/pages\/1602\/revisions\/2605"}],"wp:attachment":[{"href":"https:\/\/healing-memories.lu\/index.php?rest_route=%2Fwp%2Fv2%2Fmedia&parent=1602"}],"wp:term":[{"taxonomy":"folder","embeddable":true,"href":"https:\/\/healing-memories.lu\/index.php?rest_route=%2Fwp%2Fv2%2Ffolder&post=1602"}],"curies":[{"name":"wp","href":"https:\/\/api.w.org\/{rel}","templated":true}]}}