{"id":1626,"date":"2021-05-19T13:44:40","date_gmt":"2021-05-19T12:44:40","guid":{"rendered":"https:\/\/healing-memories.lu\/?page_id=1626"},"modified":"2021-09-15T11:18:32","modified_gmt":"2021-09-15T10:18:32","slug":"unsere-partner","status":"publish","type":"page","link":"https:\/\/healing-memories.lu\/?page_id=1626&lang=de","title":{"rendered":"Unsere Partner"},"content":{"rendered":"\n<p class=\"has-text-align-center\"><a href=\"https:\/\/acat.lu\/de\/startseite-2\/\" target=\"_blank\" rel=\"noreferrer noopener\"><img loading=\"lazy\" decoding=\"async\" width=\"150\" height=\"74\" class=\"wp-image-1377\" style=\"width: 150px;\" src=\"https:\/\/healing-memories.lu\/wp-content\/uploads\/2021\/05\/Logo-Acat-White.png\" alt=\"\"><\/a><br>Aus der ACAT Luxemburg (Aktion der Christen f\u00fcr die Abschaffung der Folter) ist die Vereinigung <em>Healing of Memories Luxembourg<\/em> hervorgegangen. Seinen ersten Besuch in Luxemburg machte Michael Lapsley n\u00e4mlich 2008 auf Einladung der ACAT zum 60. Jahrestag der Allgemeinen Erkl\u00e4rung der Menschenrechte, und daraus entstand die Freundschaft und Partnerschaft, die heute das <em>Institute for Healing of Memories<\/em>\u00a0und Luxemburg verbinden.<\/p>\n\n\n\n<div style=\"height:16px\" aria-hidden=\"true\" class=\"wp-block-spacer\"><\/div>\n\n\n\n<p class=\"has-text-align-center\"><a href=\"https:\/\/www.partage.lu\/fr\/\" target=\"_blank\" rel=\"noreferrer noopener\"><img loading=\"lazy\" decoding=\"async\" width=\"140\" height=\"148\" class=\"wp-image-1381\" style=\"width: 140px;\" src=\"https:\/\/healing-memories.lu\/wp-content\/uploads\/2021\/05\/logo_partage.lu_-1.jpg\" alt=\"\" srcset=\"https:\/\/healing-memories.lu\/wp-content\/uploads\/2021\/05\/logo_partage.lu_-1.jpg 1087w, https:\/\/healing-memories.lu\/wp-content\/uploads\/2021\/05\/logo_partage.lu_-1-283x300.jpg 283w, https:\/\/healing-memories.lu\/wp-content\/uploads\/2021\/05\/logo_partage.lu_-1-966x1024.jpg 966w, https:\/\/healing-memories.lu\/wp-content\/uploads\/2021\/05\/logo_partage.lu_-1-768x814.jpg 768w\" sizes=\"auto, (max-width: 140px) 100vw, 140px\" \/><\/a><a rel=\"noreferrer noopener\" href=\"https:\/\/partage.lu\/fr\/\" target=\"_blank\"><img decoding=\"async\" class=\"wp-image-1379\" style=\"width: 120px;\" src=\"https:\/\/healing-memories.lu\/wp-content\/uploads\/2021\/05\/logo_partage.lu_.jpg\" alt=\"\"><\/a><br>Die <em>Fondation Partage Luxembourg<\/em> unterst\u00fctzt die Arbeit an der Heilung von Erinnerungen in Luxemburg seit den Anf\u00e4ngen unserer Gruppe. Derzeit wirkt sie an dem Projekt \u201eHeilung von Erinnerungen im franz\u00f6sischsprachigen Afrika\u201d von IHOM und Healing of Memories Luxembourg mit und hat das Projekt in ihre Rahmenvereinbarung 2022-2026 mit dem Staat aufgenommen.<\/p>\n\n\n\n<div style=\"height:16px\" aria-hidden=\"true\" class=\"wp-block-spacer\"><\/div>\n\n\n\n<p class=\"has-text-align-center\"><a href=\"https:\/\/www.caritas.lu\/\" target=\"_blank\" rel=\"noreferrer noopener\"><img decoding=\"async\" class=\"wp-image-1384\" style=\"width: 180px;\" src=\"https:\/\/healing-memories.lu\/wp-content\/uploads\/2021\/05\/logo-caritas.svg\" alt=\"\"><\/a><br>Die Stiftung <em>Caritas Luxembourg <\/em>hat mehrfach die Projekte des IHOM und unserer Gruppe unterst\u00fctzt, insbesondere die Anfertigung einer arabischen Ausgabe der Autobiografie von Michael Lapsley.<\/p>\n\n\n\n<div style=\"height:16px\" aria-hidden=\"true\" class=\"wp-block-spacer\"><\/div>\n\n\n\n<p class=\"has-text-align-center\"><a rel=\"noreferrer noopener\" href=\"https:\/\/jrs.net\/fr\/jrs_bureaux\/jrs-moyen-orient-et-afrique-du-nord-2\/\" target=\"_blank\"><img decoding=\"async\" class=\"wp-image-1400\" style=\"width: 130px;\" src=\"https:\/\/healing-memories.lu\/wp-content\/uploads\/2021\/05\/logo-jrs.svg\" alt=\"\"><\/a><br><em>Healing of Memories Luxembourg <\/em>kooperiert mit dem Jesuiten-Fl\u00fcchtlingsdienst (<em>Jesuit Refugee Service<\/em>, JRS) in Beirut im Hinblick auf die Veranstaltung eines Healing-of-Memories-Workshops und die Moderatoren-Schulung f\u00fcr Teilnehmer in dieser Weltregion (das Projekt war f\u00fcr 2020 vorgesehen und wegen der Pandemie verschoben worden).<\/p>\n\n\n\n<div style=\"height:16px\" aria-hidden=\"true\" class=\"wp-block-spacer\"><\/div>\n\n\n\n<p class=\"has-text-align-center\"><a href=\"https:\/\/www.acatfrance.fr\/\" target=\"_blank\" rel=\"noreferrer noopener\"><img loading=\"lazy\" decoding=\"async\" width=\"160\" height=\"60\" class=\"wp-image-1405\" style=\"width: 160px;\" src=\"https:\/\/healing-memories.lu\/wp-content\/uploads\/2021\/05\/Image1.jpg\" alt=\"\"><\/a><br>Dank der Hilfe der ACAT France und einiger ihrer regionalen Gruppierungen konnte unsere Gruppe Vortr\u00e4ge von Michael Lapsley in mehreren franz\u00f6sischen St\u00e4dten und einige Healing-of-Memories-Workshops organisieren.<\/p>\n\n\n\n<div style=\"height:16px\" aria-hidden=\"true\" class=\"wp-block-spacer\"><\/div>\n\n\n\n<p class=\"has-text-align-center\"><a href=\"http:\/\/www.fiacat.org\/notre-reseau\/1655-acat-benin\" target=\"_blank\" rel=\"noreferrer noopener\"><img loading=\"lazy\" decoding=\"async\" width=\"100\" height=\"184\" class=\"wp-image-1406\" style=\"width: 100px;\" src=\"https:\/\/healing-memories.lu\/wp-content\/uploads\/2021\/05\/acat-benin.jpg\" alt=\"\" srcset=\"https:\/\/healing-memories.lu\/wp-content\/uploads\/2021\/05\/acat-benin.jpg 272w, https:\/\/healing-memories.lu\/wp-content\/uploads\/2021\/05\/acat-benin-163x300.jpg 163w\" sizes=\"auto, (max-width: 100px) 100vw, 100px\" \/><\/a><br>Die ACAT B\u00e9nin beteiligt sich an dem Schulungsprojekt \u201eHeilung von Erinnerungen im franz\u00f6sischsprachigen Afrika\u201d, das das IHOM und <em>Healing of Memories Luxembourg <\/em>derzeit gemeinsam durchf\u00fchren. Sie ist in Cotonou Gastgeberin der einschl\u00e4gigen zentralen Schulungsveranstaltungen.<\/p>\n","protected":false},"excerpt":{"rendered":"<p>Aus der ACAT Luxemburg (Aktion der Christen f\u00fcr die Abschaffung der Folter) ist die Vereinigung Healing of Memories Luxembourg hervorgegangen. Seinen ersten Besuch in Luxemburg [&#8230;]<\/p>\n","protected":false},"author":1,"featured_media":0,"parent":0,"menu_order":0,"comment_status":"closed","ping_status":"closed","template":"","meta":{"footnotes":""},"folder":[],"class_list":["post-1626","page","type-page","status-publish","hentry"],"aioseo_notices":[],"_links":{"self":[{"href":"https:\/\/healing-memories.lu\/index.php?rest_route=\/wp\/v2\/pages\/1626","targetHints":{"allow":["GET"]}}],"collection":[{"href":"https:\/\/healing-memories.lu\/index.php?rest_route=\/wp\/v2\/pages"}],"about":[{"href":"https:\/\/healing-memories.lu\/index.php?rest_route=\/wp\/v2\/types\/page"}],"author":[{"embeddable":true,"href":"https:\/\/healing-memories.lu\/index.php?rest_route=\/wp\/v2\/users\/1"}],"replies":[{"embeddable":true,"href":"https:\/\/healing-memories.lu\/index.php?rest_route=%2Fwp%2Fv2%2Fcomments&post=1626"}],"version-history":[{"count":7,"href":"https:\/\/healing-memories.lu\/index.php?rest_route=\/wp\/v2\/pages\/1626\/revisions"}],"predecessor-version":[{"id":2976,"href":"https:\/\/healing-memories.lu\/index.php?rest_route=\/wp\/v2\/pages\/1626\/revisions\/2976"}],"wp:attachment":[{"href":"https:\/\/healing-memories.lu\/index.php?rest_route=%2Fwp%2Fv2%2Fmedia&parent=1626"}],"wp:term":[{"taxonomy":"folder","embeddable":true,"href":"https:\/\/healing-memories.lu\/index.php?rest_route=%2Fwp%2Fv2%2Ffolder&post=1626"}],"curies":[{"name":"wp","href":"https:\/\/api.w.org\/{rel}","templated":true}]}}