{"id":1641,"date":"2021-05-19T13:59:50","date_gmt":"2021-05-19T12:59:50","guid":{"rendered":"https:\/\/healing-memories.lu\/?page_id=1641"},"modified":"2021-07-16T16:22:15","modified_gmt":"2021-07-16T15:22:15","slug":"healing-of-memories-weltweit","status":"publish","type":"page","link":"https:\/\/healing-memories.lu\/?page_id=1641&lang=de","title":{"rendered":"Healing of Memories weltweit"},"content":{"rendered":"\n<p>Das IHOM bet\u00e4tigt sich noch in weiteren L\u00e4ndern in aller Welt.<\/p>\n\n\n\n<p><a data-type=\"URL\" data-id=\"https:\/\/healing-memories.org\/\" rel=\"noreferrer noopener\" href=\"https:\/\/healing-memories.org\/\" target=\"_blank\">Institute for Healing of Memories<\/a>   <br>Das Institut f\u00fcr die Heilung von Erinnerungen (<em>Institute for Healing of Memories<\/em> \u2013 IHOM) wurde 1998 in S\u00fcdafrika von <a href=\"https:\/\/healing-memories.lu\/?page_id=1669&amp;lang=de\">Michael Lapsley<\/a> gegr\u00fcndet.<\/p>\n\n\n\n<p><a data-type=\"URL\" data-id=\"https:\/\/healingmemoriesna.org\/\" rel=\"noreferrer noopener\" href=\"https:\/\/healingmemoriesna.org\/\" target=\"_blank\">Healing of memories USA<\/a><br>Im M\u00e4rz 1999 fand in New York der erste Healing-of-Memories-Workshop der USA statt. Er hatte sehr gro\u00dfen Erfolg, und anschlie\u00dfend wurden Moderatoren ausgebildet, um regelm\u00e4\u00dfig Workshops in den Vereinigten Staaten anzubieten. Seit 2009 besteht in Delaware das <em>Institute for Healing of Memories North America<\/em>.<\/p>\n\n\n\n<p><a href=\"http:\/\/csjr.org\/guerisondesmemoires\/\" target=\"_blank\" rel=\"noreferrer noopener\">Healing of Memories  Quebec<\/a><\/p>\n","protected":false},"excerpt":{"rendered":"<p>Das IHOM bet\u00e4tigt sich noch in weiteren L\u00e4ndern in aller Welt. Institute for Healing of Memories Das Institut f\u00fcr die Heilung von Erinnerungen (Institute for [&#8230;]<\/p>\n","protected":false},"author":1,"featured_media":0,"parent":0,"menu_order":0,"comment_status":"closed","ping_status":"closed","template":"","meta":{"footnotes":""},"folder":[],"class_list":["post-1641","page","type-page","status-publish","hentry"],"aioseo_notices":[],"_links":{"self":[{"href":"https:\/\/healing-memories.lu\/index.php?rest_route=\/wp\/v2\/pages\/1641","targetHints":{"allow":["GET"]}}],"collection":[{"href":"https:\/\/healing-memories.lu\/index.php?rest_route=\/wp\/v2\/pages"}],"about":[{"href":"https:\/\/healing-memories.lu\/index.php?rest_route=\/wp\/v2\/types\/page"}],"author":[{"embeddable":true,"href":"https:\/\/healing-memories.lu\/index.php?rest_route=\/wp\/v2\/users\/1"}],"replies":[{"embeddable":true,"href":"https:\/\/healing-memories.lu\/index.php?rest_route=%2Fwp%2Fv2%2Fcomments&post=1641"}],"version-history":[{"count":4,"href":"https:\/\/healing-memories.lu\/index.php?rest_route=\/wp\/v2\/pages\/1641\/revisions"}],"predecessor-version":[{"id":2654,"href":"https:\/\/healing-memories.lu\/index.php?rest_route=\/wp\/v2\/pages\/1641\/revisions\/2654"}],"wp:attachment":[{"href":"https:\/\/healing-memories.lu\/index.php?rest_route=%2Fwp%2Fv2%2Fmedia&parent=1641"}],"wp:term":[{"taxonomy":"folder","embeddable":true,"href":"https:\/\/healing-memories.lu\/index.php?rest_route=%2Fwp%2Fv2%2Ffolder&post=1641"}],"curies":[{"name":"wp","href":"https:\/\/api.w.org\/{rel}","templated":true}]}}