{"id":1660,"date":"2021-05-21T09:48:50","date_gmt":"2021-05-21T08:48:50","guid":{"rendered":"https:\/\/healing-memories.lu\/?page_id=1660"},"modified":"2022-06-14T07:59:45","modified_gmt":"2022-06-14T06:59:45","slug":"textes-de-m-lapsley","status":"publish","type":"page","link":"https:\/\/healing-memories.lu\/?page_id=1660","title":{"rendered":"Interventions de Michael Lapsley"},"content":{"rendered":"\n<p class=\"has-secondary-color has-text-color has-medium-font-size\" style=\"font-style:normal;font-weight:600\">14 juin 2022 &#8211; Remise du 39\u00e8me Niwano Peace Prize<\/p>\n\n\n\n<p class=\"has-medium-font-size\">Discours de r\u00e9ception du prix (en anglais)<\/p>\n\n\n\n<div class=\"wp-block-buttons is-layout-flex wp-block-buttons-is-layout-flex\">\n<div class=\"wp-block-button\"><a class=\"wp-block-button__link\" href=\"https:\/\/www.npf.or.jp\/english\/wp-content\/uploads\/sites\/2\/2022\/06\/039_speech_e.pdf\">Lire son discours >><\/a><\/div>\n<\/div>\n\n\n\n<p class=\"has-medium-font-size\"><mark style=\"background-color:rgba(0, 0, 0, 0)\" class=\"has-inline-color has-secondary-color\"><strong>Juillet 2021 &#8212; Pillages et tensions sociales en Afrique du Sud <\/strong><\/mark> <br>R\u00e9action de Michael Lapsley, pr\u00e9sident du R\u00e9seau mondial de gu\u00e9rison des m\u00e9moires<\/p>\n\n\n\n<div class=\"wp-block-buttons is-layout-flex wp-block-buttons-is-layout-flex\">\n<div class=\"wp-block-button\"><a class=\"wp-block-button__link\" href=\"\" target=\"_blank\" rel=\"noreferrer noopener\">\u00e9couter &gt;&gt;<\/a><\/div>\n<\/div>\n\n\n\n<hr class=\"wp-block-separator has-css-opacity\"\/>\n\n\n\n<p class=\"has-medium-font-size\"><mark style=\"background-color:rgba(0, 0, 0, 0)\" class=\"has-inline-color has-secondary-color\"><strong>Communiqu\u00e9 de l&rsquo;IHOM &#8211; Pour que les canons se taisent<\/strong> &#8212; 2020.05.20<\/mark><\/p>\n\n\n\n<p>\u00ab\u00a0Le monde entier affronte aujourd\u2019hui un ennemi commun : le COVID-19.Le virus n\u2019\u00e9pargne aucune nationalit\u00e9, communaut\u00e9 ou religion. Il attaque tout le monde sur son passage, implacablement. Pendant ce temps, les conflits arm\u00e9s continuent de faire rage dans le monde. C\u2019est la raison pour laquelle j\u2019appelle aujourd\u2019hui \u00e0 un cessez-le-feu imm\u00e9diat, partout dans le monde.\u00a0\u00bb [&#8230;]<\/p>\n\n\n\n<div class=\"wp-block-buttons is-layout-flex wp-block-buttons-is-layout-flex\">\n<div class=\"wp-block-button\"><a class=\"wp-block-button__link\" href=\"https:\/\/healing-memories.lu\/wp-content\/uploads\/2021\/06\/02.texteML.Pour_que_les_canons_se_taisent.mai2020.fr_.pdf\">lire la suite &gt;&gt;<\/a><\/div>\n<\/div>\n\n\n\n<div style=\"height:16px\" aria-hidden=\"true\" class=\"wp-block-spacer\"><\/div>\n\n\n<div class=\"wp-block-image\">\n<figure class=\"aligncenter size-large is-resized\"><img loading=\"lazy\" decoding=\"async\" src=\"https:\/\/healing-memories.lu\/wp-content\/uploads\/2021\/05\/Michael-Noir-Blanc-768x1024.jpg\" alt=\"\" class=\"wp-image-1169\" width=\"520\" height=\"693\" srcset=\"https:\/\/healing-memories.lu\/wp-content\/uploads\/2021\/05\/Michael-Noir-Blanc-768x1024.jpg 768w, https:\/\/healing-memories.lu\/wp-content\/uploads\/2021\/05\/Michael-Noir-Blanc-225x300.jpg 225w, https:\/\/healing-memories.lu\/wp-content\/uploads\/2021\/05\/Michael-Noir-Blanc-1152x1536.jpg 1152w, https:\/\/healing-memories.lu\/wp-content\/uploads\/2021\/05\/Michael-Noir-Blanc.jpg 1224w\" sizes=\"auto, (max-width: 520px) 100vw, 520px\" \/><\/figure>\n<\/div>\n\n\n<p class=\"has-medium-font-size\"><mark style=\"background-color:rgba(0, 0, 0, 0)\" class=\"has-inline-color has-secondary-color\"><strong>A l&rsquo;occasion des 30 ans de l&rsquo;attentat contre Michael Lapsley <\/strong>&#8212; 2020.04.28<\/mark><\/p>\n\n\n\n<p><em>\u00ab\u00a0Que vous dire sur cette journ\u00e9e ? Nous savons tous que les anniversaires sont importants, et surtout les anniversaires \u00e0 chiffres ronds. Hier, nous avons c\u00e9l\u00e9br\u00e9 la Journ\u00e9e de la libert\u00e9 et beaucoup d\u2019entre nous se sont souvenus de ce que nous avions ressenti le 27 avril 1994 en votant pour la premi\u00e8re fois.\u00a0\u00bb <\/em>[&#8230;]<\/p>\n\n\n\n<div style=\"height:20px\" aria-hidden=\"true\" class=\"wp-block-spacer\"><\/div>\n\n\n\n<div class=\"wp-block-buttons is-layout-flex wp-block-buttons-is-layout-flex\">\n<div class=\"wp-block-button\"><a class=\"wp-block-button__link\" href=\"https:\/\/healing-memories.lu\/wp-content\/uploads\/2021\/06\/01.texteML.30-ans-Attentat-contre-Michael-Lapsley.fr_.pdf\">lire la suite &gt;&gt;<\/a><\/div>\n<\/div>\n\n\n\n<p><\/p>\n\n\n\n<p><\/p>\n","protected":false},"excerpt":{"rendered":"<p>14 juin 2022 &#8211; Remise du 39\u00e8me Niwano Peace Prize Discours de r\u00e9ception du prix (en anglais) Juillet 2021 &#8212; Pillages et tensions sociales en [&#8230;]<\/p>\n","protected":false},"author":1,"featured_media":0,"parent":0,"menu_order":0,"comment_status":"closed","ping_status":"closed","template":"","meta":{"footnotes":""},"folder":[],"class_list":["post-1660","page","type-page","status-publish","hentry"],"aioseo_notices":[],"_links":{"self":[{"href":"https:\/\/healing-memories.lu\/index.php?rest_route=\/wp\/v2\/pages\/1660","targetHints":{"allow":["GET"]}}],"collection":[{"href":"https:\/\/healing-memories.lu\/index.php?rest_route=\/wp\/v2\/pages"}],"about":[{"href":"https:\/\/healing-memories.lu\/index.php?rest_route=\/wp\/v2\/types\/page"}],"author":[{"embeddable":true,"href":"https:\/\/healing-memories.lu\/index.php?rest_route=\/wp\/v2\/users\/1"}],"replies":[{"embeddable":true,"href":"https:\/\/healing-memories.lu\/index.php?rest_route=%2Fwp%2Fv2%2Fcomments&post=1660"}],"version-history":[{"count":19,"href":"https:\/\/healing-memories.lu\/index.php?rest_route=\/wp\/v2\/pages\/1660\/revisions"}],"predecessor-version":[{"id":3445,"href":"https:\/\/healing-memories.lu\/index.php?rest_route=\/wp\/v2\/pages\/1660\/revisions\/3445"}],"wp:attachment":[{"href":"https:\/\/healing-memories.lu\/index.php?rest_route=%2Fwp%2Fv2%2Fmedia&parent=1660"}],"wp:term":[{"taxonomy":"folder","embeddable":true,"href":"https:\/\/healing-memories.lu\/index.php?rest_route=%2Fwp%2Fv2%2Ffolder&post=1660"}],"curies":[{"name":"wp","href":"https:\/\/api.w.org\/{rel}","templated":true}]}}