{"id":1669,"date":"2021-05-21T10:12:41","date_gmt":"2021-05-21T09:12:41","guid":{"rendered":"https:\/\/healing-memories.lu\/?page_id=1669"},"modified":"2021-07-20T13:25:38","modified_gmt":"2021-07-20T12:25:38","slug":"michael-lapsley-2","status":"publish","type":"page","link":"https:\/\/healing-memories.lu\/?page_id=1669&lang=de","title":{"rendered":"Michael Lapsley DE"},"content":{"rendered":"\n<p class=\"has-large-font-size\"><strong><span class=\"has-inline-color has-secondary-color\">Michael Lapsley<\/span><\/strong><\/p>\n\n\n\n<div class=\"wp-block-image\"><figure class=\"aligncenter size-large is-resized\"><img loading=\"lazy\" decoding=\"async\" src=\"https:\/\/healing-memories.lu\/wp-content\/uploads\/2021\/05\/Michael_Lapsley_10.12.2019_Lux-edited.jpg\" alt=\"\" class=\"wp-image-1412\" width=\"491\" height=\"492\" srcset=\"https:\/\/healing-memories.lu\/wp-content\/uploads\/2021\/05\/Michael_Lapsley_10.12.2019_Lux-edited.jpg 433w, https:\/\/healing-memories.lu\/wp-content\/uploads\/2021\/05\/Michael_Lapsley_10.12.2019_Lux-edited-300x300.jpg 300w, https:\/\/healing-memories.lu\/wp-content\/uploads\/2021\/05\/Michael_Lapsley_10.12.2019_Lux-edited-150x150.jpg 150w, https:\/\/healing-memories.lu\/wp-content\/uploads\/2021\/05\/Michael_Lapsley_10.12.2019_Lux-edited-400x400.jpg 400w, https:\/\/healing-memories.lu\/wp-content\/uploads\/2021\/05\/Michael_Lapsley_10.12.2019_Lux-edited-110x110.jpg 110w\" sizes=\"auto, (max-width: 491px) 100vw, 491px\" \/><\/figure><\/div>\n\n\n\n<p>Priester der anglikanischen Kirche und aktiver Apartheid-Gegner. Er verlor 1990 beide H\u00e4nde und ein Auge durch einen Paketbombenanschlag, den die s\u00fcdafrikanischen Geheimdienste in Auftrag gegeben hatten. Unterst\u00fctzung und Zuneigung, die Menschen in aller Welt ihm entgegenbrachten, gaben ihm Kraft w\u00e4hrend einer langen Phase der Erholung, in der er, mit seinen Worten, von einem Opfer zu einem \u00dcberlebenden wurde, um dann aus dieser schweren Pr\u00fcfung als Sieger hervorzugehen.<\/p>\n\n\n\n<p>Nach dem Fall des Regimes stellte er fest, dass S\u00fcdafrika noch immer ein \u201etief gespaltenes und verletztes\u201d Land war, und gr\u00fcndete 1998 das <a href=\"https:\/\/healing-memories.org\/\" target=\"_blank\" rel=\"noreferrer noopener\">Institut f\u00fcr die Heilung von Erinnerungen<\/a> (<em>Institute for Healing of Memories <\/em>\u2013 IHOM). (*).<\/p>\n\n\n\n<p>Am 17. Juni 2021 wurde Michael Lapsley zum ersten Pr\u00e4sidenten des Healing of Memories Global Network gew\u00e4hlt, das derzeit Gruppen aus folgenden L\u00e4ndern vereint: Kanada, Lesotho, Luxemburg, Myanmar, Namibia, Sri Lanka,&nbsp;S\u00fcdafrika, USA und Zimbabwe.<\/p>\n\n\n\n<figure class=\"wp-block-pullquote\"><blockquote><p><em>Every story needs a listener&#8230;<\/em><\/p><\/blockquote><\/figure>\n\n\n\n<div class=\"wp-block-image\"><figure class=\"alignleft size-large is-resized\"><img loading=\"lazy\" decoding=\"async\" src=\"https:\/\/healing-memories.lu\/wp-content\/uploads\/2021\/05\/Michael-Noir-Blanc-768x1024.jpg\" alt=\"\" class=\"wp-image-1169\" width=\"143\" height=\"191\" srcset=\"https:\/\/healing-memories.lu\/wp-content\/uploads\/2021\/05\/Michael-Noir-Blanc-768x1024.jpg 768w, https:\/\/healing-memories.lu\/wp-content\/uploads\/2021\/05\/Michael-Noir-Blanc-225x300.jpg 225w, https:\/\/healing-memories.lu\/wp-content\/uploads\/2021\/05\/Michael-Noir-Blanc-1152x1536.jpg 1152w, https:\/\/healing-memories.lu\/wp-content\/uploads\/2021\/05\/Michael-Noir-Blanc.jpg 1224w\" sizes=\"auto, (max-width: 143px) 100vw, 143px\" \/><\/figure><\/div>\n\n\n\n<div class=\"wp-block-columns is-layout-flex wp-container-core-columns-is-layout-9d6595d7 wp-block-columns-is-layout-flex\">\n<div class=\"wp-block-column is-layout-flow wp-block-column-is-layout-flow\" style=\"flex-basis:100%\">\n<div class=\"wp-block-group alignwide\"><div class=\"wp-block-group__inner-container is-layout-flow wp-block-group-is-layout-flow\">\n<p class=\"has-medium-font-size\"><a href=\"https:\/\/healing-memories.lu\/?page_id=1674&amp;lang=de\">\u00c4u\u00dferungen von Michael Lapsley<\/a><\/p>\n<\/div><\/div>\n\n\n\n<p><em>Die Texte von Michael Lapsley liegen derzeit nur auf Englisch und Franz\u00f6sisch vor.<\/em><\/p>\n<\/div>\n<\/div>\n\n\n\n<div class=\"wp-block-columns is-layout-flex wp-container-core-columns-is-layout-9d6595d7 wp-block-columns-is-layout-flex\">\n<div class=\"wp-block-column is-layout-flow wp-block-column-is-layout-flow\" style=\"flex-basis:100%\">\n<div class=\"wp-block-group alignwide\"><div class=\"wp-block-group__inner-container is-layout-flow wp-block-group-is-layout-flow\">\n<div class=\"wp-block-media-text alignwide has-media-on-the-right is-stacked-on-mobile\" style=\"grid-template-columns:auto 23%\"><figure class=\"wp-block-media-text__media\"><img loading=\"lazy\" decoding=\"async\" width=\"296\" height=\"420\" src=\"https:\/\/healing-memories.lu\/wp-content\/uploads\/2021\/05\/Livre.ed_.de_.jpg\" alt=\"\" class=\"wp-image-1292 size-full\" srcset=\"https:\/\/healing-memories.lu\/wp-content\/uploads\/2021\/05\/Livre.ed_.de_.jpg 296w, https:\/\/healing-memories.lu\/wp-content\/uploads\/2021\/05\/Livre.ed_.de_-211x300.jpg 211w\" sizes=\"auto, (max-width: 296px) 100vw, 296px\" \/><\/figure><div class=\"wp-block-media-text__content\">\n<p class=\"has-medium-font-size\"><span class=\"has-inline-color has-secondary-color\"><a href=\"https:\/\/healing-memories.lu\/?page_id=1678&amp;lang=de\">Autobiografie von Michael Lapsley<\/a><\/span><\/p>\n<\/div><\/div>\n<\/div><\/div>\n<\/div>\n<\/div>\n","protected":false},"excerpt":{"rendered":"<p>Michael Lapsley Priester der anglikanischen Kirche und aktiver Apartheid-Gegner. Er verlor 1990 beide H\u00e4nde und ein Auge durch einen Paketbombenanschlag, den die s\u00fcdafrikanischen Geheimdienste in [&#8230;]<\/p>\n","protected":false},"author":1,"featured_media":0,"parent":0,"menu_order":0,"comment_status":"closed","ping_status":"closed","template":"templates\/template-no-title.php","meta":{"footnotes":""},"folder":[],"class_list":["post-1669","page","type-page","status-publish","hentry"],"aioseo_notices":[],"_links":{"self":[{"href":"https:\/\/healing-memories.lu\/index.php?rest_route=\/wp\/v2\/pages\/1669","targetHints":{"allow":["GET"]}}],"collection":[{"href":"https:\/\/healing-memories.lu\/index.php?rest_route=\/wp\/v2\/pages"}],"about":[{"href":"https:\/\/healing-memories.lu\/index.php?rest_route=\/wp\/v2\/types\/page"}],"author":[{"embeddable":true,"href":"https:\/\/healing-memories.lu\/index.php?rest_route=\/wp\/v2\/users\/1"}],"replies":[{"embeddable":true,"href":"https:\/\/healing-memories.lu\/index.php?rest_route=%2Fwp%2Fv2%2Fcomments&post=1669"}],"version-history":[{"count":13,"href":"https:\/\/healing-memories.lu\/index.php?rest_route=\/wp\/v2\/pages\/1669\/revisions"}],"predecessor-version":[{"id":2711,"href":"https:\/\/healing-memories.lu\/index.php?rest_route=\/wp\/v2\/pages\/1669\/revisions\/2711"}],"wp:attachment":[{"href":"https:\/\/healing-memories.lu\/index.php?rest_route=%2Fwp%2Fv2%2Fmedia&parent=1669"}],"wp:term":[{"taxonomy":"folder","embeddable":true,"href":"https:\/\/healing-memories.lu\/index.php?rest_route=%2Fwp%2Fv2%2Ffolder&post=1669"}],"curies":[{"name":"wp","href":"https:\/\/api.w.org\/{rel}","templated":true}]}}