{"id":201,"date":"2021-03-16T16:47:56","date_gmt":"2021-03-16T16:47:56","guid":{"rendered":"https:\/\/healing-memories.lu\/?page_id=201"},"modified":"2025-03-26T08:17:08","modified_gmt":"2025-03-26T07:17:08","slug":"merci-pour-votre-generosite","status":"publish","type":"page","link":"https:\/\/healing-memories.lu\/?page_id=201","title":{"rendered":"Soutenez Healing of Memories Luxembourg"},"content":{"rendered":"\n<p class=\"has-text-align-left\">Vos dons, petits et grands, nous permettront de poursuivre notre action<br>et d&rsquo;offrir des ateliers de gu\u00e9rison des m\u00e9moires \u00e0 toute personne qui<br>porte des souvenirs douloureux.<\/p>\n\n\n\n<div class=\"wp-block-media-text is-stacked-on-mobile\" style=\"grid-template-columns:46% auto\"><figure class=\"wp-block-media-text__media\"><img loading=\"lazy\" decoding=\"async\" width=\"1024\" height=\"683\" src=\"https:\/\/healing-memories.lu\/wp-content\/uploads\/2021\/05\/Dons-verre-1024x683.jpg\" alt=\"\" class=\"wp-image-1767 size-full\" srcset=\"https:\/\/healing-memories.lu\/wp-content\/uploads\/2021\/05\/Dons-verre-1024x683.jpg 1024w, https:\/\/healing-memories.lu\/wp-content\/uploads\/2021\/05\/Dons-verre-300x200.jpg 300w, https:\/\/healing-memories.lu\/wp-content\/uploads\/2021\/05\/Dons-verre-768x512.jpg 768w, https:\/\/healing-memories.lu\/wp-content\/uploads\/2021\/05\/Dons-verre-1536x1024.jpg 1536w, https:\/\/healing-memories.lu\/wp-content\/uploads\/2021\/05\/Dons-verre.jpg 1920w\" sizes=\"auto, (max-width: 1024px) 100vw, 1024px\" \/><\/figure><div class=\"wp-block-media-text__content\">\n<p>Ils permettront aussi de former des animateurs de ces ateliers tant au Luxembourg que parmi nos groupes partenaires en Afrique de l&rsquo;Ouest et<br>Afrique Centrale.<\/p>\n<\/div><\/div>\n\n\n\n<div style=\"height:24px\" aria-hidden=\"true\" class=\"wp-block-spacer\"><\/div>\n\n\n\n<p class=\"has-text-align-center\" style=\"font-size:24px\"><strong>Aidez-nous \u00e0 poursuivre notre mission. D&rsquo;avance, MERCI !<\/strong><\/p>\n\n\n\n<div style=\"height:8px\" aria-hidden=\"true\" class=\"wp-block-spacer\"><\/div>\n\n\n\n<p>Pour b\u00e9n\u00e9ficier de la d\u00e9ductibilit\u00e9 fiscale, nous vous invitons \u00e0 verser vos dons sur l&rsquo;un des comptes suivants :<\/p>\n\n\n\n<p><em>Intitul\u00e9 du compte<\/em> : <strong>Fonds interculturel<\/strong><br>(avec la mention <strong>\u00ab Soutien Healing of Memories Luxembourg \u00bb<\/strong>)<\/p>\n\n\n\n<p><em>IBAN <\/em>: <strong>LU88 1111 0878 7590 0000<\/strong><br><em>BIC<\/em> : <strong>CCPLLULL<\/strong><\/p>\n\n\n\n<p><em>IBAN <\/em>: <strong>LU69 0019 1000 0116 0000<\/strong><br><em>BIC<\/em> : <strong>BCEELULL<\/strong><\/p>\n\n\n\n<p><em>IBAN <\/em>: <strong>LU43 0030 3478 9082 0000<\/strong><br><em>BIC<\/em> : <strong>BGLLLULL<\/strong><\/p>\n\n\n\n<p><\/p>\n","protected":false},"excerpt":{"rendered":"<p>Vos dons, petits et grands, nous permettront de poursuivre notre actionet d&rsquo;offrir des ateliers de gu\u00e9rison des m\u00e9moires \u00e0 toute personne quiporte des souvenirs douloureux. [&#8230;]<\/p>\n","protected":false},"author":2,"featured_media":0,"parent":0,"menu_order":0,"comment_status":"closed","ping_status":"closed","template":"","meta":{"footnotes":""},"folder":[],"class_list":["post-201","page","type-page","status-publish","hentry"],"aioseo_notices":[],"_links":{"self":[{"href":"https:\/\/healing-memories.lu\/index.php?rest_route=\/wp\/v2\/pages\/201","targetHints":{"allow":["GET"]}}],"collection":[{"href":"https:\/\/healing-memories.lu\/index.php?rest_route=\/wp\/v2\/pages"}],"about":[{"href":"https:\/\/healing-memories.lu\/index.php?rest_route=\/wp\/v2\/types\/page"}],"author":[{"embeddable":true,"href":"https:\/\/healing-memories.lu\/index.php?rest_route=\/wp\/v2\/users\/2"}],"replies":[{"embeddable":true,"href":"https:\/\/healing-memories.lu\/index.php?rest_route=%2Fwp%2Fv2%2Fcomments&post=201"}],"version-history":[{"count":26,"href":"https:\/\/healing-memories.lu\/index.php?rest_route=\/wp\/v2\/pages\/201\/revisions"}],"predecessor-version":[{"id":6772,"href":"https:\/\/healing-memories.lu\/index.php?rest_route=\/wp\/v2\/pages\/201\/revisions\/6772"}],"wp:attachment":[{"href":"https:\/\/healing-memories.lu\/index.php?rest_route=%2Fwp%2Fv2%2Fmedia&parent=201"}],"wp:term":[{"taxonomy":"folder","embeddable":true,"href":"https:\/\/healing-memories.lu\/index.php?rest_route=%2Fwp%2Fv2%2Ffolder&post=201"}],"curies":[{"name":"wp","href":"https:\/\/api.w.org\/{rel}","templated":true}]}}