{"id":2741,"date":"2021-07-21T11:51:10","date_gmt":"2021-07-21T10:51:10","guid":{"rendered":"https:\/\/healing-memories.lu\/?page_id=2741"},"modified":"2021-07-22T22:22:32","modified_gmt":"2021-07-22T21:22:32","slug":"reseau-mondial-de-guerison-des-memoires","status":"publish","type":"page","link":"https:\/\/healing-memories.lu\/?page_id=2741","title":{"rendered":"R\u00e9seau mondial de gu\u00e9rison des m\u00e9moires\u00a0"},"content":{"rendered":"\n<p>Le R\u00e9seau mondial de gu\u00e9rison des m\u00e9moires est une organisation, encore assez informelle, qui r\u00e9unit de nombreux groupes \u00e0 travers le monde pour mener des projets en commun.\u00a0Certains de ces groupes se sont constitu\u00e9s en associations autonomes (Afrique du Sud, USA, Luxembourg) ; d\u2019autres en programmes d\u2019activit\u00e9s, souvent au sein d\u2019associations plus larges (Canada, Lesotho, Myanmar, Namibie, Sri Lanka, Zimbabwe). Quelques-uns sont des groupes plus informels, mais qui organisent n\u00e9anmoins p\u00e9riodiquement des ateliers, notamment en Allemagne, Colombie, Espagne, France, Liban, Tha\u00eflande \u2026D\u2019autres encore sont des lieux de\u00a0sensibilisation \u00e0 la\u00a0gu\u00e9rison des m\u00e9moires et de\u00a0liaison avec l\u2019IHOM.<\/p>\n\n\n\n<div class=\"wp-block-image is-style-default\"><figure class=\"aligncenter size-large\"><img loading=\"lazy\" decoding=\"async\" width=\"1024\" height=\"683\" src=\"https:\/\/healing-memories.lu\/wp-content\/uploads\/2021\/07\/Globe-1024x683.jpg\" alt=\"\" class=\"wp-image-2758\" srcset=\"https:\/\/healing-memories.lu\/wp-content\/uploads\/2021\/07\/Globe-1024x683.jpg 1024w, https:\/\/healing-memories.lu\/wp-content\/uploads\/2021\/07\/Globe-300x200.jpg 300w, https:\/\/healing-memories.lu\/wp-content\/uploads\/2021\/07\/Globe-768x512.jpg 768w, https:\/\/healing-memories.lu\/wp-content\/uploads\/2021\/07\/Globe-1536x1024.jpg 1536w, https:\/\/healing-memories.lu\/wp-content\/uploads\/2021\/07\/Globe.jpg 1920w\" sizes=\"auto, (max-width: 1024px) 100vw, 1024px\" \/><\/figure><\/div>\n\n\n\n<p>Le R\u00e9seau mondial est n\u00e9 en 2019, lors de la conf\u00e9rence internationale de l\u2019IHOM tenue au Cap.\u00a0Aujourd\u2019hui en cours de structuration, il est pr\u00e9sid\u00e9 par Michael Lapsley et coordonn\u00e9 par un comit\u00e9 de pilotage international. Pour en savoir plus, voir le\u00a0<a href=\"https:\/\/healing-memories.lu\/wp-content\/uploads\/2021\/05\/IHOM-Global-Annual-Report-2020.pdf\" target=\"_blank\" rel=\"noreferrer noopener\">Rapport annuel mondial 2020<\/a>\u00a0(en langue anglaise).<\/p>\n","protected":false},"excerpt":{"rendered":"<p>Le R\u00e9seau mondial de gu\u00e9rison des m\u00e9moires est une organisation, encore assez informelle, qui r\u00e9unit de nombreux groupes \u00e0 travers le monde pour mener des [&#8230;]<\/p>\n","protected":false},"author":1,"featured_media":0,"parent":0,"menu_order":0,"comment_status":"closed","ping_status":"closed","template":"","meta":{"footnotes":""},"folder":[],"class_list":["post-2741","page","type-page","status-publish","hentry"],"aioseo_notices":[],"_links":{"self":[{"href":"https:\/\/healing-memories.lu\/index.php?rest_route=\/wp\/v2\/pages\/2741","targetHints":{"allow":["GET"]}}],"collection":[{"href":"https:\/\/healing-memories.lu\/index.php?rest_route=\/wp\/v2\/pages"}],"about":[{"href":"https:\/\/healing-memories.lu\/index.php?rest_route=\/wp\/v2\/types\/page"}],"author":[{"embeddable":true,"href":"https:\/\/healing-memories.lu\/index.php?rest_route=\/wp\/v2\/users\/1"}],"replies":[{"embeddable":true,"href":"https:\/\/healing-memories.lu\/index.php?rest_route=%2Fwp%2Fv2%2Fcomments&post=2741"}],"version-history":[{"count":5,"href":"https:\/\/healing-memories.lu\/index.php?rest_route=\/wp\/v2\/pages\/2741\/revisions"}],"predecessor-version":[{"id":2796,"href":"https:\/\/healing-memories.lu\/index.php?rest_route=\/wp\/v2\/pages\/2741\/revisions\/2796"}],"wp:attachment":[{"href":"https:\/\/healing-memories.lu\/index.php?rest_route=%2Fwp%2Fv2%2Fmedia&parent=2741"}],"wp:term":[{"taxonomy":"folder","embeddable":true,"href":"https:\/\/healing-memories.lu\/index.php?rest_route=%2Fwp%2Fv2%2Ffolder&post=2741"}],"curies":[{"name":"wp","href":"https:\/\/api.w.org\/{rel}","templated":true}]}}