{"id":2810,"date":"2021-08-24T11:49:42","date_gmt":"2021-08-24T10:49:42","guid":{"rendered":"https:\/\/healing-memories.lu\/?page_id=2810"},"modified":"2022-11-14T11:43:33","modified_gmt":"2022-11-14T10:43:33","slug":"zahlung-mit-kreditkarte","status":"publish","type":"page","link":"https:\/\/healing-memories.lu\/?page_id=2810&lang=de","title":{"rendered":"Zahlung durch eine Bank\u00fcberweisung"},"content":{"rendered":"\n<p>Wenn Sie bereit sind, uns Unterst\u00fctzung zu leisten, sind wir Ihnen dankbar f\u00fcr die \u00dcberweisung einer Spende auf das unten angegebene Konto.<\/p>\n\n\n\n<p>(Zu beachten: Diese Spenden sind in Luxemburg\u00a0<strong>steuerlich abzugsf\u00e4hig<\/strong>; eine Bescheinigung f\u00fcr das Finanzamt wird Ihnen zum Jahresanfang zugesendet.)<\/p>\n\n\n\n<p>Kontoinhaber:\u00a0<strong>Healing of Memories \u2013 ACAT<\/strong><\/p>\n\n\n\n<p>IBAN :\u00a0<strong>LU02 0019 4955 4541 4000<\/strong><br>BIC :\u00a0<strong>BCEELULL<\/strong><\/p>\n\n\n\n<p>Wir danken im Voraus f\u00fcr Ihre Gro\u00dfz\u00fcgigkeit!<\/p>\n","protected":false},"excerpt":{"rendered":"<p>Wenn Sie bereit sind, uns Unterst\u00fctzung zu leisten, sind wir Ihnen dankbar f\u00fcr die \u00dcberweisung einer Spende auf das unten angegebene Konto. (Zu beachten: Diese [&#8230;]<\/p>\n","protected":false},"author":3,"featured_media":0,"parent":0,"menu_order":0,"comment_status":"closed","ping_status":"closed","template":"","meta":{"footnotes":""},"folder":[],"class_list":["post-2810","page","type-page","status-publish","hentry"],"aioseo_notices":[],"_links":{"self":[{"href":"https:\/\/healing-memories.lu\/index.php?rest_route=\/wp\/v2\/pages\/2810","targetHints":{"allow":["GET"]}}],"collection":[{"href":"https:\/\/healing-memories.lu\/index.php?rest_route=\/wp\/v2\/pages"}],"about":[{"href":"https:\/\/healing-memories.lu\/index.php?rest_route=\/wp\/v2\/types\/page"}],"author":[{"embeddable":true,"href":"https:\/\/healing-memories.lu\/index.php?rest_route=\/wp\/v2\/users\/3"}],"replies":[{"embeddable":true,"href":"https:\/\/healing-memories.lu\/index.php?rest_route=%2Fwp%2Fv2%2Fcomments&post=2810"}],"version-history":[{"count":3,"href":"https:\/\/healing-memories.lu\/index.php?rest_route=\/wp\/v2\/pages\/2810\/revisions"}],"predecessor-version":[{"id":4341,"href":"https:\/\/healing-memories.lu\/index.php?rest_route=\/wp\/v2\/pages\/2810\/revisions\/4341"}],"wp:attachment":[{"href":"https:\/\/healing-memories.lu\/index.php?rest_route=%2Fwp%2Fv2%2Fmedia&parent=2810"}],"wp:term":[{"taxonomy":"folder","embeddable":true,"href":"https:\/\/healing-memories.lu\/index.php?rest_route=%2Fwp%2Fv2%2Ffolder&post=2810"}],"curies":[{"name":"wp","href":"https:\/\/api.w.org\/{rel}","templated":true}]}}