{"id":2842,"date":"2021-08-23T15:12:21","date_gmt":"2021-08-23T14:12:21","guid":{"rendered":"https:\/\/healing-memories.lu\/?page_id=2842"},"modified":"2021-08-25T10:27:07","modified_gmt":"2021-08-25T09:27:07","slug":"textes-de-reflexion","status":"publish","type":"page","link":"https:\/\/healing-memories.lu\/?page_id=2842","title":{"rendered":"Textes de r\u00e9flexion"},"content":{"rendered":"\n<div class=\"wp-block-image\"><figure class=\"aligncenter size-large is-resized\"><img loading=\"lazy\" decoding=\"async\" src=\"https:\/\/healing-memories.lu\/wp-content\/uploads\/2021\/08\/Thinking-1024x768.jpg\" alt=\"\" class=\"wp-image-2903\" width=\"589\" height=\"442\" srcset=\"https:\/\/healing-memories.lu\/wp-content\/uploads\/2021\/08\/Thinking-1024x768.jpg 1024w, https:\/\/healing-memories.lu\/wp-content\/uploads\/2021\/08\/Thinking-300x225.jpg 300w, https:\/\/healing-memories.lu\/wp-content\/uploads\/2021\/08\/Thinking-768x576.jpg 768w, https:\/\/healing-memories.lu\/wp-content\/uploads\/2021\/08\/Thinking-1536x1152.jpg 1536w, https:\/\/healing-memories.lu\/wp-content\/uploads\/2021\/08\/Thinking-1320x990.jpg 1320w, https:\/\/healing-memories.lu\/wp-content\/uploads\/2021\/08\/Thinking.jpg 1920w\" sizes=\"auto, (max-width: 589px) 100vw, 589px\" \/><\/figure><\/div>\n\n\n\n<p class=\"has-secondary-color has-text-color has-medium-font-size\">Gu\u00e9rir des blessures g\u00e9n\u00e9rationnelles<\/p>\n\n\n\n<p><em>par Richard Rohr, franciscain am\u00e9ricain, \u00e9crivain spirituel, qui dirige le Center for Action and Contemplation.&nbsp;Il publie des m\u00e9ditations&nbsp;quotidiennes. <\/em><\/p>\n\n\n\n<div class=\"wp-block-buttons is-layout-flex wp-block-buttons-is-layout-flex\">\n<div class=\"wp-block-button\"><a class=\"wp-block-button__link\" href=\"https:\/\/healing-memories.lu\/?page_id=2832\">Lire le texte<\/a><\/div>\n<\/div>\n","protected":false},"excerpt":{"rendered":"<p>Gu\u00e9rir des blessures g\u00e9n\u00e9rationnelles par Richard Rohr, franciscain am\u00e9ricain, \u00e9crivain spirituel, qui dirige le Center for Action and Contemplation.&nbsp;Il publie des m\u00e9ditations&nbsp;quotidiennes.<\/p>\n","protected":false},"author":3,"featured_media":0,"parent":0,"menu_order":0,"comment_status":"closed","ping_status":"closed","template":"","meta":{"footnotes":""},"folder":[],"class_list":["post-2842","page","type-page","status-publish","hentry"],"aioseo_notices":[],"_links":{"self":[{"href":"https:\/\/healing-memories.lu\/index.php?rest_route=\/wp\/v2\/pages\/2842","targetHints":{"allow":["GET"]}}],"collection":[{"href":"https:\/\/healing-memories.lu\/index.php?rest_route=\/wp\/v2\/pages"}],"about":[{"href":"https:\/\/healing-memories.lu\/index.php?rest_route=\/wp\/v2\/types\/page"}],"author":[{"embeddable":true,"href":"https:\/\/healing-memories.lu\/index.php?rest_route=\/wp\/v2\/users\/3"}],"replies":[{"embeddable":true,"href":"https:\/\/healing-memories.lu\/index.php?rest_route=%2Fwp%2Fv2%2Fcomments&post=2842"}],"version-history":[{"count":3,"href":"https:\/\/healing-memories.lu\/index.php?rest_route=\/wp\/v2\/pages\/2842\/revisions"}],"predecessor-version":[{"id":2911,"href":"https:\/\/healing-memories.lu\/index.php?rest_route=\/wp\/v2\/pages\/2842\/revisions\/2911"}],"wp:attachment":[{"href":"https:\/\/healing-memories.lu\/index.php?rest_route=%2Fwp%2Fv2%2Fmedia&parent=2842"}],"wp:term":[{"taxonomy":"folder","embeddable":true,"href":"https:\/\/healing-memories.lu\/index.php?rest_route=%2Fwp%2Fv2%2Ffolder&post=2842"}],"curies":[{"name":"wp","href":"https:\/\/api.w.org\/{rel}","templated":true}]}}