{"id":3104,"date":"2021-11-23T13:33:06","date_gmt":"2021-11-23T12:33:06","guid":{"rendered":"https:\/\/healing-memories.lu\/?p=3104"},"modified":"2022-06-14T13:07:56","modified_gmt":"2022-06-14T12:07:56","slug":"guerison-des-memoires-en-afrique-francophone-coup-denvoi-du-programme-de-formation","status":"publish","type":"page","link":"https:\/\/healing-memories.lu\/?page_id=3104","title":{"rendered":"Gu\u00e9rison des m\u00e9moires en Afrique francophone : Coup d&rsquo;envoi du programme de formation"},"content":{"rendered":"\n<p>La phase pr\u00e9liminaire de cette formation a d\u00e9marr\u00e9 en octobre et novembre 2021 avec plusieurs s\u00e9ances de travail en Afrique de l&rsquo;Ouest. En effet, du 14 octobre au 3 novembre, Michael Lapsley, pr\u00e9sident du R\u00e9seau mondial de gu\u00e9rison des m\u00e9moires, s&rsquo;est rendu \u00e0 Abidjan et Dakar avec son coll\u00e8gue du Cap, Philani Dlamini, et deux collaborateurs de HOM Luxembourg, Patrick Byrne et Javier Garc\u00eda Alves, pour s&rsquo;entretenir avec les candidats de C\u00f4te d&rsquo;Ivoire, du S\u00e9n\u00e9gal, du Burkina Faso et du Mali, et leur offrir des temps de pr\u00e9formation. \u00c0 cette occasion, ils ont pu se rendre compte du s\u00e9rieux et de l&rsquo;engagement avec lesquels ces candidats se pr\u00e9parent \u00e0 la formation de 2022.<\/p>\n\n\n\n<figure class=\"wp-block-image size-full\"><img loading=\"lazy\" decoding=\"async\" width=\"961\" height=\"425\" src=\"https:\/\/healing-memories.lu\/wp-content\/uploads\/2021\/11\/Preformation-Goma.jpg\" alt=\"\" class=\"wp-image-3109\" srcset=\"https:\/\/healing-memories.lu\/wp-content\/uploads\/2021\/11\/Preformation-Goma.jpg 961w, https:\/\/healing-memories.lu\/wp-content\/uploads\/2021\/11\/Preformation-Goma-300x133.jpg 300w, https:\/\/healing-memories.lu\/wp-content\/uploads\/2021\/11\/Preformation-Goma-768x340.jpg 768w\" sizes=\"auto, (max-width: 961px) 100vw, 961px\" \/><figcaption>Goma, juillet 2021<\/figcaption><\/figure>\n\n\n\n<p>Le 25 novembre, Patrick et Javier repartent dans la r\u00e9gion, cette fois pour 15 jours au Togo et au B\u00e9nin, \u00e0 la rencontre des candidats de ces pays. Ils s&rsquo;entretiendront \u00e9galement avec les organisateurs locaux de la grande session de Cotonou 2022 pour mettre au point avec eux la logistique de cette rencontre.<\/p>\n\n\n\n<div class=\"wp-block-columns is-layout-flex wp-container-core-columns-is-layout-9d6595d7 wp-block-columns-is-layout-flex\">\n<div class=\"wp-block-column is-layout-flow wp-block-column-is-layout-flow\" style=\"flex-basis:100%\">\n<div class=\"wp-block-group alignwide\"><div class=\"wp-block-group__inner-container is-layout-flow wp-block-group-is-layout-flow\">\n<div class=\"wp-block-columns alignwide is-layout-flex wp-container-core-columns-is-layout-9d6595d7 wp-block-columns-is-layout-flex\">\n<div class=\"wp-block-column is-layout-flow wp-block-column-is-layout-flow\" style=\"flex-basis:50%\">\n<figure class=\"wp-block-image\"><img loading=\"lazy\" decoding=\"async\" width=\"542\" height=\"484\" src=\"https:\/\/healing-memories.lu\/wp-content\/uploads\/2021\/11\/Dakar-Ines.png\" alt=\"\" class=\"wp-image-3110\" srcset=\"https:\/\/healing-memories.lu\/wp-content\/uploads\/2021\/11\/Dakar-Ines.png 542w, https:\/\/healing-memories.lu\/wp-content\/uploads\/2021\/11\/Dakar-Ines-300x268.png 300w\" sizes=\"auto, (max-width: 542px) 100vw, 542px\" \/><figcaption>Dakar, novembre 2021<\/figcaption><\/figure>\n<\/div>\n\n\n\n<div class=\"wp-block-column is-layout-flow wp-block-column-is-layout-flow\" style=\"flex-basis:50%\">\n<p>En juillet 2021, deux coll\u00e8gues de l&rsquo;IHOM, Loret Loumouamou et Wilondja Rashidi Williams, s&rsquo;\u00e9taient rendus en R\u00e9publique d\u00e9mocratique du Congo pour offrir une pr\u00e9formation aux trois candidats venant de Goma (Nord Kivu).<\/p>\n\n\n\n<p>Ce projet est r\u00e9alis\u00e9 gr\u00e2ce au soutien de la Fondation Partage Luxembourg et du Minist\u00e8re des affaires \u00e9trang\u00e8res du Luxembourg.<\/p>\n<\/div>\n<\/div>\n<\/div><\/div>\n<\/div>\n<\/div>\n\n\n<div class=\"wp-block-image\">\n<figure class=\"aligncenter size-large is-resized\"><img loading=\"lazy\" decoding=\"async\" src=\"https:\/\/healing-memories.lu\/wp-content\/uploads\/2021\/11\/Avec-Wenceslas-et-Yves-1024x640.jpeg\" alt=\"\" class=\"wp-image-3107\" width=\"589\" height=\"368\" srcset=\"https:\/\/healing-memories.lu\/wp-content\/uploads\/2021\/11\/Avec-Wenceslas-et-Yves-1024x640.jpeg 1024w, https:\/\/healing-memories.lu\/wp-content\/uploads\/2021\/11\/Avec-Wenceslas-et-Yves-300x188.jpeg 300w, https:\/\/healing-memories.lu\/wp-content\/uploads\/2021\/11\/Avec-Wenceslas-et-Yves-768x480.jpeg 768w, https:\/\/healing-memories.lu\/wp-content\/uploads\/2021\/11\/Avec-Wenceslas-et-Yves-1536x961.jpeg 1536w, https:\/\/healing-memories.lu\/wp-content\/uploads\/2021\/11\/Avec-Wenceslas-et-Yves-2048x1281.jpeg 2048w, https:\/\/healing-memories.lu\/wp-content\/uploads\/2021\/11\/Avec-Wenceslas-et-Yves-1320x825.jpeg 1320w\" sizes=\"auto, (max-width: 589px) 100vw, 589px\" \/><figcaption>Abidjan, octobre 2021<\/figcaption><\/figure>\n<\/div>\n\n\n<p style=\"font-size:28px\"><strong><span class=\"has-inline-color has-secondary-color\">Gu\u00e9rison des m\u00e9moires en Afrique francophone<\/span><\/strong> <strong><span class=\"has-inline-color has-secondary-color\">:<\/span><\/strong><br><a href=\"https:\/\/healing-memories.lu\/?page_id=3141\"><span class=\"has-inline-color has-secondary-color\">Les pr\u00e9paratifs se poursuivent<\/span><\/a><\/p>\n","protected":false},"excerpt":{"rendered":"<p>La phase pr\u00e9liminaire de cette formation a d\u00e9marr\u00e9 en octobre et novembre 2021 avec plusieurs s\u00e9ances de travail en Afrique de l&rsquo;Ouest. En effet, du [&#8230;]<\/p>\n","protected":false},"author":1,"featured_media":3107,"parent":0,"menu_order":0,"comment_status":"closed","ping_status":"closed","template":"","meta":{"footnotes":""},"folder":[],"class_list":["post-3104","page","type-page","status-publish","has-post-thumbnail","hentry"],"aioseo_notices":[],"_links":{"self":[{"href":"https:\/\/healing-memories.lu\/index.php?rest_route=\/wp\/v2\/pages\/3104","targetHints":{"allow":["GET"]}}],"collection":[{"href":"https:\/\/healing-memories.lu\/index.php?rest_route=\/wp\/v2\/pages"}],"about":[{"href":"https:\/\/healing-memories.lu\/index.php?rest_route=\/wp\/v2\/types\/page"}],"author":[{"embeddable":true,"href":"https:\/\/healing-memories.lu\/index.php?rest_route=\/wp\/v2\/users\/1"}],"replies":[{"embeddable":true,"href":"https:\/\/healing-memories.lu\/index.php?rest_route=%2Fwp%2Fv2%2Fcomments&post=3104"}],"version-history":[{"count":8,"href":"https:\/\/healing-memories.lu\/index.php?rest_route=\/wp\/v2\/pages\/3104\/revisions"}],"predecessor-version":[{"id":3450,"href":"https:\/\/healing-memories.lu\/index.php?rest_route=\/wp\/v2\/pages\/3104\/revisions\/3450"}],"wp:featuredmedia":[{"embeddable":true,"href":"https:\/\/healing-memories.lu\/index.php?rest_route=\/wp\/v2\/media\/3107"}],"wp:attachment":[{"href":"https:\/\/healing-memories.lu\/index.php?rest_route=%2Fwp%2Fv2%2Fmedia&parent=3104"}],"wp:term":[{"taxonomy":"folder","embeddable":true,"href":"https:\/\/healing-memories.lu\/index.php?rest_route=%2Fwp%2Fv2%2Ffolder&post=3104"}],"curies":[{"name":"wp","href":"https:\/\/api.w.org\/{rel}","templated":true}]}}