{"id":3511,"date":"2022-06-15T19:15:34","date_gmt":"2022-06-15T18:15:34","guid":{"rendered":"https:\/\/healing-memories.lu\/?page_id=3511"},"modified":"2022-07-11T10:08:21","modified_gmt":"2022-07-11T09:08:21","slug":"reflexions-rdc","status":"publish","type":"page","link":"https:\/\/healing-memories.lu\/?page_id=3511","title":{"rendered":"R\u00e9flexions des participants de la R\u00e9publique d\u00e9mocratique du Congo"},"content":{"rendered":"\n<p>En r\u00e9ponse au&nbsp;<a href=\"https:\/\/healing-memories.lu\/wp-content\/uploads\/2022\/06\/QUESTIONNAIRE.pdf\" target=\"_blank\" rel=\"noreferrer noopener\">questionnaire<\/a>&nbsp;sur le th\u00e8me des blessures collectives, l\u2019\u00e9quipe des participants de la R\u00e9publique d\u00e9mocratique du Congo nous a envoy\u00e9 les r\u00e9sultats des r\u00e9flexions men\u00e9es au sein du groupe, ainsi que celles recueillies lors d\u2019\u00e9changes avec des groupes partenaires. Les documents correspondants sont accessibles en bas de la page.<\/p>\n\n\n\n<p class=\"has-medium-font-size\"><strong><mark style=\"background-color:rgba(0, 0, 0, 0)\" class=\"has-inline-color has-secondary-color\">\u00c9chos de ces textes<\/mark><\/strong><\/p>\n\n\n\n<p><em>\u00ab\u00a0S\u2019agissant des \u00e9v\u00e8nements traumatiques dont ils avaient \u00e9t\u00e9 victimes, les \u00e9l\u00e8ves nous ont d\u00e9clar\u00e9 qu\u2019ils sont traumatis\u00e9s depuis leur jeune \u00e2ge jusqu\u2019au jour des \u00e9changes car, selon eux, ils sont n\u00e9s pendant la guerre et ont grandi dans la m\u00eame situation jusqu\u2019\u00e0 ce jour.\u00a0\u00bb<\/em><\/p>\n\n\n<div class=\"n2-section-smartslider fitvidsignore  n2_clear\" data-ssid=\"17\" tabindex=\"0\" role=\"region\" aria-label=\"Slider\"><div id=\"n2-ss-17-align\" class=\"n2-ss-align\"><div class=\"n2-padding\"><div id=\"n2-ss-17\" data-creator=\"Smart Slider 3\" data-responsive=\"fullwidth\" class=\"n2-ss-slider n2-ow n2-has-hover n2notransition  \">\n\n\n\n\n\n\n\n\n\n\n\n\n\n\n\n\n\n<div class=\"n2-ss-slider-wrapper-inside\">\n        <div class=\"n2-ss-slider-1 n2_ss__touch_element n2-ow\">\n            <div class=\"n2-ss-slider-2 n2-ow\">\n                                                <div class=\"n2-ss-slider-3 n2-ow\">\n\n                    <div class=\"n2-ss-slide-backgrounds n2-ow-all\"><div class=\"n2-ss-slide-background\" data-public-id=\"1\" data-mode=\"fill\"><div class=\"n2-ss-slide-background-image\" data-blur=\"0\" data-opacity=\"100\" data-x=\"50\" data-y=\"50\" data-alt=\"\" data-title=\"\"><picture class=\"skip-lazy\" data-skip-lazy=\"1\"><img decoding=\"async\" src=\"\/\/healing-memories.lu\/wp-content\/uploads\/slider\/cache\/5394610ff238f4778774cd23264dd196\/RDC-2.jpg\" alt=\"\" title=\"\" loading=\"lazy\" class=\"skip-lazy\" data-skip-lazy=\"1\"><\/picture><\/div><div data-color=\"RGBA(255,255,255,0)\" style=\"background-color: RGBA(255,255,255,0);\" class=\"n2-ss-slide-background-color\"><\/div><\/div><div class=\"n2-ss-slide-background\" data-public-id=\"2\" data-mode=\"fill\" aria-hidden=\"true\"><div class=\"n2-ss-slide-background-image\" data-blur=\"0\" data-opacity=\"100\" data-x=\"50\" data-y=\"50\" data-alt=\"\" data-title=\"\"><picture class=\"skip-lazy\" data-skip-lazy=\"1\"><img decoding=\"async\" src=\"\/\/healing-memories.lu\/wp-content\/uploads\/slider\/cache\/22a16f1a8095931db2399c827518e1dd\/RDC-1.jpg\" alt=\"\" title=\"\" loading=\"lazy\" class=\"skip-lazy\" data-skip-lazy=\"1\"><\/picture><\/div><div data-color=\"RGBA(255,255,255,0)\" style=\"background-color: RGBA(255,255,255,0);\" class=\"n2-ss-slide-background-color\"><\/div><\/div><div class=\"n2-ss-slide-background\" data-public-id=\"3\" data-mode=\"fill\" aria-hidden=\"true\"><div class=\"n2-ss-slide-background-image\" data-blur=\"0\" data-opacity=\"100\" data-x=\"50\" data-y=\"50\" data-alt=\"\" data-title=\"\"><picture class=\"skip-lazy\" data-skip-lazy=\"1\"><img decoding=\"async\" src=\"\/\/healing-memories.lu\/wp-content\/uploads\/slider\/cache\/6d7fcb336979c55a7554c017e4a5338d\/RDC-3.jpg\" alt=\"\" title=\"\" loading=\"lazy\" class=\"skip-lazy\" data-skip-lazy=\"1\"><\/picture><\/div><div data-color=\"RGBA(255,255,255,0)\" style=\"background-color: RGBA(255,255,255,0);\" class=\"n2-ss-slide-background-color\"><\/div><\/div><div class=\"n2-ss-slide-background\" data-public-id=\"4\" data-mode=\"fill\" aria-hidden=\"true\"><div class=\"n2-ss-slide-background-image\" data-blur=\"0\" data-opacity=\"100\" data-x=\"50\" data-y=\"50\" data-alt=\"\" data-title=\"\"><picture class=\"skip-lazy\" data-skip-lazy=\"1\"><img decoding=\"async\" src=\"\/\/healing-memories.lu\/wp-content\/uploads\/slider\/cache\/57d37b775e0a516ca268f9ec4e7d3a35\/RDC-4.jpg\" alt=\"\" title=\"\" loading=\"lazy\" class=\"skip-lazy\" data-skip-lazy=\"1\"><\/picture><\/div><div data-color=\"RGBA(255,255,255,0)\" style=\"background-color: RGBA(255,255,255,0);\" class=\"n2-ss-slide-background-color\"><\/div><\/div><\/div>                    <div class=\"n2-ss-slider-4 n2-ow\">\n                        <svg xmlns=\"http:\/\/www.w3.org\/2000\/svg\" viewBox=\"0 0 1200 700\" data-related-device=\"desktopPortrait\" class=\"n2-ow n2-ss-preserve-size n2-ss-preserve-size--slider n2-ss-slide-limiter\"><\/svg><div data-first=\"1\" data-slide-duration=\"0\" data-id=\"142\" data-slide-public-id=\"1\" data-description=\"\u00c9change avec les \u00e9l\u00e8ves de l\u2019Institut scolaire Nyabushongo de Goma\" class=\"n2-ss-slide n2-ow  n2-ss-slide-142\"><div role=\"note\" class=\"n2-ss-slide--focus\" tabindex=\"-1\"><\/div><div class=\"n2-ss-layers-container n2-ss-slide-limiter n2-ow\"><div class=\"n2-ss-layer n2-ow n-uc-b8VWo47fzTrN\" data-sstype=\"slide\" data-pm=\"default\"><\/div><\/div><\/div><div data-slide-duration=\"0\" data-id=\"143\" data-slide-public-id=\"2\" aria-hidden=\"true\" class=\"n2-ss-slide n2-ow  n2-ss-slide-143\"><div role=\"note\" class=\"n2-ss-slide--focus\" tabindex=\"-1\"><\/div><div class=\"n2-ss-layers-container n2-ss-slide-limiter n2-ow\"><div class=\"n2-ss-layer n2-ow n-uc-QrxmPNra3t58\" data-sstype=\"slide\" data-pm=\"default\"><\/div><\/div><\/div><div data-slide-duration=\"0\" data-id=\"144\" data-slide-public-id=\"3\" aria-hidden=\"true\" class=\"n2-ss-slide n2-ow  n2-ss-slide-144\"><div role=\"note\" class=\"n2-ss-slide--focus\" tabindex=\"-1\"><\/div><div class=\"n2-ss-layers-container n2-ss-slide-limiter n2-ow\"><div class=\"n2-ss-layer n2-ow n-uc-66naO79X97Ey\" data-sstype=\"slide\" data-pm=\"default\"><\/div><\/div><\/div><div data-slide-duration=\"0\" data-id=\"145\" data-slide-public-id=\"4\" aria-hidden=\"true\" class=\"n2-ss-slide n2-ow  n2-ss-slide-145\"><div role=\"note\" class=\"n2-ss-slide--focus\" tabindex=\"-1\"><\/div><div class=\"n2-ss-layers-container n2-ss-slide-limiter n2-ow\"><div class=\"n2-ss-layer n2-ow n-uc-EH5yT3nspyFj\" data-sstype=\"slide\" data-pm=\"default\"><\/div><\/div><\/div>                    <\/div>\n\n                                    <\/div>\n            <\/div>\n        <\/div>\n        <div class=\"n2-ss-slider-controls n2-ss-slider-controls-absolute-left-center\"><div style=\"--widget-offset:15px;\" class=\"n2-ss-widget n2-style-107cb0e4b96e295f0c4852cfc0854d07-heading nextend-arrow n2-ow-all nextend-arrow-previous  nextend-arrow-animated-fade\" data-hide-mobileportrait=\"1\" id=\"n2-ss-17-arrow-previous\" role=\"button\" aria-label=\"previous arrow\" tabindex=\"0\"><img loading=\"lazy\" decoding=\"async\" width=\"32\" height=\"32\" class=\"skip-lazy\" data-skip-lazy=\"1\" src=\"data:image\/svg+xml;base64,PHN2ZyB4bWxucz0iaHR0cDovL3d3dy53My5vcmcvMjAwMC9zdmciIHdpZHRoPSIzMiIgaGVpZ2h0PSIzMiIgdmlld0JveD0iMCAwIDMyIDMyIj4KICAgIDxwYXRoIGZpbGw9IiNmZmZmZmYiIG9wYWNpdHk9IjAuOCIgZmlsbC1ydWxlPSJldmVub2RkIgogICAgICAgICAgZD0iTTE4Ljk5NTggOC45OTA3YzAtLjQyNC0uMjA0LS43MjMtLjYxLS44OTgtLjQwOS0uMTczLS43NzItLjEwNC0xLjA5My4yMDlsLTcuMDA2IDYuOTc1Yy0uMjAxLjE5OS0uMjk3LjQzNy0uMjg2LjcxNiAwIC4yNjcuMDk2LjQ5OC4yODYuNjg5bDcuMDA2IDcuMDAxYy4zMjEuMzIxLjY4NC4zODkgMS4wOTMuMjA5LjQwNi0uMTc0LjYxLS40ODIuNjEtLjkyMlY4Ljk5MDd6Ii8+Cjwvc3ZnPg==\" alt=\"previous arrow\"><\/div><\/div><div class=\"n2-ss-slider-controls n2-ss-slider-controls-absolute-right-center\"><div style=\"--widget-offset:15px;\" class=\"n2-ss-widget n2-style-107cb0e4b96e295f0c4852cfc0854d07-heading nextend-arrow n2-ow-all nextend-arrow-next  nextend-arrow-animated-fade\" data-hide-mobileportrait=\"1\" id=\"n2-ss-17-arrow-next\" role=\"button\" aria-label=\"next arrow\" tabindex=\"0\"><img loading=\"lazy\" decoding=\"async\" width=\"32\" height=\"32\" class=\"skip-lazy\" data-skip-lazy=\"1\" src=\"data:image\/svg+xml;base64,PHN2ZyB3aWR0aD0iMzIiIGhlaWdodD0iMzIiIHZpZXdCb3g9IjAgMCAzMiAzMiIgeG1sbnM9Imh0dHA6Ly93d3cudzMub3JnLzIwMDAvc3ZnIj4KICAgIDxwYXRoIGQ9Ik0xMiA4Ljk5YzAtLjQyMy4yMDQtLjcyMi42MS0uODk3LjQwOC0uMTczLjc3Mi0uMTA0IDEuMDkyLjIxbDcuMDA2IDYuOTc0Yy4yMDIuMi4yOTguNDM3LjI4Ny43MTYgMCAuMjY3LS4wOTYuNDk4LS4yODcuNjlsLTcuMDA2IDdjLS4zMi4zMi0uNjg0LjM5LTEuMDkyLjIxLS40MDYtLjE3NS0uNjEtLjQ4My0uNjEtLjkyM1Y4Ljk5eiIKICAgICAgICAgIGZpbGw9IiNmZmZmZmYiIG9wYWNpdHk9IjAuOCIgZmlsbC1ydWxlPSJldmVub2RkIi8+Cjwvc3ZnPg==\" alt=\"next arrow\"><\/div><\/div><div class=\"n2-ss-slider-controls n2-ss-slider-controls-absolute-center-bottom\"><div style=\"--widget-offset:30px;text-align: center;width:100%;\" class=\"n2-ss-widget nextend-bar nextend-bar-horizontal n2-ss-widget-hidden n2-ow-all\"><div class=\"n2-style-3745c27e4cee514fb93ac00b0ec9858c-simple \" style=\"display: inline-block;\"><span class=\"n2-font-86860a54b7064aeda4451b2de9b363f3-simple \">&nbsp;<\/span><\/div><\/div><\/div><\/div><\/div><ss3-loader><\/ss3-loader><\/div><\/div><div class=\"n2_clear\"><\/div><\/div>\n\n\n<div style=\"height:41px\" aria-hidden=\"true\" class=\"wp-block-spacer\"><\/div>\n\n\n\n<div class=\"wp-block-columns is-layout-flex wp-container-core-columns-is-layout-9d6595d7 wp-block-columns-is-layout-flex\">\n<div class=\"wp-block-column is-layout-flow wp-block-column-is-layout-flow\" style=\"flex-basis:100%\">\n<div class=\"wp-block-group alignwide\"><div class=\"wp-block-group__inner-container is-layout-flow wp-block-group-is-layout-flow\">\n<div class=\"wp-block-columns alignwide is-layout-flex wp-container-core-columns-is-layout-9d6595d7 wp-block-columns-is-layout-flex\">\n<div class=\"wp-block-column is-layout-flow wp-block-column-is-layout-flow\" style=\"flex-basis:50%\">\n<figure class=\"wp-block-image\"><img loading=\"lazy\" decoding=\"async\" width=\"500\" height=\"300\" src=\"https:\/\/healing-memories.lu\/wp-content\/uploads\/2022\/07\/Victime-de-viol.jpg\" alt=\"\" class=\"wp-image-3756\" srcset=\"https:\/\/healing-memories.lu\/wp-content\/uploads\/2022\/07\/Victime-de-viol.jpg 500w, https:\/\/healing-memories.lu\/wp-content\/uploads\/2022\/07\/Victime-de-viol-300x180.jpg 300w\" sizes=\"auto, (max-width: 500px) 100vw, 500px\" \/><figcaption>Une femme, victime de viol<\/figcaption><\/figure>\n<\/div>\n\n\n\n<div class=\"wp-block-column is-layout-flow wp-block-column-is-layout-flow\" style=\"flex-basis:50%\">\n<p style=\"font-size:20px\"><em>\u00ab\u00a0Depuis plus de deux d\u00e9cennies, le viol est devenu une arme de guerre en RDC.\u00a0\u00bb<\/em><\/p>\n<\/div>\n<\/div>\n<\/div><\/div>\n\n\n\n<div class=\"wp-block-file\"><a id=\"wp-block-file--media-143d263d-3c3f-4581-b4c9-15bba1bf55bd\" href=\"https:\/\/healing-memories.lu\/wp-content\/uploads\/2022\/07\/Echanges-Groupe-Martin-Luther-King-1.pdf\" target=\"_blank\" rel=\"noreferrer noopener\">\u00c9changes internes du Groupe Martin Luther King<\/a><a href=\"https:\/\/healing-memories.lu\/wp-content\/uploads\/2022\/07\/Echanges-Groupe-Martin-Luther-King-1.pdf\" class=\"wp-block-file__button\" download aria-describedby=\"wp-block-file--media-143d263d-3c3f-4581-b4c9-15bba1bf55bd\">T\u00e9l\u00e9charger<\/a><\/div>\n<\/div>\n<\/div>\n\n\n\n<div class=\"wp-block-file\"><a id=\"wp-block-file--media-2a961496-66f8-4a01-ad41-c98a6935d35c\" href=\"https:\/\/healing-memories.lu\/wp-content\/uploads\/2022\/07\/Rapport-activite\u0301s_e\u0301changes-institut-N-1.pdf\" target=\"_blank\" rel=\"noreferrer noopener\">\u00c9changes \u00e0 l&rsquo;Institut scolaire Nyabushongo<\/a><a href=\"https:\/\/healing-memories.lu\/wp-content\/uploads\/2022\/07\/Rapport-activite\u0301s_e\u0301changes-institut-N-1.pdf\" class=\"wp-block-file__button\" download aria-describedby=\"wp-block-file--media-2a961496-66f8-4a01-ad41-c98a6935d35c\">T\u00e9l\u00e9charger<\/a><\/div>\n","protected":false},"excerpt":{"rendered":"<p>En r\u00e9ponse au&nbsp;questionnaire&nbsp;sur le th\u00e8me des blessures collectives, l\u2019\u00e9quipe des participants de la R\u00e9publique d\u00e9mocratique du Congo nous a envoy\u00e9 les r\u00e9sultats des r\u00e9flexions men\u00e9es [&#8230;]<\/p>\n","protected":false},"author":1,"featured_media":0,"parent":0,"menu_order":0,"comment_status":"closed","ping_status":"closed","template":"","meta":{"footnotes":""},"folder":[],"class_list":["post-3511","page","type-page","status-publish","hentry"],"aioseo_notices":[],"_links":{"self":[{"href":"https:\/\/healing-memories.lu\/index.php?rest_route=\/wp\/v2\/pages\/3511","targetHints":{"allow":["GET"]}}],"collection":[{"href":"https:\/\/healing-memories.lu\/index.php?rest_route=\/wp\/v2\/pages"}],"about":[{"href":"https:\/\/healing-memories.lu\/index.php?rest_route=\/wp\/v2\/types\/page"}],"author":[{"embeddable":true,"href":"https:\/\/healing-memories.lu\/index.php?rest_route=\/wp\/v2\/users\/1"}],"replies":[{"embeddable":true,"href":"https:\/\/healing-memories.lu\/index.php?rest_route=%2Fwp%2Fv2%2Fcomments&post=3511"}],"version-history":[{"count":19,"href":"https:\/\/healing-memories.lu\/index.php?rest_route=\/wp\/v2\/pages\/3511\/revisions"}],"predecessor-version":[{"id":3863,"href":"https:\/\/healing-memories.lu\/index.php?rest_route=\/wp\/v2\/pages\/3511\/revisions\/3863"}],"wp:attachment":[{"href":"https:\/\/healing-memories.lu\/index.php?rest_route=%2Fwp%2Fv2%2Fmedia&parent=3511"}],"wp:term":[{"taxonomy":"folder","embeddable":true,"href":"https:\/\/healing-memories.lu\/index.php?rest_route=%2Fwp%2Fv2%2Ffolder&post=3511"}],"curies":[{"name":"wp","href":"https:\/\/api.w.org\/{rel}","templated":true}]}}