{"id":359,"date":"2021-04-13T12:09:32","date_gmt":"2021-04-13T11:09:32","guid":{"rendered":"https:\/\/healing-memories.lu\/?page_id=359"},"modified":"2025-01-16T13:04:29","modified_gmt":"2025-01-16T12:04:29","slug":"conseil-dadministration","status":"publish","type":"page","link":"https:\/\/healing-memories.lu\/?page_id=359","title":{"rendered":"Les membres du conseil"},"content":{"rendered":"\n<p>Depuis l\u2019Assembl\u00e9e g\u00e9n\u00e9rale constitutive du 28 novembre 2020, le Conseil d\u2019administration de notre association est compos\u00e9 comme suit :<\/p>\n\n\n\n<div class=\"wp-block-columns is-layout-flex wp-container-core-columns-is-layout-9d6595d7 wp-block-columns-is-layout-flex\">\n<div class=\"wp-block-column is-layout-flow wp-block-column-is-layout-flow\" style=\"flex-basis:100%\">\n<div class=\"wp-block-media-text alignwide is-stacked-on-mobile\" style=\"grid-template-columns:20% auto\"><figure class=\"wp-block-media-text__media\"><img loading=\"lazy\" decoding=\"async\" width=\"160\" height=\"227\" src=\"https:\/\/healing-memories.lu\/wp-content\/uploads\/2021\/06\/Patrick.png\" alt=\"\" class=\"wp-image-2111 size-full\"\/><\/figure><div class=\"wp-block-media-text__content\">\n<p class=\"has-secondary-color has-text-color\"><strong>Patrick Byrne<\/strong> &#8211; pr\u00e9sident<br>@: <a href=\"mailto:patrick.byrne@healing-memories.lu\">patrick.byrne@healing-memories.lu<\/a><\/p>\n\n\n\n<p>D\u2019origine franco-\u00e9cossaise ; luxembourgeois depuis 2015.<br>Traducteur\/v\u00e9rificateur linguistique du Parlement europ\u00e9en \u00e0 la retraite.<br>Il a connu Michael Lapsley \u00e0 travers son engagement pour les droits humains, ayant \u00e9t\u00e9 pr\u00e9sident de la F\u00e9d\u00e9ration internationale de l\u2019ACAT (Action des chr\u00e9tiens pour l\u2019abolition de la torture) de 1998 \u00e0 2004, et l\u2019a invit\u00e9 au Luxembourg au nom de l\u2019ACAT en 2008 : d\u00e9but de l\u2019aventure \u201cgu\u00e9rison des m\u00e9moires\u201d au Luxembourg. Facilitateur depuis 2013.<\/p>\n<\/div><\/div>\n\n\n\n<hr class=\"wp-block-separator has-css-opacity is-style-wide\"\/>\n<\/div>\n<\/div>\n\n\n\n<div class=\"wp-block-columns is-layout-flex wp-container-core-columns-is-layout-9d6595d7 wp-block-columns-is-layout-flex\">\n<div class=\"wp-block-column is-layout-flow wp-block-column-is-layout-flow\" style=\"flex-basis:100%\">\n<div class=\"wp-block-group alignwide\"><div class=\"wp-block-group__inner-container is-layout-flow wp-block-group-is-layout-flow\">\n<div class=\"wp-block-media-text alignwide is-stacked-on-mobile\" style=\"grid-template-columns:19% auto\"><figure class=\"wp-block-media-text__media\"><img loading=\"lazy\" decoding=\"async\" width=\"423\" height=\"590\" src=\"https:\/\/healing-memories.lu\/wp-content\/uploads\/2022\/10\/image.png\" alt=\"\" class=\"wp-image-4221 size-full\" srcset=\"https:\/\/healing-memories.lu\/wp-content\/uploads\/2022\/10\/image.png 423w, https:\/\/healing-memories.lu\/wp-content\/uploads\/2022\/10\/image-215x300.png 215w\" sizes=\"auto, (max-width: 423px) 100vw, 423px\" \/><\/figure><div class=\"wp-block-media-text__content\">\n<p class=\"has-secondary-color has-text-color\"><strong>C\u00e9cile Thill<\/strong> &#8211; secr\u00e9taire<br>@: <a href=\"mailto:cecile.thill@healing-memories.lu\">cecile.thill@healing-memories.lu<\/a><\/p>\n\n\n\n<p>Fran\u00e7aise, r\u00e9sidente luxembourgeoise depuis 2002, luxembourgeoise depuis 2023.<br>Conteuse.<br>Membre de l\u2019ACAT-Luxembourg depuis 2002, elle a suivi activement les visites de Michael Lapsley \u00e0 partir de 2008 jusqu\u2019\u00e0 prendre part \u00e0 un atelier et d\u00e9buter sa formation de facilitatrice en 2017.<\/p>\n<\/div><\/div>\n<\/div><\/div>\n<\/div>\n<\/div>\n\n\n\n<div class=\"wp-block-columns is-layout-flex wp-container-core-columns-is-layout-9d6595d7 wp-block-columns-is-layout-flex\">\n<div class=\"wp-block-column is-layout-flow wp-block-column-is-layout-flow\" style=\"flex-basis:100%\">\n<div class=\"wp-block-columns is-layout-flex wp-container-core-columns-is-layout-9d6595d7 wp-block-columns-is-layout-flex\">\n<div class=\"wp-block-column is-layout-flow wp-block-column-is-layout-flow\" style=\"flex-basis:100%\"><\/div>\n<\/div>\n\n\n\n<hr class=\"wp-block-separator has-css-opacity is-style-wide\"\/>\n\n\n\n<div class=\"wp-block-media-text alignwide is-stacked-on-mobile\" style=\"grid-template-columns:21% auto\"><figure class=\"wp-block-media-text__media\"><img loading=\"lazy\" decoding=\"async\" width=\"156\" height=\"225\" src=\"https:\/\/healing-memories.lu\/wp-content\/uploads\/2021\/06\/Javier.png\" alt=\"\" class=\"wp-image-2114 size-full\"\/><\/figure><div class=\"wp-block-media-text__content\">\n<p class=\"has-secondary-color has-text-color\"><strong>Javier Garcia Alves<\/strong> &#8211; coordination des projets (dont le projet \u00ab\u00a0Afrique francophone\u00a0\u00bb), partenariats internationaux<br>@: <a href=\"mailto:javier.garciaalves@healing-memories.lu\">javier.garciaalves@healing-memories.lu<\/a><\/p>\n\n\n\n<p>Espagnol, r\u00e9sident luxembourgeois depuis 1986.<br>Traducteur du Parlement europ\u00e9en.<br>Il a connu Michael Lapsley lors de sa premi\u00e8re visite au Luxembourg en 2008 et s&rsquo;est impliqu\u00e9 rapidement dans l&rsquo;aventure \u00ab\u00a0gu\u00e9rison des m\u00e9moires\u00a0\u00bb en Europe et ailleurs ; facilitateur depuis 2014.<br>Traducteur responsable des \u00e9ditions colombienne (2014), espagnole (2014) et cubaine (2016) de l&rsquo;autobiographie de Michael Lapsley.<\/p>\n<\/div><\/div>\n\n\n\n<p><\/p>\n<\/div>\n<\/div>\n\n\n\n<hr class=\"wp-block-separator has-css-opacity is-style-wide\"\/>\n\n\n\n<div class=\"wp-block-columns is-layout-flex wp-container-core-columns-is-layout-9d6595d7 wp-block-columns-is-layout-flex\">\n<div class=\"wp-block-column is-layout-flow wp-block-column-is-layout-flow\" style=\"flex-basis:100%\">\n<div class=\"wp-block-media-text alignwide is-stacked-on-mobile\" style=\"grid-template-columns:22% auto\"><figure class=\"wp-block-media-text__media\"><img loading=\"lazy\" decoding=\"async\" width=\"303\" height=\"414\" src=\"https:\/\/healing-memories.lu\/wp-content\/uploads\/2021\/06\/Esmeralda-1.png\" alt=\"\" class=\"wp-image-2124 size-full\" srcset=\"https:\/\/healing-memories.lu\/wp-content\/uploads\/2021\/06\/Esmeralda-1.png 303w, https:\/\/healing-memories.lu\/wp-content\/uploads\/2021\/06\/Esmeralda-1-220x300.png 220w\" sizes=\"auto, (max-width: 303px) 100vw, 303px\" \/><\/figure><div class=\"wp-block-media-text__content\">\n<p class=\"has-secondary-color has-text-color\"><strong>Esmeralda Chupin<\/strong> &#8211; tr\u00e9sori\u00e8re<br>@: <a href=\"mailto:esmeralda.chupin@healing-memories.lu\">esmeralda.chupin@healing-memories.lu<\/a><\/p>\n<\/div><\/div>\n\n\n\n<hr class=\"wp-block-separator has-css-opacity is-style-wide\"\/>\n\n\n\n<div class=\"wp-block-columns is-layout-flex wp-container-core-columns-is-layout-9d6595d7 wp-block-columns-is-layout-flex\">\n<div class=\"wp-block-column is-layout-flow wp-block-column-is-layout-flow\" style=\"flex-basis:100%\">\n<div class=\"wp-block-media-text alignwide is-stacked-on-mobile\" style=\"grid-template-columns:23% auto\"><figure class=\"wp-block-media-text__media\"><img loading=\"lazy\" decoding=\"async\" width=\"188\" height=\"243\" src=\"https:\/\/healing-memories.lu\/wp-content\/uploads\/2021\/06\/Angela-1.png\" alt=\"\" class=\"wp-image-2125 size-full\"\/><\/figure><div class=\"wp-block-media-text__content\">\n<p class=\"has-secondary-color has-text-color\"><strong>Angela Borges<\/strong> &#8211; communication et inscriptions workshops<br>@: <a href=\"mailto:workshop@healing-memories.lu\">angela.borges@healing-memories.lu<\/a>&nbsp;<\/p>\n\n\n\n<p>Luso-luxembourgeoise ; d&rsquo;origine portugaise, n\u00e9e au Luxembourg de parents immigr\u00e9s.&nbsp;<br>Assistante sociale en CIPA (Centre Int\u00e9gr\u00e9 pour Personnes \u00c2g\u00e9es).&nbsp;<br>Elle a particip\u00e9 \u00e0 un atelier de gu\u00e9rison des m\u00e9moires en 2015 qui a particuli\u00e8rement boulevers\u00e9 sa vie. Depuis, elle est active dans l&rsquo;aventure \u00ab\u00a0gu\u00e9rison des m\u00e9moires\u00a0\u00bb et a d\u00e9but\u00e9 sa formation de facilitatrice en 2017.<\/p>\n<\/div><\/div>\n\n\n\n<hr class=\"wp-block-separator has-css-opacity is-style-wide\"\/>\n<\/div>\n<\/div>\n\n\n\n<div class=\"wp-block-columns is-layout-flex wp-container-core-columns-is-layout-9d6595d7 wp-block-columns-is-layout-flex\">\n<div class=\"wp-block-column is-layout-flow wp-block-column-is-layout-flow\" style=\"flex-basis:100%\">\n<div class=\"wp-block-media-text alignwide is-stacked-on-mobile\" style=\"grid-template-columns:23% auto\"><figure class=\"wp-block-media-text__media\"><img loading=\"lazy\" decoding=\"async\" width=\"283\" height=\"404\" src=\"https:\/\/healing-memories.lu\/wp-content\/uploads\/2021\/06\/Paul-1.png\" alt=\"\" class=\"wp-image-2123 size-occasio-horizontal-list-post\" srcset=\"https:\/\/healing-memories.lu\/wp-content\/uploads\/2021\/06\/Paul-1.png 283w, https:\/\/healing-memories.lu\/wp-content\/uploads\/2021\/06\/Paul-1-210x300.png 210w\" sizes=\"auto, (max-width: 283px) 100vw, 283px\" \/><\/figure><div class=\"wp-block-media-text__content\">\n<p class=\"has-secondary-color has-text-color\"><strong>Paul Chahine<\/strong> &#8211; formations, projets internationaux au Proche-Orient<br>@: paul.chahine<a href=\"mailto:healing@healing-memories.lu\">@healing-memories.lu<\/a><\/p>\n\n\n\n<p>Syrien et Luxembourgeois, Paul vit au Luxembourg depuis 2012. <br>Paul a pris part \u00e0 un atelier de Gu\u00e9rison des M\u00e9moires au Luxembourg en 2017 en tant qu&rsquo;interpr\u00e8te puis il est revenu dans un autre atelier en tant que participant. Membre du CVX Luxembourg et interpr\u00e8te \u00e0 la Croix Rouge Luxembourgeoise, il a d\u00e9but\u00e9 son parcours en tant que facilitateur de Gu\u00e9rison des M\u00e9moires en 2019.<\/p>\n<\/div><\/div>\n\n\n\n<hr class=\"wp-block-separator has-css-opacity is-style-wide\"\/>\n\n\n\n<div class=\"wp-block-columns is-layout-flex wp-container-core-columns-is-layout-9d6595d7 wp-block-columns-is-layout-flex\">\n<div class=\"wp-block-column is-layout-flow wp-block-column-is-layout-flow\" style=\"flex-basis:100%\">\n<div class=\"wp-block-media-text alignwide is-stacked-on-mobile\" style=\"grid-template-columns:23% auto\"><figure class=\"wp-block-media-text__media\"><img loading=\"lazy\" decoding=\"async\" width=\"267\" height=\"400\" src=\"https:\/\/healing-memories.lu\/wp-content\/uploads\/2021\/06\/Marie-Christ.jpg\" alt=\"\" class=\"wp-image-2126 size-full\" srcset=\"https:\/\/healing-memories.lu\/wp-content\/uploads\/2021\/06\/Marie-Christ.jpg 267w, https:\/\/healing-memories.lu\/wp-content\/uploads\/2021\/06\/Marie-Christ-200x300.jpg 200w\" sizes=\"auto, (max-width: 267px) 100vw, 267px\" \/><\/figure><div class=\"wp-block-media-text__content\">\n<p class=\"has-secondary-color has-text-color\"><strong>Marie-Christine Ries<\/strong> &#8211; ateliers, partenariats Luxembourg<br>@: <a href=\"mailto:healing@healing-memories.lu\">mariechristine.ries@healing-memories.lu<\/a><\/p>\n<\/div><\/div>\n\n\n\n<hr class=\"wp-block-separator has-css-opacity is-style-wide\"\/>\n\n\n\n<div class=\"wp-block-columns is-layout-flex wp-container-core-columns-is-layout-9d6595d7 wp-block-columns-is-layout-flex\">\n<div class=\"wp-block-column is-layout-flow wp-block-column-is-layout-flow\" style=\"flex-basis:100%\">\n<div class=\"wp-block-group alignwide\"><div class=\"wp-block-group__inner-container is-layout-flow wp-block-group-is-layout-flow\">\n<div class=\"wp-block-media-text alignwide is-stacked-on-mobile\" style=\"grid-template-columns:23% auto\"><figure class=\"wp-block-media-text__media\"><img loading=\"lazy\" decoding=\"async\" width=\"767\" height=\"1024\" src=\"https:\/\/healing-memories.lu\/wp-content\/uploads\/2021\/10\/Valdemar-767x1024.jpg\" alt=\"\" class=\"wp-image-3098 size-full\" srcset=\"https:\/\/healing-memories.lu\/wp-content\/uploads\/2021\/10\/Valdemar-767x1024.jpg 767w, https:\/\/healing-memories.lu\/wp-content\/uploads\/2021\/10\/Valdemar-225x300.jpg 225w, https:\/\/healing-memories.lu\/wp-content\/uploads\/2021\/10\/Valdemar-768x1025.jpg 768w, https:\/\/healing-memories.lu\/wp-content\/uploads\/2021\/10\/Valdemar-1151x1536.jpg 1151w, https:\/\/healing-memories.lu\/wp-content\/uploads\/2021\/10\/Valdemar.jpg 1199w\" sizes=\"auto, (max-width: 767px) 100vw, 767px\" \/><\/figure><div class=\"wp-block-media-text__content\">\n<p class=\"has-secondary-color has-text-color\"><strong>Valdemar Santos<\/strong> &#8211; projet prison, projet Afrique de l\u2019Ouest, site Internet<br>@: <a href=\"mailto:healing@healing-memories.lu\">valdemar.santos@healing-memories.lu<\/a><\/p>\n\n\n\n<p>D&rsquo;origine portugaise, n\u00e9 au Mozambique et vivant au Luxembourg depuis 2002 ; luxembourgeois depuis 2016.<br>Aum\u00f4nier de prison aux centres p\u00e9nitentiaires du Grand-Duch\u00e9 de Luxembourg.&nbsp;<br>Il a fait sa 1\u00e8re exp\u00e9rience d&rsquo;un atelier de gu\u00e9rison des m\u00e9moires en 2014 \u00e0 un moment difficile de sa vie.&nbsp;<br>Facilitateur depuis 2020.<\/p>\n<\/div><\/div>\n<\/div><\/div>\n\n\n\n<hr class=\"wp-block-separator has-alpha-channel-opacity is-style-wide\"\/>\n<\/div>\n<\/div>\n<\/div>\n<\/div>\n<\/div>\n<\/div>\n\n\n\n<div class=\"wp-block-media-text alignwide is-stacked-on-mobile\" style=\"grid-template-columns:22% auto\"><figure class=\"wp-block-media-text__media\"><img loading=\"lazy\" decoding=\"async\" width=\"964\" height=\"1024\" src=\"https:\/\/healing-memories.lu\/wp-content\/uploads\/2024\/08\/42286-964x1024.jpg\" alt=\"\" class=\"wp-image-5792 size-full\" srcset=\"https:\/\/healing-memories.lu\/wp-content\/uploads\/2024\/08\/42286-964x1024.jpg 964w, https:\/\/healing-memories.lu\/wp-content\/uploads\/2024\/08\/42286-282x300.jpg 282w, https:\/\/healing-memories.lu\/wp-content\/uploads\/2024\/08\/42286-768x816.jpg 768w, https:\/\/healing-memories.lu\/wp-content\/uploads\/2024\/08\/42286.jpg 1136w\" sizes=\"auto, (max-width: 964px) 100vw, 964px\" \/><\/figure><div class=\"wp-block-media-text__content\">\n<p class=\"has-secondary-color has-text-color\">Laurent Lepany &#8211; responsable comptabilit\u00e9<br>@: <a href=\"mailto:esmeralda.chupin@healing-memories.lu\">laurent.lepany@healing-memories.lu<\/a><\/p>\n<\/div><\/div>\n<\/div>\n<\/div>\n","protected":false},"excerpt":{"rendered":"<p>Depuis l\u2019Assembl\u00e9e g\u00e9n\u00e9rale constitutive du 28 novembre 2020, le Conseil d\u2019administration de notre association est compos\u00e9 comme suit : Patrick Byrne &#8211; pr\u00e9sident@: patrick.byrne@healing-memories.lu D\u2019origine [&#8230;]<\/p>\n","protected":false},"author":1,"featured_media":3430,"parent":0,"menu_order":0,"comment_status":"closed","ping_status":"closed","template":"","meta":{"footnotes":""},"folder":[],"class_list":["post-359","page","type-page","status-publish","has-post-thumbnail","hentry"],"aioseo_notices":[],"_links":{"self":[{"href":"https:\/\/healing-memories.lu\/index.php?rest_route=\/wp\/v2\/pages\/359","targetHints":{"allow":["GET"]}}],"collection":[{"href":"https:\/\/healing-memories.lu\/index.php?rest_route=\/wp\/v2\/pages"}],"about":[{"href":"https:\/\/healing-memories.lu\/index.php?rest_route=\/wp\/v2\/types\/page"}],"author":[{"embeddable":true,"href":"https:\/\/healing-memories.lu\/index.php?rest_route=\/wp\/v2\/users\/1"}],"replies":[{"embeddable":true,"href":"https:\/\/healing-memories.lu\/index.php?rest_route=%2Fwp%2Fv2%2Fcomments&post=359"}],"version-history":[{"count":29,"href":"https:\/\/healing-memories.lu\/index.php?rest_route=\/wp\/v2\/pages\/359\/revisions"}],"predecessor-version":[{"id":6436,"href":"https:\/\/healing-memories.lu\/index.php?rest_route=\/wp\/v2\/pages\/359\/revisions\/6436"}],"wp:featuredmedia":[{"embeddable":true,"href":"https:\/\/healing-memories.lu\/index.php?rest_route=\/wp\/v2\/media\/3430"}],"wp:attachment":[{"href":"https:\/\/healing-memories.lu\/index.php?rest_route=%2Fwp%2Fv2%2Fmedia&parent=359"}],"wp:term":[{"taxonomy":"folder","embeddable":true,"href":"https:\/\/healing-memories.lu\/index.php?rest_route=%2Fwp%2Fv2%2Ffolder&post=359"}],"curies":[{"name":"wp","href":"https:\/\/api.w.org\/{rel}","templated":true}]}}