{"id":361,"date":"2021-04-13T12:10:07","date_gmt":"2021-04-13T11:10:07","guid":{"rendered":"https:\/\/healing-memories.lu\/?page_id=361"},"modified":"2026-02-24T10:57:36","modified_gmt":"2026-02-24T09:57:36","slug":"objectifs","status":"publish","type":"page","link":"https:\/\/healing-memories.lu\/?page_id=361","title":{"rendered":"Mission"},"content":{"rendered":"\n<div class=\"wp-block-columns is-layout-flex wp-container-core-columns-is-layout-9d6595d7 wp-block-columns-is-layout-flex\">\n<div class=\"wp-block-column is-layout-flow wp-block-column-is-layout-flow\" style=\"flex-basis:100%\">\n<div class=\"wp-block-group alignfull\"><div class=\"wp-block-group__inner-container is-layout-flow wp-block-group-is-layout-flow\">\n<div class=\"wp-block-media-text alignwide has-media-on-the-right is-stacked-on-mobile\" style=\"grid-template-columns:auto 51%\"><figure class=\"wp-block-media-text__media\"><img loading=\"lazy\" decoding=\"async\" width=\"612\" height=\"408\" src=\"https:\/\/healing-memories.lu\/wp-content\/uploads\/2021\/05\/Paix-mains.jpg\" alt=\"\" class=\"wp-image-1491 size-full\" srcset=\"https:\/\/healing-memories.lu\/wp-content\/uploads\/2021\/05\/Paix-mains.jpg 612w, https:\/\/healing-memories.lu\/wp-content\/uploads\/2021\/05\/Paix-mains-300x200.jpg 300w\" sizes=\"auto, (max-width: 612px) 100vw, 612px\" \/><\/figure><div class=\"wp-block-media-text__content\">\n<p>Healing of Memories Luxembourg, \u00e0 l\u2019instar de l\u2019<a rel=\"noreferrer noopener\" href=\"https:\/\/healing-memories.org\/\" target=\"_blank\">IHOM<\/a>, se donne pour mission d\u2019accompagner toute personne qui porte les blessures physiques, psychiques, \u00e9motionnelles, d\u2019un pass\u00e9 douloureux sur la voie de la gu\u00e9rison et de l\u2019int\u00e9grit\u00e9 retrouv\u00e9e. A travers les d\u00e9marches de gu\u00e9rison individuelle, nous cherchons \u00e0 contribuer \u00e0 la gu\u00e9rison collective, et ainsi \u00e0 la paix et \u00e0 la justice dans le monde.<\/p>\n<\/div><\/div>\n<\/div><\/div>\n<\/div>\n<\/div>\n\n\n\n<div style=\"height:20px\" aria-hidden=\"true\" class=\"wp-block-spacer\"><\/div>\n\n\n\n<div class=\"wp-block-columns is-layout-flex wp-container-core-columns-is-layout-9d6595d7 wp-block-columns-is-layout-flex\">\n<div class=\"wp-block-column is-layout-flow wp-block-column-is-layout-flow\" style=\"flex-basis:100%\">\n<div class=\"wp-block-group alignwide\"><div class=\"wp-block-group__inner-container is-layout-flow wp-block-group-is-layout-flow\">\n<div class=\"wp-block-media-text alignwide is-stacked-on-mobile\" style=\"grid-template-columns:26% auto\"><figure class=\"wp-block-media-text__media\"><img loading=\"lazy\" decoding=\"async\" width=\"787\" height=\"1024\" src=\"https:\/\/healing-memories.lu\/wp-content\/uploads\/2021\/05\/Target-1-787x1024.jpg\" alt=\"\" class=\"wp-image-1749 size-full\" srcset=\"https:\/\/healing-memories.lu\/wp-content\/uploads\/2021\/05\/Target-1-787x1024.jpg 787w, https:\/\/healing-memories.lu\/wp-content\/uploads\/2021\/05\/Target-1-230x300.jpg 230w, https:\/\/healing-memories.lu\/wp-content\/uploads\/2021\/05\/Target-1-768x1000.jpg 768w, https:\/\/healing-memories.lu\/wp-content\/uploads\/2021\/05\/Target-1-1180x1536.jpg 1180w, https:\/\/healing-memories.lu\/wp-content\/uploads\/2021\/05\/Target-1-1573x2048.jpg 1573w, https:\/\/healing-memories.lu\/wp-content\/uploads\/2021\/05\/Target-1.jpg 1919w\" sizes=\"auto, (max-width: 787px) 100vw, 787px\" \/><\/figure><div class=\"wp-block-media-text__content\">\n<p class=\"has-medium-font-size\"><strong><span class=\"has-inline-color has-secondary-color\">Nos objectifs<\/span><\/strong><\/p>\n\n\n\n<p>Nous proposons des ateliers de gu\u00e9rison des m\u00e9moires au Luxembourg et, avec nos partenaires, dans d\u2019autres pays europ\u00e9ens \u2026<\/p>\n\n\n\n<div class=\"wp-block-buttons is-layout-flex wp-block-buttons-is-layout-flex\">\n<div class=\"wp-block-button\"><a class=\"wp-block-button__link\" href=\"https:\/\/healing-memories.lu\/?page_id=704\">lire la suite &gt;&gt;<\/a><\/div>\n<\/div>\n\n\n\n<p><\/p>\n<\/div><\/div>\n<\/div><\/div>\n<\/div>\n<\/div>\n\n\n\n<p id=\"block-12068b76-48b2-45ca-b72e-ed1530667b37\"><\/p>\n\n\n\n<div class=\"wp-block-columns is-layout-flex wp-container-core-columns-is-layout-9d6595d7 wp-block-columns-is-layout-flex\">\n<div class=\"wp-block-column is-layout-flow wp-block-column-is-layout-flow\" style=\"flex-basis:100%\">\n<div class=\"wp-block-media-text alignwide has-media-on-the-right is-stacked-on-mobile\" style=\"grid-template-columns:auto 34%\"><figure class=\"wp-block-media-text__media\"><img loading=\"lazy\" decoding=\"async\" width=\"1024\" height=\"610\" src=\"https:\/\/healing-memories.lu\/wp-content\/uploads\/2021\/05\/Parchelin-1024x610.jpg\" alt=\"\" class=\"wp-image-1762 size-full\" srcset=\"https:\/\/healing-memories.lu\/wp-content\/uploads\/2021\/05\/Parchelin-1024x610.jpg 1024w, https:\/\/healing-memories.lu\/wp-content\/uploads\/2021\/05\/Parchelin-300x179.jpg 300w, https:\/\/healing-memories.lu\/wp-content\/uploads\/2021\/05\/Parchelin-768x457.jpg 768w, https:\/\/healing-memories.lu\/wp-content\/uploads\/2021\/05\/Parchelin-1536x915.jpg 1536w, https:\/\/healing-memories.lu\/wp-content\/uploads\/2021\/05\/Parchelin.jpg 2000w\" sizes=\"auto, (max-width: 1024px) 100vw, 1024px\" \/><\/figure><div class=\"wp-block-media-text__content\">\n<p class=\"has-medium-font-size\"><strong><span class=\"has-inline-color has-secondary-color\">Statuts<\/span><\/strong><\/p>\n\n\n\n<p>Lors de son Assembl\u00e9e constitutive du 28 novembre 2020, notre association s&rsquo;est dot\u00e9e des Statuts &#8230; <\/p>\n\n\n\n<div class=\"wp-block-buttons is-layout-flex wp-block-buttons-is-layout-flex\">\n<div class=\"wp-block-button\"><a class=\"wp-block-button__link\" href=\"https:\/\/healing-memories.lu\/?page_id=706\">lire la suite &gt;&gt;<\/a><\/div>\n<\/div>\n<\/div><\/div>\n<\/div>\n<\/div>\n\n\n\n<p><\/p>\n","protected":false},"excerpt":{"rendered":"<p>Healing of Memories Luxembourg, \u00e0 l\u2019instar de l\u2019IHOM, se donne pour mission d\u2019accompagner toute personne qui porte les blessures physiques, psychiques, \u00e9motionnelles, d\u2019un pass\u00e9 douloureux [&#8230;]<\/p>\n","protected":false},"author":1,"featured_media":0,"parent":0,"menu_order":0,"comment_status":"closed","ping_status":"closed","template":"","meta":{"footnotes":""},"folder":[],"class_list":["post-361","page","type-page","status-publish","hentry"],"aioseo_notices":[],"_links":{"self":[{"href":"https:\/\/healing-memories.lu\/index.php?rest_route=\/wp\/v2\/pages\/361","targetHints":{"allow":["GET"]}}],"collection":[{"href":"https:\/\/healing-memories.lu\/index.php?rest_route=\/wp\/v2\/pages"}],"about":[{"href":"https:\/\/healing-memories.lu\/index.php?rest_route=\/wp\/v2\/types\/page"}],"author":[{"embeddable":true,"href":"https:\/\/healing-memories.lu\/index.php?rest_route=\/wp\/v2\/users\/1"}],"replies":[{"embeddable":true,"href":"https:\/\/healing-memories.lu\/index.php?rest_route=%2Fwp%2Fv2%2Fcomments&post=361"}],"version-history":[{"count":15,"href":"https:\/\/healing-memories.lu\/index.php?rest_route=\/wp\/v2\/pages\/361\/revisions"}],"predecessor-version":[{"id":2188,"href":"https:\/\/healing-memories.lu\/index.php?rest_route=\/wp\/v2\/pages\/361\/revisions\/2188"}],"wp:attachment":[{"href":"https:\/\/healing-memories.lu\/index.php?rest_route=%2Fwp%2Fv2%2Fmedia&parent=361"}],"wp:term":[{"taxonomy":"folder","embeddable":true,"href":"https:\/\/healing-memories.lu\/index.php?rest_route=%2Fwp%2Fv2%2Ffolder&post=361"}],"curies":[{"name":"wp","href":"https:\/\/api.w.org\/{rel}","templated":true}]}}