{"id":368,"date":"2021-04-13T12:16:12","date_gmt":"2021-04-13T11:16:12","guid":{"rendered":"https:\/\/healing-memories.lu\/?page_id=368"},"modified":"2024-08-23T14:47:48","modified_gmt":"2024-08-23T13:47:48","slug":"facilitateurs","status":"publish","type":"page","link":"https:\/\/healing-memories.lu\/?page_id=368","title":{"rendered":"Facilitateurs"},"content":{"rendered":"\n<p>Au sein de notre association, une vingtaine de b\u00e9n\u00e9voles exercent le r\u00f4le de \u00ab\u00a0facilitateurs\u00a0\u00bb d&rsquo;ateliers ou se forment \u00e0 assumer ce r\u00f4le.<\/p>\n\n\n\n<p>Le terme \u00ab facilitateur \u00bb d\u00e9signe toute personne qui participe \u00e0 l\u2019animation d\u2019un atelier de gu\u00e9rison des m\u00e9moires. <\/p>\n\n\n<div class=\"wp-block-image\">\n<figure class=\"aligncenter size-large is-resized\"><img loading=\"lazy\" decoding=\"async\" width=\"1024\" height=\"694\" src=\"https:\/\/healing-memories.lu\/wp-content\/uploads\/2024\/08\/Facilitateurs-7.10.23-1024x694.jpg\" alt=\"\" class=\"wp-image-5812\" style=\"width:578px;height:auto\" srcset=\"https:\/\/healing-memories.lu\/wp-content\/uploads\/2024\/08\/Facilitateurs-7.10.23-1024x694.jpg 1024w, https:\/\/healing-memories.lu\/wp-content\/uploads\/2024\/08\/Facilitateurs-7.10.23-300x203.jpg 300w, https:\/\/healing-memories.lu\/wp-content\/uploads\/2024\/08\/Facilitateurs-7.10.23-768x521.jpg 768w, https:\/\/healing-memories.lu\/wp-content\/uploads\/2024\/08\/Facilitateurs-7.10.23.jpg 1280w\" sizes=\"auto, (max-width: 1024px) 100vw, 1024px\" \/><figcaption class=\"wp-element-caption\"><mark style=\"background-color:rgba(0, 0, 0, 0)\" class=\"has-inline-color has-secondary-color\">La plupart des membres de notre \u00e9quipe de facilitateurs, <\/mark>lors d&rsquo;une formation en octobre 2023<\/figcaption><\/figure>\n<\/div>\n\n\n<p>Les facilitateurs et facilitatrices sont l\u00e0 pour accompagner les participants dans leur cheminement pendant la dur\u00e9e de l\u2019atelier, notamment lors des \u00e9changes en petits groupes, et leur proposer un temps de retrouvailles quelques mois plus tard. Leur travail consiste avant tout, non pas \u00e0 diriger les s\u00e9ances mais, comme l\u2019indique leur nom, \u00e0 \u00ab faciliter \u00bb la prise de parole, \u00e0 favoriser une participation \u00e9quilibr\u00e9e et \u00e0 soutenir les participants sur leur chemin de gu\u00e9rison.<\/p>\n\n\n\n<p>Mais facilitateurs et facilitatrices sont avant tout des humains, avec leur propre chemin de vie, leurs propres blessures. Ils ne sont pas des professionnels de la sant\u00e9 mentale ou de l\u2019accompagnement psychologique ; il est important qu\u2019ils soient, eux aussi, sur leur chemin de gu\u00e9rison, et \u00e0 ce titre ils participent pleinement aux ateliers.<\/p>\n\n\n<div class=\"wp-block-image is-style-rounded\">\n<figure class=\"aligncenter size-full is-resized\"><img loading=\"lazy\" decoding=\"async\" width=\"469\" height=\"352\" src=\"https:\/\/healing-memories.lu\/wp-content\/uploads\/2022\/10\/Atelier-2-1-edited.png\" alt=\"\" class=\"wp-image-4227\" style=\"width:556px;height:auto\" srcset=\"https:\/\/healing-memories.lu\/wp-content\/uploads\/2022\/10\/Atelier-2-1-edited.png 469w, https:\/\/healing-memories.lu\/wp-content\/uploads\/2022\/10\/Atelier-2-1-edited-300x225.png 300w\" sizes=\"auto, (max-width: 469px) 100vw, 469px\" \/><\/figure>\n<\/div>\n\n\n<p>Ils sont form\u00e9s sp\u00e9cifiquement \u00e0 la m\u00e9thode de gu\u00e9rison des m\u00e9moires et \u00e0 l\u2019accompagnement du processus, et reconnus comme facilitateurs par l\u2019<em>Institute for Healing of Memories <\/em>du Cap.<\/p>\n\n\n\n<p>Des co-facilitateurs, ou facilitateurs en cours de formation, peuvent \u00e9galement \u00eatre appel\u00e9s \u00e0 prendre part aux ateliers comme assistants des facilitateurs agr\u00e9\u00e9s.<\/p>\n\n\n\n<p>Chaque atelier est men\u00e9 par un ou deux facilitateurs principaux, qui assurent la coh\u00e9rence de l\u2019ensemble.<\/p>\n\n\n\n<p>Tous les facilitateurs et co-facilitateurs actuels ont \u00e9t\u00e9 form\u00e9s au Luxembourg, directement par Michael Lapsley, fondateur de la m\u00e9thode.<\/p>\n","protected":false},"excerpt":{"rendered":"<p>Au sein de notre association, une vingtaine de b\u00e9n\u00e9voles exercent le r\u00f4le de \u00ab\u00a0facilitateurs\u00a0\u00bb d&rsquo;ateliers ou se forment \u00e0 assumer ce r\u00f4le. Le terme \u00ab [&#8230;]<\/p>\n","protected":false},"author":1,"featured_media":0,"parent":0,"menu_order":0,"comment_status":"closed","ping_status":"closed","template":"","meta":{"footnotes":""},"folder":[],"class_list":["post-368","page","type-page","status-publish","hentry"],"aioseo_notices":[],"_links":{"self":[{"href":"https:\/\/healing-memories.lu\/index.php?rest_route=\/wp\/v2\/pages\/368","targetHints":{"allow":["GET"]}}],"collection":[{"href":"https:\/\/healing-memories.lu\/index.php?rest_route=\/wp\/v2\/pages"}],"about":[{"href":"https:\/\/healing-memories.lu\/index.php?rest_route=\/wp\/v2\/types\/page"}],"author":[{"embeddable":true,"href":"https:\/\/healing-memories.lu\/index.php?rest_route=\/wp\/v2\/users\/1"}],"replies":[{"embeddable":true,"href":"https:\/\/healing-memories.lu\/index.php?rest_route=%2Fwp%2Fv2%2Fcomments&post=368"}],"version-history":[{"count":26,"href":"https:\/\/healing-memories.lu\/index.php?rest_route=\/wp\/v2\/pages\/368\/revisions"}],"predecessor-version":[{"id":5817,"href":"https:\/\/healing-memories.lu\/index.php?rest_route=\/wp\/v2\/pages\/368\/revisions\/5817"}],"wp:attachment":[{"href":"https:\/\/healing-memories.lu\/index.php?rest_route=%2Fwp%2Fv2%2Fmedia&parent=368"}],"wp:term":[{"taxonomy":"folder","embeddable":true,"href":"https:\/\/healing-memories.lu\/index.php?rest_route=%2Fwp%2Fv2%2Ffolder&post=368"}],"curies":[{"name":"wp","href":"https:\/\/api.w.org\/{rel}","templated":true}]}}