{"id":371,"date":"2021-04-13T12:25:21","date_gmt":"2021-04-13T11:25:21","guid":{"rendered":"https:\/\/healing-memories.lu\/?page_id=371"},"modified":"2021-08-19T17:23:59","modified_gmt":"2021-08-19T16:23:59","slug":"healing-of-memories-dans-le-monde","status":"publish","type":"page","link":"https:\/\/healing-memories.lu\/?page_id=371","title":{"rendered":"La gu\u00e9rison des m\u00e9moires dans le monde"},"content":{"rendered":"\n<p class=\"has-secondary-color has-text-color\"><strong>Des groupes et points de contacts \u00ab\u00a0gu\u00e9rison des m\u00e9moires\u00a0\u00bb existent dans de nombreux pays du monde.<\/strong> <\/p>\n\n\n\n<div class=\"wp-block-image\"><figure class=\"aligncenter size-large\"><img loading=\"lazy\" decoding=\"async\" width=\"1024\" height=\"492\" src=\"https:\/\/healing-memories.lu\/wp-content\/uploads\/2021\/07\/HoM-World-1024x492.png\" alt=\"\" class=\"wp-image-2732\" srcset=\"https:\/\/healing-memories.lu\/wp-content\/uploads\/2021\/07\/HoM-World-1024x492.png 1024w, https:\/\/healing-memories.lu\/wp-content\/uploads\/2021\/07\/HoM-World-300x144.png 300w, https:\/\/healing-memories.lu\/wp-content\/uploads\/2021\/07\/HoM-World-768x369.png 768w, https:\/\/healing-memories.lu\/wp-content\/uploads\/2021\/07\/HoM-World.png 1211w\" sizes=\"auto, (max-width: 1024px) 100vw, 1024px\" \/><\/figure><\/div>\n\n\n\n<p class=\"has-medium-font-size\"><span class=\"has-inline-color has-secondary-color\"><strong>R\u00e9seau mondial de gu\u00e9rison des m\u00e9moires&nbsp;<\/strong><\/span><\/p>\n\n\n\n<p>S\u2019inspirant du mod\u00e8le propos\u00e9 par l\u2019IHOM en Afrique du Sud, souvent \u00e0 la suite d\u2019une visite de Michael Lapsley dans leur r\u00e9gion, de nombreux groupes de gu\u00e9rison des m\u00e9moires, tr\u00e8s divers, sont n\u00e9s progressivement dans le monde. En 2019, se mettait en place le\u00a0<a href=\"https:\/\/healing-memories.lu\/?page_id=2741\">R\u00e9seau mondial de gu\u00e9rison des m\u00e9moires<\/a>, qui r\u00e9unit tous ces groupes.<\/p>\n\n\n\n<div style=\"height:6px\" aria-hidden=\"true\" class=\"wp-block-spacer\"><\/div>\n\n\n\n<p style=\"font-size:2em\"><strong><span class=\"has-inline-color has-secondary-color\"><strong>Autres sites&nbsp;\u201cGu\u00e9rison des m\u00e9moires\u201d<\/strong><\/span><\/strong><\/p>\n\n\n\n<p class=\"has-medium-font-size\"><strong><span class=\"has-inline-color has-secondary-color\">en Afrique du Sud  <\/span><\/strong> <\/p>\n\n\n\n<p>L\u2019Institut pour la gu\u00e9rison des m\u00e9moires (<a href=\"https:\/\/healing-memories.org\/\" target=\"_blank\" rel=\"noreferrer noopener\">Institute for Healing of Memories \u2013 IHOM<\/a>) a \u00e9t\u00e9 fond\u00e9 en 1998 en Afrique du Sud par <a href=\"https:\/\/healing-memories.lu\/?page_id=909\">Michael Lapsley<\/a>.<\/p>\n\n\n\n<div style=\"height:6px\" aria-hidden=\"true\" class=\"wp-block-spacer\"><\/div>\n\n\n\n<p class=\"has-medium-font-size\"><strong><span class=\"has-inline-color has-secondary-color\">aux Etats-Unis<\/span><\/strong><\/p>\n\n\n\n<p>En mars 1999, le premier atelier de gu\u00e9rison des m\u00e9moires aux Etats-Unis s&rsquo;est tenu \u00e0 New York. Ce fut un grand succ\u00e8s, et des facilitateurs ont \u00e9t\u00e9 form\u00e9s \u00e0 la suite pour offrir des ateliers r\u00e9guliers aux Etats-Unis. L&rsquo;<em><a href=\"https:\/\/healingmemoriesna.org\/\" target=\"_blank\" rel=\"noreferrer noopener\">Institute for Healing of Memories-North America<\/a><\/em> existe officiellement depuis 2009, enregistr\u00e9 dans l&rsquo;Etat du Delaware, avec des groupes dans une demi-douzaine d&rsquo;autres Etats..  <\/p>\n\n\n\n<div style=\"height:6px\" aria-hidden=\"true\" class=\"wp-block-spacer\"><\/div>\n\n\n\n<p class=\"has-medium-font-size\"><strong><span class=\"has-inline-color has-secondary-color\">au Canada<\/span><\/strong><\/p>\n\n\n\n<p>Au Canada, le&nbsp;<a href=\"http:\/\/csjr.org\/guerisondesmemoires\/\" target=\"_blank\" rel=\"noreferrer noopener\">Centre des services de justice r\u00e9paratrice<\/a>&nbsp;de Montr\u00e9al a int\u00e9gr\u00e9 dans ses activit\u00e9s un programme de gu\u00e9rison des m\u00e9moires. Il offre r\u00e9guli\u00e8rement depuis 2016 des ateliers. Des repr\u00e9sentants de HOM Luxembourg ont collabor\u00e9 \u00e0&nbsp;plusieurs reprises \u00e0 l\u2019animation de ces ateliers.Un groupe de gu\u00e9rison des m\u00e9moires&nbsp;existe aussi au sein du&nbsp;<a href=\"https:\/\/edmonton.anglican.ca\/tags\/healing%20of%20memories\" target=\"_blank\" rel=\"noreferrer noopener\">dioc\u00e8se anglican d\u2019Edmonton.<\/a><\/p>\n","protected":false},"excerpt":{"rendered":"<p>Des groupes et points de contacts \u00ab\u00a0gu\u00e9rison des m\u00e9moires\u00a0\u00bb existent dans de nombreux pays du monde. R\u00e9seau mondial de gu\u00e9rison des m\u00e9moires&nbsp; S\u2019inspirant du mod\u00e8le [&#8230;]<\/p>\n","protected":false},"author":1,"featured_media":0,"parent":0,"menu_order":0,"comment_status":"closed","ping_status":"closed","template":"","meta":{"footnotes":""},"folder":[],"class_list":["post-371","page","type-page","status-publish","hentry"],"aioseo_notices":[],"_links":{"self":[{"href":"https:\/\/healing-memories.lu\/index.php?rest_route=\/wp\/v2\/pages\/371","targetHints":{"allow":["GET"]}}],"collection":[{"href":"https:\/\/healing-memories.lu\/index.php?rest_route=\/wp\/v2\/pages"}],"about":[{"href":"https:\/\/healing-memories.lu\/index.php?rest_route=\/wp\/v2\/types\/page"}],"author":[{"embeddable":true,"href":"https:\/\/healing-memories.lu\/index.php?rest_route=\/wp\/v2\/users\/1"}],"replies":[{"embeddable":true,"href":"https:\/\/healing-memories.lu\/index.php?rest_route=%2Fwp%2Fv2%2Fcomments&post=371"}],"version-history":[{"count":27,"href":"https:\/\/healing-memories.lu\/index.php?rest_route=\/wp\/v2\/pages\/371\/revisions"}],"predecessor-version":[{"id":2806,"href":"https:\/\/healing-memories.lu\/index.php?rest_route=\/wp\/v2\/pages\/371\/revisions\/2806"}],"wp:attachment":[{"href":"https:\/\/healing-memories.lu\/index.php?rest_route=%2Fwp%2Fv2%2Fmedia&parent=371"}],"wp:term":[{"taxonomy":"folder","embeddable":true,"href":"https:\/\/healing-memories.lu\/index.php?rest_route=%2Fwp%2Fv2%2Ffolder&post=371"}],"curies":[{"name":"wp","href":"https:\/\/api.w.org\/{rel}","templated":true}]}}