{"id":379,"date":"2021-04-13T12:42:29","date_gmt":"2021-04-13T11:42:29","guid":{"rendered":"https:\/\/healing-memories.lu\/?page_id=379"},"modified":"2025-11-08T13:59:42","modified_gmt":"2025-11-08T12:59:42","slug":"faites-lexperience-de-la-guerison-des-memoires","status":"publish","type":"page","link":"https:\/\/healing-memories.lu\/?page_id=379","title":{"rendered":"Ateliers de gu\u00e9rison des m\u00e9moires"},"content":{"rendered":"\n<p class=\"has-medium-font-size\"><mark style=\"background-color:rgba(0, 0, 0, 0)\" class=\"has-inline-color has-primary-color\"><strong>L&rsquo;atelier, qu&rsquo;est-ce que c&rsquo;est ?<\/strong><\/mark><\/p>\n\n\n\n<p>Chacun de nous a une histoire, un parcours de vie \u00e0 raconter. Nos vies sont marqu\u00e9es par des \u00e9pisodes plus ou moins douloureux. Traumatismes de jeunesse, regrets, traitements injustes, ruptures, violences, conflits, deuils&#8230; Des \u00e9v\u00e8nements r\u00e9cents peuvent r\u00e9veiller en nous des souvenirs anciens, rouvrir des blessures.<\/p>\n\n\n<div class=\"wp-block-image is-style-rounded\">\n<figure class=\"aligncenter is-resized\"><img loading=\"lazy\" decoding=\"async\" width=\"1024\" height=\"607\" src=\"https:\/\/healing-memories.lu\/wp-content\/uploads\/2023\/09\/IMG-9674-1024x607.jpg\" alt=\"\" class=\"wp-image-4748\" style=\"width:467px;height:277px\" srcset=\"https:\/\/healing-memories.lu\/wp-content\/uploads\/2023\/09\/IMG-9674-1024x607.jpg 1024w, https:\/\/healing-memories.lu\/wp-content\/uploads\/2023\/09\/IMG-9674-300x178.jpg 300w, https:\/\/healing-memories.lu\/wp-content\/uploads\/2023\/09\/IMG-9674-768x455.jpg 768w, https:\/\/healing-memories.lu\/wp-content\/uploads\/2023\/09\/IMG-9674-1320x782.jpg 1320w, https:\/\/healing-memories.lu\/wp-content\/uploads\/2023\/09\/IMG-9674.jpg 1434w\" sizes=\"auto, (max-width: 1024px) 100vw, 1024px\" \/><\/figure>\n<\/div>\n\n\n<p>L\u2019atelier de gu\u00e9rison des m\u00e9moires offre une occasion de reconna\u00eetre les blessures \u00e9motionnelles que nous portons sur les plans individuel et collectif (famille, communaut\u00e9, nation). Il offre aussi un espace de s\u00e9curit\u00e9 o\u00f9 nous pouvons raconter notre histoire personnelle dans la confiance et le respect. Lorsque mon histoire est partag\u00e9e, reconnue et respect\u00e9e, je peux faire un pas vers la gu\u00e9rison des blessures personnelles et interpersonnelles. Il n\u2019y a pas d\u2019observateurs dans l\u2019atelier. Chacun participe \u00e0 part enti\u00e8re, y compris les animateurs.<\/p>\n\n\n\n<hr class=\"wp-block-separator has-alpha-channel-opacity is-style-dots\"\/>\n\n\n\n<hr class=\"wp-block-separator has-alpha-channel-opacity\"\/>\n\n\n\n<p class=\"has-text-align-center\" style=\"font-size:34px\"><mark style=\"background-color:rgba(0, 0, 0, 0)\" class=\"has-inline-color has-primary-color\"><strong>Ils t\u00e9moignent de leur exp\u00e9rience de la <\/strong><\/mark><br><mark style=\"background-color:rgba(0, 0, 0, 0)\" class=\"has-inline-color has-primary-color\"><strong>gu\u00e9rison des m\u00e9moires<\/strong><\/mark><\/p>\n\n\n\n<div class=\"wp-block-media-text is-stacked-on-mobile\" style=\"grid-template-columns:55% auto\"><figure class=\"wp-block-media-text__media\"><img loading=\"lazy\" decoding=\"async\" width=\"1024\" height=\"576\" src=\"https:\/\/healing-memories.lu\/wp-content\/uploads\/2025\/11\/Presentation2-1024x576.jpg\" alt=\"\" class=\"wp-image-7001 size-full\" srcset=\"https:\/\/healing-memories.lu\/wp-content\/uploads\/2025\/11\/Presentation2-1024x576.jpg 1024w, https:\/\/healing-memories.lu\/wp-content\/uploads\/2025\/11\/Presentation2-300x169.jpg 300w, https:\/\/healing-memories.lu\/wp-content\/uploads\/2025\/11\/Presentation2-768x432.jpg 768w, https:\/\/healing-memories.lu\/wp-content\/uploads\/2025\/11\/Presentation2.jpg 1280w\" sizes=\"auto, (max-width: 1024px) 100vw, 1024px\" \/><\/figure><div class=\"wp-block-media-text__content\">\n<p>\u00c0 travers de courtes vid\u00e9os, des participantes et participants partagent leur exp\u00e9rience v\u00e9cue lors des ateliers de gu\u00e9rison des m\u00e9moires.<\/p>\n\n\n\n<div class=\"wp-block-buttons is-layout-flex wp-block-buttons-is-layout-flex\">\n<div class=\"wp-block-button\"><a class=\"wp-block-button__link wp-element-button\" href=\"https:\/\/healing-memories.lu\/?page_id=6928\">D\u00e9couvrir les t\u00e9moignages &gt;&gt;<\/a><\/div>\n<\/div>\n<\/div><\/div>\n\n\n\n<p class=\"has-text-align-center\" style=\"font-size:18px\"><strong>Autres t\u00e9moignages<\/strong> <strong>:<\/strong><\/p>\n\n\n\n<p><em>\u201cLa crainte de transmettre \u00e0 mes enfants des souvenirs empoisonn\u00e9s me poursuit et me hante parfois. L\u2019atelier m\u2019a permis de commencer \u00e0 gu\u00e9rir ces souvenirs et, \u00e0 partir de l\u00e0, d\u2019envisager le pardon. Pour moi c\u2019\u00e9tait comme vivre une oasis dans le d\u00e9sert.\u201d<\/em><\/p>\n\n\n\n<p class=\"has-text-align-left\"><em>\u201cL\u2019atelier m\u2019a permis de soigner les plaies ouvertes et douloureuses inflig\u00e9es par la vie. Y participer a \u00e9t\u00e9 un premier pas, d\u00e9terminant, qui m\u2019a aid\u00e9 \u00e0 me remettre debout et \u00e0 avancer avec confiance et s\u00e9r\u00e9nit\u00e9.\u201d<\/em><\/p>\n\n\n\n<div class=\"wp-block-buttons is-layout-flex wp-block-buttons-is-layout-flex\">\n<div class=\"wp-block-button\"><a class=\"wp-block-button__link has-small-font-size has-text-align-center has-custom-font-size wp-element-button\" href=\"https:\/\/healing-memories.lu\/?page_id=5852\" style=\"border-radius:0px\">Informations sur le prochain atelier &gt;&gt;<\/a><\/div>\n\n\n\n<div class=\"wp-block-button\"><a class=\"wp-block-button__link has-small-font-size has-text-align-center has-custom-font-size wp-element-button\" href=\"https:\/\/healing-memories.lu\/?page_id=335\" style=\"border-radius:0px\">Demande d&rsquo;inscription au prochain atelier &gt;&gt;<\/a><\/div>\n<\/div>\n\n\n\n<hr class=\"wp-block-separator has-alpha-channel-opacity is-style-dots\"\/>\n\n\n\n<p class=\"has-medium-font-size\"><strong><mark style=\"background-color:rgba(0, 0, 0, 0)\" class=\"has-inline-color has-primary-color\">L&rsquo; atelier : un pas vers la paix int\u00e9rieure<\/mark><\/strong><\/p>\n\n\n\n<p>Nous aimons nous laisser porter par tous les souvenirs agr\u00e9ables que nous gardons de la vie. Mais, lorsque le pass\u00e9 a \u00e9t\u00e9 plus douloureux, il est difficile de vivre avec.<\/p>\n\n\n<div class=\"wp-block-image\">\n<figure class=\"aligncenter size-large is-resized\"><img loading=\"lazy\" decoding=\"async\" width=\"1024\" height=\"683\" src=\"https:\/\/healing-memories.lu\/wp-content\/uploads\/2024\/08\/roman-kraft-7sPg5OLfExc-unsplash-1024x683.jpg\" alt=\"\" class=\"wp-image-5925\" style=\"width:408px;height:auto\" srcset=\"https:\/\/healing-memories.lu\/wp-content\/uploads\/2024\/08\/roman-kraft-7sPg5OLfExc-unsplash-1024x683.jpg 1024w, https:\/\/healing-memories.lu\/wp-content\/uploads\/2024\/08\/roman-kraft-7sPg5OLfExc-unsplash-300x200.jpg 300w, https:\/\/healing-memories.lu\/wp-content\/uploads\/2024\/08\/roman-kraft-7sPg5OLfExc-unsplash-768x512.jpg 768w, https:\/\/healing-memories.lu\/wp-content\/uploads\/2024\/08\/roman-kraft-7sPg5OLfExc-unsplash-1536x1024.jpg 1536w, https:\/\/healing-memories.lu\/wp-content\/uploads\/2024\/08\/roman-kraft-7sPg5OLfExc-unsplash-2048x1365.jpg 2048w, https:\/\/healing-memories.lu\/wp-content\/uploads\/2024\/08\/roman-kraft-7sPg5OLfExc-unsplash-1320x880.jpg 1320w\" sizes=\"auto, (max-width: 1024px) 100vw, 1024px\" \/><\/figure>\n<\/div>\n\n\n<p>Nous pouvons \u00eatre tent\u00e9s d\u2019ignorer<em>,&nbsp;<\/em>de refouler les blessures du pass\u00e9, dans l\u2019espoir que le temps finira par tout effacer. Cependant le pass\u00e9 est inscrit en nous, les souvenirs restent. Les \u00e9v\u00e8nements les plus marquants de notre vie laissent une empreinte et conditionnent \u2013 parfois inconsciemment \u2013 notre mani\u00e8re d\u2019\u00eatre, d\u2019agir. Ils peuvent m\u00eame cr\u00e9er un blocage, nous emp\u00eachant de nous \u00e9panouir.<\/p>\n\n\n\n<p>L\u2019atelier de gu\u00e9rison des m\u00e9moires nous offre l\u2019occasion de nous arr\u00eater, de faire une halte, de relire notre histoire, de revoir notre pass\u00e9. Il permet de mettre le doigt sur les blessures encore ouvertes qui nous immobilisent et de nous mettre en chemin.<\/p>\n\n\n\n<p><strong>Nous vous invitons vivement \u00e0 participer \u00e0 l\u2019atelier de gu\u00e9rison des m\u00e9moires.<\/strong> Nous ne vous promettons pas un miracle, mais nous vous assurons d\u2019un pas vers la gu\u00e9rison.<\/p>\n\n\n\n<hr class=\"wp-block-separator has-alpha-channel-opacity is-style-dots\"\/>\n\n\n\n<p class=\"has-medium-font-size\"><strong><mark style=\"background-color:rgba(0, 0, 0, 0)\" class=\"has-inline-color has-primary-color\">L&rsquo;atelier : est-ce pour moi ?<\/mark><\/strong><\/p>\n\n\n\n<p class=\"has-text-align-center has-medium-font-size\"><mark style=\"background-color:rgba(0, 0, 0, 0)\" class=\"has-inline-color has-black-color\">Une vid\u00e9o pour y r\u00e9fl\u00e9chir<\/mark><\/p>\n\n\n\n<figure class=\"wp-block-embed is-type-video is-provider-youtube wp-block-embed-youtube wp-embed-aspect-16-9 wp-has-aspect-ratio\"><div class=\"wp-block-embed__wrapper\">\n <div class=\"brlbs-cmpnt-container brlbs-cmpnt-content-blocker brlbs-cmpnt-with-individual-styles\" data-borlabs-cookie-content-blocker-id=\"youtube-content-blocker\" data-borlabs-cookie-content=\"PGlmcmFtZSB0aXRsZT0iTWljaGFlbCBMYXBzbGV5IEF0ZWxpZXIgR3XDqXJpc29uIGRlcyBtw6ltb2lyZXMgQ1NKUi1JSE9NIiB3aWR0aD0iODAwIiBoZWlnaHQ9IjQ1MCIgc3JjPSJodHRwczovL3d3dy55b3V0dWJlLW5vY29va2llLmNvbS9lbWJlZC83bGEyX0pWbU1NND9mZWF0dXJlPW9lbWJlZCIgZnJhbWVib3JkZXI9IjAiIGFsbG93PSJhY2NlbGVyb21ldGVyOyBhdXRvcGxheTsgY2xpcGJvYXJkLXdyaXRlOyBlbmNyeXB0ZWQtbWVkaWE7IGd5cm9zY29wZTsgcGljdHVyZS1pbi1waWN0dXJlOyB3ZWItc2hhcmUiIHJlZmVycmVycG9saWN5PSJzdHJpY3Qtb3JpZ2luLXdoZW4tY3Jvc3Mtb3JpZ2luIiBhbGxvd2Z1bGxzY3JlZW4+PC9pZnJhbWU+\"><div class=\"brlbs-cmpnt-cb-preset-c brlbs-cmpnt-cb-youtube\"> <div class=\"brlbs-cmpnt-cb-thumbnail\" style=\"background-image: url('https:\/\/healing-memories.lu\/wp-content\/uploads\/borlabs-cookie\/1\/yt_7la2_JVmMM4_hqdefault.jpg')\"><\/div> <div class=\"brlbs-cmpnt-cb-main\"> <div class=\"brlbs-cmpnt-cb-play-button\"><\/div> <div class=\"brlbs-cmpnt-cb-content\"> <p class=\"brlbs-cmpnt-cb-description\">Vous \u00eates actuellement en train de consulter le contenu d&rsquo;un espace r\u00e9serv\u00e9 de <strong>YouTube<\/strong>. Pour acc\u00e9der au contenu r\u00e9el, cliquez sur le bouton ci-dessous. Veuillez noter que ce faisant, des donn\u00e9es seront partag\u00e9es avec des providers tiers.<\/p> <a class=\"brlbs-cmpnt-cb-provider-toggle\" href=\"#\" data-borlabs-cookie-show-provider-information role=\"button\">Plus d&rsquo;informations<\/a> <\/div> <div class=\"brlbs-cmpnt-cb-buttons\"> <a class=\"brlbs-cmpnt-cb-btn\" href=\"#\" data-borlabs-cookie-unblock role=\"button\">D\u00e9bloquer le contenu<\/a> <a class=\"brlbs-cmpnt-cb-btn\" href=\"#\" data-borlabs-cookie-accept-service role=\"button\" style=\"display: inherit\">Accepter le service requis et d\u00e9bloquer les contenus<\/a> <\/div> <\/div> <\/div><\/div>\n<\/div><\/figure>\n\n\n\n<div style=\"height:15px\" aria-hidden=\"true\" class=\"wp-block-spacer\"><\/div>\n\n\n\n<p class=\"has-text-align-center has-medium-font-size\"><mark style=\"background-color:rgba(0, 0, 0, 0)\" class=\"has-inline-color has-black-color\">&#8230;et pour en savoir plus sur Michael Lapsley et l&rsquo;Institut pour la gu\u00e9rison des m\u00e9moires :<\/mark><\/p>\n\n\n\n<figure class=\"wp-block-embed is-type-video is-provider-youtube wp-block-embed-youtube wp-embed-aspect-16-9 wp-has-aspect-ratio\"><div class=\"wp-block-embed__wrapper\">\n <div class=\"brlbs-cmpnt-container brlbs-cmpnt-content-blocker brlbs-cmpnt-with-individual-styles\" data-borlabs-cookie-content-blocker-id=\"youtube-content-blocker\" data-borlabs-cookie-content=\"PGlmcmFtZSB0aXRsZT0iTCYjMDM5O2hpc3RvaXJlIGRlIE1pY2hhZWwgTGFwc2xleSBldCBkZSBsYSBmb25kYXRpb24gZGUgbCYjMDM5O0luc3RpdHV0IHBvdXIgbGEgZ3XDqXJpc29uIGRlcyBtw6ltb2lyZXMiIHdpZHRoPSI4MDAiIGhlaWdodD0iNDUwIiBzcmM9Imh0dHBzOi8vd3d3LnlvdXR1YmUtbm9jb29raWUuY29tL2VtYmVkL2ZSdFFIdjV6emFRP2ZlYXR1cmU9b2VtYmVkIiBmcmFtZWJvcmRlcj0iMCIgYWxsb3c9ImFjY2VsZXJvbWV0ZXI7IGF1dG9wbGF5OyBjbGlwYm9hcmQtd3JpdGU7IGVuY3J5cHRlZC1tZWRpYTsgZ3lyb3Njb3BlOyBwaWN0dXJlLWluLXBpY3R1cmU7IHdlYi1zaGFyZSIgcmVmZXJyZXJwb2xpY3k9InN0cmljdC1vcmlnaW4td2hlbi1jcm9zcy1vcmlnaW4iIGFsbG93ZnVsbHNjcmVlbj48L2lmcmFtZT4=\"><div class=\"brlbs-cmpnt-cb-preset-c brlbs-cmpnt-cb-youtube\"> <div class=\"brlbs-cmpnt-cb-thumbnail\" style=\"background-image: url('https:\/\/healing-memories.lu\/wp-content\/uploads\/borlabs-cookie\/1\/yt_fRtQHv5zzaQ_hqdefault.jpg')\"><\/div> <div class=\"brlbs-cmpnt-cb-main\"> <div class=\"brlbs-cmpnt-cb-play-button\"><\/div> <div class=\"brlbs-cmpnt-cb-content\"> <p class=\"brlbs-cmpnt-cb-description\">Vous \u00eates actuellement en train de consulter le contenu d&rsquo;un espace r\u00e9serv\u00e9 de <strong>YouTube<\/strong>. Pour acc\u00e9der au contenu r\u00e9el, cliquez sur le bouton ci-dessous. Veuillez noter que ce faisant, des donn\u00e9es seront partag\u00e9es avec des providers tiers.<\/p> <a class=\"brlbs-cmpnt-cb-provider-toggle\" href=\"#\" data-borlabs-cookie-show-provider-information role=\"button\">Plus d&rsquo;informations<\/a> <\/div> <div class=\"brlbs-cmpnt-cb-buttons\"> <a class=\"brlbs-cmpnt-cb-btn\" href=\"#\" data-borlabs-cookie-unblock role=\"button\">D\u00e9bloquer le contenu<\/a> <a class=\"brlbs-cmpnt-cb-btn\" href=\"#\" data-borlabs-cookie-accept-service role=\"button\" style=\"display: inherit\">Accepter le service requis et d\u00e9bloquer les contenus<\/a> <\/div> <\/div> <\/div><\/div>\n<\/div><\/figure>\n\n\n\n<div style=\"height:12px\" aria-hidden=\"true\" class=\"wp-block-spacer\"><\/div>\n\n\n\n<div class=\"wp-block-buttons is-layout-flex wp-block-buttons-is-layout-flex\">\n<div class=\"wp-block-button\"><a class=\"wp-block-button__link has-small-font-size has-custom-font-size wp-element-button\" href=\"https:\/\/healing-memories.lu\/?page_id=5852\" style=\"border-radius:0px\">Informations sur le prochain atelier &gt;&gt;<\/a><\/div>\n\n\n\n<div class=\"wp-block-button\"><a class=\"wp-block-button__link has-small-font-size has-custom-font-size wp-element-button\" href=\"https:\/\/healing-memories.lu\/?page_id=335\" style=\"border-radius:0px\">Demande d&rsquo;inscription au prochain atelier &gt;&gt;<\/a><\/div>\n<\/div>\n","protected":false},"excerpt":{"rendered":"<p>L&rsquo;atelier, qu&rsquo;est-ce que c&rsquo;est ? Chacun de nous a une histoire, un parcours de vie \u00e0 raconter. Nos vies sont marqu\u00e9es par des \u00e9pisodes plus [&#8230;]<\/p>\n","protected":false},"author":1,"featured_media":0,"parent":0,"menu_order":0,"comment_status":"closed","ping_status":"closed","template":"","meta":{"footnotes":""},"folder":[],"class_list":["post-379","page","type-page","status-publish","hentry"],"aioseo_notices":[],"_links":{"self":[{"href":"https:\/\/healing-memories.lu\/index.php?rest_route=\/wp\/v2\/pages\/379","targetHints":{"allow":["GET"]}}],"collection":[{"href":"https:\/\/healing-memories.lu\/index.php?rest_route=\/wp\/v2\/pages"}],"about":[{"href":"https:\/\/healing-memories.lu\/index.php?rest_route=\/wp\/v2\/types\/page"}],"author":[{"embeddable":true,"href":"https:\/\/healing-memories.lu\/index.php?rest_route=\/wp\/v2\/users\/1"}],"replies":[{"embeddable":true,"href":"https:\/\/healing-memories.lu\/index.php?rest_route=%2Fwp%2Fv2%2Fcomments&post=379"}],"version-history":[{"count":53,"href":"https:\/\/healing-memories.lu\/index.php?rest_route=\/wp\/v2\/pages\/379\/revisions"}],"predecessor-version":[{"id":7004,"href":"https:\/\/healing-memories.lu\/index.php?rest_route=\/wp\/v2\/pages\/379\/revisions\/7004"}],"wp:attachment":[{"href":"https:\/\/healing-memories.lu\/index.php?rest_route=%2Fwp%2Fv2%2Fmedia&parent=379"}],"wp:term":[{"taxonomy":"folder","embeddable":true,"href":"https:\/\/healing-memories.lu\/index.php?rest_route=%2Fwp%2Fv2%2Ffolder&post=379"}],"curies":[{"name":"wp","href":"https:\/\/api.w.org\/{rel}","templated":true}]}}