{"id":406,"date":"2021-04-13T14:38:15","date_gmt":"2021-04-13T13:38:15","guid":{"rendered":"https:\/\/healing-memories.lu\/?page_id=406"},"modified":"2022-11-14T11:36:48","modified_gmt":"2022-11-14T10:36:48","slug":"paiement-en-ligne","status":"publish","type":"page","link":"https:\/\/healing-memories.lu\/?page_id=406","title":{"rendered":"Paiement par virement bancaire"},"content":{"rendered":"\n<p>Si vous \u00eates pr\u00eats \u00e0 apporter votre soutien, merci de bien vouloir verser un\u00a0don\u00a0sur le compte indiqu\u00e9 ci-dessous.<\/p>\n\n\n\n<p>(N.B.\u00a0Ces dons sont <strong>d\u00e9ductibles fiscalement <\/strong>pour le Luxembourg\u00a0: une attestation fiscale vous sera envoy\u00e9e en d\u00e9but d\u2019ann\u00e9e.)<\/p>\n\n\n\n<p><em>Intitul\u00e9 du compte<\/em>\u00a0:\u00a0<strong>Healing of Memories \u2013 ACAT<\/strong><\/p>\n\n\n\n<p><em>IBAN\u00a0<\/em>:\u00a0<strong>LU02 0019 4955 4541 4000<\/strong><br><em>BIC<\/em>\u00a0:\u00a0<strong>BCEELULL<\/strong><\/p>\n\n\n\n<p>Merci d\u2019avance de votre g\u00e9n\u00e9rosit\u00e9 !<\/p>\n","protected":false},"excerpt":{"rendered":"<p>Si vous \u00eates pr\u00eats \u00e0 apporter votre soutien, merci de bien vouloir verser un\u00a0don\u00a0sur le compte indiqu\u00e9 ci-dessous. (N.B.\u00a0Ces dons sont d\u00e9ductibles fiscalement pour le [&#8230;]<\/p>\n","protected":false},"author":1,"featured_media":0,"parent":0,"menu_order":0,"comment_status":"closed","ping_status":"closed","template":"","meta":{"footnotes":""},"folder":[],"class_list":["post-406","page","type-page","status-publish","hentry"],"aioseo_notices":[],"_links":{"self":[{"href":"https:\/\/healing-memories.lu\/index.php?rest_route=\/wp\/v2\/pages\/406","targetHints":{"allow":["GET"]}}],"collection":[{"href":"https:\/\/healing-memories.lu\/index.php?rest_route=\/wp\/v2\/pages"}],"about":[{"href":"https:\/\/healing-memories.lu\/index.php?rest_route=\/wp\/v2\/types\/page"}],"author":[{"embeddable":true,"href":"https:\/\/healing-memories.lu\/index.php?rest_route=\/wp\/v2\/users\/1"}],"replies":[{"embeddable":true,"href":"https:\/\/healing-memories.lu\/index.php?rest_route=%2Fwp%2Fv2%2Fcomments&post=406"}],"version-history":[{"count":10,"href":"https:\/\/healing-memories.lu\/index.php?rest_route=\/wp\/v2\/pages\/406\/revisions"}],"predecessor-version":[{"id":4335,"href":"https:\/\/healing-memories.lu\/index.php?rest_route=\/wp\/v2\/pages\/406\/revisions\/4335"}],"wp:attachment":[{"href":"https:\/\/healing-memories.lu\/index.php?rest_route=%2Fwp%2Fv2%2Fmedia&parent=406"}],"wp:term":[{"taxonomy":"folder","embeddable":true,"href":"https:\/\/healing-memories.lu\/index.php?rest_route=%2Fwp%2Fv2%2Ffolder&post=406"}],"curies":[{"name":"wp","href":"https:\/\/api.w.org\/{rel}","templated":true}]}}