{"id":4108,"date":"2022-09-21T11:30:17","date_gmt":"2022-09-21T10:30:17","guid":{"rendered":"https:\/\/healing-memories.lu\/?page_id=4108"},"modified":"2022-09-21T12:11:43","modified_gmt":"2022-09-21T11:11:43","slug":"4108-2","status":"publish","type":"page","link":"https:\/\/healing-memories.lu\/?page_id=4108&lang=en","title":{"rendered":"Contributions from the Togo participants"},"content":{"rendered":"\n<p>In response to the\u00a0<a href=\"https:\/\/healing-memories.lu\/wp-content\/uploads\/2022\/07\/QUESTIONNAIRE-EN-20220315.pdf\" target=\"_blank\" rel=\"noreferrer noopener\">questionnaire<\/a> on the theme of collective wounds, the team of participants from Togo sent us the result of the reflections gathered during exchanges with a partner group, as well as some photos of this meeting. The relevant document can are available at the bottom of the page.<\/p>\n\n\n<div class=\"wp-block-image\">\n<figure class=\"aligncenter size-full is-resized\"><img loading=\"lazy\" decoding=\"async\" src=\"https:\/\/healing-memories.lu\/wp-content\/uploads\/2022\/07\/BRUNO-1.jpg\" alt=\"\" class=\"wp-image-4013\" width=\"448\" height=\"448\" srcset=\"https:\/\/healing-memories.lu\/wp-content\/uploads\/2022\/07\/BRUNO-1.jpg 410w, https:\/\/healing-memories.lu\/wp-content\/uploads\/2022\/07\/BRUNO-1-300x300.jpg 300w, https:\/\/healing-memories.lu\/wp-content\/uploads\/2022\/07\/BRUNO-1-150x150.jpg 150w, https:\/\/healing-memories.lu\/wp-content\/uploads\/2022\/07\/BRUNO-1-400x400.jpg 400w, https:\/\/healing-memories.lu\/wp-content\/uploads\/2022\/07\/BRUNO-1-110x110.jpg 110w\" sizes=\"auto, (max-width: 448px) 100vw, 448px\" \/><\/figure>\n<\/div>\n\n\n<p><em>\u00ab\u00a0La violation des droits de l\u2019homme, le d\u00e9ni de la d\u00e9mocratie, le discours de certains acteurs politiques, les manifestations pacifiques publiques non autoris\u00e9es, les conflits fonciers constituent les comportements sociaux et politiques qui provoquent encore des blessures.\u00a0\u00bb<\/em><\/p>\n\n\n<div class=\"wp-block-image\">\n<figure class=\"aligncenter size-full\"><img loading=\"lazy\" decoding=\"async\" width=\"410\" height=\"410\" src=\"https:\/\/healing-memories.lu\/wp-content\/uploads\/2022\/07\/BRUNO-5.jpg\" alt=\"\" class=\"wp-image-4015\" srcset=\"https:\/\/healing-memories.lu\/wp-content\/uploads\/2022\/07\/BRUNO-5.jpg 410w, https:\/\/healing-memories.lu\/wp-content\/uploads\/2022\/07\/BRUNO-5-300x300.jpg 300w, https:\/\/healing-memories.lu\/wp-content\/uploads\/2022\/07\/BRUNO-5-150x150.jpg 150w, https:\/\/healing-memories.lu\/wp-content\/uploads\/2022\/07\/BRUNO-5-400x400.jpg 400w, https:\/\/healing-memories.lu\/wp-content\/uploads\/2022\/07\/BRUNO-5-110x110.jpg 110w\" sizes=\"auto, (max-width: 410px) 100vw, 410px\" \/><\/figure>\n<\/div>\n\n\n<p><em>\u00ab\u00a0Les groups discrimin\u00e9s, marginalis\u00e9s, humili\u00e9s sont: les femmes, les personnes handicap\u00e9es, les militants des partis de l\u2019opposition etc\u2026\u00a0\u00bb<\/em><\/p>\n\n\n\n<figure class=\"wp-block-gallery has-nested-images columns-default is-cropped wp-block-gallery-1 is-layout-flex wp-block-gallery-is-layout-flex\">\n<figure class=\"wp-block-image size-large\"><img loading=\"lazy\" decoding=\"async\" width=\"410\" height=\"410\" data-id=\"4024\" src=\"https:\/\/healing-memories.lu\/wp-content\/uploads\/2022\/07\/BRUNO-2.jpg\" alt=\"\" class=\"wp-image-4024\" srcset=\"https:\/\/healing-memories.lu\/wp-content\/uploads\/2022\/07\/BRUNO-2.jpg 410w, https:\/\/healing-memories.lu\/wp-content\/uploads\/2022\/07\/BRUNO-2-300x300.jpg 300w, https:\/\/healing-memories.lu\/wp-content\/uploads\/2022\/07\/BRUNO-2-150x150.jpg 150w, https:\/\/healing-memories.lu\/wp-content\/uploads\/2022\/07\/BRUNO-2-400x400.jpg 400w, https:\/\/healing-memories.lu\/wp-content\/uploads\/2022\/07\/BRUNO-2-110x110.jpg 110w\" sizes=\"auto, (max-width: 410px) 100vw, 410px\" \/><\/figure>\n\n\n\n<figure class=\"wp-block-image size-large\"><img loading=\"lazy\" decoding=\"async\" width=\"413\" height=\"413\" data-id=\"4019\" src=\"https:\/\/healing-memories.lu\/wp-content\/uploads\/2022\/07\/BRUNO-4.jpg\" alt=\"\" class=\"wp-image-4019\" srcset=\"https:\/\/healing-memories.lu\/wp-content\/uploads\/2022\/07\/BRUNO-4.jpg 413w, https:\/\/healing-memories.lu\/wp-content\/uploads\/2022\/07\/BRUNO-4-300x300.jpg 300w, https:\/\/healing-memories.lu\/wp-content\/uploads\/2022\/07\/BRUNO-4-150x150.jpg 150w, https:\/\/healing-memories.lu\/wp-content\/uploads\/2022\/07\/BRUNO-4-400x400.jpg 400w, https:\/\/healing-memories.lu\/wp-content\/uploads\/2022\/07\/BRUNO-4-110x110.jpg 110w\" sizes=\"auto, (max-width: 413px) 100vw, 413px\" \/><\/figure>\n<\/figure>\n\n\n\n<div class=\"wp-block-file\"><a id=\"wp-block-file--media-ea2c15e0-2495-4f3e-86e5-8d1edbd09e61\" href=\"https:\/\/healing-memories.lu\/wp-content\/uploads\/2022\/07\/GDM-TOGO-REFLEXIONS.pdf\" target=\"_blank\" rel=\"noreferrer noopener\">R\u00e9flexions des participants du Togo<\/a><a href=\"https:\/\/healing-memories.lu\/wp-content\/uploads\/2022\/07\/GDM-TOGO-REFLEXIONS.pdf\" class=\"wp-block-file__button\" download aria-describedby=\"wp-block-file--media-ea2c15e0-2495-4f3e-86e5-8d1edbd09e61\">T\u00e9l\u00e9charger<\/a><\/div>\n","protected":false},"excerpt":{"rendered":"<p>In response to the\u00a0questionnaire on the theme of collective wounds, the team of participants from Togo sent us the result of the reflections gathered during [&#8230;]<\/p>\n","protected":false},"author":1,"featured_media":0,"parent":0,"menu_order":0,"comment_status":"closed","ping_status":"closed","template":"","meta":{"footnotes":""},"folder":[],"class_list":["post-4108","page","type-page","status-publish","hentry"],"aioseo_notices":[],"_links":{"self":[{"href":"https:\/\/healing-memories.lu\/index.php?rest_route=\/wp\/v2\/pages\/4108","targetHints":{"allow":["GET"]}}],"collection":[{"href":"https:\/\/healing-memories.lu\/index.php?rest_route=\/wp\/v2\/pages"}],"about":[{"href":"https:\/\/healing-memories.lu\/index.php?rest_route=\/wp\/v2\/types\/page"}],"author":[{"embeddable":true,"href":"https:\/\/healing-memories.lu\/index.php?rest_route=\/wp\/v2\/users\/1"}],"replies":[{"embeddable":true,"href":"https:\/\/healing-memories.lu\/index.php?rest_route=%2Fwp%2Fv2%2Fcomments&post=4108"}],"version-history":[{"count":6,"href":"https:\/\/healing-memories.lu\/index.php?rest_route=\/wp\/v2\/pages\/4108\/revisions"}],"predecessor-version":[{"id":4116,"href":"https:\/\/healing-memories.lu\/index.php?rest_route=\/wp\/v2\/pages\/4108\/revisions\/4116"}],"wp:attachment":[{"href":"https:\/\/healing-memories.lu\/index.php?rest_route=%2Fwp%2Fv2%2Fmedia&parent=4108"}],"wp:term":[{"taxonomy":"folder","embeddable":true,"href":"https:\/\/healing-memories.lu\/index.php?rest_route=%2Fwp%2Fv2%2Ffolder&post=4108"}],"curies":[{"name":"wp","href":"https:\/\/api.w.org\/{rel}","templated":true}]}}