{"id":4405,"date":"2023-03-29T11:19:47","date_gmt":"2023-03-29T10:19:47","guid":{"rendered":"https:\/\/healing-memories.lu\/?page_id=4405"},"modified":"2023-04-21T09:24:18","modified_gmt":"2023-04-21T08:24:18","slug":"premiere-edition-de-la-formation-de-facilitateurs-pour-lafrique-francophone","status":"publish","type":"page","link":"https:\/\/healing-memories.lu\/?page_id=4405","title":{"rendered":"Premi\u00e8re \u00e9dition de la formation de facilitateurs pour l&rsquo;Afrique francophone"},"content":{"rendered":"\n<p class=\"has-text-align-center\" style=\"font-size:26px\"><strong>Juillet 2022, Session de Cotonou&nbsp;: un franc succ\u00e8s&nbsp;!<\/strong><\/p>\n\n\n<div class=\"wp-block-image\">\n<figure class=\"aligncenter size-large is-resized\"><img loading=\"lazy\" decoding=\"async\" src=\"https:\/\/healing-memories.lu\/wp-content\/uploads\/2022\/09\/IMG_0992-1024x683.jpg\" alt=\"\" class=\"wp-image-4063\" width=\"614\" height=\"408\"\/><\/figure>\n<\/div>\n\n\n<p>Il y a deux ans, face \u00e0 l\u2019int\u00e9r\u00eat manifest\u00e9 par plusieurs de nos groupes partenaires africains, le groupe de <em>Healing of Memories Luxembourg<\/em> avait accept\u00e9, \u00e0 leur demande expresse, de relever le d\u00e9fi&nbsp;: offrir, avec l\u2019IHOM (Afrique du Sud), un programme de formation pour l\u2019Afrique francophone. En effet, la langue de communication de l\u2019IHOM \u00e9tant l\u2019anglais, ces partenaires ne pouvaient, jusqu\u2019\u00e0 cette date, que difficilement acc\u00e9der aux informations et aux activit\u00e9s de gu\u00e9rison des m\u00e9moires, pourtant jug\u00e9es tellement n\u00e9cessaires aux populations de leurs pays. L\u2019objectif \u00e9tait de leur permettre de s\u2019approprier la m\u00e9thode de la gu\u00e9rison des m\u00e9moires afin de pouvoir l\u2019implanter dans leur propre contexte social et culturel.<\/p>\n\n\n\n<p>Gr\u00e2ce au soutien de la Fondation Partage Luxembourg (par un accord-cadre du Gouvernement luxembourgeois) et de la Fondation du Grand-Duc et de la Grande-Duchesse, ce projet se r\u00e9alise concr\u00e8tement aujourd\u2019hui&nbsp;! Du 15 au 25 juillet dernier a eu lieu une premi\u00e8re session de formation de facilitateurs \u00e0 Cotonou (B\u00e9nin). 29 participants, provenant de 7 pays \u2013 B\u00e9nin, Burkina Faso, C\u00f4te d\u2019Ivoire, Mali, R\u00e9publique d\u00e9mocratique du Congo, S\u00e9n\u00e9gal et Togo \u2013 ont suivi assid\u00fbment cette initiation \u00e0 la gu\u00e9rison des m\u00e9moires et au r\u00f4le de facilitateur.<\/p>\n\n\n<div class=\"n2-section-smartslider fitvidsignore  n2_clear\" data-ssid=\"20\"><div id=\"n2-ss-20-align\" class=\"n2-ss-align\"><div class=\"n2-padding\"><div id=\"n2-ss-20\" data-creator=\"Smart Slider 3\" data-responsive=\"fullwidth\" class=\"n2-ss-slider n2-ow n2-has-hover n2notransition  \"><div class=\"n2-ss-slider-wrapper-outside\" style=\"grid-template-rows:1fr auto\"><div class=\"n2-ss-slider-wrapper-inside\">\n        <div class=\"n2-ss-slider-1 n2_ss__touch_element n2-ow\">\n            <div class=\"n2-ss-slider-2 n2-ow\">\n                                                <div class=\"n2-ss-slider-3 n2-ow\">\n\n                    <div class=\"n2-ss-slide-backgrounds n2-ow-all\"><div class=\"n2-ss-slide-background\" data-public-id=\"1\" data-mode=\"fit\"><div class=\"n2-ss-slide-background-image\" data-blur=\"0\" data-opacity=\"100\" data-x=\"50\" data-y=\"50\" data-alt=\"\" data-title=\"\"><picture class=\"skip-lazy\" data-skip-lazy=\"1\"><img decoding=\"async\" src=\"\/\/healing-memories.lu\/wp-content\/uploads\/2022\/09\/4STI_5271.jpg\" alt=\"\" title=\"\" loading=\"lazy\" class=\"skip-lazy\" data-skip-lazy=\"1\"><\/picture><\/div><div data-color=\"RGBA(255,255,255,0)\" style=\"background-color: RGBA(255,255,255,0);\" class=\"n2-ss-slide-background-color\"><\/div><\/div><div class=\"n2-ss-slide-background\" data-public-id=\"2\" data-mode=\"fit\" aria-hidden=\"true\"><div class=\"n2-ss-slide-background-image\" data-blur=\"0\" data-opacity=\"100\" data-x=\"50\" data-y=\"50\" data-alt=\"\" data-title=\"\"><picture class=\"skip-lazy\" data-skip-lazy=\"1\"><img decoding=\"async\" src=\"\/\/healing-memories.lu\/wp-content\/uploads\/2022\/09\/3STI_5354.jpg\" alt=\"\" title=\"\" loading=\"lazy\" class=\"skip-lazy\" data-skip-lazy=\"1\"><\/picture><\/div><div data-color=\"RGBA(255,255,255,0)\" style=\"background-color: RGBA(255,255,255,0);\" class=\"n2-ss-slide-background-color\"><\/div><\/div><div class=\"n2-ss-slide-background\" data-public-id=\"3\" data-mode=\"fit\" aria-hidden=\"true\"><div class=\"n2-ss-slide-background-image\" data-blur=\"0\" data-opacity=\"100\" data-x=\"50\" data-y=\"50\" data-alt=\"\" data-title=\"\"><picture class=\"skip-lazy\" data-skip-lazy=\"1\"><img decoding=\"async\" src=\"\/\/healing-memories.lu\/wp-content\/uploads\/2022\/09\/2STI_5263.jpg\" alt=\"\" title=\"\" loading=\"lazy\" class=\"skip-lazy\" data-skip-lazy=\"1\"><\/picture><\/div><div data-color=\"RGBA(255,255,255,0)\" style=\"background-color: RGBA(255,255,255,0);\" class=\"n2-ss-slide-background-color\"><\/div><\/div><div class=\"n2-ss-slide-background\" data-public-id=\"4\" data-mode=\"fit\" aria-hidden=\"true\"><div class=\"n2-ss-slide-background-image\" data-blur=\"0\" data-opacity=\"100\" data-x=\"50\" data-y=\"50\" data-alt=\"\" data-title=\"\"><picture class=\"skip-lazy\" data-skip-lazy=\"1\"><img decoding=\"async\" src=\"\/\/healing-memories.lu\/wp-content\/uploads\/2022\/09\/1STI_5268.jpg\" alt=\"\" title=\"\" loading=\"lazy\" class=\"skip-lazy\" data-skip-lazy=\"1\"><\/picture><\/div><div data-color=\"RGBA(255,255,255,0)\" style=\"background-color: RGBA(255,255,255,0);\" class=\"n2-ss-slide-background-color\"><\/div><\/div><div class=\"n2-ss-slide-background\" data-public-id=\"5\" data-mode=\"fit\" aria-hidden=\"true\"><div class=\"n2-ss-slide-background-image\" data-blur=\"0\" data-opacity=\"100\" data-x=\"50\" data-y=\"50\" data-alt=\"\" data-title=\"\"><picture class=\"skip-lazy\" data-skip-lazy=\"1\"><img decoding=\"async\" src=\"\/\/healing-memories.lu\/wp-content\/uploads\/2022\/09\/STI_5211-scaled.jpg\" alt=\"\" title=\"\" loading=\"lazy\" class=\"skip-lazy\" data-skip-lazy=\"1\"><\/picture><\/div><div data-color=\"RGBA(255,255,255,0)\" style=\"background-color: RGBA(255,255,255,0);\" class=\"n2-ss-slide-background-color\"><\/div><\/div><div class=\"n2-ss-slide-background\" data-public-id=\"6\" data-mode=\"fit\" aria-hidden=\"true\"><div class=\"n2-ss-slide-background-image\" data-blur=\"0\" data-opacity=\"100\" data-x=\"50\" data-y=\"50\" data-alt=\"\" data-title=\"\"><picture class=\"skip-lazy\" data-skip-lazy=\"1\"><img decoding=\"async\" src=\"\/\/healing-memories.lu\/wp-content\/uploads\/2022\/09\/STI_5194-scaled.jpg\" alt=\"\" title=\"\" loading=\"lazy\" class=\"skip-lazy\" data-skip-lazy=\"1\"><\/picture><\/div><div data-color=\"RGBA(255,255,255,0)\" style=\"background-color: RGBA(255,255,255,0);\" class=\"n2-ss-slide-background-color\"><\/div><\/div><div class=\"n2-ss-slide-background\" data-public-id=\"7\" data-mode=\"fit\" aria-hidden=\"true\"><div class=\"n2-ss-slide-background-image\" data-blur=\"0\" data-opacity=\"100\" data-x=\"50\" data-y=\"50\" data-alt=\"\" data-title=\"\"><picture class=\"skip-lazy\" data-skip-lazy=\"1\"><img decoding=\"async\" src=\"\/\/healing-memories.lu\/wp-content\/uploads\/2022\/09\/IMG_1357.jpg\" alt=\"\" title=\"\" loading=\"lazy\" class=\"skip-lazy\" data-skip-lazy=\"1\"><\/picture><\/div><div data-color=\"RGBA(255,255,255,0)\" style=\"background-color: RGBA(255,255,255,0);\" class=\"n2-ss-slide-background-color\"><\/div><\/div><div class=\"n2-ss-slide-background\" data-public-id=\"8\" data-mode=\"fit\" aria-hidden=\"true\"><div class=\"n2-ss-slide-background-image\" data-blur=\"0\" data-opacity=\"100\" data-x=\"50\" data-y=\"50\" data-alt=\"\" data-title=\"\"><picture class=\"skip-lazy\" data-skip-lazy=\"1\"><img decoding=\"async\" src=\"\/\/healing-memories.lu\/wp-content\/uploads\/2022\/09\/IMG_1356.jpg\" alt=\"\" title=\"\" loading=\"lazy\" class=\"skip-lazy\" data-skip-lazy=\"1\"><\/picture><\/div><div data-color=\"RGBA(255,255,255,0)\" style=\"background-color: RGBA(255,255,255,0);\" class=\"n2-ss-slide-background-color\"><\/div><\/div><div class=\"n2-ss-slide-background\" data-public-id=\"9\" data-mode=\"fit\" aria-hidden=\"true\"><div class=\"n2-ss-slide-background-image\" data-blur=\"0\" data-opacity=\"100\" data-x=\"50\" data-y=\"50\" data-alt=\"\" data-title=\"\"><picture class=\"skip-lazy\" data-skip-lazy=\"1\"><img decoding=\"async\" src=\"\/\/healing-memories.lu\/wp-content\/uploads\/2022\/09\/IMG_1097-scaled.jpeg\" alt=\"\" title=\"\" loading=\"lazy\" class=\"skip-lazy\" data-skip-lazy=\"1\"><\/picture><\/div><div data-color=\"RGBA(255,255,255,0)\" style=\"background-color: RGBA(255,255,255,0);\" class=\"n2-ss-slide-background-color\"><\/div><\/div><div class=\"n2-ss-slide-background\" data-public-id=\"10\" data-mode=\"fit\" aria-hidden=\"true\"><div class=\"n2-ss-slide-background-image\" data-blur=\"0\" data-opacity=\"100\" data-x=\"50\" data-y=\"50\" data-alt=\"\" data-title=\"\"><picture class=\"skip-lazy\" data-skip-lazy=\"1\"><img decoding=\"async\" src=\"\/\/healing-memories.lu\/wp-content\/uploads\/2022\/09\/IMG_0885-scaled.jpeg\" alt=\"\" title=\"\" loading=\"lazy\" class=\"skip-lazy\" data-skip-lazy=\"1\"><\/picture><\/div><div data-color=\"RGBA(255,255,255,0)\" style=\"background-color: RGBA(255,255,255,0);\" class=\"n2-ss-slide-background-color\"><\/div><\/div><div class=\"n2-ss-slide-background\" data-public-id=\"11\" data-mode=\"fit\" aria-hidden=\"true\"><div class=\"n2-ss-slide-background-image\" data-blur=\"0\" data-opacity=\"100\" data-x=\"50\" data-y=\"50\" data-alt=\"\" data-title=\"\"><picture class=\"skip-lazy\" data-skip-lazy=\"1\"><img decoding=\"async\" src=\"\/\/healing-memories.lu\/wp-content\/uploads\/2022\/09\/IMG_0881-scaled.jpeg\" alt=\"\" title=\"\" loading=\"lazy\" class=\"skip-lazy\" data-skip-lazy=\"1\"><\/picture><\/div><div data-color=\"RGBA(255,255,255,0)\" style=\"background-color: RGBA(255,255,255,0);\" class=\"n2-ss-slide-background-color\"><\/div><\/div><div class=\"n2-ss-slide-background\" data-public-id=\"12\" data-mode=\"fit\" aria-hidden=\"true\"><div class=\"n2-ss-slide-background-image\" data-blur=\"0\" data-opacity=\"100\" data-x=\"50\" data-y=\"50\" data-alt=\"\" data-title=\"\"><picture class=\"skip-lazy\" data-skip-lazy=\"1\"><img decoding=\"async\" src=\"\/\/healing-memories.lu\/wp-content\/uploads\/2022\/09\/IMG_0842-scaled.jpeg\" alt=\"\" title=\"\" loading=\"lazy\" class=\"skip-lazy\" data-skip-lazy=\"1\"><\/picture><\/div><div data-color=\"RGBA(255,255,255,0)\" style=\"background-color: RGBA(255,255,255,0);\" class=\"n2-ss-slide-background-color\"><\/div><\/div><div class=\"n2-ss-slide-background\" data-public-id=\"13\" data-mode=\"fit\" aria-hidden=\"true\"><div class=\"n2-ss-slide-background-image\" data-blur=\"0\" data-opacity=\"100\" data-x=\"50\" data-y=\"50\" data-alt=\"\" data-title=\"\"><picture class=\"skip-lazy\" data-skip-lazy=\"1\"><img decoding=\"async\" src=\"\/\/healing-memories.lu\/wp-content\/uploads\/2022\/09\/IMG_0822-scaled.jpeg\" alt=\"\" title=\"\" loading=\"lazy\" class=\"skip-lazy\" data-skip-lazy=\"1\"><\/picture><\/div><div data-color=\"RGBA(255,255,255,0)\" style=\"background-color: RGBA(255,255,255,0);\" class=\"n2-ss-slide-background-color\"><\/div><\/div><div class=\"n2-ss-slide-background\" data-public-id=\"14\" data-mode=\"fit\" aria-hidden=\"true\"><div class=\"n2-ss-slide-background-image\" data-blur=\"0\" data-opacity=\"100\" data-x=\"50\" data-y=\"50\" data-alt=\"\" data-title=\"\"><picture class=\"skip-lazy\" data-skip-lazy=\"1\"><img decoding=\"async\" src=\"\/\/healing-memories.lu\/wp-content\/uploads\/2022\/09\/IMG_0790-scaled.jpeg\" alt=\"\" title=\"\" loading=\"lazy\" class=\"skip-lazy\" data-skip-lazy=\"1\"><\/picture><\/div><div data-color=\"RGBA(255,255,255,0)\" style=\"background-color: RGBA(255,255,255,0);\" class=\"n2-ss-slide-background-color\"><\/div><\/div><\/div>                    <div class=\"n2-ss-slider-4 n2-ow\">\n                        <svg xmlns=\"http:\/\/www.w3.org\/2000\/svg\" viewBox=\"0 0 1200 600\" data-related-device=\"desktopPortrait\" class=\"n2-ow n2-ss-preserve-size n2-ss-preserve-size--slider n2-ss-slide-limiter\"><\/svg><div data-first=\"1\" data-slide-duration=\"0\" data-id=\"154\" data-slide-public-id=\"1\" data-title=\"4STI_5271\" class=\"n2-ss-slide n2-ow  n2-ss-slide-154\"><div role=\"note\" class=\"n2-ss-slide--focus\" tabindex=\"-1\">4STI_5271<\/div><div class=\"n2-ss-layers-container n2-ss-slide-limiter n2-ow\"><div class=\"n2-ss-layer n2-ow n-uc-7Fh6pKApgnMr\" data-sstype=\"slide\" data-pm=\"default\"><\/div><\/div><\/div><div data-slide-duration=\"0\" data-id=\"155\" data-slide-public-id=\"2\" aria-hidden=\"true\" data-title=\"3STI_5354\" class=\"n2-ss-slide n2-ow  n2-ss-slide-155\"><div role=\"note\" class=\"n2-ss-slide--focus\" tabindex=\"-1\">3STI_5354<\/div><div class=\"n2-ss-layers-container n2-ss-slide-limiter n2-ow\"><div class=\"n2-ss-layer n2-ow n-uc-qeaqu6w7HnF2\" data-sstype=\"slide\" data-pm=\"default\"><\/div><\/div><\/div><div data-slide-duration=\"0\" data-id=\"156\" data-slide-public-id=\"3\" aria-hidden=\"true\" data-title=\"2STI_5263\" class=\"n2-ss-slide n2-ow  n2-ss-slide-156\"><div role=\"note\" class=\"n2-ss-slide--focus\" tabindex=\"-1\">2STI_5263<\/div><div class=\"n2-ss-layers-container n2-ss-slide-limiter n2-ow\"><div class=\"n2-ss-layer n2-ow n-uc-knBMC5jiQCZ7\" data-sstype=\"slide\" data-pm=\"default\"><\/div><\/div><\/div><div data-slide-duration=\"0\" data-id=\"157\" data-slide-public-id=\"4\" aria-hidden=\"true\" data-title=\"1STI_5268\" class=\"n2-ss-slide n2-ow  n2-ss-slide-157\"><div role=\"note\" class=\"n2-ss-slide--focus\" tabindex=\"-1\">1STI_5268<\/div><div class=\"n2-ss-layers-container n2-ss-slide-limiter n2-ow\"><div class=\"n2-ss-layer n2-ow n-uc-xTGXuAnEaRxm\" data-sstype=\"slide\" data-pm=\"default\"><\/div><\/div><\/div><div data-slide-duration=\"0\" data-id=\"158\" data-slide-public-id=\"5\" aria-hidden=\"true\" data-title=\"STI_5211\" class=\"n2-ss-slide n2-ow  n2-ss-slide-158\"><div role=\"note\" class=\"n2-ss-slide--focus\" tabindex=\"-1\">STI_5211<\/div><div class=\"n2-ss-layers-container n2-ss-slide-limiter n2-ow\"><div class=\"n2-ss-layer n2-ow n-uc-hXYIkAbHqHJA\" data-sstype=\"slide\" data-pm=\"default\"><\/div><\/div><\/div><div data-slide-duration=\"0\" data-id=\"159\" data-slide-public-id=\"6\" aria-hidden=\"true\" data-title=\"STI_5194\" class=\"n2-ss-slide n2-ow  n2-ss-slide-159\"><div role=\"note\" class=\"n2-ss-slide--focus\" tabindex=\"-1\">STI_5194<\/div><div class=\"n2-ss-layers-container n2-ss-slide-limiter n2-ow\"><div class=\"n2-ss-layer n2-ow n-uc-evmkG5iYxKtY\" data-sstype=\"slide\" data-pm=\"default\"><\/div><\/div><\/div><div data-slide-duration=\"0\" data-id=\"160\" data-slide-public-id=\"7\" aria-hidden=\"true\" data-title=\"IMG_1357\" class=\"n2-ss-slide n2-ow  n2-ss-slide-160\"><div role=\"note\" class=\"n2-ss-slide--focus\" tabindex=\"-1\">IMG_1357<\/div><div class=\"n2-ss-layers-container n2-ss-slide-limiter n2-ow\"><div class=\"n2-ss-layer n2-ow n-uc-fuFanQohxQyt\" data-sstype=\"slide\" data-pm=\"default\"><\/div><\/div><\/div><div data-slide-duration=\"0\" data-id=\"161\" data-slide-public-id=\"8\" aria-hidden=\"true\" data-title=\"IMG_1356\" class=\"n2-ss-slide n2-ow  n2-ss-slide-161\"><div role=\"note\" class=\"n2-ss-slide--focus\" tabindex=\"-1\">IMG_1356<\/div><div class=\"n2-ss-layers-container n2-ss-slide-limiter n2-ow\"><div class=\"n2-ss-layer n2-ow n-uc-2H67b1HShJSm\" data-sstype=\"slide\" data-pm=\"default\"><\/div><\/div><\/div><div data-slide-duration=\"0\" data-id=\"163\" data-slide-public-id=\"9\" aria-hidden=\"true\" data-title=\"IMG_1097\" class=\"n2-ss-slide n2-ow  n2-ss-slide-163\"><div role=\"note\" class=\"n2-ss-slide--focus\" tabindex=\"-1\">IMG_1097<\/div><div class=\"n2-ss-layers-container n2-ss-slide-limiter n2-ow\"><div class=\"n2-ss-layer n2-ow n-uc-6VBdaxNH1JUc\" data-sstype=\"slide\" data-pm=\"default\"><\/div><\/div><\/div><div data-slide-duration=\"0\" data-id=\"164\" data-slide-public-id=\"10\" aria-hidden=\"true\" data-title=\"IMG_0885\" class=\"n2-ss-slide n2-ow  n2-ss-slide-164\"><div role=\"note\" class=\"n2-ss-slide--focus\" tabindex=\"-1\">IMG_0885<\/div><div class=\"n2-ss-layers-container n2-ss-slide-limiter n2-ow\"><div class=\"n2-ss-layer n2-ow n-uc-ryvDmWYC7o8a\" data-sstype=\"slide\" data-pm=\"default\"><\/div><\/div><\/div><div data-slide-duration=\"0\" data-id=\"165\" data-slide-public-id=\"11\" aria-hidden=\"true\" data-title=\"IMG_0881\" class=\"n2-ss-slide n2-ow  n2-ss-slide-165\"><div role=\"note\" class=\"n2-ss-slide--focus\" tabindex=\"-1\">IMG_0881<\/div><div class=\"n2-ss-layers-container n2-ss-slide-limiter n2-ow\"><div class=\"n2-ss-layer n2-ow n-uc-7fOpj3RSqyKm\" data-sstype=\"slide\" data-pm=\"default\"><\/div><\/div><\/div><div data-slide-duration=\"0\" data-id=\"166\" data-slide-public-id=\"12\" aria-hidden=\"true\" data-title=\"IMG_0842\" class=\"n2-ss-slide n2-ow  n2-ss-slide-166\"><div role=\"note\" class=\"n2-ss-slide--focus\" tabindex=\"-1\">IMG_0842<\/div><div class=\"n2-ss-layers-container n2-ss-slide-limiter n2-ow\"><div class=\"n2-ss-layer n2-ow n-uc-rBnmAKIxwCi7\" data-sstype=\"slide\" data-pm=\"default\"><\/div><\/div><\/div><div data-slide-duration=\"0\" data-id=\"167\" data-slide-public-id=\"13\" aria-hidden=\"true\" data-title=\"IMG_0822\" class=\"n2-ss-slide n2-ow  n2-ss-slide-167\"><div role=\"note\" class=\"n2-ss-slide--focus\" tabindex=\"-1\">IMG_0822<\/div><div class=\"n2-ss-layers-container n2-ss-slide-limiter n2-ow\"><div class=\"n2-ss-layer n2-ow n-uc-uCeGoT9vCkmD\" data-sstype=\"slide\" data-pm=\"default\"><\/div><\/div><\/div><div data-slide-duration=\"0\" data-id=\"169\" data-slide-public-id=\"14\" aria-hidden=\"true\" data-title=\"IMG_0790\" class=\"n2-ss-slide n2-ow  n2-ss-slide-169\"><div role=\"note\" class=\"n2-ss-slide--focus\" tabindex=\"-1\">IMG_0790<\/div><div class=\"n2-ss-layers-container n2-ss-slide-limiter n2-ow\"><div class=\"n2-ss-layer n2-ow n-uc-yPuf0P4gmOAD\" data-sstype=\"slide\" data-pm=\"default\"><\/div><\/div><\/div>                    <\/div>\n\n                                    <\/div>\n            <\/div>\n        <\/div>\n        <div class=\"n2-ss-slider-controls n2-ss-slider-controls-absolute-left-center\"><div style=\"--widget-offset:15px;\" class=\"n2-ss-widget nextend-arrow n2-ow-all nextend-arrow-previous  nextend-arrow-animated-fade\" data-hide-mobileportrait=\"1\" id=\"n2-ss-20-arrow-previous\" role=\"button\" aria-label=\"previous arrow\" tabindex=\"0\"><img loading=\"lazy\" decoding=\"async\" width=\"32\" height=\"32\" class=\"skip-lazy\" data-skip-lazy=\"1\" src=\"data:image\/svg+xml;base64,PHN2ZyB3aWR0aD0iMzIiIGhlaWdodD0iMzIiIHZpZXdCb3g9IjAgMCAzMiAzMiIgeG1sbnM9Imh0dHA6Ly93d3cudzMub3JnLzIwMDAvc3ZnIj4KICAgIDxwYXRoIGQ9Ik0xMS40MzMgMTUuOTkyTDIyLjY5IDUuNzEyYy4zOTMtLjM5LjM5My0xLjAzIDAtMS40Mi0uMzkzLS4zOS0xLjAzLS4zOS0xLjQyMyAwbC0xMS45OCAxMC45NGMtLjIxLjIxLS4zLjQ5LS4yODUuNzYtLjAxNS4yOC4wNzUuNTYuMjg0Ljc3bDExLjk4IDEwLjk0Yy4zOTMuMzkgMS4wMy4zOSAxLjQyNCAwIC4zOTMtLjQuMzkzLTEuMDMgMC0xLjQybC0xMS4yNTctMTAuMjkiCiAgICAgICAgICBmaWxsPSIjZTc5ZDE5IiBvcGFjaXR5PSIxIiBmaWxsLXJ1bGU9ImV2ZW5vZGQiLz4KPC9zdmc+\" alt=\"previous arrow\"><\/div><\/div><div class=\"n2-ss-slider-controls n2-ss-slider-controls-absolute-right-center\"><div style=\"--widget-offset:15px;\" class=\"n2-ss-widget nextend-arrow n2-ow-all nextend-arrow-next  nextend-arrow-animated-fade\" data-hide-mobileportrait=\"1\" id=\"n2-ss-20-arrow-next\" role=\"button\" aria-label=\"next arrow\" tabindex=\"0\"><img loading=\"lazy\" decoding=\"async\" width=\"32\" height=\"32\" class=\"skip-lazy\" data-skip-lazy=\"1\" src=\"data:image\/svg+xml;base64,PHN2ZyB3aWR0aD0iMzIiIGhlaWdodD0iMzIiIHZpZXdCb3g9IjAgMCAzMiAzMiIgeG1sbnM9Imh0dHA6Ly93d3cudzMub3JnLzIwMDAvc3ZnIj4KICAgIDxwYXRoIGQ9Ik0xMC43MjIgNC4yOTNjLS4zOTQtLjM5LTEuMDMyLS4zOS0xLjQyNyAwLS4zOTMuMzktLjM5MyAxLjAzIDAgMS40MmwxMS4yODMgMTAuMjgtMTEuMjgzIDEwLjI5Yy0uMzkzLjM5LS4zOTMgMS4wMiAwIDEuNDIuMzk1LjM5IDEuMDMzLjM5IDEuNDI3IDBsMTIuMDA3LTEwLjk0Yy4yMS0uMjEuMy0uNDkuMjg0LS43Ny4wMTQtLjI3LS4wNzYtLjU1LS4yODYtLjc2TDEwLjcyIDQuMjkzeiIKICAgICAgICAgIGZpbGw9IiNlNzlkMTkiIG9wYWNpdHk9IjEiIGZpbGwtcnVsZT0iZXZlbm9kZCIvPgo8L3N2Zz4=\" alt=\"next arrow\"><\/div><\/div><\/div><div class=\"n2-ss-slider-controls n2-ss-slider-controls-below\"><div class=\"n2-ss-widget nextend-shadow n2-ow-all\" data-hide-mobileportrait=\"1\"><img decoding=\"async\" width=\"1120\" height=\"50\" style=\"display: block; width:100%;max-width:none;\" class=\"nextend-shadow-image skip-lazy\" loading=\"lazy\" data-skip-lazy=\"1\" src=\"https:\/\/healing-memories.lu\/wp-content\/plugins\/smart-slider-3\/Public\/SmartSlider3\/Widget\/Shadow\/ShadowImage\/Assets\/shadow\/dark.png\" alt=\"Shadow\"><\/div><\/div><\/div><\/div><ss3-loader><\/ss3-loader><\/div><\/div><div class=\"n2_clear\"><\/div><\/div>\n\n\n<p>L\u2019\u00e9quipe des formateurs \u00e9tait compos\u00e9e de Michael Lapsley, Pr\u00e9sident du R\u00e9seau mondial de gu\u00e9rison des m\u00e9moires, de 3 collaborateurs d\u2019Afrique du Sud (Loret Mougani, Wilondja Rashidi Williams et Fatima Swartz) et de 3 autres du Luxembourg (Patrick Byrne, Javier Garc\u00eda Alves et Valdemar Santos). La logistique locale \u00e9tait assur\u00e9e par l\u2019\u00e9quipe chaleureuse de l\u2019ACAT B\u00e9nin, que nous remercions de son accueil.<\/p>\n\n\n\n<div class=\"wp-block-columns is-layout-flex wp-container-core-columns-is-layout-9d6595d7 wp-block-columns-is-layout-flex\">\n<div class=\"wp-block-column is-layout-flow wp-block-column-is-layout-flow\" style=\"flex-basis:100%\">\n<div class=\"wp-block-group alignwide\"><div class=\"wp-block-group__inner-container is-layout-flow wp-block-group-is-layout-flow\">\n<div class=\"wp-block-columns alignwide is-layout-flex wp-container-core-columns-is-layout-9d6595d7 wp-block-columns-is-layout-flex\">\n<div class=\"wp-block-column is-layout-flow wp-block-column-is-layout-flow\" style=\"flex-basis:50%\">\n<figure class=\"wp-block-image is-resized\"><img loading=\"lazy\" decoding=\"async\" src=\"https:\/\/healing-memories.lu\/wp-content\/uploads\/2022\/09\/IMG_0792-1024x749.jpeg\" alt=\"\" class=\"wp-image-4058\" width=\"396\" height=\"289\" srcset=\"https:\/\/healing-memories.lu\/wp-content\/uploads\/2022\/09\/IMG_0792-1024x749.jpeg 1024w, https:\/\/healing-memories.lu\/wp-content\/uploads\/2022\/09\/IMG_0792-300x219.jpeg 300w, https:\/\/healing-memories.lu\/wp-content\/uploads\/2022\/09\/IMG_0792-768x562.jpeg 768w, https:\/\/healing-memories.lu\/wp-content\/uploads\/2022\/09\/IMG_0792-1536x1124.jpeg 1536w, https:\/\/healing-memories.lu\/wp-content\/uploads\/2022\/09\/IMG_0792-1320x966.jpeg 1320w, https:\/\/healing-memories.lu\/wp-content\/uploads\/2022\/09\/IMG_0792.jpeg 1691w\" sizes=\"auto, (max-width: 396px) 100vw, 396px\" \/><\/figure>\n<\/div>\n\n\n\n<div class=\"wp-block-column is-layout-flow wp-block-column-is-layout-flow\" style=\"flex-basis:50%\">\n<p>Les 29 stagiaires de Cotonou ont choisi, d\u2019un commun accord, de se nommer la \u00ab&nbsp;<strong>Promotion Desmond Tutu<\/strong>&nbsp;\u00bb en hommage \u00e0 l\u2019archev\u00eaque \u00e9m\u00e9rite du Cap, d\u00e9c\u00e9d\u00e9 six mois avant la session, qui avait fid\u00e8lement soutenu le travail de gu\u00e9rison des m\u00e9moires, accordant son parrainage \u00e0 l\u2019IHOM d\u00e8s sa fondation en 1998.<\/p>\n<\/div>\n<\/div>\n<\/div><\/div>\n<\/div>\n<\/div>\n\n\n\n<p>Pendant 10 jours, les 29 stagiaires ont suivi assid\u00fbment, mais aussi dans un esprit particuli\u00e8rement fraternel et jovial, des s\u00e9ances de formation tant th\u00e9oriques que pratiques, notamment&nbsp;:<\/p>\n\n\n\n<ul class=\"wp-block-list\">\n<li>exp\u00e9rience concr\u00e8te d\u2019un atelier de gu\u00e9rison des m\u00e9moires (2 jours et demi) et d\u2019un atelier de deuxi\u00e8me phase (1 journ\u00e9e)<\/li>\n\n\n\n<li>introduction \u00e0 l\u2019histoire et la philosophie de la gu\u00e9rison des m\u00e9moires<\/li>\n\n\n\n<li>apprentissage du r\u00f4le du facilitateur<\/li>\n\n\n\n<li>excursion \u00e0 Ouidah pour parcourir et m\u00e9diter la Route des esclaves<\/li>\n\n\n\n<li>mises en situation (jeux de r\u00f4les)<\/li>\n\n\n\n<li>\u00e9laboration d\u2019une feuille de route pour chaque groupe national&nbsp;: calendrier des travaux pratiques \u00e0 mener dans chaque pays en 2023.<\/li>\n<\/ul>\n\n\n\n<p>Les s\u00e9ances \u00e9taient ponctu\u00e9es de chants entra\u00eenants des diff\u00e9rents pays repr\u00e9sent\u00e9s.<br><\/p>\n\n\n<div class=\"wp-block-image\">\n<figure class=\"aligncenter size-full is-resized\"><img loading=\"lazy\" decoding=\"async\" src=\"https:\/\/healing-memories.lu\/wp-content\/uploads\/2022\/09\/IMG_1355.jpg\" alt=\"\" class=\"wp-image-4065\" width=\"554\" height=\"412\"\/><\/figure>\n<\/div>\n\n\n<p>Les trois parrains de la formation de 2022 ont honor\u00e9 la session de leur pr\u00e9sence \u00e0 diff\u00e9rents moments&nbsp;:<\/p>\n\n\n\n<p>S.E. Mme Robina Marks, Ambassadrice d\u2019Afrique du Sud au B\u00e9nin et au Togo&nbsp;; Mgr Roger Houngbedji, Archev\u00eaque de Cotonou&nbsp;; et M. Pascal Essou, M\u00e9diateur de la R\u00e9publique du B\u00e9nin (repr\u00e9sent\u00e9 par son Directeur de cabinet, M. Pascal Tchiwanou).<\/p>\n\n\n\n<p>Au cours des prochains mois, chaque \u00e9quipe de stagiaires, encadr\u00e9e par deux formateurs, sera appel\u00e9e \u00e0 organiser dans son propre pays un atelier de gu\u00e9rison des m\u00e9moires en faveur d\u2019un public cible ayant manifest\u00e9 le souhait d\u2019en faire l\u2019exp\u00e9rience directe.<\/p>\n\n\n\n<p><\/p>\n\n\n\n<p><\/p>\n\n\n\n<p> <\/p>\n","protected":false},"excerpt":{"rendered":"<p>Juillet 2022, Session de Cotonou&nbsp;: un franc succ\u00e8s&nbsp;! Il y a deux ans, face \u00e0 l\u2019int\u00e9r\u00eat manifest\u00e9 par plusieurs de nos groupes partenaires africains, le [&#8230;]<\/p>\n","protected":false},"author":4,"featured_media":0,"parent":0,"menu_order":0,"comment_status":"closed","ping_status":"closed","template":"","meta":{"footnotes":""},"folder":[],"class_list":["post-4405","page","type-page","status-publish","hentry"],"aioseo_notices":[],"_links":{"self":[{"href":"https:\/\/healing-memories.lu\/index.php?rest_route=\/wp\/v2\/pages\/4405","targetHints":{"allow":["GET"]}}],"collection":[{"href":"https:\/\/healing-memories.lu\/index.php?rest_route=\/wp\/v2\/pages"}],"about":[{"href":"https:\/\/healing-memories.lu\/index.php?rest_route=\/wp\/v2\/types\/page"}],"author":[{"embeddable":true,"href":"https:\/\/healing-memories.lu\/index.php?rest_route=\/wp\/v2\/users\/4"}],"replies":[{"embeddable":true,"href":"https:\/\/healing-memories.lu\/index.php?rest_route=%2Fwp%2Fv2%2Fcomments&post=4405"}],"version-history":[{"count":4,"href":"https:\/\/healing-memories.lu\/index.php?rest_route=\/wp\/v2\/pages\/4405\/revisions"}],"predecessor-version":[{"id":4491,"href":"https:\/\/healing-memories.lu\/index.php?rest_route=\/wp\/v2\/pages\/4405\/revisions\/4491"}],"wp:attachment":[{"href":"https:\/\/healing-memories.lu\/index.php?rest_route=%2Fwp%2Fv2%2Fmedia&parent=4405"}],"wp:term":[{"taxonomy":"folder","embeddable":true,"href":"https:\/\/healing-memories.lu\/index.php?rest_route=%2Fwp%2Fv2%2Ffolder&post=4405"}],"curies":[{"name":"wp","href":"https:\/\/api.w.org\/{rel}","templated":true}]}}