{"id":5123,"date":"2024-01-10T14:32:39","date_gmt":"2024-01-10T13:32:39","guid":{"rendered":"https:\/\/healing-memories.lu\/?page_id=5123"},"modified":"2024-01-10T14:39:55","modified_gmt":"2024-01-10T13:39:55","slug":"projet-formation-afrique-2022-23-togo-et-benin","status":"publish","type":"page","link":"https:\/\/healing-memories.lu\/?page_id=5123","title":{"rendered":"Projet formation Afrique 2022-23 : Togo et B\u00e9nin"},"content":{"rendered":"\n<p>En juillet 2023, c\u2019\u00e9tait au tour des \u00e9quipes de stagiaires du Togo et et du B\u00e9nin d\u2019entamer leur formation en organisant un atelier de gu\u00e9rison des m\u00e9moires pour un public donn\u00e9 dans leurs pays respectifs.<\/p>\n\n\n\n<p><strong><mark style=\"background-color:rgba(0, 0, 0, 0)\" class=\"has-inline-color has-primary-color\">Togo<\/mark><\/strong><\/p>\n\n\n\n<p>Deux formateurs \u2013 Patrick Byrne, de HOM Luxembourg, et Wilondja Rashidi Williams, de l\u2019IHOM d\u2019Afrique du Sud \u2013 ont s\u00e9journ\u00e9 au Togo du 4 au 10 juillet et ont accompagn\u00e9 les 4 facilitateurs stagiaires de ce pays, Bruno Haden, Larissa Agbekodo, Dominique Adabra et Nicolas Akakpo, pendant cette p\u00e9riode sur le beau site de Sichem, \u00e0 20 km de Lom\u00e9.<\/p>\n\n\n<div class=\"wp-block-image\">\n<figure class=\"aligncenter size-large is-resized\"><img loading=\"lazy\" decoding=\"async\" width=\"1024\" height=\"768\" src=\"https:\/\/healing-memories.lu\/wp-content\/uploads\/2023\/12\/IMG_6417-1024x768.jpeg\" alt=\"\" class=\"wp-image-5080\" style=\"width:564px;height:auto\" srcset=\"https:\/\/healing-memories.lu\/wp-content\/uploads\/2023\/12\/IMG_6417-1024x768.jpeg 1024w, https:\/\/healing-memories.lu\/wp-content\/uploads\/2023\/12\/IMG_6417-300x225.jpeg 300w, https:\/\/healing-memories.lu\/wp-content\/uploads\/2023\/12\/IMG_6417-768x576.jpeg 768w, https:\/\/healing-memories.lu\/wp-content\/uploads\/2023\/12\/IMG_6417-rotated.jpeg 1280w\" sizes=\"auto, (max-width: 1024px) 100vw, 1024px\" \/><figcaption class=\"wp-element-caption\">Patrick et Wilondja, les formateurs<\/figcaption><\/figure>\n<\/div>\n\n\n<p>En vue de l\u2019atelier pr\u00e9vu pour les 6-8 juillet, une journ\u00e9e de formation avait lieu le jeudi 5 juillet pour rafraichir les m\u00e9moires sur le r\u00f4le du facilitateur et pr\u00e9parer les stagiaires mentalement \u00e0 la t\u00e2che qui les attendait.<\/p>\n\n\n\n<figure class=\"wp-block-gallery has-nested-images columns-2 is-cropped wp-block-gallery-1 is-layout-flex wp-block-gallery-is-layout-flex\">\n<figure class=\"wp-block-image size-large\"><img loading=\"lazy\" decoding=\"async\" width=\"1024\" height=\"768\" data-id=\"5086\" src=\"https:\/\/healing-memories.lu\/wp-content\/uploads\/2023\/12\/IMG_6438-1024x768.jpeg\" alt=\"\" class=\"wp-image-5086\" srcset=\"https:\/\/healing-memories.lu\/wp-content\/uploads\/2023\/12\/IMG_6438-1024x768.jpeg 1024w, https:\/\/healing-memories.lu\/wp-content\/uploads\/2023\/12\/IMG_6438-300x225.jpeg 300w, https:\/\/healing-memories.lu\/wp-content\/uploads\/2023\/12\/IMG_6438-768x576.jpeg 768w, https:\/\/healing-memories.lu\/wp-content\/uploads\/2023\/12\/IMG_6438.jpeg 1280w\" sizes=\"auto, (max-width: 1024px) 100vw, 1024px\" \/><figcaption class=\"wp-element-caption\">Bruno et Dominique &#8211; stagiaires togolais <\/figcaption><\/figure>\n\n\n\n<figure class=\"wp-block-image size-large\"><img loading=\"lazy\" decoding=\"async\" width=\"1024\" height=\"768\" data-id=\"5085\" src=\"https:\/\/healing-memories.lu\/wp-content\/uploads\/2023\/12\/IMG_6437-1024x768.jpeg\" alt=\"\" class=\"wp-image-5085\" srcset=\"https:\/\/healing-memories.lu\/wp-content\/uploads\/2023\/12\/IMG_6437-1024x768.jpeg 1024w, https:\/\/healing-memories.lu\/wp-content\/uploads\/2023\/12\/IMG_6437-300x225.jpeg 300w, https:\/\/healing-memories.lu\/wp-content\/uploads\/2023\/12\/IMG_6437-768x576.jpeg 768w, https:\/\/healing-memories.lu\/wp-content\/uploads\/2023\/12\/IMG_6437.jpeg 1280w\" sizes=\"auto, (max-width: 1024px) 100vw, 1024px\" \/><figcaption class=\"wp-element-caption\">Nicolas et Larissa &#8211;  stagiaires togolais<\/figcaption><\/figure>\n\n\n\n<figure class=\"wp-block-image size-large\"><img loading=\"lazy\" decoding=\"async\" width=\"1024\" height=\"768\" data-id=\"5084\" src=\"https:\/\/healing-memories.lu\/wp-content\/uploads\/2023\/12\/IMG_6467-1024x768.jpeg\" alt=\"\" class=\"wp-image-5084\" srcset=\"https:\/\/healing-memories.lu\/wp-content\/uploads\/2023\/12\/IMG_6467-1024x768.jpeg 1024w, https:\/\/healing-memories.lu\/wp-content\/uploads\/2023\/12\/IMG_6467-300x225.jpeg 300w, https:\/\/healing-memories.lu\/wp-content\/uploads\/2023\/12\/IMG_6467-768x576.jpeg 768w, https:\/\/healing-memories.lu\/wp-content\/uploads\/2023\/12\/IMG_6467.jpeg 1280w\" sizes=\"auto, (max-width: 1024px) 100vw, 1024px\" \/><figcaption class=\"wp-element-caption\">Les 4 stagiaires et 2 formateurs pendant la journ\u00e9e de formation<\/figcaption><\/figure>\n<\/figure>\n\n\n\n<p>Qui \u00e9taient les participants de l\u2019atelier ? 12 individus de diff\u00e9rents milieux, qui avaient \u00e9t\u00e9 sensibles \u00e0 l\u2019invitation lanc\u00e9e autour d\u2019eux par les 4 facilitateurs stagiaires et qui s\u2019\u00e9taient senties interpell\u00e9es par cet appel \u00e0 toute personne portant en elle des souvenirs douloureux \u00e0 venir faire un pas vers la gu\u00e9rison des m\u00e9moires.<br>Un temps de d\u00e9couverte pour tous : d\u00e9couverte de soi \u00e0 travers le r\u00e9cit de son parcours de vie et de l\u2018\u00e9coute bienveillante ; d\u00e9couverte de la d\u00e9marche de gu\u00e9rison et de ses effets lib\u00e9rateurs ; d\u00e9couverte, pour les stagiaires, de la part qu\u2019il peuvent avoir \u00e0 cette d\u00e9marche en avan\u00e7ant fraternellement au c\u00f4t\u00e9s des participants.<\/p>\n\n\n<div class=\"wp-block-image\">\n<figure class=\"aligncenter size-large is-resized\"><img loading=\"lazy\" decoding=\"async\" width=\"1024\" height=\"768\" src=\"https:\/\/healing-memories.lu\/wp-content\/uploads\/2023\/12\/IMG_6682-1024x768.jpeg\" alt=\"\" class=\"wp-image-5087\" style=\"width:644px;height:auto\" srcset=\"https:\/\/healing-memories.lu\/wp-content\/uploads\/2023\/12\/IMG_6682-1024x768.jpeg 1024w, https:\/\/healing-memories.lu\/wp-content\/uploads\/2023\/12\/IMG_6682-300x225.jpeg 300w, https:\/\/healing-memories.lu\/wp-content\/uploads\/2023\/12\/IMG_6682-768x576.jpeg 768w, https:\/\/healing-memories.lu\/wp-content\/uploads\/2023\/12\/IMG_6682.jpeg 1280w\" sizes=\"auto, (max-width: 1024px) 100vw, 1024px\" \/><figcaption class=\"wp-element-caption\">\u00ab\u00a0Photo de famille\u00a0\u00bb \u00e0 la sortie de l\u2019atelier de gu\u00e9rison des m\u00e9moires<\/figcaption><\/figure>\n<\/div>\n\n\n<p class=\"has-text-align-center\"><strong>Gallerie de photos :<\/strong><\/p>\n\n\n<div class=\"n2-section-smartslider fitvidsignore  n2_clear\" data-ssid=\"30\"><div id=\"n2-ss-30-align\" class=\"n2-ss-align\"><div class=\"n2-padding\"><div id=\"n2-ss-30\" data-creator=\"Smart Slider 3\" data-responsive=\"auto\" class=\"n2-ss-slider n2-ow n2-has-hover n2notransition  \">\n\n\n\n\n\n\n\n\n\n\n\n\n\n\n\n\n\n<div class=\"n2-ss-slider-wrapper-inside\">\n        <div class=\"n2-ss-slider-1 n2_ss__touch_element n2-ow\">\n            <div class=\"n2-ss-slider-2 n2-ow\">\n                                                <div class=\"n2-ss-slider-3 n2-ow\">\n\n                    <div class=\"n2-ss-slide-backgrounds n2-ow-all\"><div class=\"n2-ss-slide-background\" data-public-id=\"1\" data-mode=\"fit\"><div class=\"n2-ss-slide-background-image\" data-blur=\"0\" data-opacity=\"100\" data-x=\"50\" data-y=\"50\" data-alt=\"\" data-title=\"\"><picture class=\"skip-lazy\" data-skip-lazy=\"1\"><img decoding=\"async\" src=\"\/\/healing-memories.lu\/wp-content\/uploads\/2023\/12\/IMG_6678-2.jpeg\" alt=\"\" title=\"\" loading=\"lazy\" class=\"skip-lazy\" data-skip-lazy=\"1\"><\/picture><\/div><div data-color=\"RGBA(255,255,255,0)\" style=\"background-color: RGBA(255,255,255,0);\" class=\"n2-ss-slide-background-color\"><\/div><\/div><div class=\"n2-ss-slide-background\" data-public-id=\"2\" data-mode=\"fit\" aria-hidden=\"true\"><div class=\"n2-ss-slide-background-image\" data-blur=\"0\" data-opacity=\"100\" data-x=\"50\" data-y=\"50\" data-alt=\"\" data-title=\"\"><picture class=\"skip-lazy\" data-skip-lazy=\"1\"><img decoding=\"async\" src=\"\/\/healing-memories.lu\/wp-content\/uploads\/2023\/12\/IMG_6567-2.jpeg\" alt=\"\" title=\"\" loading=\"lazy\" class=\"skip-lazy\" data-skip-lazy=\"1\"><\/picture><\/div><div data-color=\"RGBA(255,255,255,0)\" style=\"background-color: RGBA(255,255,255,0);\" class=\"n2-ss-slide-background-color\"><\/div><\/div><div class=\"n2-ss-slide-background\" data-public-id=\"3\" data-mode=\"fit\" aria-hidden=\"true\"><div class=\"n2-ss-slide-background-image\" data-blur=\"0\" data-opacity=\"100\" data-x=\"50\" data-y=\"50\" data-alt=\"\" data-title=\"\"><picture class=\"skip-lazy\" data-skip-lazy=\"1\"><img decoding=\"async\" src=\"\/\/healing-memories.lu\/wp-content\/uploads\/2023\/12\/IMG_6596.jpeg\" alt=\"\" title=\"\" loading=\"lazy\" class=\"skip-lazy\" data-skip-lazy=\"1\"><\/picture><\/div><div data-color=\"RGBA(255,255,255,0)\" style=\"background-color: RGBA(255,255,255,0);\" class=\"n2-ss-slide-background-color\"><\/div><\/div><div class=\"n2-ss-slide-background\" data-public-id=\"4\" data-mode=\"fit\" aria-hidden=\"true\"><div class=\"n2-ss-slide-background-image\" data-blur=\"0\" data-opacity=\"100\" data-x=\"50\" data-y=\"50\" data-alt=\"\" data-title=\"\"><picture class=\"skip-lazy\" data-skip-lazy=\"1\"><img decoding=\"async\" src=\"\/\/healing-memories.lu\/wp-content\/uploads\/2023\/12\/IMG_6575-rotated.jpeg\" alt=\"\" title=\"\" loading=\"lazy\" class=\"skip-lazy\" data-skip-lazy=\"1\"><\/picture><\/div><div data-color=\"RGBA(255,255,255,0)\" style=\"background-color: RGBA(255,255,255,0);\" class=\"n2-ss-slide-background-color\"><\/div><\/div><div class=\"n2-ss-slide-background\" data-public-id=\"5\" data-mode=\"fit\" aria-hidden=\"true\"><div class=\"n2-ss-slide-background-image\" data-blur=\"0\" data-opacity=\"100\" data-x=\"50\" data-y=\"50\" data-alt=\"\" data-title=\"\"><picture class=\"skip-lazy\" data-skip-lazy=\"1\"><img decoding=\"async\" src=\"\/\/healing-memories.lu\/wp-content\/uploads\/2023\/12\/IMG_6580-2.jpeg\" alt=\"\" title=\"\" loading=\"lazy\" class=\"skip-lazy\" data-skip-lazy=\"1\"><\/picture><\/div><div data-color=\"RGBA(255,255,255,0)\" style=\"background-color: RGBA(255,255,255,0);\" class=\"n2-ss-slide-background-color\"><\/div><\/div><div class=\"n2-ss-slide-background\" data-public-id=\"6\" data-mode=\"fit\" aria-hidden=\"true\"><div class=\"n2-ss-slide-background-image\" data-blur=\"0\" data-opacity=\"100\" data-x=\"50\" data-y=\"50\" data-alt=\"\" data-title=\"\"><picture class=\"skip-lazy\" data-skip-lazy=\"1\"><img decoding=\"async\" src=\"\/\/healing-memories.lu\/wp-content\/uploads\/2023\/12\/IMG_6600-rotated.jpeg\" alt=\"\" title=\"\" loading=\"lazy\" class=\"skip-lazy\" data-skip-lazy=\"1\"><\/picture><\/div><div data-color=\"RGBA(255,255,255,0)\" style=\"background-color: RGBA(255,255,255,0);\" class=\"n2-ss-slide-background-color\"><\/div><\/div><div class=\"n2-ss-slide-background\" data-public-id=\"7\" data-mode=\"fit\" aria-hidden=\"true\"><div class=\"n2-ss-slide-background-image\" data-blur=\"0\" data-opacity=\"100\" data-x=\"50\" data-y=\"50\" data-alt=\"\" data-title=\"\"><picture class=\"skip-lazy\" data-skip-lazy=\"1\"><img decoding=\"async\" src=\"\/\/healing-memories.lu\/wp-content\/uploads\/2023\/12\/IMG_6599.jpeg\" alt=\"\" title=\"\" loading=\"lazy\" class=\"skip-lazy\" data-skip-lazy=\"1\"><\/picture><\/div><div data-color=\"RGBA(255,255,255,0)\" style=\"background-color: RGBA(255,255,255,0);\" class=\"n2-ss-slide-background-color\"><\/div><\/div><div class=\"n2-ss-slide-background\" data-public-id=\"8\" data-mode=\"fit\" aria-hidden=\"true\"><div class=\"n2-ss-slide-background-image\" data-blur=\"0\" data-opacity=\"100\" data-x=\"50\" data-y=\"50\" data-alt=\"\" data-title=\"\"><picture class=\"skip-lazy\" data-skip-lazy=\"1\"><img decoding=\"async\" src=\"\/\/healing-memories.lu\/wp-content\/uploads\/2023\/12\/db84a007-48ed-44d0-be00-aa2507d2c030.jpg\" alt=\"\" title=\"\" loading=\"lazy\" class=\"skip-lazy\" data-skip-lazy=\"1\"><\/picture><\/div><div data-color=\"RGBA(255,255,255,0)\" style=\"background-color: RGBA(255,255,255,0);\" class=\"n2-ss-slide-background-color\"><\/div><\/div><\/div>                    <div class=\"n2-ss-slider-4 n2-ow\">\n                        <svg xmlns=\"http:\/\/www.w3.org\/2000\/svg\" viewBox=\"0 0 1200 600\" data-related-device=\"desktopPortrait\" class=\"n2-ow n2-ss-preserve-size n2-ss-preserve-size--slider n2-ss-slide-limiter\"><\/svg><div data-first=\"1\" data-slide-duration=\"0\" data-id=\"276\" data-slide-public-id=\"1\" data-title=\"IMG_6678 2\" class=\"n2-ss-slide n2-ow  n2-ss-slide-276\"><div role=\"note\" class=\"n2-ss-slide--focus\" tabindex=\"-1\">IMG_6678 2<\/div><div class=\"n2-ss-layers-container n2-ss-slide-limiter n2-ow\"><div class=\"n2-ss-layer n2-ow n-uc-Ay25Z2ujP1MV\" data-sstype=\"slide\" data-pm=\"default\"><\/div><\/div><\/div><div data-slide-duration=\"0\" data-id=\"277\" data-slide-public-id=\"2\" aria-hidden=\"true\" data-title=\"IMG_6567 2\" class=\"n2-ss-slide n2-ow  n2-ss-slide-277\"><div role=\"note\" class=\"n2-ss-slide--focus\" tabindex=\"-1\">IMG_6567 2<\/div><div class=\"n2-ss-layers-container n2-ss-slide-limiter n2-ow\"><div class=\"n2-ss-layer n2-ow n-uc-gt2U6Jrsn3nf\" data-sstype=\"slide\" data-pm=\"default\"><\/div><\/div><\/div><div data-slide-duration=\"0\" data-id=\"278\" data-slide-public-id=\"3\" aria-hidden=\"true\" data-title=\"IMG_6596\" class=\"n2-ss-slide n2-ow  n2-ss-slide-278\"><div role=\"note\" class=\"n2-ss-slide--focus\" tabindex=\"-1\">IMG_6596<\/div><div class=\"n2-ss-layers-container n2-ss-slide-limiter n2-ow\"><div class=\"n2-ss-layer n2-ow n-uc-zdRqJXyThKZi\" data-sstype=\"slide\" data-pm=\"default\"><\/div><\/div><\/div><div data-slide-duration=\"0\" data-id=\"279\" data-slide-public-id=\"4\" aria-hidden=\"true\" data-title=\"IMG_6575\" class=\"n2-ss-slide n2-ow  n2-ss-slide-279\"><div role=\"note\" class=\"n2-ss-slide--focus\" tabindex=\"-1\">IMG_6575<\/div><div class=\"n2-ss-layers-container n2-ss-slide-limiter n2-ow\"><div class=\"n2-ss-layer n2-ow n-uc-gpxVUjkT15Oc\" data-sstype=\"slide\" data-pm=\"default\"><\/div><\/div><\/div><div data-slide-duration=\"0\" data-id=\"280\" data-slide-public-id=\"5\" aria-hidden=\"true\" data-title=\"IMG_6580 2\" class=\"n2-ss-slide n2-ow  n2-ss-slide-280\"><div role=\"note\" class=\"n2-ss-slide--focus\" tabindex=\"-1\">IMG_6580 2<\/div><div class=\"n2-ss-layers-container n2-ss-slide-limiter n2-ow\"><div class=\"n2-ss-layer n2-ow n-uc-aUNdzk9OsY5j\" data-sstype=\"slide\" data-pm=\"default\"><\/div><\/div><\/div><div data-slide-duration=\"0\" data-id=\"281\" data-slide-public-id=\"6\" aria-hidden=\"true\" data-title=\"IMG_6600\" class=\"n2-ss-slide n2-ow  n2-ss-slide-281\"><div role=\"note\" class=\"n2-ss-slide--focus\" tabindex=\"-1\">IMG_6600<\/div><div class=\"n2-ss-layers-container n2-ss-slide-limiter n2-ow\"><div class=\"n2-ss-layer n2-ow n-uc-IJTctzhWQetj\" data-sstype=\"slide\" data-pm=\"default\"><\/div><\/div><\/div><div data-slide-duration=\"0\" data-id=\"282\" data-slide-public-id=\"7\" aria-hidden=\"true\" data-title=\"IMG_6599\" class=\"n2-ss-slide n2-ow  n2-ss-slide-282\"><div role=\"note\" class=\"n2-ss-slide--focus\" tabindex=\"-1\">IMG_6599<\/div><div class=\"n2-ss-layers-container n2-ss-slide-limiter n2-ow\"><div class=\"n2-ss-layer n2-ow n-uc-39MiPYSZ31pY\" data-sstype=\"slide\" data-pm=\"default\"><\/div><\/div><\/div><div data-slide-duration=\"0\" data-id=\"283\" data-slide-public-id=\"8\" aria-hidden=\"true\" data-title=\"db84a007-48ed-44d0-be00-aa2507d2c030\" class=\"n2-ss-slide n2-ow  n2-ss-slide-283\"><div role=\"note\" class=\"n2-ss-slide--focus\" tabindex=\"-1\">db84a007-48ed-44d0-be00-aa2507d2c030<\/div><div class=\"n2-ss-layers-container n2-ss-slide-limiter n2-ow\"><div class=\"n2-ss-layer n2-ow n-uc-lZh30Wuzq3M2\" data-sstype=\"slide\" data-pm=\"default\"><\/div><\/div><\/div>                    <\/div>\n\n                                    <\/div>\n            <\/div>\n        <\/div>\n        <div class=\"n2-ss-slider-controls n2-ss-slider-controls-absolute-left-center\"><div style=\"--widget-offset:15px;\" class=\"n2-ss-widget n2-style-107cb0e4b96e295f0c4852cfc0854d07-heading nextend-arrow n2-ow-all nextend-arrow-previous  nextend-arrow-animated-fade\" data-hide-mobileportrait=\"1\" id=\"n2-ss-30-arrow-previous\" role=\"button\" aria-label=\"previous arrow\" tabindex=\"0\"><img loading=\"lazy\" decoding=\"async\" width=\"32\" height=\"32\" class=\"skip-lazy\" data-skip-lazy=\"1\" src=\"data:image\/svg+xml;base64,PHN2ZyB4bWxucz0iaHR0cDovL3d3dy53My5vcmcvMjAwMC9zdmciIHdpZHRoPSIzMiIgaGVpZ2h0PSIzMiIgdmlld0JveD0iMCAwIDMyIDMyIj4KICAgIDxwYXRoIGZpbGw9IiNmZmZmZmYiIG9wYWNpdHk9IjAuOCIgZmlsbC1ydWxlPSJldmVub2RkIgogICAgICAgICAgZD0iTTE4Ljk5NTggOC45OTA3YzAtLjQyNC0uMjA0LS43MjMtLjYxLS44OTgtLjQwOS0uMTczLS43NzItLjEwNC0xLjA5My4yMDlsLTcuMDA2IDYuOTc1Yy0uMjAxLjE5OS0uMjk3LjQzNy0uMjg2LjcxNiAwIC4yNjcuMDk2LjQ5OC4yODYuNjg5bDcuMDA2IDcuMDAxYy4zMjEuMzIxLjY4NC4zODkgMS4wOTMuMjA5LjQwNi0uMTc0LjYxLS40ODIuNjEtLjkyMlY4Ljk5MDd6Ii8+Cjwvc3ZnPg==\" alt=\"previous arrow\"><\/div><\/div><div class=\"n2-ss-slider-controls n2-ss-slider-controls-absolute-right-center\"><div style=\"--widget-offset:15px;\" class=\"n2-ss-widget n2-style-107cb0e4b96e295f0c4852cfc0854d07-heading nextend-arrow n2-ow-all nextend-arrow-next  nextend-arrow-animated-fade\" data-hide-mobileportrait=\"1\" id=\"n2-ss-30-arrow-next\" role=\"button\" aria-label=\"next arrow\" tabindex=\"0\"><img loading=\"lazy\" decoding=\"async\" width=\"32\" height=\"32\" class=\"skip-lazy\" data-skip-lazy=\"1\" src=\"data:image\/svg+xml;base64,PHN2ZyB3aWR0aD0iMzIiIGhlaWdodD0iMzIiIHZpZXdCb3g9IjAgMCAzMiAzMiIgeG1sbnM9Imh0dHA6Ly93d3cudzMub3JnLzIwMDAvc3ZnIj4KICAgIDxwYXRoIGQ9Ik0xMiA4Ljk5YzAtLjQyMy4yMDQtLjcyMi42MS0uODk3LjQwOC0uMTczLjc3Mi0uMTA0IDEuMDkyLjIxbDcuMDA2IDYuOTc0Yy4yMDIuMi4yOTguNDM3LjI4Ny43MTYgMCAuMjY3LS4wOTYuNDk4LS4yODcuNjlsLTcuMDA2IDdjLS4zMi4zMi0uNjg0LjM5LTEuMDkyLjIxLS40MDYtLjE3NS0uNjEtLjQ4My0uNjEtLjkyM1Y4Ljk5eiIKICAgICAgICAgIGZpbGw9IiNmZmZmZmYiIG9wYWNpdHk9IjAuOCIgZmlsbC1ydWxlPSJldmVub2RkIi8+Cjwvc3ZnPg==\" alt=\"next arrow\"><\/div><\/div><div class=\"n2-ss-slider-controls n2-ss-slider-controls-absolute-center-bottom\"><div style=\"--widget-offset:30px;text-align: center;width:100%;\" class=\"n2-ss-widget nextend-bar nextend-bar-horizontal n2-ss-widget-hidden n2-ow-all\"><div class=\"n2-style-3745c27e4cee514fb93ac00b0ec9858c-simple \" style=\"display: inline-block;\"><span class=\"n2-font-86860a54b7064aeda4451b2de9b363f3-simple \">&nbsp;<\/span><\/div><\/div><\/div><\/div><\/div><ss3-loader><\/ss3-loader><\/div><\/div><div class=\"n2_clear\"><\/div><\/div>","protected":false},"excerpt":{"rendered":"<p>En juillet 2023, c\u2019\u00e9tait au tour des \u00e9quipes de stagiaires du Togo et et du B\u00e9nin d\u2019entamer leur formation en organisant un atelier de gu\u00e9rison [&#8230;]<\/p>\n","protected":false},"author":1,"featured_media":0,"parent":0,"menu_order":0,"comment_status":"closed","ping_status":"closed","template":"","meta":{"footnotes":""},"folder":[],"class_list":["post-5123","page","type-page","status-publish","hentry"],"aioseo_notices":[],"_links":{"self":[{"href":"https:\/\/healing-memories.lu\/index.php?rest_route=\/wp\/v2\/pages\/5123","targetHints":{"allow":["GET"]}}],"collection":[{"href":"https:\/\/healing-memories.lu\/index.php?rest_route=\/wp\/v2\/pages"}],"about":[{"href":"https:\/\/healing-memories.lu\/index.php?rest_route=\/wp\/v2\/types\/page"}],"author":[{"embeddable":true,"href":"https:\/\/healing-memories.lu\/index.php?rest_route=\/wp\/v2\/users\/1"}],"replies":[{"embeddable":true,"href":"https:\/\/healing-memories.lu\/index.php?rest_route=%2Fwp%2Fv2%2Fcomments&post=5123"}],"version-history":[{"count":5,"href":"https:\/\/healing-memories.lu\/index.php?rest_route=\/wp\/v2\/pages\/5123\/revisions"}],"predecessor-version":[{"id":5130,"href":"https:\/\/healing-memories.lu\/index.php?rest_route=\/wp\/v2\/pages\/5123\/revisions\/5130"}],"wp:attachment":[{"href":"https:\/\/healing-memories.lu\/index.php?rest_route=%2Fwp%2Fv2%2Fmedia&parent=5123"}],"wp:term":[{"taxonomy":"folder","embeddable":true,"href":"https:\/\/healing-memories.lu\/index.php?rest_route=%2Fwp%2Fv2%2Ffolder&post=5123"}],"curies":[{"name":"wp","href":"https:\/\/api.w.org\/{rel}","templated":true}]}}