{"id":5421,"date":"2024-06-07T11:04:19","date_gmt":"2024-06-07T10:04:19","guid":{"rendered":"https:\/\/healing-memories.lu\/?page_id=5421"},"modified":"2026-02-01T11:19:28","modified_gmt":"2026-02-01T10:19:28","slug":"cycle-2024-2025","status":"publish","type":"page","link":"https:\/\/healing-memories.lu\/?page_id=5421","title":{"rendered":"Cycle 2024\/2025"},"content":{"rendered":"\n<p class=\"has-large-font-size\"><strong><mark style=\"background-color:rgba(0, 0, 0, 0)\" class=\"has-inline-color has-primary-color\">Un nouveau cycle commence<\/mark><\/strong><\/p>\n\n\n<div class=\"wp-block-image\">\n<figure class=\"aligncenter size-full\"><img loading=\"lazy\" decoding=\"async\" width=\"630\" height=\"276\" src=\"https:\/\/healing-memories.lu\/wp-content\/uploads\/2024\/06\/Grand-popo-1.png\" alt=\"\" class=\"wp-image-5393\" srcset=\"https:\/\/healing-memories.lu\/wp-content\/uploads\/2024\/06\/Grand-popo-1.png 630w, https:\/\/healing-memories.lu\/wp-content\/uploads\/2024\/06\/Grand-popo-1-300x131.png 300w\" sizes=\"auto, (max-width: 630px) 100vw, 630px\" \/><\/figure>\n<\/div>\n\n\n<p class=\"has-text-align-center\" style=\"font-size:34px\"><mark style=\"background-color:rgba(0, 0, 0, 0)\" class=\"has-inline-color has-primary-color\"><strong>Session de Grand Popo &#8211; juillet 2024<\/strong><\/mark><\/p>\n\n\n\n<hr class=\"wp-block-separator has-alpha-channel-opacity\"\/>\n\n\n\n<p class=\"has-text-align-right\" style=\"font-size:28px\"><mark style=\"background-color:rgba(0, 0, 0, 0)\" class=\"has-inline-color has-primary-color\"><strong>Des participants et formateurs t\u00e9moignent  <\/strong><\/mark><\/p>\n\n\n\n<div class=\"wp-block-media-text has-media-on-the-right is-stacked-on-mobile\" style=\"grid-template-columns:auto 56%\"><div class=\"wp-block-media-text__content\">\n<p>Du 12 au 22 juillet, 26 nouveaux stagiaires de 9 pays d\u2019Afrique de l\u2019Ouest et d\u2019Afrique centrale ont particip\u00e9 \u00e0 une formation de base de 10 jours \u00e0 Grand-Popo (B\u00e9nin)&#8230;<\/p>\n\n\n\n<div class=\"wp-block-buttons is-layout-flex wp-block-buttons-is-layout-flex\">\n<div class=\"wp-block-button\"><a class=\"wp-block-button__link wp-element-button\" href=\"https:\/\/healing-memories.lu\/?page_id=6079\">lire la suite >><\/a><\/div>\n<\/div>\n<\/div><figure class=\"wp-block-media-text__media\"><a href=\"https:\/\/csjr.org\/le-csjr-present-a-la-formation-guerison-des-memoires-au-benin\/\"><img loading=\"lazy\" decoding=\"async\" width=\"1024\" height=\"562\" src=\"https:\/\/healing-memories.lu\/wp-content\/uploads\/2025\/01\/Grand-Popo-1024x562.jpeg\" alt=\"\" class=\"wp-image-6195 size-full\" srcset=\"https:\/\/healing-memories.lu\/wp-content\/uploads\/2025\/01\/Grand-Popo-1024x562.jpeg 1024w, https:\/\/healing-memories.lu\/wp-content\/uploads\/2025\/01\/Grand-Popo-300x165.jpeg 300w, https:\/\/healing-memories.lu\/wp-content\/uploads\/2025\/01\/Grand-Popo-768x422.jpeg 768w, https:\/\/healing-memories.lu\/wp-content\/uploads\/2025\/01\/Grand-Popo-1536x843.jpeg 1536w, https:\/\/healing-memories.lu\/wp-content\/uploads\/2025\/01\/Grand-Popo-2048x1125.jpeg 2048w, https:\/\/healing-memories.lu\/wp-content\/uploads\/2025\/01\/Grand-Popo-800x440.jpeg 800w, https:\/\/healing-memories.lu\/wp-content\/uploads\/2025\/01\/Grand-Popo-1320x725.jpeg 1320w\" sizes=\"auto, (max-width: 1024px) 100vw, 1024px\" \/><\/a><\/figure><\/div>\n\n\n\n<hr class=\"wp-block-separator has-alpha-channel-opacity\"\/>\n\n\n\n<p style=\"font-size:28px\"><mark style=\"background-color:rgba(0, 0, 0, 0)\" class=\"has-inline-color has-primary-color\"><strong>Travaux r\u00e9flexion pr\u00e9alables <\/strong><\/mark><\/p>\n\n\n\n<div class=\"wp-block-media-text is-stacked-on-mobile\"><figure class=\"wp-block-media-text__media\"><img loading=\"lazy\" decoding=\"async\" width=\"545\" height=\"367\" src=\"https:\/\/healing-memories.lu\/wp-content\/uploads\/2024\/06\/Capture-decran-2024-06-21-135216.png\" alt=\"\" class=\"wp-image-5441 size-full\" srcset=\"https:\/\/healing-memories.lu\/wp-content\/uploads\/2024\/06\/Capture-decran-2024-06-21-135216.png 545w, https:\/\/healing-memories.lu\/wp-content\/uploads\/2024\/06\/Capture-decran-2024-06-21-135216-300x202.png 300w\" sizes=\"auto, (max-width: 545px) 100vw, 545px\" \/><\/figure><div class=\"wp-block-media-text__content\">\n<p>\u00c0 l&rsquo;exemple des travaux pr\u00e9alables men\u00e9s par les membres des pays participants \u00e0 la session de Cotonou 2022, les groupes des diff\u00e9rents pays qui participeront \u00e0 la session de formation en juillet 2024, ont, eux aussi, r\u00e9alis\u00e9 un travail de r\u00e9flexion&#8230;<\/p>\n\n\n\n<div class=\"wp-block-buttons is-layout-flex wp-block-buttons-is-layout-flex\">\n<div class=\"wp-block-button\"><a class=\"wp-block-button__link wp-element-button\" href=\"https:\/\/healing-memories.lu\/?page_id=5440\">lire la suite &gt;&gt;<\/a><\/div>\n<\/div>\n\n\n\n<p><\/p>\n<\/div><\/div>\n","protected":false},"excerpt":{"rendered":"<p>Un nouveau cycle commence Session de Grand Popo &#8211; juillet 2024 Des participants et formateurs t\u00e9moignent Travaux r\u00e9flexion pr\u00e9alables<\/p>\n","protected":false},"author":1,"featured_media":0,"parent":0,"menu_order":0,"comment_status":"closed","ping_status":"closed","template":"","meta":{"footnotes":""},"folder":[],"class_list":["post-5421","page","type-page","status-publish","hentry"],"aioseo_notices":[],"_links":{"self":[{"href":"https:\/\/healing-memories.lu\/index.php?rest_route=\/wp\/v2\/pages\/5421","targetHints":{"allow":["GET"]}}],"collection":[{"href":"https:\/\/healing-memories.lu\/index.php?rest_route=\/wp\/v2\/pages"}],"about":[{"href":"https:\/\/healing-memories.lu\/index.php?rest_route=\/wp\/v2\/types\/page"}],"author":[{"embeddable":true,"href":"https:\/\/healing-memories.lu\/index.php?rest_route=\/wp\/v2\/users\/1"}],"replies":[{"embeddable":true,"href":"https:\/\/healing-memories.lu\/index.php?rest_route=%2Fwp%2Fv2%2Fcomments&post=5421"}],"version-history":[{"count":11,"href":"https:\/\/healing-memories.lu\/index.php?rest_route=\/wp\/v2\/pages\/5421\/revisions"}],"predecessor-version":[{"id":6332,"href":"https:\/\/healing-memories.lu\/index.php?rest_route=\/wp\/v2\/pages\/5421\/revisions\/6332"}],"wp:attachment":[{"href":"https:\/\/healing-memories.lu\/index.php?rest_route=%2Fwp%2Fv2%2Fmedia&parent=5421"}],"wp:term":[{"taxonomy":"folder","embeddable":true,"href":"https:\/\/healing-memories.lu\/index.php?rest_route=%2Fwp%2Fv2%2Ffolder&post=5421"}],"curies":[{"name":"wp","href":"https:\/\/api.w.org\/{rel}","templated":true}]}}