{"id":5440,"date":"2024-06-21T13:05:47","date_gmt":"2024-06-21T12:05:47","guid":{"rendered":"https:\/\/healing-memories.lu\/?page_id=5440"},"modified":"2024-07-10T10:11:34","modified_gmt":"2024-07-10T09:11:34","slug":"travaux-de-reflexion-prealables-session-de-grand-popo","status":"publish","type":"page","link":"https:\/\/healing-memories.lu\/?page_id=5440","title":{"rendered":"Travaux de r\u00e9flexion pr\u00e9alables -Session de Grand Popo"},"content":{"rendered":"\n<p>\u00c0 l&rsquo;exemple des travaux pr\u00e9alables men\u00e9s par les membres des diff\u00e9rents pays participants \u00e0 la session de Cotonou 2022, les membres des groupes des 9 pays qui participeront \u00e0 la session de formation en juillet 2024, ont, eux aussi, r\u00e9alis\u00e9 un travail de r\u00e9flexion pr\u00e9alable sur le th\u00e8me des blessures collectives sur base d&rsquo;un <a href=\"https:\/\/healing-memories.lu\/wp-content\/uploads\/2024\/06\/QUESTIONNAIRE_2024_DEF.pdf\" target=\"_blank\" rel=\"noopener\" title=\"\">questionnaire.<\/a><\/p>\n\n\n<div class=\"wp-block-image is-style-rounded\">\n<figure class=\"aligncenter size-full is-resized\"><img loading=\"lazy\" decoding=\"async\" width=\"545\" height=\"367\" src=\"https:\/\/healing-memories.lu\/wp-content\/uploads\/2024\/06\/Capture-decran-2024-06-21-135216.png\" alt=\"\" class=\"wp-image-5441\" style=\"width:411px;height:auto\" srcset=\"https:\/\/healing-memories.lu\/wp-content\/uploads\/2024\/06\/Capture-decran-2024-06-21-135216.png 545w, https:\/\/healing-memories.lu\/wp-content\/uploads\/2024\/06\/Capture-decran-2024-06-21-135216-300x202.png 300w\" sizes=\"auto, (max-width: 545px) 100vw, 545px\" \/><\/figure>\n<\/div>\n\n\n<p>Les fruits de leurs r\u00e9flexions sont ajout\u00e9s progressivement ci-dessous.<\/p>\n\n\n\n<p class=\"has-medium-font-size\"><strong><mark style=\"background-color:rgba(0, 0, 0, 0)\" class=\"has-inline-color has-primary-color\"><a href=\"https:\/\/healing-memories.lu\/?page_id=5657\" target=\"_blank\" rel=\"noopener\" title=\"\">B\u00e9nin<\/a><\/mark><\/strong><\/p>\n\n\n\n<p class=\"has-medium-font-size\"><strong><mark style=\"background-color:rgba(0, 0, 0, 0)\" class=\"has-inline-color has-primary-color\"><a href=\"https:\/\/healing-memories.lu\/wp-content\/uploads\/2024\/06\/Reflexions-equipe-du-Burkina.pdf\" target=\"_blank\" rel=\"noopener\" title=\"\">Burkina Faso<\/a><\/mark><\/strong><\/p>\n\n\n\n<p class=\"has-medium-font-size\"><strong><mark style=\"background-color:rgba(0, 0, 0, 0)\" class=\"has-inline-color has-primary-color\"><a href=\"https:\/\/healing-memories.lu\/?page_id=5493\" target=\"_blank\" rel=\"noopener\" title=\"\">C\u00f4te d&rsquo;Ivoire<\/a><\/mark><\/strong><\/p>\n\n\n\n<p class=\"has-medium-font-size\"><strong><mark style=\"background-color:rgba(0, 0, 0, 0)\" class=\"has-inline-color has-primary-color\"><a href=\"https:\/\/healing-memories.lu\/?page_id=5665\" target=\"_blank\" rel=\"noopener\" title=\"\">Mali<\/a><\/mark><\/strong><\/p>\n\n\n\n<p class=\"has-medium-font-size\"><strong><mark style=\"background-color:rgba(0, 0, 0, 0)\" class=\"has-inline-color has-primary-color\"><a href=\"https:\/\/healing-memories.lu\/wp-content\/uploads\/2024\/06\/Reflexions-Equipe-du-Niger.pdf\" target=\"_blank\" rel=\"noopener\" title=\"\">Niger<\/a><\/mark><\/strong><\/p>\n\n\n\n<p class=\"has-medium-font-size\"><strong><mark style=\"background-color:rgba(0, 0, 0, 0)\" class=\"has-inline-color has-primary-color\"><a href=\"https:\/\/healing-memories.lu\/?page_id=5462\" target=\"_blank\" rel=\"noopener\" title=\"\">R\u00e9publique d\u00e9mocratique du Congo<\/a><\/mark><\/strong><\/p>\n\n\n\n<p class=\"has-medium-font-size\"><strong><mark style=\"background-color:rgba(0, 0, 0, 0)\" class=\"has-inline-color has-primary-color\"><a href=\"https:\/\/healing-memories.lu\/wp-content\/uploads\/2024\/06\/Reflexions-Equipe-du-Burundi.pdf\" target=\"_blank\" rel=\"noopener\" title=\"\">Rwanda\/Burundi<\/a><\/mark><\/strong><\/p>\n\n\n\n<p class=\"has-medium-font-size\"><strong><mark style=\"background-color:rgba(0, 0, 0, 0)\" class=\"has-inline-color has-primary-color\"><a href=\"https:\/\/healing-memories.lu\/wp-content\/uploads\/2024\/06\/Reflections-Equipe-du-Senegal-2024.pdf\" target=\"_blank\" rel=\"noopener\" title=\"\">S\u00e9n\u00e9gal<\/a><\/mark><\/strong><\/p>\n\n\n\n<p class=\"has-medium-font-size\"><strong><mark style=\"background-color:rgba(0, 0, 0, 0)\" class=\"has-inline-color has-primary-color\"><a href=\"https:\/\/healing-memories.lu\/?page_id=5496\" target=\"_blank\" rel=\"noopener\" title=\"\">Togo<\/a><\/mark><\/strong><\/p>\n","protected":false},"excerpt":{"rendered":"<p>\u00c0 l&rsquo;exemple des travaux pr\u00e9alables men\u00e9s par les membres des diff\u00e9rents pays participants \u00e0 la session de Cotonou 2022, les membres des groupes des 9 [&#8230;]<\/p>\n","protected":false},"author":1,"featured_media":0,"parent":0,"menu_order":0,"comment_status":"closed","ping_status":"closed","template":"","meta":{"footnotes":""},"folder":[],"class_list":["post-5440","page","type-page","status-publish","hentry"],"aioseo_notices":[],"_links":{"self":[{"href":"https:\/\/healing-memories.lu\/index.php?rest_route=\/wp\/v2\/pages\/5440","targetHints":{"allow":["GET"]}}],"collection":[{"href":"https:\/\/healing-memories.lu\/index.php?rest_route=\/wp\/v2\/pages"}],"about":[{"href":"https:\/\/healing-memories.lu\/index.php?rest_route=\/wp\/v2\/types\/page"}],"author":[{"embeddable":true,"href":"https:\/\/healing-memories.lu\/index.php?rest_route=\/wp\/v2\/users\/1"}],"replies":[{"embeddable":true,"href":"https:\/\/healing-memories.lu\/index.php?rest_route=%2Fwp%2Fv2%2Fcomments&post=5440"}],"version-history":[{"count":16,"href":"https:\/\/healing-memories.lu\/index.php?rest_route=\/wp\/v2\/pages\/5440\/revisions"}],"predecessor-version":[{"id":5709,"href":"https:\/\/healing-memories.lu\/index.php?rest_route=\/wp\/v2\/pages\/5440\/revisions\/5709"}],"wp:attachment":[{"href":"https:\/\/healing-memories.lu\/index.php?rest_route=%2Fwp%2Fv2%2Fmedia&parent=5440"}],"wp:term":[{"taxonomy":"folder","embeddable":true,"href":"https:\/\/healing-memories.lu\/index.php?rest_route=%2Fwp%2Fv2%2Ffolder&post=5440"}],"curies":[{"name":"wp","href":"https:\/\/api.w.org\/{rel}","templated":true}]}}