{"id":5493,"date":"2024-06-25T09:43:00","date_gmt":"2024-06-25T08:43:00","guid":{"rendered":"https:\/\/healing-memories.lu\/?page_id=5493"},"modified":"2024-07-10T10:09:37","modified_gmt":"2024-07-10T09:09:37","slug":"cote-divoire-4","status":"publish","type":"page","link":"https:\/\/healing-memories.lu\/?page_id=5493","title":{"rendered":"C\u00f4te d&rsquo;Ivoire"},"content":{"rendered":"\n<p class=\"has-medium-font-size\"><strong><mark style=\"background-color:rgba(0, 0, 0, 0)\" class=\"has-inline-color has-primary-color\">Travail de r\u00e9flexion<\/mark><\/strong><\/p>\n\n\n\n<p class=\"has-text-align-center\">BLESSURE DANS MON PAYS, LA COTE D\u2019IVOIRE !<\/p>\n\n\n\n<p class=\"has-small-font-size\">Depuis l\u2019\u00e9poque coloniale, notre pays la C\u00f4te d\u2019Ivoire a connu de nombreuses crises (2002, 2010, 2020) qui ont engendr\u00e9 beaucoup de traumatisme dans toutes les couches de la population. <em><a href=\"https:\/\/healing-memories.lu\/wp-content\/uploads\/2024\/06\/Texte-introductif-Cote-dIvoire.pdf\" target=\"_blank\" rel=\"noopener\" title=\"\"><strong>lire la suite&gt;&gt;<\/strong><\/a><\/em><\/p>\n\n\n\n<p class=\"has-small-font-size\"><strong>T\u00c9MOIGNAGE<\/strong><br><strong>Cet audio est le t\u00e9moignage d&rsquo;une personne vivant \u00e0 Abidjan qui relate en quelques minutes son v\u00e9cu de la crise post-\u00e9lectorale de 2010 en C\u00f4te d&rsquo;Ivoire. Elle souhaite garder l&rsquo;anonymat. <\/strong><em><a href=\"https:\/\/healing-memories.lu\/wp-content\/uploads\/2024\/06\/GDM-Temoignage-1-Cote-dIvoire.mp4\" target=\"_blank\" rel=\"noopener\" title=\"\"><strong>J&rsquo;\u00e9coute >><\/strong><\/a><\/em><\/p>\n\n\n\n<p><\/p>\n\n\n\n<p><\/p>\n","protected":false},"excerpt":{"rendered":"<p>Travail de r\u00e9flexion BLESSURE DANS MON PAYS, LA COTE D\u2019IVOIRE ! Depuis l\u2019\u00e9poque coloniale, notre pays la C\u00f4te d\u2019Ivoire a connu de nombreuses crises (2002, [&#8230;]<\/p>\n","protected":false},"author":1,"featured_media":0,"parent":0,"menu_order":0,"comment_status":"closed","ping_status":"closed","template":"","meta":{"footnotes":""},"folder":[],"class_list":["post-5493","page","type-page","status-publish","hentry"],"aioseo_notices":[],"_links":{"self":[{"href":"https:\/\/healing-memories.lu\/index.php?rest_route=\/wp\/v2\/pages\/5493","targetHints":{"allow":["GET"]}}],"collection":[{"href":"https:\/\/healing-memories.lu\/index.php?rest_route=\/wp\/v2\/pages"}],"about":[{"href":"https:\/\/healing-memories.lu\/index.php?rest_route=\/wp\/v2\/types\/page"}],"author":[{"embeddable":true,"href":"https:\/\/healing-memories.lu\/index.php?rest_route=\/wp\/v2\/users\/1"}],"replies":[{"embeddable":true,"href":"https:\/\/healing-memories.lu\/index.php?rest_route=%2Fwp%2Fv2%2Fcomments&post=5493"}],"version-history":[{"count":5,"href":"https:\/\/healing-memories.lu\/index.php?rest_route=\/wp\/v2\/pages\/5493\/revisions"}],"predecessor-version":[{"id":5706,"href":"https:\/\/healing-memories.lu\/index.php?rest_route=\/wp\/v2\/pages\/5493\/revisions\/5706"}],"wp:attachment":[{"href":"https:\/\/healing-memories.lu\/index.php?rest_route=%2Fwp%2Fv2%2Fmedia&parent=5493"}],"wp:term":[{"taxonomy":"folder","embeddable":true,"href":"https:\/\/healing-memories.lu\/index.php?rest_route=%2Fwp%2Fv2%2Ffolder&post=5493"}],"curies":[{"name":"wp","href":"https:\/\/api.w.org\/{rel}","templated":true}]}}