{"id":5496,"date":"2024-06-25T09:44:39","date_gmt":"2024-06-25T08:44:39","guid":{"rendered":"https:\/\/healing-memories.lu\/?page_id=5496"},"modified":"2024-06-25T11:01:26","modified_gmt":"2024-06-25T10:01:26","slug":"togo","status":"publish","type":"page","link":"https:\/\/healing-memories.lu\/?page_id=5496","title":{"rendered":"Togo"},"content":{"rendered":"\n<p class=\"has-medium-font-size\"><strong><mark style=\"background-color:rgba(0, 0, 0, 0)\" class=\"has-inline-color has-primary-color\">Travail de r\u00e9flexion<\/mark><\/strong><\/p>\n\n\n\n<p class=\"has-medium-font-size\"><strong>\u00c9CHANGES<\/strong><br>Les r\u00e9flexions personnelles nous ont amen\u00e9 \u00e0 d\u00e9terminer les diff\u00e9rents sentiments ou blessures remarqu\u00e9es parmi nos entourages et les personnes que nous c\u00f4toyons. Alors nous list\u00e9s des blessures comme : la haine, l&rsquo;anarchie, la col\u00e8re, la peur, la d\u00e9prime, le d\u00e9couragement, l\u2019humiliation, l\u2019esclavage, le rejet. <em><a href=\"https:\/\/healing-memories.lu\/wp-content\/uploads\/2024\/06\/Togo-ECHANGES.pdf\" target=\"_blank\" rel=\"noopener\" title=\"\">lire la suite >><\/a><\/em><\/p>\n\n\n\n<p class=\"has-medium-font-size\"><strong>R\u00c9PONSES<\/strong><br>Les diff\u00e9rentes blessures tr\u00e8s anciennes le plus souvent ressenties :<br>&#8211; La haine<br>&#8211; L&rsquo;injustice<br>&#8211; La col\u00e8re<br>&#8211; La trahison <br><em><a href=\"https:\/\/healing-memories.lu\/wp-content\/uploads\/2024\/06\/Togo-REPONSES.pdf\" target=\"_blank\" rel=\"noopener\" title=\"\">lire la suite>><\/a><\/em><\/p>\n\n\n\n<p class=\"has-medium-font-size\"><strong>T\u00c9MOIGNAGES<\/strong><br><em>\u00a0\u00bb Souvent quand j&rsquo;y repense, je suis t\u00e9tanis\u00e9 de peur, c&rsquo;etait horrible&#8230;\u00a0\u00bb<\/em> <br><em><a href=\"https:\/\/healing-memories.lu\/wp-content\/uploads\/2024\/06\/Togo-TEMOIGNAGES.pdf\" target=\"_blank\" rel=\"noopener\" title=\"\">lire la suite>><\/a><\/em><\/p>\n\n\n\n<p class=\"has-small-font-size\"><\/p>\n","protected":false},"excerpt":{"rendered":"<p>Travail de r\u00e9flexion \u00c9CHANGESLes r\u00e9flexions personnelles nous ont amen\u00e9 \u00e0 d\u00e9terminer les diff\u00e9rents sentiments ou blessures remarqu\u00e9es parmi nos entourages et les personnes que nous [&#8230;]<\/p>\n","protected":false},"author":1,"featured_media":0,"parent":0,"menu_order":0,"comment_status":"closed","ping_status":"closed","template":"","meta":{"footnotes":""},"folder":[],"class_list":["post-5496","page","type-page","status-publish","hentry"],"aioseo_notices":[],"_links":{"self":[{"href":"https:\/\/healing-memories.lu\/index.php?rest_route=\/wp\/v2\/pages\/5496","targetHints":{"allow":["GET"]}}],"collection":[{"href":"https:\/\/healing-memories.lu\/index.php?rest_route=\/wp\/v2\/pages"}],"about":[{"href":"https:\/\/healing-memories.lu\/index.php?rest_route=\/wp\/v2\/types\/page"}],"author":[{"embeddable":true,"href":"https:\/\/healing-memories.lu\/index.php?rest_route=\/wp\/v2\/users\/1"}],"replies":[{"embeddable":true,"href":"https:\/\/healing-memories.lu\/index.php?rest_route=%2Fwp%2Fv2%2Fcomments&post=5496"}],"version-history":[{"count":3,"href":"https:\/\/healing-memories.lu\/index.php?rest_route=\/wp\/v2\/pages\/5496\/revisions"}],"predecessor-version":[{"id":5511,"href":"https:\/\/healing-memories.lu\/index.php?rest_route=\/wp\/v2\/pages\/5496\/revisions\/5511"}],"wp:attachment":[{"href":"https:\/\/healing-memories.lu\/index.php?rest_route=%2Fwp%2Fv2%2Fmedia&parent=5496"}],"wp:term":[{"taxonomy":"folder","embeddable":true,"href":"https:\/\/healing-memories.lu\/index.php?rest_route=%2Fwp%2Fv2%2Ffolder&post=5496"}],"curies":[{"name":"wp","href":"https:\/\/api.w.org\/{rel}","templated":true}]}}