{"id":551,"date":"2021-04-16T13:02:53","date_gmt":"2021-04-16T12:02:53","guid":{"rendered":"https:\/\/healing-memories.lu\/?page_id=551"},"modified":"2021-08-25T10:45:34","modified_gmt":"2021-08-25T09:45:34","slug":"konferenzen","status":"publish","type":"page","link":"https:\/\/healing-memories.lu\/?page_id=551&lang=de","title":{"rendered":"Veranstaltungen"},"content":{"rendered":"\n<div class=\"wp-block-image\"><figure class=\"aligncenter size-full is-resized\"><img loading=\"lazy\" decoding=\"async\" src=\"https:\/\/healing-memories.lu\/wp-content\/uploads\/2021\/08\/Manif-Photo.png\" alt=\"\" class=\"wp-image-2865\" width=\"750\" height=\"509\" srcset=\"https:\/\/healing-memories.lu\/wp-content\/uploads\/2021\/08\/Manif-Photo.png 850w, https:\/\/healing-memories.lu\/wp-content\/uploads\/2021\/08\/Manif-Photo-300x204.png 300w, https:\/\/healing-memories.lu\/wp-content\/uploads\/2021\/08\/Manif-Photo-768x521.png 768w\" sizes=\"auto, (max-width: 750px) 100vw, 750px\" \/><\/figure><\/div>\n\n\n\n<p class=\"has-medium-font-size\"><strong><span class=\"has-inline-color has-secondary-color\"><strong>Generalversammlung 2021 von <em>Healing of Memories Luxembourg<\/em><\/strong><\/span><\/strong><\/p>\n\n\n\n<p>Die Vereinigung <em>Healing of Memories Luxembourg asbl<\/em> hielt am 26. Juni 2021 ihre erste ordentliche Generalversammlung ab, kaum sieben Monate nach ihrer offiziellen Gr\u00fcndung, die auf der konstituierenden Versammlung am 28. November 2020 stattgefunden hatte.<\/p>\n\n\n\n<div class=\"wp-block-image\"><figure class=\"aligncenter size-large is-resized\"><img loading=\"lazy\" decoding=\"async\" src=\"https:\/\/healing-memories.lu\/wp-content\/uploads\/2021\/06\/Image1.png\" alt=\"\" class=\"wp-image-2151\" width=\"506\" height=\"344\" srcset=\"https:\/\/healing-memories.lu\/wp-content\/uploads\/2021\/06\/Image1.png 966w, https:\/\/healing-memories.lu\/wp-content\/uploads\/2021\/06\/Image1-300x205.png 300w, https:\/\/healing-memories.lu\/wp-content\/uploads\/2021\/06\/Image1-768x524.png 768w\" sizes=\"auto, (max-width: 506px) 100vw, 506px\" \/><\/figure><\/div>\n\n\n\n<p>Dieses Treffen fand in einer entspannten und freundschaftlichen Atmosph\u00e4re statt und bot Gelegenheit, den anwesenden Mitgliedern eine Bilanz der Aktivit\u00e4ten der Unterst\u00fctzungsgruppe \u201e<em>Healing of Memories<\/em>\u201c Luxemburg\/Europa in den 12 Jahren seit dem ersten Besuch von Michael Lapsley im Jahr 2008 und der neuen Vereinigung seit November 2020 zu pr\u00e4sentieren (siehe T\u00e4tigkeitsbericht 2020).<\/p>\n\n\n\n<p>Trotz der schwierigen Bedingungen der Pandemie hat die Gruppe das Jahr 2020 genutzt, um die neue Struktur zu schaffen. Gleichzeitig wurden die Veranstaltungen fortgesetzt: Ein Nachbereitungstreffen der Teilnehmer des letzten Healing-of-Memories-Workshops vom Dezember 2019, das w\u00e4hrend der sommerlichen \u201ePause\u201c der Pandemie stattfand; zahlreiche Moderatorenschulungen auf drei Ebenen, haupts\u00e4chlich per Videokonferenz und durch Michael Lapsley von S\u00fcdafrika aus moderiert; Vorbereitung eines Online-Workshops, der f\u00fcr den 3. und 4. Juli 2021 geplant ist; Co-Moderation von Online-Workshops mit Mitarbeitern des <em>Montreal Centre for Services in Restorative Justice <\/em>(Zentrum f\u00fcr Dienste der opferorientierten Justiz in Montreal); Arbeit an der Vorbereitung eines Moderatorenschulungsprogramms im franz\u00f6sischsprachigen Afrika, das im Juli 2022 anlaufen soll.<\/p>\n\n\n\n<figure class=\"wp-block-image size-large\"><img loading=\"lazy\" decoding=\"async\" width=\"1024\" height=\"542\" src=\"https:\/\/healing-memories.lu\/wp-content\/uploads\/2021\/07\/PHOTO-AG-2021-1024x542.jpg\" alt=\"\" class=\"wp-image-2666\" srcset=\"https:\/\/healing-memories.lu\/wp-content\/uploads\/2021\/07\/PHOTO-AG-2021-1024x542.jpg 1024w, https:\/\/healing-memories.lu\/wp-content\/uploads\/2021\/07\/PHOTO-AG-2021-300x159.jpg 300w, https:\/\/healing-memories.lu\/wp-content\/uploads\/2021\/07\/PHOTO-AG-2021-768x406.jpg 768w, https:\/\/healing-memories.lu\/wp-content\/uploads\/2021\/07\/PHOTO-AG-2021-1320x699.jpg 1320w, https:\/\/healing-memories.lu\/wp-content\/uploads\/2021\/07\/PHOTO-AG-2021.jpg 1468w\" sizes=\"auto, (max-width: 1024px) 100vw, 1024px\" \/><figcaption>Lors de l&rsquo;Assembl\u00e9e g\u00e9n\u00e9rale, juin 2021<\/figcaption><\/figure>\n\n\n\n<p>Die Generalversammlung bot auch eine Gelegenheit dazu,<\/p>\n\n\n\n<p>\u2013 die Mitglieder des Vorstands vorzustellen, die im November 2020 auf zwei Jahre gew\u00e4hlt wurden (*) und von denen jeder einen Teil der Gestaltung der Sitzung \u00fcbernahm;<\/p>\n\n\n\n<p>\u2013 einen \u00dcberblick \u00fcber die finanzielle Situation der neuen Vereinigung zu geben, nachdem der Jahresabschluss 2020 der ehemaligen Gruppe bereits auf der ACAT-Generalversammlung, die am 24. April 2021 per Videokonferenz stattfand, genehmigt worden war;<\/p>\n\n\n\n<p>\u2013 auf den Sinn des Prozesses der Heilung von Erinnerungen aufmerksam zu machen, der allen Menschen angeboten wird, die ihre Vergangenheit, insbesondere ihre schmerzhaften Erinnerungen, Revue passieren lassen wollen, um einen ersten Schritt in Richtung Heilung zu machen; diese Botschaft wurde auf bewegende Weise durch einen zu Beginn der Sitzung vorgef\u00fchrten Kurzfilm her\u00fcbergebracht, der von der Gruppe \u201eHeilung von Erinnerungen\u201c in Montreal hergestellt worden war.<\/p>\n\n\n\n<p>Zum Abschluss der Versammlung gab es einen geselligen Umtrunk.<\/p>\n\n\n\n<hr class=\"wp-block-separator is-style-wide\"\/>\n\n\n\n<p class=\"has-small-font-size\">(*) Patrick Byrne, Pr\u00e4sident; C\u00e9cile Thill, Sekret\u00e4rin; Esm\u00e9ralda Chupin, Schatzmeisterin; Javier Garc\u00eda Alves, Koordinator der Projekte; Angela Cardoso Borges, Paul Chahine, Marie-Christine Ries, Valdemar Santos.<\/p>\n","protected":false},"excerpt":{"rendered":"<p>Generalversammlung 2021 von Healing of Memories Luxembourg Die Vereinigung Healing of Memories Luxembourg asbl hielt am 26. Juni 2021 ihre erste ordentliche Generalversammlung ab, kaum [&#8230;]<\/p>\n","protected":false},"author":1,"featured_media":0,"parent":0,"menu_order":0,"comment_status":"closed","ping_status":"closed","template":"","meta":{"footnotes":""},"folder":[],"class_list":["post-551","page","type-page","status-publish","hentry"],"aioseo_notices":[],"_links":{"self":[{"href":"https:\/\/healing-memories.lu\/index.php?rest_route=\/wp\/v2\/pages\/551","targetHints":{"allow":["GET"]}}],"collection":[{"href":"https:\/\/healing-memories.lu\/index.php?rest_route=\/wp\/v2\/pages"}],"about":[{"href":"https:\/\/healing-memories.lu\/index.php?rest_route=\/wp\/v2\/types\/page"}],"author":[{"embeddable":true,"href":"https:\/\/healing-memories.lu\/index.php?rest_route=\/wp\/v2\/users\/1"}],"replies":[{"embeddable":true,"href":"https:\/\/healing-memories.lu\/index.php?rest_route=%2Fwp%2Fv2%2Fcomments&post=551"}],"version-history":[{"count":7,"href":"https:\/\/healing-memories.lu\/index.php?rest_route=\/wp\/v2\/pages\/551\/revisions"}],"predecessor-version":[{"id":2927,"href":"https:\/\/healing-memories.lu\/index.php?rest_route=\/wp\/v2\/pages\/551\/revisions\/2927"}],"wp:attachment":[{"href":"https:\/\/healing-memories.lu\/index.php?rest_route=%2Fwp%2Fv2%2Fmedia&parent=551"}],"wp:term":[{"taxonomy":"folder","embeddable":true,"href":"https:\/\/healing-memories.lu\/index.php?rest_route=%2Fwp%2Fv2%2Ffolder&post=551"}],"curies":[{"name":"wp","href":"https:\/\/api.w.org\/{rel}","templated":true}]}}