{"id":561,"date":"2021-04-16T13:13:43","date_gmt":"2021-04-16T12:13:43","guid":{"rendered":"https:\/\/healing-memories.lu\/?page_id=561"},"modified":"2022-11-14T12:22:34","modified_gmt":"2022-11-14T11:22:34","slug":"vielen-dank-fur-ihre-groszugigkeit","status":"publish","type":"page","link":"https:\/\/healing-memories.lu\/?page_id=561&lang=de","title":{"rendered":"Aufruf an alle Freunde von Healing of Memories"},"content":{"rendered":"\n<div class=\"wp-block-buttons is-layout-flex wp-block-buttons-is-layout-flex\"><\/div>\n\n\n\n<p>Seit dem ersten Besuch von Michael Lapsley in Luxemburg (2008) und der Gr\u00fcndung unserer Unterst\u00fctzergruppe \u201eHeilung von Erinnerungen\u201d (2015) haben wir zahlreiche Aktivit\u00e4ten im Gro\u00dfherzogtum und im Ausland durchgef\u00fchrt: Workshops, auch in Haftanstalten, Vortr\u00e4ge, Information in Schulen, Tourneen zur Bekanntmachung der Autobiografie von Michael Lapsley, Veranstaltungen zur Schulung unserer Moderatoren usw.<\/p>\n\n\n<div class=\"wp-block-image\">\n<figure class=\"alignright size-large is-resized\"><img loading=\"lazy\" decoding=\"async\" src=\"https:\/\/healing-memories.lu\/wp-content\/uploads\/2021\/05\/Dons-verre-1024x683.jpg\" alt=\"\" class=\"wp-image-1767\" width=\"547\" height=\"364\" srcset=\"https:\/\/healing-memories.lu\/wp-content\/uploads\/2021\/05\/Dons-verre-1024x683.jpg 1024w, https:\/\/healing-memories.lu\/wp-content\/uploads\/2021\/05\/Dons-verre-300x200.jpg 300w, https:\/\/healing-memories.lu\/wp-content\/uploads\/2021\/05\/Dons-verre-768x512.jpg 768w, https:\/\/healing-memories.lu\/wp-content\/uploads\/2021\/05\/Dons-verre-1536x1024.jpg 1536w, https:\/\/healing-memories.lu\/wp-content\/uploads\/2021\/05\/Dons-verre.jpg 1920w\" sizes=\"auto, (max-width: 547px) 100vw, 547px\" \/><\/figure>\n<\/div>\n\n\n<p>Am 28. November 2020 wurde aus unserer Gruppe eine richtige Vereinigung: <em>Healing of Memories Luxembourg<\/em>. Die Gr\u00fcndung als Vereinigung ohne Gewinnstreben (ASBL) leitete eine neue Phase des Vorhabens \u201eHeilung von Erinnerungen\u201d ein, bedeutete aber auch eine erhebliche Herausforderung. Angesichts der vielen Arbeit, die auf uns wartet, brauchen wir dringend finanzielle Mittel, gerade f\u00fcr bestimmte Aktivit\u00e4ten, die wir einkommensschwachen Personen (z. B. den zahlreichen Fl\u00fcchtlingen, die an den Workshops teilnehmen) kostenlos anbieten.<\/p>\n\n\n\n<p>Wenn Sie bereit sind, uns Unterst\u00fctzung zu leisten, sind wir Ihnen dankbar f\u00fcr die \u00dcberweisung einer Spende auf das unten angegebene Konto.<\/p>\n\n\n\n<div class=\"wp-block-buttons is-layout-flex wp-block-buttons-is-layout-flex\"><\/div>\n\n\n\n<p>(Zu beachten: Diese Spenden sind in Luxemburg <strong>steuerlich abzugsf\u00e4hig<\/strong>; eine Bescheinigung f\u00fcr das Finanzamt wird Ihnen zum Jahresanfang zugesendet.)<\/p>\n\n\n\n<p>Kontoinhaber: <strong>Healing of Memories \u2013 ACAT<\/strong><\/p>\n\n\n\n<p>IBAN : <strong>LU02 0019 4955 4541 4000<\/strong><br>BIC : <strong>BCEELULL<\/strong><\/p>\n\n\n\n<p>Wir danken im Voraus f\u00fcr Ihre Gro\u00dfz\u00fcgigkeit!<\/p>\n","protected":false},"excerpt":{"rendered":"<p>Seit dem ersten Besuch von Michael Lapsley in Luxemburg (2008) und der Gr\u00fcndung unserer Unterst\u00fctzergruppe \u201eHeilung von Erinnerungen\u201d (2015) haben wir zahlreiche Aktivit\u00e4ten im Gro\u00dfherzogtum [&#8230;]<\/p>\n","protected":false},"author":1,"featured_media":0,"parent":0,"menu_order":0,"comment_status":"closed","ping_status":"closed","template":"","meta":{"footnotes":""},"folder":[],"class_list":["post-561","page","type-page","status-publish","hentry"],"aioseo_notices":[],"_links":{"self":[{"href":"https:\/\/healing-memories.lu\/index.php?rest_route=\/wp\/v2\/pages\/561","targetHints":{"allow":["GET"]}}],"collection":[{"href":"https:\/\/healing-memories.lu\/index.php?rest_route=\/wp\/v2\/pages"}],"about":[{"href":"https:\/\/healing-memories.lu\/index.php?rest_route=\/wp\/v2\/types\/page"}],"author":[{"embeddable":true,"href":"https:\/\/healing-memories.lu\/index.php?rest_route=\/wp\/v2\/users\/1"}],"replies":[{"embeddable":true,"href":"https:\/\/healing-memories.lu\/index.php?rest_route=%2Fwp%2Fv2%2Fcomments&post=561"}],"version-history":[{"count":8,"href":"https:\/\/healing-memories.lu\/index.php?rest_route=\/wp\/v2\/pages\/561\/revisions"}],"predecessor-version":[{"id":4346,"href":"https:\/\/healing-memories.lu\/index.php?rest_route=\/wp\/v2\/pages\/561\/revisions\/4346"}],"wp:attachment":[{"href":"https:\/\/healing-memories.lu\/index.php?rest_route=%2Fwp%2Fv2%2Fmedia&parent=561"}],"wp:term":[{"taxonomy":"folder","embeddable":true,"href":"https:\/\/healing-memories.lu\/index.php?rest_route=%2Fwp%2Fv2%2Ffolder&post=561"}],"curies":[{"name":"wp","href":"https:\/\/api.w.org\/{rel}","templated":true}]}}