{"id":564,"date":"2021-04-16T13:15:36","date_gmt":"2021-04-16T12:15:36","guid":{"rendered":"https:\/\/healing-memories.lu\/?page_id=564"},"modified":"2021-08-26T15:54:44","modified_gmt":"2021-08-26T14:54:44","slug":"gefangnis","status":"publish","type":"page","link":"https:\/\/healing-memories.lu\/?page_id=564&lang=de","title":{"rendered":"Gef\u00e4ngnisarbeit"},"content":{"rendered":"\n<p>Seit ihrer Gr\u00fcndung arbeitet die Luxemburger Gruppe \u201eHeilung von Erinnerungen\u201c mit der Gef\u00e4ngnisseelsorge zusammen. W\u00e4hrend seiner Besuche in Luxemburg besuchte Michael Lapsley regelm\u00e4\u00dfig die Justizvollzugsanstalt in Schrassig, um Andachten abzuhalten und mit Insassen zu sprechen. Mit Unterst\u00fctzung der Verwaltung und des Personals konnten wir 2018 f\u00fcr etwa f\u00fcnfzehn H\u00e4ftlinge einen ersten Healing-of-Memories-Workshop organisieren. Dieser erwies sich als Erfolg und wurde von mehreren Abteilungen, wie z.B. den psychiatrischen und sozialp\u00e4dagogischen Diensten, begr\u00fc\u00dft.&nbsp; Infolgedessen fand 2019 ein zweiter Workshop statt und wir freuen uns darauf, das Projekt in den n\u00e4chsten Jahren weiterzuentwickeln.<\/p>\n\n\n\n<div class=\"wp-block-image is-style-rounded\"><figure class=\"aligncenter size-large is-resized\"><img loading=\"lazy\" decoding=\"async\" src=\"https:\/\/healing-memories.lu\/wp-content\/uploads\/2021\/08\/Prison-1-953x1024.jpg\" alt=\"\" class=\"wp-image-2872\" width=\"500\" height=\"536\" srcset=\"https:\/\/healing-memories.lu\/wp-content\/uploads\/2021\/08\/Prison-1-953x1024.jpg 953w, https:\/\/healing-memories.lu\/wp-content\/uploads\/2021\/08\/Prison-1-279x300.jpg 279w, https:\/\/healing-memories.lu\/wp-content\/uploads\/2021\/08\/Prison-1-768x825.jpg 768w, https:\/\/healing-memories.lu\/wp-content\/uploads\/2021\/08\/Prison-1-1429x1536.jpg 1429w, https:\/\/healing-memories.lu\/wp-content\/uploads\/2021\/08\/Prison-1.jpg 1811w\" sizes=\"auto, (max-width: 500px) 100vw, 500px\" \/><\/figure><\/div>\n\n\n\n<p>Welche Verbrechen sie auch immer begangen haben m\u00f6gen, viele Gefangene tragen tiefe Wunden aus ihrer Jugend oder j\u00fcngeren Vergangenheit mit sich. Solche Erinnerungen sind umso schmerzlicher, wenn es keine M\u00f6glichkeit gibt, sie zu teilen und sie in ihrem Herzen, in der Einsamkeit ihrer Zelle begraben bleiben. Wie k\u00f6nnen sie sich von solchen Lasten befreien und vermeiden, dass sie gewaltsam wieder auftauchen? Der Healing-of-Memories-Workshop bietet einen sicheren Raum, in dem jeder Teilnehmer seine Vergangenheit Revue passieren lassen kann, ohne Angst davor zu haben, beurteilt zu werden, um eine Heilungsreise zu beginnen.<\/p>\n\n\n\n<hr class=\"wp-block-separator\"\/>\n\n\n\n<div class=\"wp-block-group\"><div class=\"wp-block-group__inner-container is-layout-flow wp-block-group-is-layout-flow\">\n<figure class=\"wp-block-video\"><video height=\"720\" style=\"aspect-ratio: 1280 \/ 720;\" width=\"1280\" controls poster=\"https:\/\/healing-memories.lu\/wp-content\/uploads\/2021\/05\/Cedric-2.png\" src=\"https:\/\/healing-memories.lu\/wp-content\/uploads\/2021\/05\/cedric.mp4\"><\/video><\/figure>\n\n\n\n<p class=\"has-text-align-center\">Healing-of-Memories im Gef\u00e4ngnis: Interview eines Teilnehmers<\/p>\n<\/div><\/div>\n","protected":false},"excerpt":{"rendered":"<p>Seit ihrer Gr\u00fcndung arbeitet die Luxemburger Gruppe \u201eHeilung von Erinnerungen\u201c mit der Gef\u00e4ngnisseelsorge zusammen. W\u00e4hrend seiner Besuche in Luxemburg besuchte Michael Lapsley regelm\u00e4\u00dfig die Justizvollzugsanstalt [&#8230;]<\/p>\n","protected":false},"author":1,"featured_media":0,"parent":0,"menu_order":0,"comment_status":"closed","ping_status":"closed","template":"","meta":{"footnotes":""},"folder":[],"class_list":["post-564","page","type-page","status-publish","hentry"],"aioseo_notices":[],"_links":{"self":[{"href":"https:\/\/healing-memories.lu\/index.php?rest_route=\/wp\/v2\/pages\/564","targetHints":{"allow":["GET"]}}],"collection":[{"href":"https:\/\/healing-memories.lu\/index.php?rest_route=\/wp\/v2\/pages"}],"about":[{"href":"https:\/\/healing-memories.lu\/index.php?rest_route=\/wp\/v2\/types\/page"}],"author":[{"embeddable":true,"href":"https:\/\/healing-memories.lu\/index.php?rest_route=\/wp\/v2\/users\/1"}],"replies":[{"embeddable":true,"href":"https:\/\/healing-memories.lu\/index.php?rest_route=%2Fwp%2Fv2%2Fcomments&post=564"}],"version-history":[{"count":8,"href":"https:\/\/healing-memories.lu\/index.php?rest_route=\/wp\/v2\/pages\/564\/revisions"}],"predecessor-version":[{"id":2967,"href":"https:\/\/healing-memories.lu\/index.php?rest_route=\/wp\/v2\/pages\/564\/revisions\/2967"}],"wp:attachment":[{"href":"https:\/\/healing-memories.lu\/index.php?rest_route=%2Fwp%2Fv2%2Fmedia&parent=564"}],"wp:term":[{"taxonomy":"folder","embeddable":true,"href":"https:\/\/healing-memories.lu\/index.php?rest_route=%2Fwp%2Fv2%2Ffolder&post=564"}],"curies":[{"name":"wp","href":"https:\/\/api.w.org\/{rel}","templated":true}]}}