{"id":5657,"date":"2024-07-03T10:49:17","date_gmt":"2024-07-03T09:49:17","guid":{"rendered":"https:\/\/healing-memories.lu\/?page_id=5657"},"modified":"2024-07-03T11:11:02","modified_gmt":"2024-07-03T10:11:02","slug":"benin","status":"publish","type":"page","link":"https:\/\/healing-memories.lu\/?page_id=5657","title":{"rendered":"B\u00e9nin"},"content":{"rendered":"\n<p><strong><mark style=\"background-color:rgba(0, 0, 0, 0)\" class=\"has-inline-color has-secondary-color\">Travail de r\u00e9flexion personnelle.<\/mark><\/strong> <br><em><a href=\"https:\/\/healing-memories.lu\/wp-content\/uploads\/2024\/07\/Benin-1eres-reflexions-2024-2.pdf\" target=\"_blank\" rel=\"noopener\" title=\"\">lire le document>><\/a><\/em><\/p>\n\n\n\n<p><mark style=\"background-color:rgba(0, 0, 0, 0)\" class=\"has-inline-color has-secondary-color\"><strong>R\u00e9ponses aux questionnaire.<\/strong> <\/mark><br><em><a href=\"https:\/\/healing-memories.lu\/wp-content\/uploads\/2024\/07\/Benin-reponses.pdf\" target=\"_blank\" rel=\"noopener\" title=\"\">lire le document>><\/a><\/em><\/p>\n\n\n\n<p><strong><mark style=\"background-color:rgba(0, 0, 0, 0)\" class=\"has-inline-color has-secondary-color\">Deux t\u00e9moignages personnels recueillis par S\u0153ur Carole L\u00e9a Hounsou, stagiaire de la formation \u201cgu\u00e9rison des m\u00e9moires\u201d :<\/mark><\/strong><br>&#8211; sur l\u2019impact de la crise sanitaire de la Covid 19 au B\u00e9nin. <br>&#8211; \u2060sur les exp\u00e9riences douloureuses du veuvage. <\/p>\n\n\n\n<p><a href=\"https:\/\/cloud.healing-memories.lu\/index.php\/s\/rbaD8C4NWA5N69D\" target=\"_blank\" rel=\"noopener\" title=\"\">T\u00e9moignage 1<\/a><\/p>\n\n\n\n<p><a href=\"https:\/\/cloud.healing-memories.lu\/index.php\/s\/qeXMz7pfjEqiQ8H\" target=\"_blank\" rel=\"noopener\" title=\"\">T\u00e9moignage 2<\/a><\/p>\n","protected":false},"excerpt":{"rendered":"<p>Travail de r\u00e9flexion personnelle. lire le document>> R\u00e9ponses aux questionnaire. lire le document>> Deux t\u00e9moignages personnels recueillis par S\u0153ur Carole L\u00e9a Hounsou, stagiaire de la [&#8230;]<\/p>\n","protected":false},"author":1,"featured_media":0,"parent":0,"menu_order":0,"comment_status":"closed","ping_status":"closed","template":"","meta":{"footnotes":""},"folder":[],"class_list":["post-5657","page","type-page","status-publish","hentry"],"aioseo_notices":[],"_links":{"self":[{"href":"https:\/\/healing-memories.lu\/index.php?rest_route=\/wp\/v2\/pages\/5657","targetHints":{"allow":["GET"]}}],"collection":[{"href":"https:\/\/healing-memories.lu\/index.php?rest_route=\/wp\/v2\/pages"}],"about":[{"href":"https:\/\/healing-memories.lu\/index.php?rest_route=\/wp\/v2\/types\/page"}],"author":[{"embeddable":true,"href":"https:\/\/healing-memories.lu\/index.php?rest_route=\/wp\/v2\/users\/1"}],"replies":[{"embeddable":true,"href":"https:\/\/healing-memories.lu\/index.php?rest_route=%2Fwp%2Fv2%2Fcomments&post=5657"}],"version-history":[{"count":3,"href":"https:\/\/healing-memories.lu\/index.php?rest_route=\/wp\/v2\/pages\/5657\/revisions"}],"predecessor-version":[{"id":5664,"href":"https:\/\/healing-memories.lu\/index.php?rest_route=\/wp\/v2\/pages\/5657\/revisions\/5664"}],"wp:attachment":[{"href":"https:\/\/healing-memories.lu\/index.php?rest_route=%2Fwp%2Fv2%2Fmedia&parent=5657"}],"wp:term":[{"taxonomy":"folder","embeddable":true,"href":"https:\/\/healing-memories.lu\/index.php?rest_route=%2Fwp%2Fv2%2Ffolder&post=5657"}],"curies":[{"name":"wp","href":"https:\/\/api.w.org\/{rel}","templated":true}]}}