{"id":567,"date":"2021-04-16T13:18:12","date_gmt":"2021-04-16T12:18:12","guid":{"rendered":"https:\/\/healing-memories.lu\/?page_id=567"},"modified":"2021-07-15T17:36:24","modified_gmt":"2021-07-15T16:36:24","slug":"selbst-erfahren","status":"publish","type":"page","link":"https:\/\/healing-memories.lu\/?page_id=567&lang=de","title":{"rendered":"Healing-of-Memories-Workshops"},"content":{"rendered":"\n<p>Jeder Mensch hat seine Geschichte, seinen Lebenslauf. Im Lauf des Lebens kommt es zu mehr oder weniger schmerzlichen Augenblicken, und danach brauchen wir \u2013 vielleicht ohne dass wir es wissen \u2013 jemanden, der uns zuh\u00f6rt.<\/p>\n\n\n\n<div class=\"wp-block-image\"><figure class=\"alignright size-large is-resized\"><img loading=\"lazy\" decoding=\"async\" src=\"https:\/\/healing-memories.lu\/wp-content\/uploads\/2021\/05\/traversee-pont-820x1024.jpg\" alt=\"\" class=\"wp-image-1567\" width=\"324\" height=\"405\" srcset=\"https:\/\/healing-memories.lu\/wp-content\/uploads\/2021\/05\/traversee-pont-820x1024.jpg 820w, https:\/\/healing-memories.lu\/wp-content\/uploads\/2021\/05\/traversee-pont-240x300.jpg 240w, https:\/\/healing-memories.lu\/wp-content\/uploads\/2021\/05\/traversee-pont-768x959.jpg 768w, https:\/\/healing-memories.lu\/wp-content\/uploads\/2021\/05\/traversee-pont-1230x1536.jpg 1230w, https:\/\/healing-memories.lu\/wp-content\/uploads\/2021\/05\/traversee-pont.jpg 1265w\" sizes=\"auto, (max-width: 324px) 100vw, 324px\" \/><\/figure><\/div>\n\n\n\n<p>Ein Healing-of-Memories-Workshop bietet eine Gelegenheit, die emotionalen Verletzungen, die wir auf individueller und auf kollektiver Ebene (Familie, \u00f6rtliche Gemeinschaft, Nation) davongetragen haben, zu erkunden und anerkennen zu lassen.<br>Der Workshop bietet einen Raum der Sicherheit, in dem wir unsere pers\u00f6nliche Geschichte in einer Atmosph\u00e4re des Vertrauens und des Respekts berichten k\u00f6nnen. Dadurch, dass meine Geschichte geteilt, anerkannt und geachtet wird, kann ich Schritte zur Heilung von pers\u00f6nlichen und zwischenmenschlichen Verletzungen vollziehen.<br>Im Workshop gibt es keine Beobachter. Alle, auch die Moderatoren, bringen sich voll und ganz darin ein.<\/p>\n\n\n\n<div class=\"wp-block-media-text has-media-on-the-right is-stacked-on-mobile is-image-fill has-light-gray-background-color has-background\" style=\"grid-template-columns:auto 39%\"><figure class=\"wp-block-media-text__media\" style=\"background-image:url(https:\/\/healing-memories.lu\/wp-content\/uploads\/2021\/05\/Experience-1-1024x569.jpg);background-position:50% 50%\"><img decoding=\"async\" src=\"https:\/\/healing-memories.lu\/wp-content\/uploads\/2021\/05\/Experience-1-1024x569.jpg\" alt=\"\" class=\"wp-image-1116 size-full\"\/><\/figure><div class=\"wp-block-media-text__content\">\n<h2 class=\"wp-block-heading\"><strong><a href=\"https:\/\/healing-memories.lu\/?page_id=1577&amp;lang=de\">Erleben Sie Heilung von Erinnerungen mit<\/a><\/strong> <\/h2>\n\n\n\n<p>\u00ab\u00a0Schmerzliche Erlebnisse hinterlassen in jedem Menschen Erinnerungen, die wie Gift wirken\u00a0\u00bb&#8230;<\/p>\n<\/div><\/div>\n\n\n\n<p class=\"has-text-align-center\"><a href=\"https:\/\/healing-memories.lu\/?page_id=1580&amp;lang=de\">Anmeldung zum n\u00e4chsten Workshop<\/a><\/p>\n\n\n\n<hr class=\"wp-block-separator is-style-default\"\/>\n\n\n\n<p><strong>Aussagen von Personen, die an Workshops in Luxemburg teilgenommen haben<\/strong><\/p>\n\n\n\n<p>\u201eDie Bef\u00fcrchtung, dass ich Erinnerungen, die wie Gift wirken, auf meine Kinder \u00fcbertrage, verfolgt mich, das ist manchmal qu\u00e4lend. Durch den Workshop konnte ich allm\u00e4hlich diese Erinnerungen heilen und auf dieser Grundlage ans Verzeihen denken. Das war f\u00fcr mich so, als k\u00e4me ich aus der W\u00fcste in eine Oase.\u201d<\/p>\n\n\n\n<p>\u201eDurch den Workshop konnte ich die offenen, schmerzenden Wunden, die mir im Leben zugef\u00fcgt wurden, behandeln. Die Teilnahme war ein erster, entscheidender Schritt, der mir geholfen hat, mich aufzurichten und dann selbstbewusst und unbeschwert meinen Weg fortzusetzen.\u201d<\/p>\n\n\n\n<p>\u201eDas war eine sehr bereichernde Erfahrung, die eine Br\u00fccke geschlagen hat zwischen uns mit unseren durchaus unterschiedlichen Horizonten. Wir lernten, uns gegenseitig zu erkennen, indem wir schmerzliche Erinnerungen und die Gef\u00fchle, die sie in uns ausl\u00f6sen, gemeinsam durchlebten.\u201d<\/p>\n","protected":false},"excerpt":{"rendered":"<p>Jeder Mensch hat seine Geschichte, seinen Lebenslauf. Im Lauf des Lebens kommt es zu mehr oder weniger schmerzlichen Augenblicken, und danach brauchen wir \u2013 vielleicht [&#8230;]<\/p>\n","protected":false},"author":1,"featured_media":0,"parent":0,"menu_order":0,"comment_status":"closed","ping_status":"closed","template":"","meta":{"footnotes":""},"folder":[],"class_list":["post-567","page","type-page","status-publish","hentry"],"aioseo_notices":[],"_links":{"self":[{"href":"https:\/\/healing-memories.lu\/index.php?rest_route=\/wp\/v2\/pages\/567","targetHints":{"allow":["GET"]}}],"collection":[{"href":"https:\/\/healing-memories.lu\/index.php?rest_route=\/wp\/v2\/pages"}],"about":[{"href":"https:\/\/healing-memories.lu\/index.php?rest_route=\/wp\/v2\/types\/page"}],"author":[{"embeddable":true,"href":"https:\/\/healing-memories.lu\/index.php?rest_route=\/wp\/v2\/users\/1"}],"replies":[{"embeddable":true,"href":"https:\/\/healing-memories.lu\/index.php?rest_route=%2Fwp%2Fv2%2Fcomments&post=567"}],"version-history":[{"count":8,"href":"https:\/\/healing-memories.lu\/index.php?rest_route=\/wp\/v2\/pages\/567\/revisions"}],"predecessor-version":[{"id":2596,"href":"https:\/\/healing-memories.lu\/index.php?rest_route=\/wp\/v2\/pages\/567\/revisions\/2596"}],"wp:attachment":[{"href":"https:\/\/healing-memories.lu\/index.php?rest_route=%2Fwp%2Fv2%2Fmedia&parent=567"}],"wp:term":[{"taxonomy":"folder","embeddable":true,"href":"https:\/\/healing-memories.lu\/index.php?rest_route=%2Fwp%2Fv2%2Ffolder&post=567"}],"curies":[{"name":"wp","href":"https:\/\/api.w.org\/{rel}","templated":true}]}}