{"id":5870,"date":"2024-08-27T11:09:46","date_gmt":"2024-08-27T10:09:46","guid":{"rendered":"https:\/\/healing-memories.lu\/?page_id=5870"},"modified":"2026-04-20T14:50:51","modified_gmt":"2026-04-20T13:50:51","slug":"5870-2","status":"publish","type":"page","link":"https:\/\/healing-memories.lu\/?page_id=5870&lang=en","title":{"rendered":"Our next workshop"},"content":{"rendered":"\n<ul class=\"wp-block-list\">\n<li class=\"has-medium-font-size\"><a href=\"https:\/\/healing-memories.lu\/?page_id=533&amp;lang=en\" title=\"\">What is an HOM workshop ?<\/a><\/li>\n<\/ul>\n\n\n\n<p class=\"has-text-align-center\" style=\"font-size:40px\"><span><mark style=\"background-color: rgba(0, 0, 0, 0);\" class=\"has-inline-color has-primary-color\"><b><strong>OUR NEXT WORKSHOPS IN 2026<\/strong><\/b><\/mark><\/span><\/p>\n\n\n\n<div class=\"wp-block-cover aligncenter has-small-font-size\" style=\"padding-top:0;padding-right:0;padding-bottom:0;padding-left:0;min-height:338px;aspect-ratio:unset;\"><img loading=\"lazy\" decoding=\"async\" width=\"471\" height=\"200\" class=\"wp-block-cover__image-background wp-image-5745\" alt=\"\" src=\"https:\/\/healing-memories.lu\/wp-content\/uploads\/2024\/08\/Arbre.png\" data-object-fit=\"cover\" srcset=\"https:\/\/healing-memories.lu\/wp-content\/uploads\/2024\/08\/Arbre.png 471w, https:\/\/healing-memories.lu\/wp-content\/uploads\/2024\/08\/Arbre-300x127.png 300w\" sizes=\"auto, (max-width: 471px) 100vw, 471px\" \/><span aria-hidden=\"true\" class=\"wp-block-cover__background has-background-dim-0 has-background-dim\" style=\"background-color:#6b6f3d\"><\/span><div class=\"wp-block-cover__inner-container is-layout-flow wp-block-cover-is-layout-flow\">\n<blockquote class=\"wp-block-quote is-layout-flow wp-block-quote-is-layout-flow\">\n<p><\/p>\n<\/blockquote>\n\n\n\n<p><\/p>\n\n\n\n<p><\/p>\n\n\n\n<p><\/p>\n\n\n\n<p class=\"has-text-align-center has-white-color has-text-color has-link-color has-medium-font-size wp-elements-99b336b84d3c16fa901aa27879aebd11\">A time to let go and heal painful memories<\/p>\n<\/div><\/div>\n\n\n\n<p class=\"has-text-align-center\" style=\"font-size:22px\"><strong><mark style=\"background-color:rgba(0, 0, 0, 0);color:#e36c2f\" class=\"has-inline-color\">Eng Z\u00e4it fir lasszeloossen<br>a fir besser mat schm\u00e4erzhaften Er\u00ebnnerungen \u00ebmzegoen<\/mark><\/strong><\/p>\n\n\n\n<p class=\"has-text-align-center\" style=\"font-size:32px\"><strong><mark style=\"background-color:rgba(0, 0, 0, 0)\" class=\"has-inline-color has-primary-color\">MINI-WORKSHOP \u2014 JUNE <\/mark><\/strong><\/p>\n\n\n\n<style>\n.hom-event{\n  max-width:700px;\n  margin:30px auto;\n  text-align:center;\n  font-family:inherit;\n}\n\n.hom-event p{\n  margin:10px 0;\n  line-height:1.6;\n}\n\n.hom-event .intro{\n  font-size:1.3rem;\n  font-weight:500;\n}\n\n.hom-event .date{\n  color:#e36c2f;\n  font-weight:700;\n  font-size:1.5rem;\n  margin-top:20px;\n}\n\n.hom-event .time{\n  color:#e36c2f;\n  font-weight:700;\n  font-size:1.4rem;\n}\n\n.hom-event .place{\n  color:#e36c2f;\n  font-weight:600;\n  font-size:1.2rem;\n}\n\n.hom-event .desc{\n  margin-top:22px;\n  font-size:1.1rem;\n}\n\n.hom-event .languages{\n  margin-top:25px;\n  border:2px solid #7b2c8e;\n  padding:14px;\n  border-radius:10px;\n  font-weight:600;\n  color:#7b2c8e;\n  font-size:1.05rem;\n}\n<\/style>\n\n<div class=\"hom-event\">\n\n  <p class=\"intro\">\n    We invite you to discover<br>\n    the Healing of Memories approach<br>\n    during a one-day mini-workshop\n  <\/p>\n\n  <p class=\"date\">Saturday 27 June 2026<\/p>\n  <p class=\"time\">9.00 am \u2013 6.00 pm<\/p>\n\n  <p class=\"place\">\n    Franciscan Sisters\u2019 House<br>\n    50, avenue Gaston Diderich, Luxembourg-Belair\n  <\/p>\n\n  <p class=\"desc\">\n    The healing of memories workshop normally lasts two and a half days.<br>\n    You will be able to experience its main features during this mini-workshop,<br>\n    in an atmosphere of confidentiality and mutual respect.\n  <\/p>\n\n  <div class=\"languages\">\n    Languages : French, English, Luxembourgish<br>\n    (with simultaneous interpretation)\n  <\/div>\n\n<\/div>\n\n\n\n<p class=\"has-text-align-left\" style=\"font-size:20px\"><strong>Participation fee and lunch :<\/strong><\/p>\n\n\n\n<p>Standard rate: <strong><strong>50 \u20ac<\/strong> <\/strong>per person.<br>People with low incomes: <strong>10 \u20ac.<\/strong><\/p>\n\n\n\n<p>However, the cost must not be an obstacle to anyone\u2019s participation. Should it be a problem<br>for you, please let us know.<br>Conversely, should you be able to afford it, we would be grateful if you could make an<br>additional solidarity payment.<\/p>\n\n\n\n<p>Should you currently be having any professional psychological treatment, we recommend that<br>you get the go-ahead from the person providing the treatment before request to enrol in the workshop.<\/p>\n\n\n\n<div class=\"wp-block-buttons is-layout-flex wp-block-buttons-is-layout-flex\">\n<div class=\"wp-block-button has-custom-width wp-block-button__width-50\"><a class=\"wp-block-button__link has-small-font-size has-custom-font-size wp-element-button\" href=\"https:\/\/healing-memories.lu\/?page_id=6667&amp;lang=en\" style=\"border-radius:0px\">Request to enrol in the mini-workshop &gt;&gt;<\/a><\/div>\n<\/div>\n\n\n\n<div style=\"height:54px\" aria-hidden=\"true\" class=\"wp-block-spacer\"><\/div>\n\n\n\n<p class=\"has-text-align-center has-medium-font-size\"><strong>Would you like to experience the full journey?<\/strong><\/p>\n\n\n\n<p class=\"has-text-align-center\" style=\"font-size:32px\"><strong><mark style=\"background-color:rgba(0, 0, 0, 0)\" class=\"has-inline-color has-primary-color\">FULL WEEKEND WORKSHOP \u2014 OCTOBER<\/mark><\/strong><\/p>\n\n\n\n<p class=\"has-text-align-center has-medium-font-size\"><strong>A standard healing of memories workshop will take place :<\/strong><\/p>\n\n\n\n<p class=\"has-text-align-center has-medium-font-size\"><strong>from 23 to 25 October 2026<\/strong><br><strong>in Clairefontaine (Arlon, Belgium)<\/strong><\/p>\n\n\n\n<p class=\"soon\">\n  Enrollment will open soon.<br>\n  If this workshop interests you, feel free to contact us:<br>\n  <strong><a href=\"mailto:your@email.lu\">workshop@healing-memories.lu<\/a><\/strong>\n<\/p>\n\n\n\n<div style=\"height:30px\" aria-hidden=\"true\" class=\"wp-block-spacer\"><\/div>\n\n\n<div class=\"wp-block-image\">\n<figure class=\"aligncenter size-full is-resized\"><img loading=\"lazy\" decoding=\"async\" width=\"800\" height=\"465\" src=\"https:\/\/healing-memories.lu\/wp-content\/uploads\/2025\/03\/Leaving.png\" alt=\"\" class=\"wp-image-6673\" style=\"width:559px;height:auto\" srcset=\"https:\/\/healing-memories.lu\/wp-content\/uploads\/2025\/03\/Leaving.png 800w, https:\/\/healing-memories.lu\/wp-content\/uploads\/2025\/03\/Leaving-300x174.png 300w, https:\/\/healing-memories.lu\/wp-content\/uploads\/2025\/03\/Leaving-768x446.png 768w\" sizes=\"auto, (max-width: 800px) 100vw, 800px\" \/><\/figure>\n<\/div>\n\n\n<p><\/p>\n","protected":false},"excerpt":{"rendered":"<p>OUR NEXT WORKSHOPS IN 2026 Eng Z\u00e4it fir lasszeloossena fir besser mat schm\u00e4erzhaften Er\u00ebnnerungen \u00ebmzegoen MINI-WORKSHOP \u2014 JUNE We invite you to discover the Healing [&#8230;]<\/p>\n","protected":false},"author":1,"featured_media":0,"parent":0,"menu_order":0,"comment_status":"closed","ping_status":"closed","template":"","meta":{"footnotes":"[]"},"folder":[],"class_list":["post-5870","page","type-page","status-publish","hentry"],"aioseo_notices":[],"_links":{"self":[{"href":"https:\/\/healing-memories.lu\/index.php?rest_route=\/wp\/v2\/pages\/5870","targetHints":{"allow":["GET"]}}],"collection":[{"href":"https:\/\/healing-memories.lu\/index.php?rest_route=\/wp\/v2\/pages"}],"about":[{"href":"https:\/\/healing-memories.lu\/index.php?rest_route=\/wp\/v2\/types\/page"}],"author":[{"embeddable":true,"href":"https:\/\/healing-memories.lu\/index.php?rest_route=\/wp\/v2\/users\/1"}],"replies":[{"embeddable":true,"href":"https:\/\/healing-memories.lu\/index.php?rest_route=%2Fwp%2Fv2%2Fcomments&post=5870"}],"version-history":[{"count":56,"href":"https:\/\/healing-memories.lu\/index.php?rest_route=\/wp\/v2\/pages\/5870\/revisions"}],"predecessor-version":[{"id":7245,"href":"https:\/\/healing-memories.lu\/index.php?rest_route=\/wp\/v2\/pages\/5870\/revisions\/7245"}],"wp:attachment":[{"href":"https:\/\/healing-memories.lu\/index.php?rest_route=%2Fwp%2Fv2%2Fmedia&parent=5870"}],"wp:term":[{"taxonomy":"folder","embeddable":true,"href":"https:\/\/healing-memories.lu\/index.php?rest_route=%2Fwp%2Fv2%2Ffolder&post=5870"}],"curies":[{"name":"wp","href":"https:\/\/api.w.org\/{rel}","templated":true}]}}