{"id":641,"date":"2021-04-20T11:38:24","date_gmt":"2021-04-20T10:38:24","guid":{"rendered":"https:\/\/healing-memories.lu\/?page_id=641"},"modified":"2022-06-16T10:39:28","modified_gmt":"2022-06-16T09:39:28","slug":"projet-afrique-francophone","status":"publish","type":"page","link":"https:\/\/healing-memories.lu\/?page_id=641","title":{"rendered":"En Afrique"},"content":{"rendered":"\n<div class=\"wp-block-columns is-layout-flex wp-container-core-columns-is-layout-9d6595d7 wp-block-columns-is-layout-flex\">\n<div class=\"wp-block-column is-layout-flow wp-block-column-is-layout-flow\" style=\"flex-basis:100%\">\n<div class=\"wp-block-media-text alignwide is-stacked-on-mobile\" style=\"grid-template-columns:51% auto\"><figure class=\"wp-block-media-text__media\"><img loading=\"lazy\" decoding=\"async\" width=\"1024\" height=\"768\" src=\"https:\/\/healing-memories.lu\/wp-content\/uploads\/2021\/06\/Projet-Afrique-1024x768.jpg\" alt=\"\" class=\"wp-image-2106 size-full\" srcset=\"https:\/\/healing-memories.lu\/wp-content\/uploads\/2021\/06\/Projet-Afrique-1024x768.jpg 1024w, https:\/\/healing-memories.lu\/wp-content\/uploads\/2021\/06\/Projet-Afrique-300x225.jpg 300w, https:\/\/healing-memories.lu\/wp-content\/uploads\/2021\/06\/Projet-Afrique-768x576.jpg 768w, https:\/\/healing-memories.lu\/wp-content\/uploads\/2021\/06\/Projet-Afrique-1536x1152.jpg 1536w, https:\/\/healing-memories.lu\/wp-content\/uploads\/2021\/06\/Projet-Afrique-2048x1536.jpg 2048w\" sizes=\"auto, (max-width: 1024px) 100vw, 1024px\" \/><\/figure><div class=\"wp-block-media-text__content\">\n<p class=\"has-medium-font-size\"><strong><span class=\"has-inline-color has-secondary-color\">Projet Afrique francophone<\/span><\/strong><\/p>\n\n\n\n<p>En juillet 2022, l\u2019association sud-africaine\u00a0<em><a href=\"https:\/\/healing-memories.org\/\" target=\"_blank\" rel=\"noreferrer noopener\">Institute for Healing of Memories<\/a><\/em>\u00a0(IHOM), en collaboration avec son association s\u0153ur\u00a0<em>Healing of Memories Luxembourg<\/em>\u00a0(HOM-Luxembourg), lance pour la premi\u00e8re fois un programme de formation d\u2019animateurs (appel\u00e9s \u00ab\u00a0<a href=\"https:\/\/healing-memories.lu\/?page_id=368\">facilitateurs<\/a>\u00a0\u00bb) de\u00a0<a href=\"https:\/\/healing-memories.lu\/?p=252\">gu\u00e9rison des m\u00e9moires\u00a0<\/a>pour les pays d\u2019Afrique francophone.<\/p>\n\n\n\n<div class=\"wp-block-buttons is-layout-flex wp-block-buttons-is-layout-flex\">\n<div class=\"wp-block-button\"><a class=\"wp-block-button__link\" href=\"https:\/\/healing-memories.lu\/?page_id=763\">lire la suite &gt;&gt;<\/a><\/div>\n<\/div>\n<\/div><\/div>\n<\/div>\n<\/div>\n\n\n\n<div class=\"wp-block-group\"><div class=\"wp-block-group__inner-container is-layout-flow wp-block-group-is-layout-flow\">\n<div class=\"wp-block-columns is-layout-flex wp-container-core-columns-is-layout-9d6595d7 wp-block-columns-is-layout-flex\">\n<div class=\"wp-block-column is-layout-flow wp-block-column-is-layout-flow\"><\/div>\n<\/div>\n\n\n\n<div class=\"wp-block-buttons is-layout-flex wp-block-buttons-is-layout-flex\">\n<div class=\"wp-block-button has-custom-width wp-block-button__width-100 is-style-fill\"><a class=\"wp-block-button__link has-text-color has-background\" href=\"https:\/\/healing-memories.lu\/?page_id=406\" style=\"border-radius:7px;background:linear-gradient(0deg,rgb(2,3,129) 0%,rgb(127,144,173) 100%);color:#e6cb45\">Je fais un don pour soutenir ce projet &gt;&gt;<\/a><\/div>\n<\/div>\n<\/div><\/div>\n\n\n\n<div class=\"wp-block-columns is-layout-flex wp-container-core-columns-is-layout-9d6595d7 wp-block-columns-is-layout-flex\">\n<div class=\"wp-block-column is-layout-flow wp-block-column-is-layout-flow\" style=\"flex-basis:100%\">\n<div class=\"wp-block-media-text alignwide has-media-on-the-right is-stacked-on-mobile\"><figure class=\"wp-block-media-text__media\"><img loading=\"lazy\" decoding=\"async\" width=\"1024\" height=\"821\" src=\"https:\/\/healing-memories.lu\/wp-content\/uploads\/2021\/06\/Projet-Afrique-1-1024x821.jpg\" alt=\"\" class=\"wp-image-2105 size-full\" srcset=\"https:\/\/healing-memories.lu\/wp-content\/uploads\/2021\/06\/Projet-Afrique-1-1024x821.jpg 1024w, https:\/\/healing-memories.lu\/wp-content\/uploads\/2021\/06\/Projet-Afrique-1-300x241.jpg 300w, https:\/\/healing-memories.lu\/wp-content\/uploads\/2021\/06\/Projet-Afrique-1-768x616.jpg 768w, https:\/\/healing-memories.lu\/wp-content\/uploads\/2021\/06\/Projet-Afrique-1-1536x1232.jpg 1536w, https:\/\/healing-memories.lu\/wp-content\/uploads\/2021\/06\/Projet-Afrique-1-2048x1642.jpg 2048w\" sizes=\"auto, (max-width: 1024px) 100vw, 1024px\" \/><\/figure><div class=\"wp-block-media-text__content\">\n<p class=\"has-medium-font-size\"><strong><span class=\"has-inline-color has-secondary-color\">Afrique de l&rsquo;Ouest<\/span><\/strong><\/p>\n\n\n\n<p>Du 22 juillet au 19 ao\u00fbt 2019, deux membres de notre groupe luxembourgeois accompagnaient Michael Lapsley et deux de ses coll\u00e8gues d&rsquo;Afrique du Sud au Ghana, au Togo, et au B\u00e9nin<\/p>\n\n\n\n<div class=\"wp-block-buttons is-layout-flex wp-block-buttons-is-layout-flex\">\n<div class=\"wp-block-button\"><a class=\"wp-block-button__link\" href=\"https:\/\/healing-memories.lu\/?page_id=767\">lire la suite &gt;&gt;<\/a><\/div>\n<\/div>\n\n\n\n<p><\/p>\n<\/div><\/div>\n<\/div>\n<\/div>\n","protected":false},"excerpt":{"rendered":"<p>Projet Afrique francophone En juillet 2022, l\u2019association sud-africaine\u00a0Institute for Healing of Memories\u00a0(IHOM), en collaboration avec son association s\u0153ur\u00a0Healing of Memories Luxembourg\u00a0(HOM-Luxembourg), lance pour la premi\u00e8re [&#8230;]<\/p>\n","protected":false},"author":1,"featured_media":0,"parent":0,"menu_order":0,"comment_status":"closed","ping_status":"closed","template":"","meta":{"footnotes":""},"folder":[],"class_list":["post-641","page","type-page","status-publish","hentry"],"aioseo_notices":[],"_links":{"self":[{"href":"https:\/\/healing-memories.lu\/index.php?rest_route=\/wp\/v2\/pages\/641","targetHints":{"allow":["GET"]}}],"collection":[{"href":"https:\/\/healing-memories.lu\/index.php?rest_route=\/wp\/v2\/pages"}],"about":[{"href":"https:\/\/healing-memories.lu\/index.php?rest_route=\/wp\/v2\/types\/page"}],"author":[{"embeddable":true,"href":"https:\/\/healing-memories.lu\/index.php?rest_route=\/wp\/v2\/users\/1"}],"replies":[{"embeddable":true,"href":"https:\/\/healing-memories.lu\/index.php?rest_route=%2Fwp%2Fv2%2Fcomments&post=641"}],"version-history":[{"count":17,"href":"https:\/\/healing-memories.lu\/index.php?rest_route=\/wp\/v2\/pages\/641\/revisions"}],"predecessor-version":[{"id":3531,"href":"https:\/\/healing-memories.lu\/index.php?rest_route=\/wp\/v2\/pages\/641\/revisions\/3531"}],"wp:attachment":[{"href":"https:\/\/healing-memories.lu\/index.php?rest_route=%2Fwp%2Fv2%2Fmedia&parent=641"}],"wp:term":[{"taxonomy":"folder","embeddable":true,"href":"https:\/\/healing-memories.lu\/index.php?rest_route=%2Fwp%2Fv2%2Ffolder&post=641"}],"curies":[{"name":"wp","href":"https:\/\/api.w.org\/{rel}","templated":true}]}}