{"id":646,"date":"2021-04-20T11:46:35","date_gmt":"2021-04-20T10:46:35","guid":{"rendered":"https:\/\/healing-memories.lu\/?page_id=646"},"modified":"2022-07-11T16:52:47","modified_gmt":"2022-07-11T15:52:47","slug":"nos-partenariats","status":"publish","type":"page","link":"https:\/\/healing-memories.lu\/?page_id=646","title":{"rendered":"Nos Partenaires"},"content":{"rendered":"\n<div style=\"height:18px\" aria-hidden=\"true\" class=\"wp-block-spacer\"><\/div>\n\n\n\n<p class=\"has-text-align-center\"><a rel=\"noreferrer noopener\" href=\"https:\/\/acat.lu\/\" target=\"_blank\"><img loading=\"lazy\" decoding=\"async\" width=\"150\" height=\"74\" class=\"wp-image-1377\" style=\"width: 150px;\" src=\"https:\/\/healing-memories.lu\/wp-content\/uploads\/2021\/05\/Logo-Acat-White.png\" alt=\"\"><\/a><br>L\u2019ACAT-Luxembourg \u2013 Action des Chr\u00e9tiens pour l\u2019Abolition de la Torture \u2013 est \u00e0 la source de l\u2019association Healing of Memories Luxembourg. En effet, la premi\u00e8re visite de Michael Lapsley au Luxembourg, en 2008, s\u2019est faite sur invitation de l\u2019ACAT pour la c\u00e9l\u00e9bration du 60<sup>\u00e8me<\/sup> anniversaire de la D\u00e9claration Universelle des Droits de l\u2019Homme, et a donn\u00e9 naissance \u00e0 l\u2019amiti\u00e9 et au partenariat qui lie d\u00e9sormais l\u2019<em>Institute for Healing of Memories<\/em> et le Luxembourg.<\/p>\n\n\n\n<div style=\"height:16px\" aria-hidden=\"true\" class=\"wp-block-spacer\"><\/div>\n\n\n\n<p class=\"has-text-align-center\"><a href=\"https:\/\/www.partage.lu\/fr\/\" target=\"_blank\" rel=\"noreferrer noopener\"><img loading=\"lazy\" decoding=\"async\" width=\"140\" height=\"148\" class=\"wp-image-1381\" style=\"width: 140px;\" src=\"https:\/\/healing-memories.lu\/wp-content\/uploads\/2021\/05\/logo_partage.lu_-1.jpg\" alt=\"\" srcset=\"https:\/\/healing-memories.lu\/wp-content\/uploads\/2021\/05\/logo_partage.lu_-1.jpg 1087w, https:\/\/healing-memories.lu\/wp-content\/uploads\/2021\/05\/logo_partage.lu_-1-283x300.jpg 283w, https:\/\/healing-memories.lu\/wp-content\/uploads\/2021\/05\/logo_partage.lu_-1-966x1024.jpg 966w, https:\/\/healing-memories.lu\/wp-content\/uploads\/2021\/05\/logo_partage.lu_-1-768x814.jpg 768w\" sizes=\"auto, (max-width: 140px) 100vw, 140px\" \/><\/a><a href=\"https:\/\/partage.lu\/fr\/\" target=\"_blank\" rel=\"noreferrer noopener\"><img decoding=\"async\" class=\"wp-image-1379\" style=\"width: 120px;\" src=\"https:\/\/healing-memories.lu\/wp-content\/uploads\/2021\/05\/logo_partage.lu_.jpg\" alt=\"\"><\/a><br>La Fondation Partage Luxembourg soutient le travail de gu\u00e9rison des m\u00e9moires au Luxembourg depuis les d\u00e9buts de notre groupe. Actuellement, elle collabore au projet de l\u2019IHOM et de Healing of Memories Luxembourg \u201cGu\u00e9rison des m\u00e9moires en Afrique francophone\u201d, l\u2019ayant int\u00e9gr\u00e9 dans son Accord cadre 2022-2026.<\/p>\n\n\n\n<div style=\"height:16px\" aria-hidden=\"true\" class=\"wp-block-spacer\"><\/div>\n\n\n\n<p class=\"has-text-align-center\"><a href=\"https:\/\/www.caritas.lu\/\" target=\"_blank\" rel=\"noreferrer noopener\"><img decoding=\"async\" class=\"wp-image-1384\" style=\"width: 180px;\" src=\"https:\/\/healing-memories.lu\/wp-content\/uploads\/2021\/05\/logo-caritas.svg\" alt=\"\"><\/a><br>La Fondation Caritas Luxembourg a soutenu \u00e0 plusieurs reprises les projets de l\u2019IHOM et de notre groupe, notamment pour la r\u00e9alisation d\u2019une \u00e9dition en langue arabe de l\u2019autobiographie de Michael Lapsley.<\/p>\n\n\n\n<div style=\"height:16px\" aria-hidden=\"true\" class=\"wp-block-spacer\"><\/div>\n\n\n\n<p class=\"has-text-align-center\"><a rel=\"noreferrer noopener\" href=\"https:\/\/jrs.net\/fr\/jrs_bureaux\/jrs-moyen-orient-et-afrique-du-nord-2\/\" target=\"_blank\"><img decoding=\"async\" class=\"wp-image-1400\" style=\"width: 130px;\" src=\"https:\/\/healing-memories.lu\/wp-content\/uploads\/2021\/05\/logo-jrs.svg\" alt=\"\"><\/a><br>Healing of Memories Luxembourg collabore avec le \u201cJesuit Refugee Service\u201d \u00e0 Beyrouth en vue de la tenue d\u2019un atelier de gu\u00e9rison des m\u00e9moires et d\u2019une formation de facilitateurs pour participants de la r\u00e9gion (projet pr\u00e9vu pour 2020, report\u00e9 en raison de la pand\u00e9mie).<\/p>\n\n\n\n<div style=\"height:16px\" aria-hidden=\"true\" class=\"wp-block-spacer\"><\/div>\n\n\n\n<p class=\"has-text-align-center\"><a href=\"https:\/\/www.acatfrance.fr\/\" target=\"_blank\" rel=\"noreferrer noopener\"><img loading=\"lazy\" decoding=\"async\" width=\"160\" height=\"60\" class=\"wp-image-1405\" style=\"width: 160px;\" src=\"https:\/\/healing-memories.lu\/wp-content\/uploads\/2021\/05\/Image1.jpg\" alt=\"\"><\/a><br>Gr\u00e2ce \u00e0 la collaboration de l\u2019ACAT France et de certains de ses groupes r\u00e9gionaux, notre groupe a pu organiser des conf\u00e9rences de Michael Lapsley et plusieurs ateliers de gu\u00e9rison des m\u00e9moires dans diff\u00e9rentes villes de France.<\/p>\n\n\n\n<div style=\"height:16px\" aria-hidden=\"true\" class=\"wp-block-spacer\"><\/div>\n\n\n\n<p class=\"has-text-align-center\"><a href=\"http:\/\/www.fiacat.org\/notre-reseau\/1655-acat-benin\" target=\"_blank\" rel=\"noreferrer noopener\"><img loading=\"lazy\" decoding=\"async\" width=\"100\" height=\"184\" class=\"wp-image-1406\" style=\"width: 100px;\" src=\"https:\/\/healing-memories.lu\/wp-content\/uploads\/2021\/05\/acat-benin.jpg\" alt=\"\" srcset=\"https:\/\/healing-memories.lu\/wp-content\/uploads\/2021\/05\/acat-benin.jpg 272w, https:\/\/healing-memories.lu\/wp-content\/uploads\/2021\/05\/acat-benin-163x300.jpg 163w\" sizes=\"auto, (max-width: 100px) 100vw, 100px\" \/><\/a><br>L\u2019ACAT B\u00e9nin participe au projet de formation \u201cGu\u00e9rison des m\u00e9moires en Afrique francophone\u201d, qu\u2019organisent actuellement l\u2019IHOM et Healing of Memories Luxembourg. Elle accueillera \u00e0 Cotonou les sessions principales de formation dans ce cadre.<\/p>\n\n\n<div class=\"wp-block-image\">\n<figure class=\"aligncenter size-full is-resized\"><a href=\"https:\/\/fondation-grand-ducale.lu\/\" target=\"_blank\" rel=\"noreferrer noopener\"><img loading=\"lazy\" decoding=\"async\" src=\"https:\/\/healing-memories.lu\/wp-content\/uploads\/2022\/07\/LOGO_FGDGD_512px.png\" alt=\"\" class=\"wp-image-3986\" width=\"150\" height=\"149\"\/><\/a><\/figure>\n<\/div>\n\n\n<p>Le Haut Patronage de SAR la Grande-Duchesse nous conduit naturellement \u00e0 envisager des partenariats et des collaborations avec la Fondation.<\/p>\n","protected":false},"excerpt":{"rendered":"<p>L\u2019ACAT-Luxembourg \u2013 Action des Chr\u00e9tiens pour l\u2019Abolition de la Torture \u2013 est \u00e0 la source de l\u2019association Healing of Memories Luxembourg. En effet, la premi\u00e8re [&#8230;]<\/p>\n","protected":false},"author":1,"featured_media":0,"parent":0,"menu_order":0,"comment_status":"closed","ping_status":"closed","template":"","meta":{"footnotes":""},"folder":[],"class_list":["post-646","page","type-page","status-publish","hentry"],"aioseo_notices":[],"_links":{"self":[{"href":"https:\/\/healing-memories.lu\/index.php?rest_route=\/wp\/v2\/pages\/646","targetHints":{"allow":["GET"]}}],"collection":[{"href":"https:\/\/healing-memories.lu\/index.php?rest_route=\/wp\/v2\/pages"}],"about":[{"href":"https:\/\/healing-memories.lu\/index.php?rest_route=\/wp\/v2\/types\/page"}],"author":[{"embeddable":true,"href":"https:\/\/healing-memories.lu\/index.php?rest_route=\/wp\/v2\/users\/1"}],"replies":[{"embeddable":true,"href":"https:\/\/healing-memories.lu\/index.php?rest_route=%2Fwp%2Fv2%2Fcomments&post=646"}],"version-history":[{"count":29,"href":"https:\/\/healing-memories.lu\/index.php?rest_route=\/wp\/v2\/pages\/646\/revisions"}],"predecessor-version":[{"id":3987,"href":"https:\/\/healing-memories.lu\/index.php?rest_route=\/wp\/v2\/pages\/646\/revisions\/3987"}],"wp:attachment":[{"href":"https:\/\/healing-memories.lu\/index.php?rest_route=%2Fwp%2Fv2%2Fmedia&parent=646"}],"wp:term":[{"taxonomy":"folder","embeddable":true,"href":"https:\/\/healing-memories.lu\/index.php?rest_route=%2Fwp%2Fv2%2Ffolder&post=646"}],"curies":[{"name":"wp","href":"https:\/\/api.w.org\/{rel}","templated":true}]}}