{"id":698,"date":"2021-04-21T08:44:41","date_gmt":"2021-04-21T07:44:41","guid":{"rendered":"https:\/\/healing-memories.lu\/?page_id=698"},"modified":"2021-09-14T12:44:53","modified_gmt":"2021-09-14T11:44:53","slug":"notre-histoire","status":"publish","type":"page","link":"https:\/\/healing-memories.lu\/?page_id=698","title":{"rendered":"Notre histoire"},"content":{"rendered":"\n<h5 class=\"wp-block-heading\"><strong><em>Healing of Memories Luxembourg &#8211; Naissance d\u2019une association<\/em><\/strong><\/h5>\n\n\n\n<p>Le 28 novembre 2020, le groupe de soutien Gu\u00e9rison des M\u00e9moires Luxembourg\/Europe, cr\u00e9\u00e9 au sein de l\u2019ACAT-Luxembourg, <a href=\"https:\/\/healing-memories.lu\/?page_id=787\" data-type=\"URL\" data-id=\"https:\/\/healing-memories.lu\/?page_id=787\">devient une association ind\u00e9pendante<\/a>. C\u2019est l\u2019aboutissement d\u2019un cheminement d\u00e9but\u00e9 en 2008, et jalonn\u00e9 de nombreuses activit\u00e9s.<\/p>\n\n\n\n<h5 class=\"wp-block-heading\"><strong><em>Gen\u00e8se<\/em><\/strong> &#8211; <em>La gu\u00e9rison des m\u00e9moires au Luxembourg (2008-2020)<\/em><\/h5>\n\n\n\n<p>Le groupe de soutien \u00ab\u00a0Gu\u00e9rison des m\u00e9moires Luxembourg\/Europe\u00a0\u00bb est n\u00e9 d\u2019un partenariat entre l\u2019ACAT Luxembourg et <a href=\"https:\/\/healing-memories.lu\/?page_id=909\">Michael Lapsley<\/a>, directeur de l\u2019Institut pour la gu\u00e9rison des m\u00e9moires ou <em><a data-type=\"URL\" data-id=\"https:\/\/healing-memories.org\/\" href=\"https:\/\/healing-memories.org\/\" target=\"_blank\" rel=\"noreferrer noopener\">Institute for Healing of Memories<\/a> (IHOM)<\/em>, suite \u00e0 sa premi\u00e8re visite au Luxembourg en novembre 2008, \u00e0 l&rsquo;occasion du 60\u00e8me anniversaire de la D\u00e9claration universelle des Droits de l&rsquo;Homme.<\/p>\n\n\n\n<p>Le Groupe de soutien, qui a fait la promotion de l\u2019<em>IHOM<\/em> au Luxembourg jusqu\u2019\u00e0 pr\u00e9sent, a accueilli r\u00e9guli\u00e8rement Michael Lapsley et a progressivement mis en place une \u00e9quipe de \u00ab<a href=\"https:\/\/healing-memories.lu\/?page_id=368\" data-type=\"URL\" data-id=\"https:\/\/healing-memories.lu\/?page_id=368\"> facilitateurs<\/a> \u00bb form\u00e9s \u00e0 la m\u00e9thode de la gu\u00e9rison des m\u00e9moires, pour mener des activit\u00e9s dans ce domaine, notamment des ateliers propos\u00e9s \u00e0 des publics divers, au Grand-Duch\u00e9 et ailleurs.<\/p>\n\n\n\n<p>Le groupe a \u00e9galement contribu\u00e9 significativement \u00e0 la traduction et \u00e0 la diffusion de l&rsquo;<a href=\"https:\/\/healing-memories.lu\/?page_id=689\" data-type=\"URL\" data-id=\"https:\/\/healing-memories.lu\/?page_id=689\">autobiographie de Michael Lapsley<\/a> \u00ab\u00a0Redeeming the Past &#8211; My Journey from Freedom Fighter to Healer\u00a0\u00bb, qui constitue un outil tr\u00e8s populaire de promotion et d&rsquo;introduction \u00e0 sa m\u00e9thode .<\/p>\n\n\n<div class=\"n2-section-smartslider fitvidsignore  n2_clear\" data-ssid=\"5\" tabindex=\"0\" role=\"region\" aria-label=\"Diaporama\"><div id=\"n2-ss-5-align\" class=\"n2-ss-align\"><div class=\"n2-padding\"><div id=\"n2-ss-5\" data-creator=\"Smart Slider 3\" data-responsive=\"auto\" class=\"n2-ss-slider n2-ow n2-has-hover n2notransition  \">\n\n\n\n\n\n\n\n\n\n\n\n\n\n\n\n\n\n\n\n\n\n\n\n<div class=\"n2-ss-slider-wrapper-outside\" style=\"grid-template-rows:1fr auto\"><div class=\"n2-ss-slider-wrapper-inside\">\n        <div class=\"n2-ss-slider-1 n2_ss__touch_element n2-ow\">\n            <div class=\"n2-ss-slider-2 n2-ow\">\n                                                <div class=\"n2-ss-slider-3 n2-ow\">\n\n                    <div class=\"n2-ss-slide-backgrounds n2-ow-all\"><div class=\"n2-ss-slide-background\" data-public-id=\"1\" data-mode=\"fill\"><div class=\"n2-ss-slide-background-image\" data-blur=\"0\" data-opacity=\"100\" data-x=\"53\" data-y=\"6\" data-alt=\"\" data-title=\"\" style=\"--ss-o-pos-x:53%;--ss-o-pos-y:6%\"><picture class=\"skip-lazy\" data-skip-lazy=\"1\"><img decoding=\"async\" src=\"\/\/healing-memories.lu\/wp-content\/uploads\/2021\/05\/2008.11.conf_.ML_.60ansDUDH-2-1.jpg\" alt=\"\" title=\"\" loading=\"lazy\" class=\"skip-lazy\" data-skip-lazy=\"1\"><\/picture><\/div><div data-color=\"RGBA(255,255,255,0)\" style=\"background-color: RGBA(255,255,255,0);\" class=\"n2-ss-slide-background-color\"><\/div><\/div><div class=\"n2-ss-slide-background\" data-public-id=\"2\" data-mode=\"fill\" aria-hidden=\"true\"><div class=\"n2-ss-slide-background-image\" data-blur=\"0\" data-opacity=\"100\" data-x=\"50\" data-y=\"50\" data-alt=\"\" data-title=\"\"><picture class=\"skip-lazy\" data-skip-lazy=\"1\"><img decoding=\"async\" src=\"\/\/healing-memories.lu\/wp-content\/uploads\/2021\/05\/Audience-Palais-23.04.2010-1024x682-1.jpg\" alt=\"\" title=\"\" loading=\"lazy\" class=\"skip-lazy\" data-skip-lazy=\"1\"><\/picture><\/div><div data-color=\"RGBA(255,255,255,0)\" style=\"background-color: RGBA(255,255,255,0);\" class=\"n2-ss-slide-background-color\"><\/div><\/div><div class=\"n2-ss-slide-background\" data-public-id=\"3\" data-mode=\"fill\" aria-hidden=\"true\"><div class=\"n2-ss-slide-background-image\" data-blur=\"0\" data-opacity=\"100\" data-x=\"50\" data-y=\"50\" data-alt=\"\" data-title=\"\"><picture class=\"skip-lazy\" data-skip-lazy=\"1\"><img decoding=\"async\" src=\"\/\/healing-memories.lu\/wp-content\/uploads\/2021\/05\/1-Emission-CTV-Colombia-Bogota.jpg.jpg\" alt=\"\" title=\"\" loading=\"lazy\" class=\"skip-lazy\" data-skip-lazy=\"1\"><\/picture><\/div><div data-color=\"RGBA(255,255,255,0)\" style=\"background-color: RGBA(255,255,255,0);\" class=\"n2-ss-slide-background-color\"><\/div><\/div><div class=\"n2-ss-slide-background\" data-public-id=\"4\" data-mode=\"fill\" aria-hidden=\"true\"><div class=\"n2-ss-slide-background-image\" data-blur=\"0\" data-opacity=\"100\" data-x=\"52\" data-y=\"61\" data-alt=\"\" data-title=\"\" style=\"--ss-o-pos-x:52%;--ss-o-pos-y:61%\"><picture class=\"skip-lazy\" data-skip-lazy=\"1\"><img decoding=\"async\" src=\"\/\/healing-memories.lu\/wp-content\/uploads\/2021\/05\/2014.03.17.lancement.trad_.de_.Neumunster3.jpg\" alt=\"\" title=\"\" loading=\"lazy\" class=\"skip-lazy\" data-skip-lazy=\"1\"><\/picture><\/div><div data-color=\"RGBA(255,255,255,0)\" style=\"background-color: RGBA(255,255,255,0);\" class=\"n2-ss-slide-background-color\"><\/div><\/div><div class=\"n2-ss-slide-background\" data-public-id=\"5\" data-mode=\"fill\" aria-hidden=\"true\"><div class=\"n2-ss-slide-background-image\" data-blur=\"0\" data-opacity=\"100\" data-x=\"50\" data-y=\"50\" data-alt=\"\" data-title=\"\"><picture class=\"skip-lazy\" data-skip-lazy=\"1\"><img decoding=\"async\" src=\"\/\/healing-memories.lu\/wp-content\/uploads\/2021\/05\/2015.02.22.homelie.Careme.cath_.Lux_.ML2_.jpg\" alt=\"\" title=\"\" loading=\"lazy\" class=\"skip-lazy\" data-skip-lazy=\"1\"><\/picture><\/div><div data-color=\"RGBA(255,255,255,0)\" style=\"background-color: RGBA(255,255,255,0);\" class=\"n2-ss-slide-background-color\"><\/div><\/div><div class=\"n2-ss-slide-background\" data-public-id=\"6\" data-mode=\"fill\" aria-hidden=\"true\"><div class=\"n2-ss-slide-background-image\" data-blur=\"0\" data-opacity=\"100\" data-x=\"50\" data-y=\"50\" data-alt=\"\" data-title=\"\"><picture class=\"skip-lazy\" data-skip-lazy=\"1\"><img decoding=\"async\" src=\"\/\/healing-memories.lu\/wp-content\/uploads\/2021\/05\/2015.02.25.lancement.trad_.fr_.livre_.Ernster2.jpg\" alt=\"\" title=\"\" loading=\"lazy\" class=\"skip-lazy\" data-skip-lazy=\"1\"><\/picture><\/div><div data-color=\"RGBA(255,255,255,0)\" style=\"background-color: RGBA(255,255,255,0);\" class=\"n2-ss-slide-background-color\"><\/div><\/div><div class=\"n2-ss-slide-background\" data-public-id=\"7\" data-mode=\"fill\" aria-hidden=\"true\"><div class=\"n2-ss-slide-background-image\" data-blur=\"0\" data-opacity=\"100\" data-x=\"52\" data-y=\"27\" data-alt=\"\" data-title=\"\" style=\"--ss-o-pos-x:52%;--ss-o-pos-y:27%\"><picture class=\"skip-lazy\" data-skip-lazy=\"1\"><img decoding=\"async\" src=\"\/\/healing-memories.lu\/wp-content\/uploads\/2021\/05\/Byrne-Moyo-Majerus-1024x622-1.jpg\" alt=\"\" title=\"\" loading=\"lazy\" class=\"skip-lazy\" data-skip-lazy=\"1\"><\/picture><\/div><div data-color=\"RGBA(255,255,255,0)\" style=\"background-color: RGBA(255,255,255,0);\" class=\"n2-ss-slide-background-color\"><\/div><\/div><div class=\"n2-ss-slide-background\" data-public-id=\"8\" data-mode=\"fill\" aria-hidden=\"true\"><div class=\"n2-ss-slide-background-image\" data-blur=\"0\" data-opacity=\"100\" data-x=\"60\" data-y=\"73\" data-alt=\"\" data-title=\"\" style=\"--ss-o-pos-x:60%;--ss-o-pos-y:73%\"><picture class=\"skip-lazy\" data-skip-lazy=\"1\"><img decoding=\"async\" src=\"\/\/healing-memories.lu\/wp-content\/uploads\/2021\/05\/ML-Pape2.jpg\" alt=\"\" title=\"\" loading=\"lazy\" class=\"skip-lazy\" data-skip-lazy=\"1\"><\/picture><\/div><div data-color=\"RGBA(255,255,255,0)\" style=\"background-color: RGBA(255,255,255,0);\" class=\"n2-ss-slide-background-color\"><\/div><\/div><\/div>                    <div class=\"n2-ss-slider-4 n2-ow\">\n                        <svg xmlns=\"http:\/\/www.w3.org\/2000\/svg\" viewBox=\"0 0 1200 600\" data-related-device=\"desktopPortrait\" class=\"n2-ow n2-ss-preserve-size n2-ss-preserve-size--slider n2-ss-slide-limiter\"><\/svg><div data-first=\"1\" data-slide-duration=\"0\" data-id=\"9\" data-slide-public-id=\"1\" data-title=\"2008 Premi\u00e8re Conf\u00e9rence de M. Lapsley\" data-description=\"2008 - Premi\u00e8re Conf\u00e9rence de Michael\n Lapsley au Luxembourg\" class=\"n2-ss-slide n2-ow  n2-ss-slide-9\"><div role=\"note\" class=\"n2-ss-slide--focus\" tabindex=\"-1\">2008 Premi\u00e8re Conf\u00e9rence de M. Lapsley<\/div><div class=\"n2-ss-layers-container n2-ss-slide-limiter n2-ow\"><div class=\"n2-ss-layer n2-ow n-uc-z4HFZBJB2IRG\" data-sstype=\"slide\" data-pm=\"default\"><\/div><\/div><\/div><div data-slide-duration=\"0\" data-id=\"10\" data-slide-public-id=\"2\" aria-hidden=\"true\" data-title=\"2010 Audience au Palais\" data-description=\"2010 - Audience avec S.A.R. la Grande-Duchesse au Palais Grand-ducal\n\" class=\"n2-ss-slide n2-ow  n2-ss-slide-10\"><div role=\"note\" class=\"n2-ss-slide--focus\" tabindex=\"-1\">2010 Audience au Palais<\/div><div class=\"n2-ss-layers-container n2-ss-slide-limiter n2-ow\"><div class=\"n2-ss-layer n2-ow n-uc-uBe1Gmq8T02f\" data-sstype=\"slide\" data-pm=\"default\"><\/div><\/div><\/div><div data-slide-duration=\"0\" data-id=\"11\" data-slide-public-id=\"3\" aria-hidden=\"true\" data-title=\"1-Emission-CTV-Colombia-Bogota.jpg\" data-description=\"2014 - Lancement de la traduction espagnole de l'autobiographie de M. Lapsley - Bogot\u00e1\" class=\"n2-ss-slide n2-ow  n2-ss-slide-11\"><div role=\"note\" class=\"n2-ss-slide--focus\" tabindex=\"-1\">1-Emission-CTV-Colombia-Bogota.jpg<\/div><div class=\"n2-ss-layers-container n2-ss-slide-limiter n2-ow\"><div class=\"n2-ss-layer n2-ow n-uc-q317BcxRmKZF\" data-sstype=\"slide\" data-pm=\"default\"><\/div><\/div><\/div><div data-slide-duration=\"0\" data-id=\"12\" data-slide-public-id=\"4\" aria-hidden=\"true\" data-title=\"2014.03.17.lancement.trad_.de_.Neumunster3\" data-description=\"2014 - Lancement de la traduction allemande de l'autobiographie de M. Lapsley - Luxembourg\" class=\"n2-ss-slide n2-ow  n2-ss-slide-12\"><div role=\"note\" class=\"n2-ss-slide--focus\" tabindex=\"-1\">2014.03.17.lancement.trad_.de_.Neumunster3<\/div><div class=\"n2-ss-layers-container n2-ss-slide-limiter n2-ow\"><div class=\"n2-ss-layer n2-ow n-uc-OrbDl5BAgHIy\" data-sstype=\"slide\" data-pm=\"default\"><\/div><\/div><\/div><div data-slide-duration=\"0\" data-id=\"13\" data-slide-public-id=\"5\" aria-hidden=\"true\" data-title=\"2015.02.22.homelie.Careme.cath_.Lux_.ML2_\" data-description=\"2015 - Conf\u00e9rence de Car\u00eame \u00e0 la cath\u00e9drale de Luxembourg\" class=\"n2-ss-slide n2-ow  n2-ss-slide-13\"><div role=\"note\" class=\"n2-ss-slide--focus\" tabindex=\"-1\">2015.02.22.homelie.Careme.cath_.Lux_.ML2_<\/div><div class=\"n2-ss-layers-container n2-ss-slide-limiter n2-ow\"><div class=\"n2-ss-layer n2-ow n-uc-jbuYCpTacOad\" data-sstype=\"slide\" data-pm=\"default\"><\/div><\/div><\/div><div data-slide-duration=\"0\" data-id=\"14\" data-slide-public-id=\"6\" aria-hidden=\"true\" data-title=\"2015.02.25.lancement.trad_.fr_.livre_.Ernster2\" data-description=\"2015 - Lancement de la traduction fran\u00e7aise de l'autobiographie de Michael Lapsley- Luxembourg\" class=\"n2-ss-slide n2-ow  n2-ss-slide-14\"><div role=\"note\" class=\"n2-ss-slide--focus\" tabindex=\"-1\">2015.02.25.lancement.trad_.fr_.livre_.Ernster2<\/div><div class=\"n2-ss-layers-container n2-ss-slide-limiter n2-ow\"><div class=\"n2-ss-layer n2-ow n-uc-92uK3qLK3ohb\" data-sstype=\"slide\" data-pm=\"default\"><\/div><\/div><\/div><div data-slide-duration=\"0\" data-id=\"15\" data-slide-public-id=\"7\" aria-hidden=\"true\" data-title=\"Byrne-Moyo-Majerus-1024x622-1\" data-description=\"2019 - Invit\u00e9e sp\u00e9ciale Fulata Moyo, avec Patrick Byrne (HoM Luxembourg) et Philippe Majerus (Fondation du Gd-Duc et Gde-Duchesse)\" class=\"n2-ss-slide n2-ow  n2-ss-slide-15\"><div role=\"note\" class=\"n2-ss-slide--focus\" tabindex=\"-1\">Byrne-Moyo-Majerus-1024&#215;622-1<\/div><div class=\"n2-ss-layers-container n2-ss-slide-limiter n2-ow\"><div class=\"n2-ss-layer n2-ow n-uc-8OSL4aCGofCS\" data-sstype=\"slide\" data-pm=\"default\"><\/div><\/div><\/div><div data-slide-duration=\"0\" data-id=\"16\" data-slide-public-id=\"8\" aria-hidden=\"true\" data-title=\"ML-Pape2\" data-description=\"2019 - Audience papale au Vatican, 20 ans de L'IHOM\" class=\"n2-ss-slide n2-ow  n2-ss-slide-16\"><div role=\"note\" class=\"n2-ss-slide--focus\" tabindex=\"-1\">ML-Pape2<\/div><div class=\"n2-ss-layers-container n2-ss-slide-limiter n2-ow\"><div class=\"n2-ss-layer n2-ow n-uc-UV59c4i7Rewi\" data-sstype=\"slide\" data-pm=\"default\"><\/div><\/div><\/div>                    <\/div>\n\n                                    <\/div>\n            <\/div>\n        <\/div>\n        <div class=\"n2-ss-slider-controls n2-ss-slider-controls-absolute-left-center\"><div style=\"--widget-offset:15px;\" class=\"n2-ss-widget n2-ss-widget-display-hover n2-style-6679a19c901d61fb802720533bbad114-heading nextend-arrow n2-ow-all nextend-arrow-previous  nextend-arrow-animated-fade\" id=\"n2-ss-5-arrow-previous\" role=\"button\" aria-label=\"previous arrow\" tabindex=\"0\"><img loading=\"lazy\" decoding=\"async\" width=\"32\" height=\"32\" class=\"skip-lazy\" data-skip-lazy=\"1\" src=\"data:image\/svg+xml;base64,PHN2ZyB3aWR0aD0iMzIiIGhlaWdodD0iMzIiIHZpZXdCb3g9IjAgMCAzMiAzMiIgeG1sbnM9Imh0dHA6Ly93d3cudzMub3JnLzIwMDAvc3ZnIj4KICAgIDxwYXRoIGQ9Ik0xMS40MzMgMTUuOTkyTDIyLjY5IDUuNzEyYy4zOTMtLjM5LjM5My0xLjAzIDAtMS40Mi0uMzkzLS4zOS0xLjAzLS4zOS0xLjQyMyAwbC0xMS45OCAxMC45NGMtLjIxLjIxLS4zLjQ5LS4yODUuNzYtLjAxNS4yOC4wNzUuNTYuMjg0Ljc3bDExLjk4IDEwLjk0Yy4zOTMuMzkgMS4wMy4zOSAxLjQyNCAwIC4zOTMtLjQuMzkzLTEuMDMgMC0xLjQybC0xMS4yNTctMTAuMjkiCiAgICAgICAgICBmaWxsPSIjZmZmZmZmIiBvcGFjaXR5PSIwLjUiIGZpbGwtcnVsZT0iZXZlbm9kZCIvPgo8L3N2Zz4=\" alt=\"previous arrow\"><\/div><\/div><div class=\"n2-ss-slider-controls n2-ss-slider-controls-absolute-right-center\"><div style=\"--widget-offset:15px;\" class=\"n2-ss-widget n2-ss-widget-display-hover n2-style-6679a19c901d61fb802720533bbad114-heading nextend-arrow n2-ow-all nextend-arrow-next  nextend-arrow-animated-fade\" id=\"n2-ss-5-arrow-next\" role=\"button\" aria-label=\"next arrow\" tabindex=\"0\"><img loading=\"lazy\" decoding=\"async\" width=\"32\" height=\"32\" class=\"skip-lazy\" data-skip-lazy=\"1\" src=\"data:image\/svg+xml;base64,PHN2ZyB3aWR0aD0iMzIiIGhlaWdodD0iMzIiIHZpZXdCb3g9IjAgMCAzMiAzMiIgeG1sbnM9Imh0dHA6Ly93d3cudzMub3JnLzIwMDAvc3ZnIj4KICAgIDxwYXRoIGQ9Ik0xMC43MjIgNC4yOTNjLS4zOTQtLjM5LTEuMDMyLS4zOS0xLjQyNyAwLS4zOTMuMzktLjM5MyAxLjAzIDAgMS40MmwxMS4yODMgMTAuMjgtMTEuMjgzIDEwLjI5Yy0uMzkzLjM5LS4zOTMgMS4wMiAwIDEuNDIuMzk1LjM5IDEuMDMzLjM5IDEuNDI3IDBsMTIuMDA3LTEwLjk0Yy4yMS0uMjEuMy0uNDkuMjg0LS43Ny4wMTQtLjI3LS4wNzYtLjU1LS4yODYtLjc2TDEwLjcyIDQuMjkzeiIKICAgICAgICAgIGZpbGw9IiNmZmZmZmYiIG9wYWNpdHk9IjAuNSIgZmlsbC1ydWxlPSJldmVub2RkIi8+Cjwvc3ZnPg==\" alt=\"next arrow\"><\/div><\/div><div class=\"n2-ss-slider-controls n2-ss-slider-controls-absolute-center-bottom\"><div style=\"--widget-offset:30px;text-align: center;width:100%;\" class=\"n2-ss-widget n2-ss-widget-display-hover nextend-bar nextend-bar-horizontal n2-ss-widget-hidden n2-ow-all\"><div class=\"n2-style-3745c27e4cee514fb93ac00b0ec9858c-simple \"><span class=\"n2-font-0ee482cf7edd4e10db2ad36e7d4229c7-simple \">&nbsp;<\/span><\/div><\/div><\/div><\/div><div class=\"n2-ss-slider-controls n2-ss-slider-controls-below\"><div data-width-percent=\"100\" class=\"n2-ss-widget n2-ss-widget-display-hover nextend-thumbnail nextend-thumbnail-default nextend-thumbnail-horizontal n2-ow-all\" style=\"width:100%;\" data-has-next=\"0\" data-has-previous=\"0\"><div class=\"nextend-thumbnail-inner n2-style-f58d52632d016e4532dc73de3ceef8d2-simple \"><div class=\"nextend-thumbnail-scroller n2-align-content-start\" style=\"grid-template-rows:repeat(1, 1fr)\"><div class=\"n2-thumbnail-dot n2-style-266f2f6a49938baa7221444ba747dd12-dot \" data-slide-public-id=\"1\" role=\"button\" aria-label=\"2008 Premi\u00e8re Conf\u00e9rence de M. Lapsley\" tabindex=\"0\"><picture class=\"skip-lazy\" data-skip-lazy=\"1\"><img decoding=\"async\" alt=\"2008 Premi\u00e8re Conf\u00e9rence de M. Lapsley\" src=\"Michael Lapsley\" width=\"100\" height=\"60\" loading=\"lazy\" class=\"skip-lazy\" data-skip-lazy=\"1\" \/><\/picture><\/div><div class=\"n2-thumbnail-dot n2-style-266f2f6a49938baa7221444ba747dd12-dot \" data-slide-public-id=\"2\" role=\"button\" aria-label=\"2010 Audience au Palais\" tabindex=\"0\"><picture class=\"skip-lazy\" data-skip-lazy=\"1\"><img decoding=\"async\" alt=\"2010 Audience au Palais\" src=\"https:\/\/healing-memories.lu\/wp-content\/uploads\/slider\/cache\/fb70dde7e9709190d2fcb829cfbed91f\/Audience-Palais-23.04.2010-1024x682-1.jpg\" width=\"100\" height=\"60\" loading=\"lazy\" class=\"skip-lazy\" data-skip-lazy=\"1\" \/><\/picture><\/div><div class=\"n2-thumbnail-dot n2-style-266f2f6a49938baa7221444ba747dd12-dot \" data-slide-public-id=\"3\" role=\"button\" aria-label=\"1-Emission-CTV-Colombia-Bogota.jpg\" tabindex=\"0\"><picture class=\"skip-lazy\" data-skip-lazy=\"1\"><img decoding=\"async\" alt=\"1-Emission-CTV-Colombia-Bogota.jpg\" src=\"https:\/\/healing-memories.lu\/wp-content\/uploads\/slider\/cache\/52db50d2979a4c6de4023c3ac86d00d8\/1-Emission-CTV-Colombia-Bogota.jpg.jpg\" width=\"100\" height=\"60\" loading=\"lazy\" class=\"skip-lazy\" data-skip-lazy=\"1\" \/><\/picture><\/div><div class=\"n2-thumbnail-dot n2-style-266f2f6a49938baa7221444ba747dd12-dot \" data-slide-public-id=\"4\" role=\"button\" aria-label=\"2014.03.17.lancement.trad_.de_.Neumunster3\" tabindex=\"0\"><picture class=\"skip-lazy\" data-skip-lazy=\"1\"><img decoding=\"async\" alt=\"2014.03.17.lancement.trad_.de_.Neumunster3\" src=\"https:\/\/healing-memories.lu\/wp-content\/uploads\/slider\/cache\/c820513e62b4914c9c2319bcd180d550\/2014.03.17.lancement.trad_.de_.Neumunster3.jpg\" width=\"100\" height=\"60\" loading=\"lazy\" class=\"skip-lazy\" data-skip-lazy=\"1\" \/><\/picture><\/div><div class=\"n2-thumbnail-dot n2-style-266f2f6a49938baa7221444ba747dd12-dot \" data-slide-public-id=\"5\" role=\"button\" aria-label=\"2015.02.22.homelie.Careme.cath_.Lux_.ML2_\" tabindex=\"0\"><picture class=\"skip-lazy\" data-skip-lazy=\"1\"><img decoding=\"async\" alt=\"2015.02.22.homelie.Careme.cath_.Lux_.ML2_\" src=\"https:\/\/healing-memories.lu\/wp-content\/uploads\/slider\/cache\/49ca00ab7074c240c90d5bc9e6fbd383\/2015.02.22.homelie.Careme.cath_.Lux_.ML2_.jpg\" width=\"100\" height=\"60\" loading=\"lazy\" class=\"skip-lazy\" data-skip-lazy=\"1\" \/><\/picture><\/div><div class=\"n2-thumbnail-dot n2-style-266f2f6a49938baa7221444ba747dd12-dot \" data-slide-public-id=\"6\" role=\"button\" aria-label=\"2015.02.25.lancement.trad_.fr_.livre_.Ernster2\" tabindex=\"0\"><picture class=\"skip-lazy\" data-skip-lazy=\"1\"><img decoding=\"async\" alt=\"2015.02.25.lancement.trad_.fr_.livre_.Ernster2\" src=\"https:\/\/healing-memories.lu\/wp-content\/uploads\/slider\/cache\/fac05b0ed0bbf4b47aa216dffb049f9a\/2015.02.25.lancement.trad_.fr_.livre_.Ernster2.jpg\" width=\"100\" height=\"60\" loading=\"lazy\" class=\"skip-lazy\" data-skip-lazy=\"1\" \/><\/picture><\/div><div class=\"n2-thumbnail-dot n2-style-266f2f6a49938baa7221444ba747dd12-dot \" data-slide-public-id=\"7\" role=\"button\" aria-label=\"Byrne-Moyo-Majerus-1024x622-1\" tabindex=\"0\"><picture class=\"skip-lazy\" data-skip-lazy=\"1\"><img decoding=\"async\" alt=\"Byrne-Moyo-Majerus-1024x622-1\" src=\"https:\/\/healing-memories.lu\/wp-content\/uploads\/slider\/cache\/4f92d0ab54afaeaa0d5be7f07b4f14be\/Byrne-Moyo-Majerus-1024x622-1.jpg\" width=\"100\" height=\"60\" loading=\"lazy\" class=\"skip-lazy\" data-skip-lazy=\"1\" \/><\/picture><\/div><div class=\"n2-thumbnail-dot n2-style-266f2f6a49938baa7221444ba747dd12-dot \" data-slide-public-id=\"8\" role=\"button\" aria-label=\"ML-Pape2\" tabindex=\"0\"><picture class=\"skip-lazy\" data-skip-lazy=\"1\"><img decoding=\"async\" alt=\"ML-Pape2\" src=\"https:\/\/healing-memories.lu\/wp-content\/uploads\/slider\/cache\/9ee9e0eaacb3fe15aa6409c4ccd502b3\/ML-Pape2.jpg\" width=\"100\" height=\"60\" loading=\"lazy\" class=\"skip-lazy\" data-skip-lazy=\"1\" \/><\/picture><\/div><\/div><\/div><div class=\"nextend-thumbnail-button nextend-thumbnail-previous\"><img decoding=\"async\" width=\"26\" height=\"26\" style=\"width:26px;transform:rotateZ(-90deg);\" loading=\"lazy\" class=\"skip-lazy\" data-skip-lazy=\"1\" src=\"data:image\/svg+xml;base64,PHN2ZyB3aWR0aD0iMjYiIGhlaWdodD0iMjYiIHhtbG5zPSJodHRwOi8vd3d3LnczLm9yZy8yMDAwL3N2ZyI+CiAgICA8ZyBmaWxsPSJub25lIiBmaWxsLXJ1bGU9ImV2ZW5vZGQiPgogICAgICAgIDxjaXJjbGUgc3Ryb2tlPSIjZmZmIiBzdHJva2Utd2lkdGg9IjIiIG9wYWNpdHk9Ii41IiBmaWxsPSIjMDAwIiBjeD0iMTMiIGN5PSIxMyIgcj0iMTIiLz4KICAgICAgICA8cGF0aCBkPSJNMTMuNDM1IDkuMTc4Yy0uMTI2LS4xMjEtLjI3LS4xODItLjQzNi0uMTgyLS4xNjQgMC0uMzA2LjA2MS0uNDI4LjE4MmwtNC4zOCA0LjE3NWMtLjEyNi4xMjEtLjE4OC4yNjItLjE4OC40MjQgMCAuMTYxLjA2Mi4zMDIuMTg4LjQyM2wuNjUuNjIyYy4xMjYuMTIxLjI3My4xODIuNDQxLjE4Mi4xNyAwIC4zMTQtLjA2MS40MzYtLjE4MmwzLjMxNC0zLjE2MSAzLjI0OSAzLjE2MWMuMTI2LjEyMS4yNjkuMTgyLjQzMi4xODIuMTY0IDAgLjMwNy0uMDYxLjQzMy0uMTgybC42NjItLjYyMmMuMTI2LS4xMjEuMTg5LS4yNjIuMTg5LS40MjMgMC0uMTYyLS4wNjMtLjMwMy0uMTg5LS40MjRsLTQuMzczLTQuMTc1eiIKICAgICAgICAgICAgICBmaWxsPSIjZmZmIi8+CiAgICA8L2c+Cjwvc3ZnPg==\" alt=\"previous arrow\"><\/div><div class=\"nextend-thumbnail-button nextend-thumbnail-next\"><img decoding=\"async\" width=\"26\" height=\"26\" style=\"width:26px;transform:rotateZ(-90deg);\" loading=\"lazy\" class=\"skip-lazy\" data-skip-lazy=\"1\" src=\"data:image\/svg+xml;base64,PHN2ZyB4bWxucz0iaHR0cDovL3d3dy53My5vcmcvMjAwMC9zdmciIHdpZHRoPSIyNiIgaGVpZ2h0PSIyNiI+CiAgICA8ZyBmaWxsPSJub25lIj4KICAgICAgICA8Y2lyY2xlIGN4PSIxMyIgY3k9IjEzIiByPSIxMiIgZmlsbD0iIzAwMCIgc3Ryb2tlPSIjZmZmIiBzdHJva2Utd2lkdGg9IjIiIG9wYWNpdHk9Ii41Ii8+CiAgICAgICAgPHBhdGggZmlsbD0iI2ZmZiIKICAgICAgICAgICAgICBkPSJNMTIuNTY1IDE2LjgyMmMuMTI2LjEyLjI3LjE4Mi40MzYuMTgyLjE2OCAwIC4zMS0uMDYuNDMtLjE4Mmw0LjM4LTQuMTc1Yy4xMjgtLjEyLjE5LS4yNjIuMTktLjQyNCAwLS4xNi0uMDYyLS4zMDItLjE5LS40MjNsLS42NS0uNjIyYy0uMTI1LS4xMi0uMjcyLS4xODItLjQ0LS4xODItLjE3IDAtLjMxNC4wNi0uNDM2LjE4MmwtMy4zMTQgMy4xNi0zLjI1LTMuMTZjLS4xMjYtLjEyLS4yNy0uMTgyLS40My0uMTgyLS4xNjYgMC0uMzEuMDYtLjQzNS4xODJsLS42NjIuNjIyYy0uMTI2LjEyLS4xOS4yNjItLjE5LjQyMyAwIC4xNjIuMDY0LjMwMy4xOS40MjRsNC4zNzMgNC4xNzV6Ii8+CiAgICA8L2c+Cjwvc3ZnPg==\" alt=\"next arrow\"><\/div><\/div><\/div><\/div><\/div><ss3-loader><\/ss3-loader><\/div><\/div><div class=\"n2_clear\"><\/div><\/div>\n\n\n<h5 class=\"wp-block-heading\"><em>L\u2019asbl \u2018Healing of Memories Luxembourg\u2019<\/em><\/h5>\n\n\n\n<p>La cr\u00e9ation de notre association constitue un pas logique dans l\u2019enracinement de la d\u00e9marche de gu\u00e9rison des m\u00e9moires en Europe et marque le d\u00e9but d\u2019une nouvelle phase de cette aventure au Luxembourg. Elle s\u2019int\u00e8gre naturellement au r\u00e9seau international de l\u2019<em>IHOM<\/em>.<\/p>\n","protected":false},"excerpt":{"rendered":"<p>Healing of Memories Luxembourg &#8211; Naissance d\u2019une association Le 28 novembre 2020, le groupe de soutien Gu\u00e9rison des M\u00e9moires Luxembourg\/Europe, cr\u00e9\u00e9 au sein de l\u2019ACAT-Luxembourg, [&#8230;]<\/p>\n","protected":false},"author":1,"featured_media":0,"parent":0,"menu_order":0,"comment_status":"closed","ping_status":"closed","template":"","meta":{"footnotes":""},"folder":[],"class_list":["post-698","page","type-page","status-publish","hentry"],"aioseo_notices":[],"_links":{"self":[{"href":"https:\/\/healing-memories.lu\/index.php?rest_route=\/wp\/v2\/pages\/698","targetHints":{"allow":["GET"]}}],"collection":[{"href":"https:\/\/healing-memories.lu\/index.php?rest_route=\/wp\/v2\/pages"}],"about":[{"href":"https:\/\/healing-memories.lu\/index.php?rest_route=\/wp\/v2\/types\/page"}],"author":[{"embeddable":true,"href":"https:\/\/healing-memories.lu\/index.php?rest_route=\/wp\/v2\/users\/1"}],"replies":[{"embeddable":true,"href":"https:\/\/healing-memories.lu\/index.php?rest_route=%2Fwp%2Fv2%2Fcomments&post=698"}],"version-history":[{"count":21,"href":"https:\/\/healing-memories.lu\/index.php?rest_route=\/wp\/v2\/pages\/698\/revisions"}],"predecessor-version":[{"id":2191,"href":"https:\/\/healing-memories.lu\/index.php?rest_route=\/wp\/v2\/pages\/698\/revisions\/2191"}],"wp:attachment":[{"href":"https:\/\/healing-memories.lu\/index.php?rest_route=%2Fwp%2Fv2%2Fmedia&parent=698"}],"wp:term":[{"taxonomy":"folder","embeddable":true,"href":"https:\/\/healing-memories.lu\/index.php?rest_route=%2Fwp%2Fv2%2Ffolder&post=698"}],"curies":[{"name":"wp","href":"https:\/\/api.w.org\/{rel}","templated":true}]}}