{"id":704,"date":"2021-04-21T08:51:39","date_gmt":"2021-04-21T07:51:39","guid":{"rendered":"https:\/\/healing-memories.lu\/?page_id=704"},"modified":"2021-07-19T14:37:03","modified_gmt":"2021-07-19T13:37:03","slug":"objectifs-2","status":"publish","type":"page","link":"https:\/\/healing-memories.lu\/?page_id=704","title":{"rendered":"Objectifs"},"content":{"rendered":"\n<p>Nous proposons des <a href=\"https:\/\/healing-memories.lu\/?page_id=379\">ateliers de gu\u00e9rison des m\u00e9moires<\/a> au Luxembourg et, avec nos partenaires, dans d\u2019autres pays europ\u00e9ens, ainsi que l\u00e0 o\u00f9 nous sommes invit\u00e9s \u00e0 collaborer (actuellement, en Afrique francophone et au Proche-Orient).\u00a0<\/p>\n\n\n\n<div class=\"wp-block-image is-style-default\"><figure class=\"alignright size-large is-resized\"><img loading=\"lazy\" decoding=\"async\" src=\"https:\/\/healing-memories.lu\/wp-content\/uploads\/2021\/05\/Target-1-787x1024.jpg\" alt=\"\" class=\"wp-image-1749\" width=\"353\" height=\"458\" srcset=\"https:\/\/healing-memories.lu\/wp-content\/uploads\/2021\/05\/Target-1-787x1024.jpg 787w, https:\/\/healing-memories.lu\/wp-content\/uploads\/2021\/05\/Target-1-1180x1536.jpg 1180w\" sizes=\"auto, (max-width: 353px) 100vw, 353px\" \/><\/figure><\/div>\n\n\n\n<p>Ces ateliers cr\u00e9ent des espaces de s\u00e9curit\u00e9 et de confiance o\u00f9 des personnes portant des blessures de leur pass\u00e9 peuvent se remettre debout et faire un pas vers la gu\u00e9rison.<\/p>\n\n\n\n<p>Dans cette perspective, nous organisons la formation de \u201cfacilitateurs\u201d responsables de l\u2019encadrement et de l\u2019animation de tels ateliers.<\/p>\n\n\n\n<p>Notre association souhaite \u00e9galement sensibiliser le public \u00e0 la notion et \u00e0 la m\u00e9thode sp\u00e9cifique de la Gu\u00e9rison des m\u00e9moires, telle que con\u00e7ue par Michael Lapsley et l\u2019<em>Institute for Healing of Memories<\/em> (IHOM) en Afrique du Sud.<\/p>\n\n\n\n<p>Pour mener \u00e0 bien nos objectifs, nous entretenons les liens de partenariat avec d\u2019autres groupes de gu\u00e9rison des m\u00e9moires, notamment en Europe, en vue du d\u00e9veloppement progressif d\u2019un r\u00e9seau europ\u00e9en et international dans ce domaine. Nous collaborons \u00e9galement avec d\u2019autres organisations partageant la m\u00eame vision.<\/p>\n","protected":false},"excerpt":{"rendered":"<p>Nous proposons des ateliers de gu\u00e9rison des m\u00e9moires au Luxembourg et, avec nos partenaires, dans d\u2019autres pays europ\u00e9ens, ainsi que l\u00e0 o\u00f9 nous sommes invit\u00e9s [&#8230;]<\/p>\n","protected":false},"author":1,"featured_media":0,"parent":0,"menu_order":0,"comment_status":"closed","ping_status":"closed","template":"","meta":{"footnotes":""},"folder":[],"class_list":["post-704","page","type-page","status-publish","hentry"],"aioseo_notices":[],"_links":{"self":[{"href":"https:\/\/healing-memories.lu\/index.php?rest_route=\/wp\/v2\/pages\/704","targetHints":{"allow":["GET"]}}],"collection":[{"href":"https:\/\/healing-memories.lu\/index.php?rest_route=\/wp\/v2\/pages"}],"about":[{"href":"https:\/\/healing-memories.lu\/index.php?rest_route=\/wp\/v2\/types\/page"}],"author":[{"embeddable":true,"href":"https:\/\/healing-memories.lu\/index.php?rest_route=\/wp\/v2\/users\/1"}],"replies":[{"embeddable":true,"href":"https:\/\/healing-memories.lu\/index.php?rest_route=%2Fwp%2Fv2%2Fcomments&post=704"}],"version-history":[{"count":8,"href":"https:\/\/healing-memories.lu\/index.php?rest_route=\/wp\/v2\/pages\/704\/revisions"}],"predecessor-version":[{"id":2700,"href":"https:\/\/healing-memories.lu\/index.php?rest_route=\/wp\/v2\/pages\/704\/revisions\/2700"}],"wp:attachment":[{"href":"https:\/\/healing-memories.lu\/index.php?rest_route=%2Fwp%2Fv2%2Fmedia&parent=704"}],"wp:term":[{"taxonomy":"folder","embeddable":true,"href":"https:\/\/healing-memories.lu\/index.php?rest_route=%2Fwp%2Fv2%2Ffolder&post=704"}],"curies":[{"name":"wp","href":"https:\/\/api.w.org\/{rel}","templated":true}]}}