{"id":757,"date":"2021-04-21T10:44:11","date_gmt":"2021-04-21T09:44:11","guid":{"rendered":"https:\/\/healing-memories.lu\/?page_id=757"},"modified":"2021-08-25T11:36:44","modified_gmt":"2021-08-25T10:36:44","slug":"activites","status":"publish","type":"page","link":"https:\/\/healing-memories.lu\/?page_id=757","title":{"rendered":"Activit\u00e9s"},"content":{"rendered":"\n<div style=\"height:20px\" aria-hidden=\"true\" class=\"wp-block-spacer\"><\/div>\n\n\n\n<div class=\"wp-block-columns is-layout-flex wp-container-core-columns-is-layout-9d6595d7 wp-block-columns-is-layout-flex\">\n<div class=\"wp-block-column is-layout-flow wp-block-column-is-layout-flow\" style=\"flex-basis:100%\">\n<div class=\"wp-block-media-text alignwide has-media-on-the-right is-stacked-on-mobile\" style=\"grid-template-columns:auto 36%\"><figure class=\"wp-block-media-text__media\"><img loading=\"lazy\" decoding=\"async\" width=\"820\" height=\"1024\" src=\"https:\/\/healing-memories.lu\/wp-content\/uploads\/2021\/05\/traversee-pont-820x1024.jpg\" alt=\"\" class=\"wp-image-1567 size-full\" srcset=\"https:\/\/healing-memories.lu\/wp-content\/uploads\/2021\/05\/traversee-pont-820x1024.jpg 820w, https:\/\/healing-memories.lu\/wp-content\/uploads\/2021\/05\/traversee-pont-240x300.jpg 240w, https:\/\/healing-memories.lu\/wp-content\/uploads\/2021\/05\/traversee-pont-768x959.jpg 768w, https:\/\/healing-memories.lu\/wp-content\/uploads\/2021\/05\/traversee-pont-1230x1536.jpg 1230w, https:\/\/healing-memories.lu\/wp-content\/uploads\/2021\/05\/traversee-pont.jpg 1265w\" sizes=\"auto, (max-width: 820px) 100vw, 820px\" \/><\/figure><div class=\"wp-block-media-text__content\">\n<p class=\"has-medium-font-size\"><strong><span class=\"has-inline-color has-secondary-color\">Les ateliers de gu\u00e9rison des m\u00e9moires<\/span><\/strong><\/p>\n\n\n\n<p>Chacun de nous a une histoire, un parcours de vie. Au long de ce parcours il y a des moments plus ou moins douloureux et nous avons besoin &#8212; parfois inconsciemment &#8212; d\u2019\u00eatre \u00e9cout\u00e9s par quelqu\u2019un.<\/p>\n\n\n\n<div class=\"wp-block-buttons is-layout-flex wp-block-buttons-is-layout-flex\">\n<div class=\"wp-block-button\"><a class=\"wp-block-button__link\" href=\"https:\/\/healing-memories.lu\/?page_id=379\">lire la suite &gt;&gt;<\/a><\/div>\n<\/div>\n\n\n\n<p><\/p>\n<\/div><\/div>\n\n\n\n<div style=\"height:44px\" aria-hidden=\"true\" class=\"wp-block-spacer\"><\/div>\n\n\n\n<div class=\"wp-block-media-text alignwide is-stacked-on-mobile\" style=\"grid-template-columns:52% auto\"><figure class=\"wp-block-media-text__media\"><img loading=\"lazy\" decoding=\"async\" width=\"850\" height=\"577\" src=\"https:\/\/healing-memories.lu\/wp-content\/uploads\/2021\/08\/Manif-Photo.png\" alt=\"\" class=\"wp-image-2865 size-full\" srcset=\"https:\/\/healing-memories.lu\/wp-content\/uploads\/2021\/08\/Manif-Photo.png 850w, https:\/\/healing-memories.lu\/wp-content\/uploads\/2021\/08\/Manif-Photo-300x204.png 300w, https:\/\/healing-memories.lu\/wp-content\/uploads\/2021\/08\/Manif-Photo-768x521.png 768w\" sizes=\"auto, (max-width: 850px) 100vw, 850px\" \/><\/figure><div class=\"wp-block-media-text__content\">\n<p class=\"has-medium-font-size\"><span class=\"has-inline-color has-secondary-color\"><strong>Manifestations<\/strong><\/span><\/p>\n\n\n\n<p> En plus des ateliers de gu\u00e9rison des m\u00e9moires, notre association organise p\u00e9riodiquement des \u00e9v\u00e8nements&#8230; <\/p>\n\n\n\n<div class=\"wp-block-buttons is-layout-flex wp-block-buttons-is-layout-flex\">\n<div class=\"wp-block-button\"><a class=\"wp-block-button__link\" href=\"https:\/\/healing-memories.lu\/?page_id=324\">lire la suite &gt;&gt;<\/a><\/div>\n<\/div>\n\n\n\n<p><\/p>\n<\/div><\/div>\n\n\n\n<div style=\"height:44px\" aria-hidden=\"true\" class=\"wp-block-spacer\"><\/div>\n\n\n\n<div class=\"wp-block-media-text alignwide has-media-on-the-right is-stacked-on-mobile\" style=\"grid-template-columns:auto 45%\"><figure class=\"wp-block-media-text__media\"><img loading=\"lazy\" decoding=\"async\" width=\"953\" height=\"1024\" src=\"https:\/\/healing-memories.lu\/wp-content\/uploads\/2021\/08\/Prison-1-953x1024.jpg\" alt=\"\" class=\"wp-image-2872 size-full\" srcset=\"https:\/\/healing-memories.lu\/wp-content\/uploads\/2021\/08\/Prison-1-953x1024.jpg 953w, https:\/\/healing-memories.lu\/wp-content\/uploads\/2021\/08\/Prison-1-279x300.jpg 279w, https:\/\/healing-memories.lu\/wp-content\/uploads\/2021\/08\/Prison-1-768x825.jpg 768w, https:\/\/healing-memories.lu\/wp-content\/uploads\/2021\/08\/Prison-1-1429x1536.jpg 1429w, https:\/\/healing-memories.lu\/wp-content\/uploads\/2021\/08\/Prison-1.jpg 1811w\" sizes=\"auto, (max-width: 953px) 100vw, 953px\" \/><\/figure><div class=\"wp-block-media-text__content\">\n<p> <\/p>\n\n\n\n<p class=\"has-medium-font-size\"><span class=\"has-inline-color has-secondary-color\"><strong>Projet prison<\/strong><\/span><\/p>\n\n\n\n<p> Depuis ses d\u00e9buts, le groupe\u00a0\u201cgu\u00e9rison des m\u00e9moires\u201d de Luxembourg travaille en\u00a0collaboration\u00a0avec\u00a0l\u2019\u00e9quipe d&rsquo;aum\u00f4nerie de la prison. Lors de ses visites au Grand-Duch\u00e9, Michael Lapsley s\u2019est rendu r\u00e9guli\u00e8rement au Centre\u00a0p\u00e9nitentiaire pour y animer des veill\u00e9es et s\u2019entretenir avec les d\u00e9tenus. <\/p>\n\n\n\n<div class=\"wp-block-buttons is-layout-flex wp-block-buttons-is-layout-flex\">\n<div class=\"wp-block-button\"><a class=\"wp-block-button__link\" href=\"https:\/\/healing-memories.lu\/?page_id=322\">lire la suite &gt;&gt;<\/a><\/div>\n<\/div>\n\n\n\n<p><\/p>\n<\/div><\/div>\n\n\n\n<p><\/p>\n<\/div>\n<\/div>\n\n\n\n<div style=\"height:14px\" aria-hidden=\"true\" class=\"wp-block-spacer\"><\/div>\n","protected":false},"excerpt":{"rendered":"<p>Les ateliers de gu\u00e9rison des m\u00e9moires Chacun de nous a une histoire, un parcours de vie. Au long de ce parcours il y a des [&#8230;]<\/p>\n","protected":false},"author":1,"featured_media":0,"parent":0,"menu_order":0,"comment_status":"closed","ping_status":"closed","template":"","meta":{"footnotes":""},"folder":[],"class_list":["post-757","page","type-page","status-publish","hentry"],"aioseo_notices":[],"_links":{"self":[{"href":"https:\/\/healing-memories.lu\/index.php?rest_route=\/wp\/v2\/pages\/757","targetHints":{"allow":["GET"]}}],"collection":[{"href":"https:\/\/healing-memories.lu\/index.php?rest_route=\/wp\/v2\/pages"}],"about":[{"href":"https:\/\/healing-memories.lu\/index.php?rest_route=\/wp\/v2\/types\/page"}],"author":[{"embeddable":true,"href":"https:\/\/healing-memories.lu\/index.php?rest_route=\/wp\/v2\/users\/1"}],"replies":[{"embeddable":true,"href":"https:\/\/healing-memories.lu\/index.php?rest_route=%2Fwp%2Fv2%2Fcomments&post=757"}],"version-history":[{"count":11,"href":"https:\/\/healing-memories.lu\/index.php?rest_route=\/wp\/v2\/pages\/757\/revisions"}],"predecessor-version":[{"id":2934,"href":"https:\/\/healing-memories.lu\/index.php?rest_route=\/wp\/v2\/pages\/757\/revisions\/2934"}],"wp:attachment":[{"href":"https:\/\/healing-memories.lu\/index.php?rest_route=%2Fwp%2Fv2%2Fmedia&parent=757"}],"wp:term":[{"taxonomy":"folder","embeddable":true,"href":"https:\/\/healing-memories.lu\/index.php?rest_route=%2Fwp%2Fv2%2Ffolder&post=757"}],"curies":[{"name":"wp","href":"https:\/\/api.w.org\/{rel}","templated":true}]}}