{"id":763,"date":"2021-04-21T10:50:31","date_gmt":"2021-04-21T09:50:31","guid":{"rendered":"https:\/\/healing-memories.lu\/?page_id=763"},"modified":"2023-03-31T10:52:08","modified_gmt":"2023-03-31T09:52:08","slug":"projet-2022-2026","status":"publish","type":"page","link":"https:\/\/healing-memories.lu\/?page_id=763","title":{"rendered":"Projet Afrique francophone"},"content":{"rendered":"\n<p class=\"has-text-align-center has-secondary-color has-text-color has-medium-font-size\"><strong>Gu\u00e9rir du pass\u00e9<\/strong> <strong>pour construire une paix durable<\/strong><\/p>\n\n\n\n<p class=\"has-text-align-center has-medium-font-size\"><em>Promotion de la m\u00e9thode \u00ab&nbsp;gu\u00e9rison des m\u00e9moires&nbsp;\u00bb en Afrique francophone par la formation d\u2019animateurs locaux<\/em><\/p>\n\n\n\n<p>En juillet 2022, l\u2019association sud-africaine <em><a href=\"https:\/\/healing-memories.org\/\" target=\"_blank\" rel=\"noreferrer noopener\">Institute for Healing of Memories<\/a><\/em> (IHOM), en collaboration avec son association s\u0153ur <em>Healing of Memories Luxembourg<\/em> (HOM-Luxembourg), lance pour la premi\u00e8re fois un programme de formation d\u2019animateurs (appel\u00e9s \u00ab&nbsp;<a href=\"https:\/\/healing-memories.lu\/?page_id=368\">facilitateurs<\/a>&nbsp;\u00bb) de <a href=\"https:\/\/healing-memories.lu\/?p=252\">gu\u00e9rison des m\u00e9moires <\/a>pour les pays d\u2019Afrique francophone.<\/p>\n\n\n<div class=\"wp-block-image\">\n<figure class=\"aligncenter size-large is-resized\"><img loading=\"lazy\" decoding=\"async\" src=\"https:\/\/healing-memories.lu\/wp-content\/uploads\/2021\/06\/Projet-Afrique-1-1024x821.jpg\" alt=\"\" class=\"wp-image-2105\" width=\"787\" height=\"629\"\/><figcaption class=\"wp-element-caption\">S\u00e8gbohou\u00e9 (B\u00e9nin), 2019&nbsp;: Atelier pour jeunes Maliens, venus de S\u00e9gou<\/figcaption><\/figure>\n<\/div>\n\n\n<p>Ce projet s\u2019inspire du programme annuel de formation qui existe en langue anglaise au Cap depuis 2012. Les sessions principales de l\u2019\u00e9dition francophone, qui se tiendront \u00e0 Cotonou (B\u00e9nin), seront compl\u00e9t\u00e9es par des travaux pratiques men\u00e9s sur le terrain dans chacun des pays concern\u00e9s. Cette nouvelle initiative a vu le jour gr\u00e2ce au soutien de la <a href=\"https:\/\/www.partage.lu\/fr\/\" target=\"_blank\" rel=\"noreferrer noopener\">Fondation Partage Luxembourg<\/a>, qui a accept\u00e9 de l\u2019int\u00e9grer dans l\u2019Accord-cadre qu\u2019elle a sign\u00e9 avec le Gouvernement luxembourgeois pour la p\u00e9riode 2022-26, et la Fondation du Grand-Duc et de la Grande-Duchesse.<\/p>\n\n\n\n<p class=\"has-medium-font-size\"><strong><span class=\"has-inline-color has-secondary-color\">Un programme de formation th\u00e9orique et pratique<\/span><\/strong><\/p>\n\n\n\n<p><em><strong>Participants<\/strong><\/em><br>Le programme de formation, qui d\u00e9bute en juillet 2022, est propos\u00e9 \u00e0 des associations partenaires engag\u00e9es sur le terrain et souhaitant int\u00e9grer la gu\u00e9rison des m\u00e9moires dans leurs activit\u00e9s. Chaque association partenaire peut demander l\u2019inscription de quelques repr\u00e9sentants \u00e0 la session de formation principale, qui a lieu tous les deux ans pendant 10 jours \u00e0 Cotonou, au B\u00e9nin, et qui est suivie d\u2019un programme de travaux pratiques sur le terrain, dont l\u2019organisation d\u2019ateliers de gu\u00e9rison des m\u00e9moires pour des groupes cibles rep\u00e9r\u00e9s dans leur pays. Les stagiaires viennent, danspremier temps,  de six pays ouest-africains (B\u00e9nin, Burkina Faso, C\u00f4te d\u2019Ivoire, Mali, S\u00e9n\u00e9gal, Togo) et de l&rsquo;Est de la R\u00e9publique d\u00e9mocratique du Congo. Le recrutement devrait ensuite s&rsquo;\u00e9largir pour inclure des participants de deux ou trois autres pays. Ils s\u2019engage non seulement \u00e0 suivre les sessions de Cotonou et \u00e0 participer au volet pratique de la formation une fois rentr\u00e9s chez eux, mais \u00e9galement \u00e0 contribuer \u00e0 la mise en place d\u2019une \u00e9quipe d\u2019animateurs \u00ab&nbsp;gu\u00e9rison des m\u00e9moires&nbsp;\u00bb dans leur r\u00e9gion.<\/p>\n\n\n<div class=\"wp-block-image\">\n<figure class=\"alignright size-large is-resized\"><img loading=\"lazy\" decoding=\"async\" src=\"https:\/\/healing-memories.lu\/wp-content\/uploads\/2021\/06\/Projet-Afrique-1024x768.jpg\" alt=\"\" class=\"wp-image-2106\" width=\"492\" height=\"368\" srcset=\"https:\/\/healing-memories.lu\/wp-content\/uploads\/2021\/06\/Projet-Afrique-1024x768.jpg 1024w, https:\/\/healing-memories.lu\/wp-content\/uploads\/2021\/06\/Projet-Afrique-300x225.jpg 300w, https:\/\/healing-memories.lu\/wp-content\/uploads\/2021\/06\/Projet-Afrique-768x576.jpg 768w, https:\/\/healing-memories.lu\/wp-content\/uploads\/2021\/06\/Projet-Afrique-1536x1152.jpg 1536w, https:\/\/healing-memories.lu\/wp-content\/uploads\/2021\/06\/Projet-Afrique-2048x1536.jpg 2048w\" sizes=\"auto, (max-width: 492px) 100vw, 492px\" \/><figcaption class=\"wp-element-caption\">Cotonou (B\u00e9nin), 2019&nbsp;: Atelier de gu\u00e9rison des m\u00e9moires, avec participants du Ghana, du Togo et du B\u00e9nin<\/figcaption><\/figure>\n<\/div>\n\n\n<p><em><strong>Formateurs<\/strong><\/em><br>La formation est assur\u00e9e par Michael Lapsley et  trois autres collaborateurs de l\u2019<em>Institute for Healing of Memories<\/em>, ainsi que trois repr\u00e9sentants de <em>Healing of Memories Luxembourg<\/em>.<\/p>\n\n\n\n<p><\/p>\n\n\n\n<p><\/p>\n\n\n\n<p><\/p>\n\n\n\n<p><strong><mark style=\"background-color:rgba(0, 0, 0, 0)\" class=\"has-inline-color has-secondary-color\">Tous les dons, m\u00eame les plus modestes, pour permettre de r\u00e9aliser ce programme et ainsi contribuer au travail de gu\u00e9rison des m\u00e9moires en Afrique, seront les bienvenus&nbsp;!<\/mark><\/strong><\/p>\n\n\n\n<div class=\"wp-block-buttons is-layout-flex wp-block-buttons-is-layout-flex\">\n<div class=\"wp-block-button\"><a class=\"wp-block-button__link wp-element-button\" href=\"https:\/\/healing-memories.lu\/?page_id=406\">Pour soutenir le projet &gt;&gt;<\/a><\/div>\n<\/div>\n\n\n\n<div class=\"wp-block-file\"><a id=\"wp-block-file--media-ec2d2f60-035c-48ce-bc02-4fe2a30e5a23\" href=\"https:\/\/healing-memories.lu\/wp-content\/uploads\/2022\/06\/Doc-de-pre\u0301sentation_AfriqueFranco_FR_juin2022.pdf\" target=\"_blank\" rel=\"noreferrer noopener\">Document de pr\u00e9sentation du projet<\/a><a href=\"https:\/\/healing-memories.lu\/wp-content\/uploads\/2022\/06\/Doc-de-pre\u0301sentation_AfriqueFranco_FR_juin2022.pdf\" class=\"wp-block-file__button wp-element-button\" download aria-describedby=\"wp-block-file--media-ec2d2f60-035c-48ce-bc02-4fe2a30e5a23\">T\u00e9l\u00e9charger<\/a><\/div>\n\n\n\n<hr class=\"wp-block-separator has-alpha-channel-opacity is-style-wide\"\/>\n\n\n\n<p style=\"font-size:30px\"><strong><mark style=\"background-color:rgba(0, 0, 0, 0)\" class=\"has-inline-color has-primary-color\">Actualit\u00e9s &#8211; Projet Afrique<\/mark><\/strong><\/p>\n\n\n\n<div class=\"wp-block-columns is-layout-flex wp-container-core-columns-is-layout-9d6595d7 wp-block-columns-is-layout-flex\">\n<div class=\"wp-block-column is-layout-flow wp-block-column-is-layout-flow\" style=\"flex-basis:100%\">\n<div class=\"wp-block-group alignwide\"><div class=\"wp-block-group__inner-container is-layout-constrained wp-block-group-is-layout-constrained\">\n<div class=\"wp-block-media-text alignwide is-stacked-on-mobile\" style=\"grid-template-columns:41% auto\"><figure class=\"wp-block-media-text__media\"><img loading=\"lazy\" decoding=\"async\" width=\"640\" height=\"427\" src=\"https:\/\/healing-memories.lu\/wp-content\/uploads\/2023\/03\/markus-winkler-cxoR55-bels-unsplash.jpg\" alt=\"\" class=\"wp-image-4436 size-full\" srcset=\"https:\/\/healing-memories.lu\/wp-content\/uploads\/2023\/03\/markus-winkler-cxoR55-bels-unsplash.jpg 640w, https:\/\/healing-memories.lu\/wp-content\/uploads\/2023\/03\/markus-winkler-cxoR55-bels-unsplash-300x200.jpg 300w\" sizes=\"auto, (max-width: 640px) 100vw, 640px\" \/><\/figure><div class=\"wp-block-media-text__content\">\n<p>Suivez les actualit\u00e9s du projet Afrique<\/p>\n\n\n\n<div class=\"wp-block-buttons is-layout-flex wp-block-buttons-is-layout-flex\">\n<div class=\"wp-block-button\"><a class=\"wp-block-button__link wp-element-button\" href=\"https:\/\/healing-memories.lu\/?page_id=4430\">Acc\u00e9der >><\/a><\/div>\n<\/div>\n<\/div><\/div>\n<\/div><\/div>\n<\/div>\n<\/div>\n","protected":false},"excerpt":{"rendered":"<p>Gu\u00e9rir du pass\u00e9 pour construire une paix durable Promotion de la m\u00e9thode \u00ab&nbsp;gu\u00e9rison des m\u00e9moires&nbsp;\u00bb en Afrique francophone par la formation d\u2019animateurs locaux En juillet [&#8230;]<\/p>\n","protected":false},"author":1,"featured_media":0,"parent":0,"menu_order":0,"comment_status":"closed","ping_status":"closed","template":"","meta":{"footnotes":""},"folder":[],"class_list":["post-763","page","type-page","status-publish","hentry"],"aioseo_notices":[],"_links":{"self":[{"href":"https:\/\/healing-memories.lu\/index.php?rest_route=\/wp\/v2\/pages\/763","targetHints":{"allow":["GET"]}}],"collection":[{"href":"https:\/\/healing-memories.lu\/index.php?rest_route=\/wp\/v2\/pages"}],"about":[{"href":"https:\/\/healing-memories.lu\/index.php?rest_route=\/wp\/v2\/types\/page"}],"author":[{"embeddable":true,"href":"https:\/\/healing-memories.lu\/index.php?rest_route=\/wp\/v2\/users\/1"}],"replies":[{"embeddable":true,"href":"https:\/\/healing-memories.lu\/index.php?rest_route=%2Fwp%2Fv2%2Fcomments&post=763"}],"version-history":[{"count":31,"href":"https:\/\/healing-memories.lu\/index.php?rest_route=\/wp\/v2\/pages\/763\/revisions"}],"predecessor-version":[{"id":4447,"href":"https:\/\/healing-memories.lu\/index.php?rest_route=\/wp\/v2\/pages\/763\/revisions\/4447"}],"wp:attachment":[{"href":"https:\/\/healing-memories.lu\/index.php?rest_route=%2Fwp%2Fv2%2Fmedia&parent=763"}],"wp:term":[{"taxonomy":"folder","embeddable":true,"href":"https:\/\/healing-memories.lu\/index.php?rest_route=%2Fwp%2Fv2%2Ffolder&post=763"}],"curies":[{"name":"wp","href":"https:\/\/api.w.org\/{rel}","templated":true}]}}