{"id":782,"date":"2021-04-21T11:38:26","date_gmt":"2021-04-21T10:38:26","guid":{"rendered":"https:\/\/healing-memories.lu\/?page_id=782"},"modified":"2021-08-25T10:32:56","modified_gmt":"2021-08-25T09:32:56","slug":"publications-multimedias","status":"publish","type":"page","link":"https:\/\/healing-memories.lu\/?page_id=782","title":{"rendered":"Documents"},"content":{"rendered":"\n<div class=\"wp-block-columns is-layout-flex wp-container-core-columns-is-layout-9d6595d7 wp-block-columns-is-layout-flex\">\n<div class=\"wp-block-column is-layout-flow wp-block-column-is-layout-flow\" style=\"flex-basis:100%\">\n<div class=\"wp-block-media-text alignwide is-stacked-on-mobile\" style=\"grid-template-columns:41% auto\"><figure class=\"wp-block-media-text__media\"><img loading=\"lazy\" decoding=\"async\" width=\"1024\" height=\"678\" src=\"https:\/\/healing-memories.lu\/wp-content\/uploads\/2021\/05\/Rapports-annuels-1024x678.jpg\" alt=\"\" class=\"wp-image-1879 size-full\" srcset=\"https:\/\/healing-memories.lu\/wp-content\/uploads\/2021\/05\/Rapports-annuels-1024x678.jpg 1024w, https:\/\/healing-memories.lu\/wp-content\/uploads\/2021\/05\/Rapports-annuels-300x199.jpg 300w, https:\/\/healing-memories.lu\/wp-content\/uploads\/2021\/05\/Rapports-annuels-768x509.jpg 768w, https:\/\/healing-memories.lu\/wp-content\/uploads\/2021\/05\/Rapports-annuels-1536x1018.jpg 1536w, https:\/\/healing-memories.lu\/wp-content\/uploads\/2021\/05\/Rapports-annuels.jpg 1920w\" sizes=\"auto, (max-width: 1024px) 100vw, 1024px\" \/><\/figure><div class=\"wp-block-media-text__content\">\n<p class=\"has-medium-font-size\"><strong><span class=\"has-inline-color has-secondary-color\"><a href=\"https:\/\/healing-memories.lu\/?page_id=785\">Rapports annuels<\/a><\/span><\/strong><\/p>\n<\/div><\/div>\n<\/div>\n<\/div>\n\n\n\n<div style=\"height:60px\" aria-hidden=\"true\" class=\"wp-block-spacer\"><\/div>\n\n\n\n<div class=\"wp-block-columns is-layout-flex wp-container-core-columns-is-layout-9d6595d7 wp-block-columns-is-layout-flex\">\n<div class=\"wp-block-column is-layout-flow wp-block-column-is-layout-flow\" style=\"flex-basis:100%\">\n<div class=\"wp-block-media-text alignwide has-media-on-the-right is-stacked-on-mobile\" style=\"grid-template-columns:auto 38%\"><figure class=\"wp-block-media-text__media\"><img loading=\"lazy\" decoding=\"async\" width=\"1024\" height=\"769\" src=\"https:\/\/healing-memories.lu\/wp-content\/uploads\/2021\/06\/Textes-1024x769.jpg\" alt=\"\" class=\"wp-image-2301 size-full\" srcset=\"https:\/\/healing-memories.lu\/wp-content\/uploads\/2021\/06\/Textes-1024x769.jpg 1024w, https:\/\/healing-memories.lu\/wp-content\/uploads\/2021\/06\/Textes-300x225.jpg 300w, https:\/\/healing-memories.lu\/wp-content\/uploads\/2021\/06\/Textes-768x577.jpg 768w, https:\/\/healing-memories.lu\/wp-content\/uploads\/2021\/06\/Textes-1536x1154.jpg 1536w, https:\/\/healing-memories.lu\/wp-content\/uploads\/2021\/06\/Textes.jpg 1920w\" sizes=\"auto, (max-width: 1024px) 100vw, 1024px\" \/><\/figure><div class=\"wp-block-media-text__content\">\n<p class=\"has-medium-font-size\"><strong><span class=\"has-inline-color has-secondary-color\"><a href=\"https:\/\/healing-memories.lu\/?page_id=787\">Communiqu\u00e9s<\/a><\/span><\/strong><\/p>\n<\/div><\/div>\n<\/div>\n<\/div>\n\n\n\n<div style=\"height:60px\" aria-hidden=\"true\" class=\"wp-block-spacer\"><\/div>\n\n\n\n<div class=\"wp-block-columns is-layout-flex wp-container-core-columns-is-layout-9d6595d7 wp-block-columns-is-layout-flex\">\n<div class=\"wp-block-column is-layout-flow wp-block-column-is-layout-flow\" style=\"flex-basis:100%\">\n<div class=\"wp-block-columns is-layout-flex wp-container-core-columns-is-layout-9d6595d7 wp-block-columns-is-layout-flex\">\n<div class=\"wp-block-column is-layout-flow wp-block-column-is-layout-flow\" style=\"flex-basis:100%\">\n<div class=\"wp-block-media-text alignwide is-stacked-on-mobile\" style=\"grid-template-columns:37% auto\"><figure class=\"wp-block-media-text__media\"><img loading=\"lazy\" decoding=\"async\" width=\"1024\" height=\"768\" src=\"https:\/\/healing-memories.lu\/wp-content\/uploads\/2021\/08\/Thinking-1024x768.jpg\" alt=\"\" class=\"wp-image-2903 size-full\" srcset=\"https:\/\/healing-memories.lu\/wp-content\/uploads\/2021\/08\/Thinking-1024x768.jpg 1024w, https:\/\/healing-memories.lu\/wp-content\/uploads\/2021\/08\/Thinking-300x225.jpg 300w, https:\/\/healing-memories.lu\/wp-content\/uploads\/2021\/08\/Thinking-768x576.jpg 768w, https:\/\/healing-memories.lu\/wp-content\/uploads\/2021\/08\/Thinking-1536x1152.jpg 1536w, https:\/\/healing-memories.lu\/wp-content\/uploads\/2021\/08\/Thinking-1320x990.jpg 1320w, https:\/\/healing-memories.lu\/wp-content\/uploads\/2021\/08\/Thinking.jpg 1920w\" sizes=\"auto, (max-width: 1024px) 100vw, 1024px\" \/><\/figure><div class=\"wp-block-media-text__content\">\n<p class=\"has-text-align-left has-secondary-color has-text-color has-medium-font-size\"><strong><a href=\"https:\/\/healing-memories.lu\/?page_id=2842\">Textes de r\u00e9flexion<\/a><\/strong><\/p>\n<\/div><\/div>\n\n\n\n<div style=\"height:60px\" aria-hidden=\"true\" class=\"wp-block-spacer\"><\/div>\n\n\n\n<div class=\"wp-block-media-text alignwide has-media-on-the-right is-stacked-on-mobile\" style=\"grid-template-columns:auto 27%\"><figure class=\"wp-block-media-text__media\"><img decoding=\"async\" src=\"https:\/\/healing-memories.lu\/wp-content\/uploads\/2021\/05\/multimedia.jpg\" alt=\"\" class=\"wp-image-1877 size-full\"\/><\/figure><div class=\"wp-block-media-text__content\">\n<p class=\"has-secondary-color has-text-color has-medium-font-size\"><strong><a href=\"https:\/\/healing-memories.lu\/?page_id=292\">Multim\u00e9dias<\/a><\/strong><\/p>\n<\/div><\/div>\n<\/div>\n<\/div>\n<\/div>\n<\/div>\n\n\n\n<div class=\"wp-block-group\"><div class=\"wp-block-group__inner-container is-layout-flow wp-block-group-is-layout-flow\"><\/div><\/div>\n\n\n\n<p><\/p>\n","protected":false},"excerpt":{"rendered":"<p>Rapports annuels Communiqu\u00e9s Textes de r\u00e9flexion Multim\u00e9dias<\/p>\n","protected":false},"author":1,"featured_media":0,"parent":0,"menu_order":0,"comment_status":"closed","ping_status":"closed","template":"templates\/template-no-title.php","meta":{"footnotes":""},"folder":[],"class_list":["post-782","page","type-page","status-publish","hentry"],"aioseo_notices":[],"_links":{"self":[{"href":"https:\/\/healing-memories.lu\/index.php?rest_route=\/wp\/v2\/pages\/782","targetHints":{"allow":["GET"]}}],"collection":[{"href":"https:\/\/healing-memories.lu\/index.php?rest_route=\/wp\/v2\/pages"}],"about":[{"href":"https:\/\/healing-memories.lu\/index.php?rest_route=\/wp\/v2\/types\/page"}],"author":[{"embeddable":true,"href":"https:\/\/healing-memories.lu\/index.php?rest_route=\/wp\/v2\/users\/1"}],"replies":[{"embeddable":true,"href":"https:\/\/healing-memories.lu\/index.php?rest_route=%2Fwp%2Fv2%2Fcomments&post=782"}],"version-history":[{"count":22,"href":"https:\/\/healing-memories.lu\/index.php?rest_route=\/wp\/v2\/pages\/782\/revisions"}],"predecessor-version":[{"id":2917,"href":"https:\/\/healing-memories.lu\/index.php?rest_route=\/wp\/v2\/pages\/782\/revisions\/2917"}],"wp:attachment":[{"href":"https:\/\/healing-memories.lu\/index.php?rest_route=%2Fwp%2Fv2%2Fmedia&parent=782"}],"wp:term":[{"taxonomy":"folder","embeddable":true,"href":"https:\/\/healing-memories.lu\/index.php?rest_route=%2Fwp%2Fv2%2Ffolder&post=782"}],"curies":[{"name":"wp","href":"https:\/\/api.w.org\/{rel}","templated":true}]}}