{"id":785,"date":"2021-04-21T11:40:22","date_gmt":"2021-04-21T10:40:22","guid":{"rendered":"https:\/\/healing-memories.lu\/?page_id=785"},"modified":"2025-08-29T11:24:00","modified_gmt":"2025-08-29T10:24:00","slug":"rapports-annuels","status":"publish","type":"page","link":"https:\/\/healing-memories.lu\/?page_id=785","title":{"rendered":"Rapports annuels"},"content":{"rendered":"<div class=\"wp-block-image is-resized is-style-rounded\">\n<figure class=\"aligncenter size-large\"><img loading=\"lazy\" decoding=\"async\" width=\"1024\" height=\"678\" src=\"https:\/\/healing-memories.lu\/wp-content\/uploads\/2021\/05\/Rapports-annuels-1024x678.jpg\" alt=\"\" class=\"wp-image-1879\" style=\"width:418px;height:auto\" srcset=\"https:\/\/healing-memories.lu\/wp-content\/uploads\/2021\/05\/Rapports-annuels-1024x678.jpg 1024w, https:\/\/healing-memories.lu\/wp-content\/uploads\/2021\/05\/Rapports-annuels-300x199.jpg 300w, https:\/\/healing-memories.lu\/wp-content\/uploads\/2021\/05\/Rapports-annuels-768x509.jpg 768w, https:\/\/healing-memories.lu\/wp-content\/uploads\/2021\/05\/Rapports-annuels-1536x1018.jpg 1536w, https:\/\/healing-memories.lu\/wp-content\/uploads\/2021\/05\/Rapports-annuels.jpg 1920w\" sizes=\"auto, (max-width: 1024px) 100vw, 1024px\" \/><\/figure>\n<\/div>\n\n\n<hr class=\"wp-block-separator has-alpha-channel-opacity\"\/>\n\n\n\n<p style=\"font-size:25px\"><strong><span style=\"background-color:rgba(0, 0, 0, 0)\" class=\"has-inline-color has-secondary-color\">Healing of Memories Luxembourg \u2013  Rapport d&rsquo;activit\u00e9s 2024 <\/span><\/strong><\/p>\n\n\n\n<div class=\"wp-block-media-text has-media-on-the-right is-stacked-on-mobile\" style=\"grid-template-columns:auto 43%\"><div class=\"wp-block-media-text__content\">\n<p>L\u2019ann\u00e9e 2024 nous a permis de poursuivre le travail de notre association : formation de facilitateurs et d\u2019organisation d\u2019ateliers, organisation d\u2019\u00e9v\u00e9nements publics et mise en place d\u2019outils et de strat\u00e9gies de communication pour mieux nous faire conna\u00eetre et implanter nos activit\u00e9s. <\/p>\n\n\n\n<div class=\"wp-block-buttons is-layout-flex wp-block-buttons-is-layout-flex\">\n<div class=\"wp-block-button\"><a class=\"wp-block-button__link wp-element-button\" href=\"https:\/\/healing-memories.lu\/wp-content\/uploads\/2025\/08\/Rapport-activites-2024-HoM.final_.pdf\" target=\"_blank\" rel=\"noreferrer noopener\">lire le document &gt;&gt;<\/a><\/div>\n<\/div>\n<\/div><figure class=\"wp-block-media-text__media\"><img loading=\"lazy\" decoding=\"async\" width=\"1024\" height=\"1024\" src=\"https:\/\/healing-memories.lu\/wp-content\/uploads\/2025\/01\/Atelier-Clairefontaine-2024-groupe-1-1024x1024.jpg\" alt=\"\" class=\"wp-image-6218 size-full\" srcset=\"https:\/\/healing-memories.lu\/wp-content\/uploads\/2025\/01\/Atelier-Clairefontaine-2024-groupe-1-1024x1024.jpg 1024w, https:\/\/healing-memories.lu\/wp-content\/uploads\/2025\/01\/Atelier-Clairefontaine-2024-groupe-1-300x300.jpg 300w, https:\/\/healing-memories.lu\/wp-content\/uploads\/2025\/01\/Atelier-Clairefontaine-2024-groupe-1-150x150.jpg 150w, https:\/\/healing-memories.lu\/wp-content\/uploads\/2025\/01\/Atelier-Clairefontaine-2024-groupe-1-768x768.jpg 768w, https:\/\/healing-memories.lu\/wp-content\/uploads\/2025\/01\/Atelier-Clairefontaine-2024-groupe-1-1536x1536.jpg 1536w, https:\/\/healing-memories.lu\/wp-content\/uploads\/2025\/01\/Atelier-Clairefontaine-2024-groupe-1-2048x2048.jpg 2048w, https:\/\/healing-memories.lu\/wp-content\/uploads\/2025\/01\/Atelier-Clairefontaine-2024-groupe-1-400x400.jpg 400w, https:\/\/healing-memories.lu\/wp-content\/uploads\/2025\/01\/Atelier-Clairefontaine-2024-groupe-1-1320x1320.jpg 1320w, https:\/\/healing-memories.lu\/wp-content\/uploads\/2025\/01\/Atelier-Clairefontaine-2024-groupe-1-110x110.jpg 110w\" sizes=\"auto, (max-width: 1024px) 100vw, 1024px\" \/><\/figure><\/div>\n\n\n\n<hr class=\"wp-block-separator has-alpha-channel-opacity\"\/>\n\n\n\n<p style=\"font-size:25px\"><strong><span style=\"background-color:rgba(0, 0, 0, 0)\" class=\"has-inline-color has-secondary-color\">Healing of Memories Luxembourg \u2013  Rapport d&rsquo;activit\u00e9s 2023 <\/span><\/strong><\/p>\n\n\n\n<div class=\"wp-block-media-text is-stacked-on-mobile\" style=\"grid-template-columns:37% auto\"><figure class=\"wp-block-media-text__media\"><img loading=\"lazy\" decoding=\"async\" width=\"768\" height=\"856\" src=\"https:\/\/healing-memories.lu\/wp-content\/uploads\/2024\/06\/Rapport-activites-2023-IMAGE.jpg\" alt=\"\" class=\"wp-image-5426 size-full\" srcset=\"https:\/\/healing-memories.lu\/wp-content\/uploads\/2024\/06\/Rapport-activites-2023-IMAGE.jpg 768w, https:\/\/healing-memories.lu\/wp-content\/uploads\/2024\/06\/Rapport-activites-2023-IMAGE-269x300.jpg 269w\" sizes=\"auto, (max-width: 768px) 100vw, 768px\" \/><\/figure><div class=\"wp-block-media-text__content\">\n<p>En 2023, le Conseil d\u2019administration a eu \u00e0 c\u0153ur d\u2019organiser une Assembl\u00e9e g\u00e9n\u00e9rale plus attractive, afin d\u2019\u00e9quilibrer l\u2019aspect purement statutaire de la r\u00e9union. Il a ainsi con\u00e7u un \u00e9v\u00e9nement sur le<br>th\u00e8me : \u00ab Gu\u00e9rir du pass\u00e9 \u00bb, sujet central de la gu\u00e9rison des m\u00e9moires mais qui se retrouve au centre de bien des engagements.<\/p>\n\n\n\n<div class=\"wp-block-buttons is-layout-flex wp-block-buttons-is-layout-flex\">\n<div class=\"wp-block-button\"><a class=\"wp-block-button__link wp-element-button\" href=\"https:\/\/healing-memories.lu\/wp-content\/uploads\/2024\/06\/Rapport-activites-2023-HoM.final_.pdf\" target=\"_blank\" rel=\"noreferrer noopener\">lire le document &gt;&gt;<\/a><\/div>\n<\/div>\n<\/div><\/div>\n\n\n\n<hr class=\"wp-block-separator has-alpha-channel-opacity\"\/>\n\n\n\n<p style=\"font-size:25px\"><strong><span style=\"background-color:rgba(0, 0, 0, 0)\" class=\"has-inline-color has-secondary-color\">Healing of Memories Luxembourg \u2013  Rapport d&rsquo;activit\u00e9s 2022 <\/span><\/strong><\/p>\n\n\n\n<div class=\"wp-block-media-text has-media-on-the-right is-stacked-on-mobile\" style=\"grid-template-columns:auto 43%\"><div class=\"wp-block-media-text__content\">\n<p>Cette ann\u00e9e, HOM Luxembourg a accueilli Michael Lapsley en Europe pour la premi\u00e8re fois<br>depuis 2019, suite \u00e0 plusieurs reports dus \u00e0 la pand\u00e9mie. Un \u00e9v\u00e9nement important qui nous a beaucoup occup\u00e9s, en termes de pr\u00e9paratifs et de suivi.<\/p>\n\n\n\n<div class=\"wp-block-buttons is-layout-flex wp-block-buttons-is-layout-flex\">\n<div class=\"wp-block-button\"><a class=\"wp-block-button__link wp-element-button\" href=\"https:\/\/healing-memories.lu\/wp-content\/uploads\/2023\/12\/Rapport-activites-2022-HoM.final-1.pdf\" target=\"_blank\" rel=\"noreferrer noopener\">lire le document &gt;&gt;<\/a><\/div>\n<\/div>\n<\/div><figure class=\"wp-block-media-text__media\"><img loading=\"lazy\" decoding=\"async\" width=\"1024\" height=\"1024\" src=\"https:\/\/healing-memories.lu\/wp-content\/uploads\/2024\/01\/Feu-atelier-1024x1024.jpg\" alt=\"\" class=\"wp-image-5164 size-full\" srcset=\"https:\/\/healing-memories.lu\/wp-content\/uploads\/2024\/01\/Feu-atelier-1024x1024.jpg 1024w, https:\/\/healing-memories.lu\/wp-content\/uploads\/2024\/01\/Feu-atelier-300x300.jpg 300w, https:\/\/healing-memories.lu\/wp-content\/uploads\/2024\/01\/Feu-atelier-150x150.jpg 150w, https:\/\/healing-memories.lu\/wp-content\/uploads\/2024\/01\/Feu-atelier-768x768.jpg 768w, https:\/\/healing-memories.lu\/wp-content\/uploads\/2024\/01\/Feu-atelier-1536x1536.jpg 1536w, https:\/\/healing-memories.lu\/wp-content\/uploads\/2024\/01\/Feu-atelier-2048x2048.jpg 2048w, https:\/\/healing-memories.lu\/wp-content\/uploads\/2024\/01\/Feu-atelier-400x400.jpg 400w, https:\/\/healing-memories.lu\/wp-content\/uploads\/2024\/01\/Feu-atelier-1320x1320.jpg 1320w, https:\/\/healing-memories.lu\/wp-content\/uploads\/2024\/01\/Feu-atelier-110x110.jpg 110w\" sizes=\"auto, (max-width: 1024px) 100vw, 1024px\" \/><\/figure><\/div>\n\n\n\n<hr class=\"wp-block-separator has-alpha-channel-opacity\"\/>\n\n\n\n<p style=\"font-size:25px\"><strong><span style=\"background-color:rgba(0, 0, 0, 0)\" class=\"has-inline-color has-secondary-color\">Healing of Memories Luxembourg \u2013  Rapport d&rsquo;activit\u00e9s 2021 <\/span><\/strong><\/p>\n\n\n\n<div class=\"wp-block-media-text is-stacked-on-mobile\" style=\"grid-template-columns:57% auto\"><figure class=\"wp-block-media-text__media\"><img loading=\"lazy\" decoding=\"async\" width=\"1024\" height=\"542\" src=\"https:\/\/healing-memories.lu\/wp-content\/uploads\/2021\/07\/PHOTO-AG-2021-1024x542.jpg\" alt=\"\" class=\"wp-image-2666 size-full\" srcset=\"https:\/\/healing-memories.lu\/wp-content\/uploads\/2021\/07\/PHOTO-AG-2021-1024x542.jpg 1024w, https:\/\/healing-memories.lu\/wp-content\/uploads\/2021\/07\/PHOTO-AG-2021-300x159.jpg 300w, https:\/\/healing-memories.lu\/wp-content\/uploads\/2021\/07\/PHOTO-AG-2021-768x406.jpg 768w, https:\/\/healing-memories.lu\/wp-content\/uploads\/2021\/07\/PHOTO-AG-2021-1320x699.jpg 1320w, https:\/\/healing-memories.lu\/wp-content\/uploads\/2021\/07\/PHOTO-AG-2021.jpg 1468w\" sizes=\"auto, (max-width: 1024px) 100vw, 1024px\" \/><\/figure><div class=\"wp-block-media-text__content\">\n<p>Au cours de l\u2019ann\u00e9e 2021, premi\u00e8re ann\u00e9e compl\u00e8te pour Healing of<br>Memories Luxembourg, le conseil d\u2019administration (ci-contre, fin<br>2021) a poursuivi la mise en place de l\u2019organisation et des structures<br>de notre association.<\/p>\n\n\n\n<div class=\"wp-block-buttons is-layout-flex wp-block-buttons-is-layout-flex\">\n<div class=\"wp-block-button\"><a class=\"wp-block-button__link wp-element-button\" href=\"https:\/\/healing-memories.lu\/wp-content\/uploads\/2022\/09\/Rapport-activites-2021-HoM-final2.pdf\" target=\"_blank\" rel=\"noreferrer noopener\">lire le document &gt;&gt;<\/a><\/div>\n<\/div>\n<\/div><\/div>\n\n\n\n<hr class=\"wp-block-separator has-alpha-channel-opacity\"\/>\n\n\n\n<p style=\"font-size:25px\"><strong><span class=\"has-inline-color has-secondary-color\">Healing of Memories Luxembourg \u2013 premier rapport d&rsquo;acctivit\u00e9s publi\u00e9<\/span><\/strong><\/p>\n\n\n\n<div class=\"wp-block-columns is-layout-flex wp-container-core-columns-is-layout-9d6595d7 wp-block-columns-is-layout-flex\">\n<div class=\"wp-block-column is-layout-flow wp-block-column-is-layout-flow\" style=\"flex-basis:100%\">\n<div class=\"wp-block-group alignwide\"><div class=\"wp-block-group__inner-container is-layout-constrained wp-block-group-is-layout-constrained\">\n<div class=\"wp-block-media-text alignwide has-media-on-the-right is-stacked-on-mobile\" style=\"grid-template-columns:auto 48%\"><div class=\"wp-block-media-text__content\">\n<p>Le pr\u00e9sent rapport se veut un panorama des activit\u00e9s de ces 12 ann\u00e9es qui ont conduit \u00e0 la n\u00e9cessit\u00e9 d\u2019une structure nouvelle, ainsi qu\u2019un bilan des premi\u00e8res d\u00e9marches et activit\u00e9s de notre jeune association.<\/p>\n\n\n\n<div class=\"wp-block-buttons is-layout-flex wp-block-buttons-is-layout-flex\">\n<div class=\"wp-block-button\"><a class=\"wp-block-button__link has-primary-background-color has-background wp-element-button\" href=\"https:\/\/healing-memories.lu\/wp-content\/uploads\/2021\/06\/Rapport_activites_HoM_2020.pdf\" target=\"_blank\" rel=\"noreferrer noopener\">lire le document &gt;&gt;<\/a><\/div>\n<\/div>\n<\/div><figure class=\"wp-block-media-text__media\"><img loading=\"lazy\" decoding=\"async\" width=\"1024\" height=\"659\" src=\"https:\/\/healing-memories.lu\/wp-content\/uploads\/2021\/06\/Rapport-dactivites-1024x659.png\" alt=\"\" class=\"wp-image-2367 size-full\" srcset=\"https:\/\/healing-memories.lu\/wp-content\/uploads\/2021\/06\/Rapport-dactivites-1024x659.png 1024w, https:\/\/healing-memories.lu\/wp-content\/uploads\/2021\/06\/Rapport-dactivites-300x193.png 300w, https:\/\/healing-memories.lu\/wp-content\/uploads\/2021\/06\/Rapport-dactivites-768x495.png 768w, https:\/\/healing-memories.lu\/wp-content\/uploads\/2021\/06\/Rapport-dactivites.png 1309w\" sizes=\"auto, (max-width: 1024px) 100vw, 1024px\" \/><\/figure><\/div>\n<\/div><\/div>\n<\/div>\n<\/div>\n\n\n\n<hr class=\"wp-block-separator has-alpha-channel-opacity\"\/>\n\n\n\n<p style=\"font-size:25px\"><strong><span class=\"has-inline-color has-secondary-color\">R\u00e9seau mondial de Healing of Memories : Rapports annuels publi\u00e9s<\/span><\/strong><\/p>\n\n\n\n<div class=\"wp-block-media-text is-stacked-on-mobile\" style=\"grid-template-columns:44% auto\"><figure class=\"wp-block-media-text__media\"><img loading=\"lazy\" decoding=\"async\" width=\"331\" height=\"100\" src=\"https:\/\/healing-memories.lu\/wp-content\/uploads\/2025\/03\/Capture-1.png\" alt=\"\" class=\"wp-image-6590 size-full\" srcset=\"https:\/\/healing-memories.lu\/wp-content\/uploads\/2025\/03\/Capture-1.png 331w, https:\/\/healing-memories.lu\/wp-content\/uploads\/2025\/03\/Capture-1-300x91.png 300w\" sizes=\"auto, (max-width: 331px) 100vw, 331px\" \/><\/figure><div class=\"wp-block-media-text__content\">\n<p><\/p>\n\n\n<style>.wp-block-kadence-advancedbtn.kb-btns785_7dd29d-cc{gap:var(--global-kb-gap-xs, 0.5rem );justify-content:center;align-items:center;}.kt-btns785_7dd29d-cc .kt-button{font-weight:normal;font-style:normal;}.kt-btns785_7dd29d-cc .kt-btn-wrap-0{margin-right:5px;}.wp-block-kadence-advancedbtn.kt-btns785_7dd29d-cc .kt-btn-wrap-0 .kt-button{color:#555555;border-color:#555555;}.wp-block-kadence-advancedbtn.kt-btns785_7dd29d-cc .kt-btn-wrap-0 .kt-button:hover, .wp-block-kadence-advancedbtn.kt-btns785_7dd29d-cc .kt-btn-wrap-0 .kt-button:focus{color:#ffffff;border-color:#444444;}.wp-block-kadence-advancedbtn.kt-btns785_7dd29d-cc .kt-btn-wrap-0 .kt-button::before{display:none;}.wp-block-kadence-advancedbtn.kt-btns785_7dd29d-cc .kt-btn-wrap-0 .kt-button:hover, .wp-block-kadence-advancedbtn.kt-btns785_7dd29d-cc .kt-btn-wrap-0 .kt-button:focus{background:#444444;}<\/style>\n<div class=\"wp-block-kadence-advancedbtn kb-buttons-wrap kb-btns785_7dd29d-cc\"><style>ul.menu .wp-block-kadence-advancedbtn .kb-btn785_fd6f2b-c9.kb-button{width:initial;}.wp-block-kadence-advancedbtn .kb-btn785_fd6f2b-c9.kb-button .kt-btn-inner-text{background:linear-gradient(90deg,rgb(6,147,227) 70%,rgb(20,39,109) 100%);-webkit-background-clip:text;-webkit-text-fill-color:transparent;}.wp-block-kadence-advancedbtn .kb-btn785_fd6f2b-c9.kb-button{background:linear-gradient(135deg,rgb(20,39,109) 99%,rgb(6,147,227) 100%) !important;}<\/style><a class=\"kb-button kt-button button kb-btn785_fd6f2b-c9 kt-btn-size-standard kt-btn-width-type-auto kb-btn-global-fill  kt-btn-has-text-true kt-btn-has-svg-false  wp-block-kadence-singlebtn\" href=\"https:\/\/healing-memories.lu\/wp-content\/uploads\/2024\/07\/2023_2024-Healing-of-Memories-Global-Report-FINAL_240718_084304.pdf\" target=\"_blank\" rel=\"noreferrer noopener\"><span class=\"kt-btn-inner-text\">lire le document >><\/span><\/a><\/div>\n<\/div><\/div>\n\n\n\n<hr class=\"wp-block-separator has-alpha-channel-opacity\"\/>\n\n\n\n<div class=\"wp-block-group\"><div class=\"wp-block-group__inner-container is-layout-constrained wp-block-group-is-layout-constrained\">\n<div class=\"wp-block-columns is-layout-flex wp-container-core-columns-is-layout-9d6595d7 wp-block-columns-is-layout-flex\">\n<div class=\"wp-block-column is-layout-flow wp-block-column-is-layout-flow\" style=\"flex-basis:100%\">\n<div class=\"wp-block-group\"><div class=\"wp-block-group__inner-container is-layout-constrained wp-block-group-is-layout-constrained\">\n<div class=\"wp-block-media-text is-stacked-on-mobile\" style=\"grid-template-columns:44% auto\"><figure class=\"wp-block-media-text__media\"><img loading=\"lazy\" decoding=\"async\" width=\"532\" height=\"187\" src=\"https:\/\/healing-memories.lu\/wp-content\/uploads\/2024\/06\/rapport-global-2022-image.png\" alt=\"\" class=\"wp-image-5369 size-full\" srcset=\"https:\/\/healing-memories.lu\/wp-content\/uploads\/2024\/06\/rapport-global-2022-image.png 532w, https:\/\/healing-memories.lu\/wp-content\/uploads\/2024\/06\/rapport-global-2022-image-300x105.png 300w\" sizes=\"auto, (max-width: 532px) 100vw, 532px\" \/><\/figure><div class=\"wp-block-media-text__content\">\n<p><\/p>\n\n\n<style>.wp-block-kadence-advancedbtn.kb-btns785_63fb78-b5{gap:var(--global-kb-gap-xs, 0.5rem );justify-content:center;align-items:center;}.kt-btns785_63fb78-b5 .kt-button{font-weight:normal;font-style:normal;}.kt-btns785_63fb78-b5 .kt-btn-wrap-0{margin-right:5px;}.wp-block-kadence-advancedbtn.kt-btns785_63fb78-b5 .kt-btn-wrap-0 .kt-button{color:#555555;border-color:#555555;}.wp-block-kadence-advancedbtn.kt-btns785_63fb78-b5 .kt-btn-wrap-0 .kt-button:hover, .wp-block-kadence-advancedbtn.kt-btns785_63fb78-b5 .kt-btn-wrap-0 .kt-button:focus{color:#ffffff;border-color:#444444;}.wp-block-kadence-advancedbtn.kt-btns785_63fb78-b5 .kt-btn-wrap-0 .kt-button::before{display:none;}.wp-block-kadence-advancedbtn.kt-btns785_63fb78-b5 .kt-btn-wrap-0 .kt-button:hover, .wp-block-kadence-advancedbtn.kt-btns785_63fb78-b5 .kt-btn-wrap-0 .kt-button:focus{background:#444444;}<\/style>\n<div class=\"wp-block-kadence-advancedbtn kb-buttons-wrap kb-btns785_63fb78-b5\"><style>ul.menu .wp-block-kadence-advancedbtn .kb-btn785_d7516a-33.kb-button{width:initial;}.wp-block-kadence-advancedbtn .kb-btn785_d7516a-33.kb-button .kt-btn-inner-text{background:linear-gradient(90deg,rgb(6,147,227) 70%,rgb(20,39,109) 100%);-webkit-background-clip:text;-webkit-text-fill-color:transparent;}.wp-block-kadence-advancedbtn .kb-btn785_d7516a-33.kb-button{background:linear-gradient(135deg,rgb(20,39,109) 99%,rgb(6,147,227) 100%) !important;}<\/style><a class=\"kb-button kt-button button kb-btn785_d7516a-33 kt-btn-size-standard kt-btn-width-type-auto kb-btn-global-fill  kt-btn-has-text-true kt-btn-has-svg-false  wp-block-kadence-singlebtn\" href=\"https:\/\/healing-memories.lu\/wp-content\/uploads\/2024\/06\/2022-Global-Report.pdf\" target=\"_blank\" rel=\"noreferrer noopener\"><span class=\"kt-btn-inner-text\">lire le document >><\/span><\/a><\/div>\n<\/div><\/div>\n<\/div><\/div>\n<\/div>\n<\/div>\n<\/div><\/div>\n\n\n\n<hr class=\"wp-block-separator has-alpha-channel-opacity\"\/>\n\n\n\n<div class=\"wp-block-media-text is-stacked-on-mobile\" style=\"grid-template-columns:44% auto\"><figure class=\"wp-block-media-text__media\"><img loading=\"lazy\" decoding=\"async\" width=\"1024\" height=\"348\" src=\"https:\/\/healing-memories.lu\/wp-content\/uploads\/2024\/06\/2021-Global-Report_Page_01-1024x348.jpg\" alt=\"\" class=\"wp-image-5358 size-full\" srcset=\"https:\/\/healing-memories.lu\/wp-content\/uploads\/2024\/06\/2021-Global-Report_Page_01-1024x348.jpg 1024w, https:\/\/healing-memories.lu\/wp-content\/uploads\/2024\/06\/2021-Global-Report_Page_01-300x102.jpg 300w, https:\/\/healing-memories.lu\/wp-content\/uploads\/2024\/06\/2021-Global-Report_Page_01-768x261.jpg 768w, https:\/\/healing-memories.lu\/wp-content\/uploads\/2024\/06\/2021-Global-Report_Page_01-1536x522.jpg 1536w, https:\/\/healing-memories.lu\/wp-content\/uploads\/2024\/06\/2021-Global-Report_Page_01-2048x696.jpg 2048w, https:\/\/healing-memories.lu\/wp-content\/uploads\/2024\/06\/2021-Global-Report_Page_01-1320x448.jpg 1320w\" sizes=\"auto, (max-width: 1024px) 100vw, 1024px\" \/><\/figure><div class=\"wp-block-media-text__content\">\n<p><\/p>\n\n\n<style>.wp-block-kadence-advancedbtn.kb-btns785_03aabc-fe{gap:var(--global-kb-gap-xs, 0.5rem );justify-content:center;align-items:center;}.kt-btns785_03aabc-fe .kt-button{font-weight:normal;font-style:normal;}.kt-btns785_03aabc-fe .kt-btn-wrap-0{margin-right:5px;}.wp-block-kadence-advancedbtn.kt-btns785_03aabc-fe .kt-btn-wrap-0 .kt-button{color:#555555;border-color:#555555;}.wp-block-kadence-advancedbtn.kt-btns785_03aabc-fe .kt-btn-wrap-0 .kt-button:hover, .wp-block-kadence-advancedbtn.kt-btns785_03aabc-fe .kt-btn-wrap-0 .kt-button:focus{color:#ffffff;border-color:#444444;}.wp-block-kadence-advancedbtn.kt-btns785_03aabc-fe .kt-btn-wrap-0 .kt-button::before{display:none;}.wp-block-kadence-advancedbtn.kt-btns785_03aabc-fe .kt-btn-wrap-0 .kt-button:hover, .wp-block-kadence-advancedbtn.kt-btns785_03aabc-fe .kt-btn-wrap-0 .kt-button:focus{background:#444444;}<\/style>\n<div class=\"wp-block-kadence-advancedbtn kb-buttons-wrap kb-btns785_03aabc-fe\"><style>ul.menu .wp-block-kadence-advancedbtn .kb-btn785_d64a62-f1.kb-button{width:initial;}.wp-block-kadence-advancedbtn .kb-btn785_d64a62-f1.kb-button .kt-btn-inner-text{background:linear-gradient(90deg,rgb(6,147,227) 70%,rgb(20,39,109) 100%);-webkit-background-clip:text;-webkit-text-fill-color:transparent;}.wp-block-kadence-advancedbtn .kb-btn785_d64a62-f1.kb-button{background:linear-gradient(135deg,rgb(20,39,109) 99%,rgb(6,147,227) 100%) !important;}<\/style><a class=\"kb-button kt-button button kb-btn785_d64a62-f1 kt-btn-size-standard kt-btn-width-type-auto kb-btn-global-fill  kt-btn-has-text-true kt-btn-has-svg-false  wp-block-kadence-singlebtn\" href=\"https:\/\/healing-memories.lu\/wp-content\/uploads\/2024\/06\/2021-Global-Report.pdf\" target=\"_blank\" rel=\"noreferrer noopener\"><span class=\"kt-btn-inner-text\">lire le document >><\/span><\/a><\/div>\n<\/div><\/div>\n\n\n\n<p><\/p>\n","protected":false},"excerpt":{"rendered":"<p>Healing of Memories Luxembourg \u2013 Rapport d&rsquo;activit\u00e9s 2024 Healing of Memories Luxembourg \u2013 Rapport d&rsquo;activit\u00e9s 2023 Healing of Memories Luxembourg \u2013 Rapport d&rsquo;activit\u00e9s 2022 Healing [&#8230;]<\/p>\n","protected":false},"author":1,"featured_media":0,"parent":0,"menu_order":0,"comment_status":"closed","ping_status":"closed","template":"","meta":{"footnotes":""},"folder":[],"class_list":["post-785","page","type-page","status-publish","hentry"],"aioseo_notices":[],"_links":{"self":[{"href":"https:\/\/healing-memories.lu\/index.php?rest_route=\/wp\/v2\/pages\/785","targetHints":{"allow":["GET"]}}],"collection":[{"href":"https:\/\/healing-memories.lu\/index.php?rest_route=\/wp\/v2\/pages"}],"about":[{"href":"https:\/\/healing-memories.lu\/index.php?rest_route=\/wp\/v2\/types\/page"}],"author":[{"embeddable":true,"href":"https:\/\/healing-memories.lu\/index.php?rest_route=\/wp\/v2\/users\/1"}],"replies":[{"embeddable":true,"href":"https:\/\/healing-memories.lu\/index.php?rest_route=%2Fwp%2Fv2%2Fcomments&post=785"}],"version-history":[{"count":96,"href":"https:\/\/healing-memories.lu\/index.php?rest_route=\/wp\/v2\/pages\/785\/revisions"}],"predecessor-version":[{"id":6895,"href":"https:\/\/healing-memories.lu\/index.php?rest_route=\/wp\/v2\/pages\/785\/revisions\/6895"}],"wp:attachment":[{"href":"https:\/\/healing-memories.lu\/index.php?rest_route=%2Fwp%2Fv2%2Fmedia&parent=785"}],"wp:term":[{"taxonomy":"folder","embeddable":true,"href":"https:\/\/healing-memories.lu\/index.php?rest_route=%2Fwp%2Fv2%2Ffolder&post=785"}],"curies":[{"name":"wp","href":"https:\/\/api.w.org\/{rel}","templated":true}]}}