{"id":787,"date":"2021-04-21T11:40:45","date_gmt":"2021-04-21T10:40:45","guid":{"rendered":"https:\/\/healing-memories.lu\/?page_id=787"},"modified":"2021-08-19T18:16:27","modified_gmt":"2021-08-19T17:16:27","slug":"communiques","status":"publish","type":"page","link":"https:\/\/healing-memories.lu\/?page_id=787","title":{"rendered":"Communiqu\u00e9s"},"content":{"rendered":"\n<p class=\"has-medium-font-size\"><span class=\"has-inline-color has-secondary-color\">La Grande-Duchesse nous accorde son Haut Patronage<\/span> <span class=\"has-inline-color has-secondary-color\">7\/6\/2021<\/span><\/p>\n\n\n\n<div class=\"wp-block-columns is-layout-flex wp-container-core-columns-is-layout-9d6595d7 wp-block-columns-is-layout-flex\">\n<div class=\"wp-block-column is-layout-flow wp-block-column-is-layout-flow\" style=\"flex-basis:100%\">\n<div class=\"wp-block-group\"><div class=\"wp-block-group__inner-container is-layout-flow wp-block-group-is-layout-flow\">\n<figure class=\"wp-block-table is-style-stripes\"><table><tbody><tr><td><img loading=\"lazy\" decoding=\"async\" width=\"220\" height=\"330\" class=\"wp-image-2480\" style=\"width: 220px;\" src=\"https:\/\/healing-memories.lu\/wp-content\/uploads\/2021\/07\/Grande-Duchesse.jpg\" alt=\"\" srcset=\"https:\/\/healing-memories.lu\/wp-content\/uploads\/2021\/07\/Grande-Duchesse.jpg 1154w, https:\/\/healing-memories.lu\/wp-content\/uploads\/2021\/07\/Grande-Duchesse-200x300.jpg 200w, https:\/\/healing-memories.lu\/wp-content\/uploads\/2021\/07\/Grande-Duchesse-682x1024.jpg 682w, https:\/\/healing-memories.lu\/wp-content\/uploads\/2021\/07\/Grande-Duchesse-768x1153.jpg 768w, https:\/\/healing-memories.lu\/wp-content\/uploads\/2021\/07\/Grande-Duchesse-1023x1536.jpg 1023w\" sizes=\"auto, (max-width: 220px) 100vw, 220px\" \/><\/td><td>Nous sommes heureux et honor\u00e9s d\u2019annoncer que Son Altesse Royale la Grande-Duchesse Maria Teresa a bien voulu accorder son Haut Patronage \u00e0 notre association Healing of Memories Luxembourg.<br><br><span class=\"has-inline-color has-secondary-color\"><a href=\"https:\/\/healing-memories.lu\/wp-content\/uploads\/2021\/07\/Communique\u0301_Patronage.pdf\" target=\"_blank\" rel=\"noreferrer noopener\">Lire le document<\/a><\/span><br><br><br><\/td><\/tr><\/tbody><\/table><figcaption>Photo : Cour grand-ducale \/ Emanuele Scorcelletti<\/figcaption><\/figure>\n<\/div><\/div>\n<\/div>\n<\/div>\n\n\n\n<p class=\"has-medium-font-size\"><br><span class=\"has-inline-color has-secondary-color\">Healing of Memories Luxembourg &#8211; Naissance d&rsquo;une association 3\/12\/2020<\/span><\/p>\n\n\n\n<figure class=\"wp-block-table is-style-stripes\"><table><tbody><tr><td><img decoding=\"async\" src=\"https:\/\/healing-memories.lu\/wp-content\/uploads\/2021\/03\/cropped-logo_hom_624x624-e1618497054612.png\" alt=\"L\u2019attribut alt de cette image est vide, son nom de fichier est cropped-logo_hom_624x624-e1618497054612.png.\"><\/td><td class=\"has-text-align-left\" data-align=\"left\">Le 28 novembre 2020 a vu la cr\u00e9ation d\u2019une nouvelle association, Healing of Memories Luxembourg, qui prend la succession, en tant<br>que ASBL, du Groupe de soutien \u00ab Gu\u00e9rison des m\u00e9moires \u00bb Luxembourg \/ Europe, cr\u00e9\u00e9 au sein de l\u2019association de droits humains<br>ACAT Luxembourg. C\u2019est l\u2019aboutissement d\u2019un cheminement d\u00e9but\u00e9 il y a 12 ans, et jalonn\u00e9 de nombreuses activit\u00e9s et de rencontres<br>d\u00e9terminantes.<br><br><span class=\"has-inline-color has-secondary-color\"><a href=\"https:\/\/healing-memories.lu\/wp-content\/uploads\/2021\/05\/COMMUNIQUE\u0301_HOM_Lux_FR.pdf\" target=\"_blank\" rel=\"noreferrer noopener\">Lire le document<\/a><\/span><br><\/td><\/tr><\/tbody><\/table><\/figure>\n\n\n\n<p><\/p>\n","protected":false},"excerpt":{"rendered":"<p>La Grande-Duchesse nous accorde son Haut Patronage 7\/6\/2021 Nous sommes heureux et honor\u00e9s d\u2019annoncer que Son Altesse Royale la Grande-Duchesse Maria Teresa a bien voulu [&#8230;]<\/p>\n","protected":false},"author":1,"featured_media":0,"parent":0,"menu_order":0,"comment_status":"closed","ping_status":"closed","template":"","meta":{"footnotes":""},"folder":[],"class_list":["post-787","page","type-page","status-publish","hentry"],"aioseo_notices":[],"_links":{"self":[{"href":"https:\/\/healing-memories.lu\/index.php?rest_route=\/wp\/v2\/pages\/787","targetHints":{"allow":["GET"]}}],"collection":[{"href":"https:\/\/healing-memories.lu\/index.php?rest_route=\/wp\/v2\/pages"}],"about":[{"href":"https:\/\/healing-memories.lu\/index.php?rest_route=\/wp\/v2\/types\/page"}],"author":[{"embeddable":true,"href":"https:\/\/healing-memories.lu\/index.php?rest_route=\/wp\/v2\/users\/1"}],"replies":[{"embeddable":true,"href":"https:\/\/healing-memories.lu\/index.php?rest_route=%2Fwp%2Fv2%2Fcomments&post=787"}],"version-history":[{"count":18,"href":"https:\/\/healing-memories.lu\/index.php?rest_route=\/wp\/v2\/pages\/787\/revisions"}],"predecessor-version":[{"id":2814,"href":"https:\/\/healing-memories.lu\/index.php?rest_route=\/wp\/v2\/pages\/787\/revisions\/2814"}],"wp:attachment":[{"href":"https:\/\/healing-memories.lu\/index.php?rest_route=%2Fwp%2Fv2%2Fmedia&parent=787"}],"wp:term":[{"taxonomy":"folder","embeddable":true,"href":"https:\/\/healing-memories.lu\/index.php?rest_route=%2Fwp%2Fv2%2Ffolder&post=787"}],"curies":[{"name":"wp","href":"https:\/\/api.w.org\/{rel}","templated":true}]}}