{"id":909,"date":"2021-05-05T12:24:47","date_gmt":"2021-05-05T11:24:47","guid":{"rendered":"https:\/\/healing-memories.lu\/?page_id=909"},"modified":"2021-07-20T12:50:49","modified_gmt":"2021-07-20T11:50:49","slug":"michael-lapsley","status":"publish","type":"page","link":"https:\/\/healing-memories.lu\/?page_id=909","title":{"rendered":"Michael Lapsley"},"content":{"rendered":"\n<p class=\"has-large-font-size\"><strong><span class=\"has-inline-color has-primary-color\">Michael Lapsley<\/span><\/strong><\/p>\n\n\n\n<p><\/p>\n\n\n\n<div class=\"wp-block-image\"><figure class=\"aligncenter size-large is-resized\"><img loading=\"lazy\" decoding=\"async\" src=\"https:\/\/healing-memories.lu\/wp-content\/uploads\/2021\/05\/Michael_Lapsley_10.12.2019_Lux-edited.jpg\" alt=\"\" class=\"wp-image-1412\" width=\"423\" height=\"424\" srcset=\"https:\/\/healing-memories.lu\/wp-content\/uploads\/2021\/05\/Michael_Lapsley_10.12.2019_Lux-edited.jpg 433w, https:\/\/healing-memories.lu\/wp-content\/uploads\/2021\/05\/Michael_Lapsley_10.12.2019_Lux-edited-300x300.jpg 300w, https:\/\/healing-memories.lu\/wp-content\/uploads\/2021\/05\/Michael_Lapsley_10.12.2019_Lux-edited-150x150.jpg 150w, https:\/\/healing-memories.lu\/wp-content\/uploads\/2021\/05\/Michael_Lapsley_10.12.2019_Lux-edited-400x400.jpg 400w, https:\/\/healing-memories.lu\/wp-content\/uploads\/2021\/05\/Michael_Lapsley_10.12.2019_Lux-edited-110x110.jpg 110w\" sizes=\"auto, (max-width: 423px) 100vw, 423px\" \/><\/figure><\/div>\n\n\n\n<p>Ce pr\u00eatre anglican et militant anti-apartheid avait perdu les deux mains et un \u0153il en 1990 dans un attentat au colis pi\u00e9g\u00e9 commandit\u00e9 par les services secrets sud-africains. Fort du soutien et de l\u2019affection que lui ont manifest\u00e9s des personnes du monde entier, il a alors entrepris un long parcours de r\u00e9cup\u00e9ration, pour passer, comme il le dit, de son \u00e9tat de victime \u00e0 celui de survivant, et finir par sortir vainqueur de cette \u00e9preuve.<\/p>\n\n\n\n<p>Suite \u00e0 la chute du r\u00e9gime, constatant que l\u2019Afrique du Sud est encore un pays \u201cprofond\u00e9ment divis\u00e9 et bless\u00e9\u201d, il fonde en 1998 l\u2019<a href=\"https:\/\/healing-memories.org\/\" target=\"_blank\" rel=\"noreferrer noopener\">Institut pour la gu\u00e9rison des m\u00e9moires<\/a> (Institute for Healing of Memories \u2013 IHOM) (*).<\/p>\n\n\n\n<p>Le 17 juin 2021, Michael Lapsley \u00e9tait \u00e9lu premier Pr\u00e9sident du R\u00e9seau mondial de gu\u00e9rison des m\u00e9moires, qui rassemble aujourd\u2019hui des groupes des pays suivants : Afrique du Sud, Canada, Lesotho, Luxembourg, Myanmar, Namibie, Sri Lanka, USA et Zimbabwe.<\/p>\n\n\n\n<div class=\"wp-block-image\"><figure class=\"aligncenter is-resized\"><img loading=\"lazy\" decoding=\"async\" src=\"https:\/\/healing-memories.lu\/wp-content\/uploads\/2021\/05\/Flyer-3.png\" alt=\"L\u2019attribut alt de cette image est vide, son nom de fichier est Flyer-3.png.\" width=\"548\" height=\"280\"\/><\/figure><\/div>\n\n\n\n<p><\/p>\n\n\n\n<p class=\"has-medium-font-size\"><span class=\"has-inline-color has-black-color\">(*)<\/span><span style=\"color:#eaa82c\" class=\"has-inline-color\"> <\/span><span class=\"has-inline-color has-black-color\"><strong>Voir les films documentaires suivants :<\/strong><\/span><br><br>Michael Lapsley \u2013 Gu\u00e9rir du pass\u00e9 (7 minutes) : (anglais-fran\u00e7ais, sous-titr\u00e9)<\/p>\n\n\n\n<figure class=\"wp-block-image size-large is-resized\"><a href=\"https:\/\/www.youtube.com\/watch?v=7la2_JVmMM4&amp;t=16s\" target=\"_blank\" rel=\"noopener\"><img loading=\"lazy\" decoding=\"async\" src=\"https:\/\/healing-memories.lu\/wp-content\/uploads\/2021\/04\/video-player-icon.jpg\" alt=\"\" class=\"wp-image-679\" width=\"54\" height=\"35\" srcset=\"https:\/\/healing-memories.lu\/wp-content\/uploads\/2021\/04\/video-player-icon.jpg 745w, https:\/\/healing-memories.lu\/wp-content\/uploads\/2021\/04\/video-player-icon-300x194.jpg 300w\" sizes=\"auto, (max-width: 54px) 100vw, 54px\" \/><\/a><\/figure>\n\n\n\n<p class=\"has-medium-font-size\">L\u2019histoire de Michael Lapsley et la cr\u00e9ation de l\u2019IHOM (16 minutes) : (anglais-fran\u00e7ais, sous-titr\u00e9)<\/p>\n\n\n\n<figure class=\"wp-block-image size-large is-resized\"><a href=\"https:\/\/www.youtube.com\/watch?v=muJgx0TO48s\" target=\"_blank\" rel=\"noopener\"><img loading=\"lazy\" decoding=\"async\" src=\"https:\/\/healing-memories.lu\/wp-content\/uploads\/2021\/04\/video-player-icon.jpg\" alt=\"\" class=\"wp-image-679\" width=\"52\" height=\"34\" srcset=\"https:\/\/healing-memories.lu\/wp-content\/uploads\/2021\/04\/video-player-icon.jpg 745w, https:\/\/healing-memories.lu\/wp-content\/uploads\/2021\/04\/video-player-icon-300x194.jpg 300w\" sizes=\"auto, (max-width: 52px) 100vw, 52px\" \/><\/a><\/figure>\n\n\n\n<figure class=\"wp-block-pullquote\"><blockquote><p><em>Every story needs a listener<\/em>&#8230;<\/p><\/blockquote><\/figure>\n\n\n\n<div class=\"wp-block-group alignwide\"><div class=\"wp-block-group__inner-container is-layout-flow wp-block-group-is-layout-flow\">\n<div class=\"wp-block-columns is-layout-flex wp-container-core-columns-is-layout-9d6595d7 wp-block-columns-is-layout-flex\">\n<div class=\"wp-block-column is-layout-flow wp-block-column-is-layout-flow\" style=\"flex-basis:100%\">\n<div class=\"wp-block-columns is-layout-flex wp-container-core-columns-is-layout-9d6595d7 wp-block-columns-is-layout-flex\">\n<div class=\"wp-block-column is-layout-flow wp-block-column-is-layout-flow\" style=\"flex-basis:100%\">\n<div class=\"wp-block-media-text alignwide is-stacked-on-mobile\" style=\"grid-template-columns:24% auto\"><figure class=\"wp-block-media-text__media\"><img loading=\"lazy\" decoding=\"async\" width=\"768\" height=\"1024\" src=\"https:\/\/healing-memories.lu\/wp-content\/uploads\/2021\/05\/Michael-Noir-Blanc-768x1024.jpg\" alt=\"\" class=\"wp-image-1169 size-full\" srcset=\"https:\/\/healing-memories.lu\/wp-content\/uploads\/2021\/05\/Michael-Noir-Blanc-768x1024.jpg 768w, https:\/\/healing-memories.lu\/wp-content\/uploads\/2021\/05\/Michael-Noir-Blanc-225x300.jpg 225w, https:\/\/healing-memories.lu\/wp-content\/uploads\/2021\/05\/Michael-Noir-Blanc-1152x1536.jpg 1152w, https:\/\/healing-memories.lu\/wp-content\/uploads\/2021\/05\/Michael-Noir-Blanc.jpg 1224w\" sizes=\"auto, (max-width: 768px) 100vw, 768px\" \/><\/figure><div class=\"wp-block-media-text__content\">\n<p><\/p>\n\n\n\n<p class=\"has-medium-font-size\"><a href=\"https:\/\/healing-memories.lu\/?page_id=1660\">Interventions de Michael Lapsley<\/a><\/p>\n\n\n\n<p><\/p>\n\n\n\n<p><\/p>\n<\/div><\/div>\n<\/div>\n<\/div>\n<\/div>\n<\/div>\n<\/div><\/div>\n\n\n\n<div class=\"wp-block-group\"><div class=\"wp-block-group__inner-container is-layout-flow wp-block-group-is-layout-flow\">\n<div class=\"wp-block-media-text alignwide is-stacked-on-mobile\" style=\"grid-template-columns:24% auto\"><figure class=\"wp-block-media-text__media\"><img loading=\"lazy\" decoding=\"async\" width=\"684\" height=\"1024\" src=\"https:\/\/healing-memories.lu\/wp-content\/uploads\/2021\/05\/Guerir-du-passe-684x1024.jpg\" alt=\"\" class=\"wp-image-1695 size-full\" srcset=\"https:\/\/healing-memories.lu\/wp-content\/uploads\/2021\/05\/Guerir-du-passe-684x1024.jpg 684w, https:\/\/healing-memories.lu\/wp-content\/uploads\/2021\/05\/Guerir-du-passe-200x300.jpg 200w, https:\/\/healing-memories.lu\/wp-content\/uploads\/2021\/05\/Guerir-du-passe-768x1150.jpg 768w, https:\/\/healing-memories.lu\/wp-content\/uploads\/2021\/05\/Guerir-du-passe-1025x1536.jpg 1025w, https:\/\/healing-memories.lu\/wp-content\/uploads\/2021\/05\/Guerir-du-passe.jpg 1155w\" sizes=\"auto, (max-width: 684px) 100vw, 684px\" \/><\/figure><div class=\"wp-block-media-text__content\">\n<p class=\"has-text-align-left has-medium-font-size\"><a href=\"https:\/\/healing-memories.lu\/?page_id=689\">Autobiographie de Michael Lapsley<\/a>                   <\/p>\n<\/div><\/div>\n<\/div><\/div>\n","protected":false},"excerpt":{"rendered":"<p>Michael Lapsley Ce pr\u00eatre anglican et militant anti-apartheid avait perdu les deux mains et un \u0153il en 1990 dans un attentat au colis pi\u00e9g\u00e9 commandit\u00e9 [&#8230;]<\/p>\n","protected":false},"author":1,"featured_media":0,"parent":0,"menu_order":0,"comment_status":"closed","ping_status":"closed","template":"templates\/template-no-title.php","meta":{"footnotes":""},"folder":[],"class_list":["post-909","page","type-page","status-publish","hentry"],"aioseo_notices":[],"_links":{"self":[{"href":"https:\/\/healing-memories.lu\/index.php?rest_route=\/wp\/v2\/pages\/909","targetHints":{"allow":["GET"]}}],"collection":[{"href":"https:\/\/healing-memories.lu\/index.php?rest_route=\/wp\/v2\/pages"}],"about":[{"href":"https:\/\/healing-memories.lu\/index.php?rest_route=\/wp\/v2\/types\/page"}],"author":[{"embeddable":true,"href":"https:\/\/healing-memories.lu\/index.php?rest_route=\/wp\/v2\/users\/1"}],"replies":[{"embeddable":true,"href":"https:\/\/healing-memories.lu\/index.php?rest_route=%2Fwp%2Fv2%2Fcomments&post=909"}],"version-history":[{"count":27,"href":"https:\/\/healing-memories.lu\/index.php?rest_route=\/wp\/v2\/pages\/909\/revisions"}],"predecessor-version":[{"id":2703,"href":"https:\/\/healing-memories.lu\/index.php?rest_route=\/wp\/v2\/pages\/909\/revisions\/2703"}],"wp:attachment":[{"href":"https:\/\/healing-memories.lu\/index.php?rest_route=%2Fwp%2Fv2%2Fmedia&parent=909"}],"wp:term":[{"taxonomy":"folder","embeddable":true,"href":"https:\/\/healing-memories.lu\/index.php?rest_route=%2Fwp%2Fv2%2Ffolder&post=909"}],"curies":[{"name":"wp","href":"https:\/\/api.w.org\/{rel}","templated":true}]}}